{"id":1996,"date":"2024-02-23T17:40:47","date_gmt":"2024-02-23T17:40:47","guid":{"rendered":"https:\/\/diocese-aveiro.pt\/v3\/?page_id=1996"},"modified":"2024-02-23T17:40:59","modified_gmt":"2024-02-23T17:40:59","slug":"protecao-de-menores-e-pessoas-vulneraveis","status":"publish","type":"page","link":"https:\/\/diocese-aveiro.pt\/v3\/acao-pastoral\/comissoes\/protecao-de-menores-e-pessoas-vulneraveis\/","title":{"rendered":"PROTE\u00c7\u00c3O DE MENORES E PESSOAS VULNER\u00c1VEIS"},"content":{"rendered":"\n<p><strong>Comiss\u00e3o Diocesana de Prote\u00e7\u00e3o de Menores e Pessoas Vulner\u00e1veis<br><\/strong>Dr. M\u00e1rio Silva Tavares Mendes (Juiz conselheiro jubilado)<br>Dr. Nuno \u00c1lvares de Castro Ramos Pereira (Psiquiatra)<br>Dr.\u00aa M\u00f3nica Pedreiras da Cruz (Inspetora da PJ)<br>Dr.\u00aa Ana Paula Hip\u00f3lito de Carvalho (Educadora de inf\u00e2ncia)<br>Dr. Ricardo Vara Cavaleiro (Advogado)<br>e-mail: comissaodpmpv@diocese-aveiro.pt<br>www: <a href=\"http:\/\/www.diocese-aveiro.pt\/comissaodpmpv\">www.diocese-aveiro.pt\/comissaodpmpv<\/a><\/p>\n","protected":false},"excerpt":{"rendered":"<p>Comiss\u00e3o Diocesana de Prote\u00e7\u00e3o de Menores e Pessoas Vulner\u00e1veisDr. M\u00e1rio Silva Tavares Mendes (Juiz conselheiro jubilado)Dr. Nuno \u00c1lvares de Castro Ramos Pereira (Psiquiatra)Dr.\u00aa M\u00f3nica Pedreiras da Cruz (Inspetora da PJ)Dr.\u00aa Ana Paula Hip\u00f3lito de Carvalho (Educadora de inf\u00e2ncia)Dr. Ricardo Vara Cavaleiro (Advogado)e-mail: comissaodpmpv@diocese-aveiro.ptwww: www.diocese-aveiro.pt\/comissaodpmpv<\/p>\n","protected":false},"author":1,"featured_media":0,"parent":1983,"menu_order":0,"comment_status":"closed","ping_status":"closed","template":"","meta":{"pagelayer_contact_templates":[],"_pagelayer_content":"","_mc_calendar":[],"footnotes":""},"class_list":["post-1996","page","type-page","status-publish","hentry"],"_links":{"self":[{"href":"https:\/\/diocese-aveiro.pt\/v3\/wp-json\/wp\/v2\/pages\/1996","targetHints":{"allow":["GET"]}}],"collection":[{"href":"https:\/\/diocese-aveiro.pt\/v3\/wp-json\/wp\/v2\/pages"}],"about":[{"href":"https:\/\/diocese-aveiro.pt\/v3\/wp-json\/wp\/v2\/types\/page"}],"author":[{"embeddable":true,"href":"https:\/\/diocese-aveiro.pt\/v3\/wp-json\/wp\/v2\/users\/1"}],"replies":[{"embeddable":true,"href":"https:\/\/diocese-aveiro.pt\/v3\/wp-json\/wp\/v2\/comments?post=1996"}],"version-history":[{"count":2,"href":"https:\/\/diocese-aveiro.pt\/v3\/wp-json\/wp\/v2\/pages\/1996\/revisions"}],"predecessor-version":[{"id":1998,"href":"https:\/\/diocese-aveiro.pt\/v3\/wp-json\/wp\/v2\/pages\/1996\/revisions\/1998"}],"up":[{"embeddable":true,"href":"https:\/\/diocese-aveiro.pt\/v3\/wp-json\/wp\/v2\/pages\/1983"}],"wp:attachment":[{"href":"https:\/\/diocese-aveiro.pt\/v3\/wp-json\/wp\/v2\/media?parent=1996"}],"curies":[{"name":"wp","href":"https:\/\/api.w.org\/{rel}","templated":true}]}}