{"id":1797,"date":"2024-02-21T11:44:12","date_gmt":"2024-02-21T11:44:12","guid":{"rendered":"https:\/\/diocese-aveiro.pt\/v3\/?page_id=1797"},"modified":"2024-02-21T16:18:53","modified_gmt":"2024-02-21T16:18:53","slug":"paroquias","status":"publish","type":"page","link":"https:\/\/diocese-aveiro.pt\/v3\/paroquias\/","title":{"rendered":"PAR\u00d3QUIAS"},"content":{"rendered":"\n\n\n\n\n<p class=\"has-text-align-center has-white-color has-text-color has-background has-link-color wp-elements-7b35043a26f4205ce30d3f1b1d892be6\" style=\"background-color:#2e6c9e\"><strong>ARCIPRESTADO DE \u00c1GUEDA<\/strong><\/p>\n\n\n\n\n\n<figure class=\"wp-block-table\"><table><tbody><tr><td><a href=\"https:\/\/www.anuariocatolicoportugal.net\/dioceses\/ficha_paroquia_padre.asp?paroquiaid=2563&amp;dioceseid=3\">Agad\u00e3o<\/a><\/td><td>Santa Maria Madalena<\/td><\/tr><tr><td><a href=\"https:\/\/www.anuariocatolicoportugal.net\/dioceses\/ficha_paroquia_padre.asp?paroquiaid=2564&amp;dioceseid=3\">Aguada de Baixo<\/a><\/td><td>S\u00e3o Martinho<\/td><\/tr><tr><td><a href=\"https:\/\/www.anuariocatolicoportugal.net\/dioceses\/ficha_paroquia_padre.asp?paroquiaid=2565&amp;dioceseid=3\">Aguada de Cima<\/a><\/td><td>Santa Eul\u00e1lia<\/td><\/tr><tr><td><a href=\"https:\/\/www.anuariocatolicoportugal.net\/dioceses\/ficha_paroquia_padre.asp?paroquiaid=2566&amp;dioceseid=3\">\u00c1gueda<\/a><\/td><td>Santa Eul\u00e1lia<\/td><\/tr><tr><td><a href=\"https:\/\/www.anuariocatolicoportugal.net\/dioceses\/ficha_paroquia_padre.asp?paroquiaid=2567&amp;dioceseid=3\">Barr\u00f4<\/a><\/td><td>Santo Andr\u00e9<\/td><\/tr><tr><td><a href=\"https:\/\/www.anuariocatolicoportugal.net\/dioceses\/ficha_paroquia_padre.asp?paroquiaid=2568&amp;dioceseid=3\">Belazaima do Ch\u00e3o<\/a><\/td><td>S\u00e3o Pedro<\/td><\/tr><tr><td><a href=\"https:\/\/www.anuariocatolicoportugal.net\/dioceses\/ficha_paroquia_padre.asp?paroquiaid=2569&amp;dioceseid=3\">Borralha<\/a><\/td><td>Nossa Senhora de la Salette<\/td><\/tr><tr><td><a href=\"https:\/\/www.anuariocatolicoportugal.net\/dioceses\/ficha_paroquia_padre.asp?paroquiaid=2570&amp;dioceseid=3\">Castanheira do Vouga<\/a><\/td><td>S\u00e3o Mamede<\/td><\/tr><tr><td><a href=\"https:\/\/www.anuariocatolicoportugal.net\/dioceses\/ficha_paroquia_padre.asp?paroquiaid=2571&amp;dioceseid=3\">Espinhel<\/a><\/td><td>Nossa Senhora da Assun\u00e7\u00e3o<\/td><\/tr><tr><td><a href=\"https:\/\/www.anuariocatolicoportugal.net\/dioceses\/ficha_paroquia_padre.asp?paroquiaid=2572&amp;dioceseid=3\">Lamas do Vouga<\/a><\/td><td>Santa Maria<\/td><\/tr><tr><td><a href=\"https:\/\/www.anuariocatolicoportugal.net\/dioceses\/ficha_paroquia_padre.asp?paroquiaid=2573&amp;dioceseid=3\">Macieira de Alcoba<\/a><\/td><td>S\u00e3o Martinho<\/td><\/tr><tr><td><a href=\"https:\/\/www.anuariocatolicoportugal.net\/dioceses\/ficha_paroquia_padre.asp?paroquiaid=2574&amp;dioceseid=3\">Macinhata do Vouga<\/a><\/td><td>S\u00e3o Crist\u00f3v\u00e3o<\/td><\/tr><tr><td><a href=\"https:\/\/www.anuariocatolicoportugal.net\/dioceses\/ficha_paroquia_padre.asp?paroquiaid=2575&amp;dioceseid=3\">\u00d3is da Ribeira<\/a><\/td><td>Santo Adri\u00e3o<\/td><\/tr><tr><td><a href=\"https:\/\/www.anuariocatolicoportugal.net\/dioceses\/ficha_paroquia_padre.asp?paroquiaid=2576&amp;dioceseid=3\">Pr\u00e9stimo<\/a><\/td><td>S\u00e3o Tiago<\/td><\/tr><tr><td><a href=\"https:\/\/www.anuariocatolicoportugal.net\/dioceses\/ficha_paroquia_padre.asp?paroquiaid=2577&amp;dioceseid=3\">Recard\u00e3es<\/a><\/td><td>S\u00e3o Miguel<\/td><\/tr><tr><td><a href=\"https:\/\/www.anuariocatolicoportugal.net\/dioceses\/ficha_paroquia_padre.asp?paroquiaid=2578&amp;dioceseid=3\">Segad\u00e3es<\/a><\/td><td>S\u00e3o Pedro<\/td><\/tr><tr><td><a href=\"https:\/\/www.anuariocatolicoportugal.net\/dioceses\/ficha_paroquia_padre.asp?paroquiaid=2579&amp;dioceseid=3\">Travass\u00f4<\/a><\/td><td>S\u00e3o Miguel<\/td><\/tr><tr><td><a href=\"https:\/\/www.anuariocatolicoportugal.net\/dioceses\/ficha_paroquia_padre.asp?paroquiaid=2580&amp;dioceseid=3\">Trofa do Vouga<\/a><\/td><td>S\u00e3o Salvador<\/td><\/tr><tr><td><a href=\"https:\/\/www.anuariocatolicoportugal.net\/dioceses\/ficha_paroquia_padre.asp?paroquiaid=2581&amp;dioceseid=3\">Valongo do Vouga<\/a><\/td><td>S\u00e3o Pedro<\/td><\/tr><\/tbody><\/table><\/figure>\n\n\n\n<p class=\"has-text-align-center has-white-color has-text-color has-background has-link-color wp-elements-d4b63f9139f4038a017e99478f0f9ce5\" style=\"background-color:#2e6c9e\"><strong>ARCIPRESTADO DE ALBERGARIA-A-VELHA<\/strong><\/p>\n\n\n\n<figure class=\"wp-block-table\"><table><tbody><tr><td><a href=\"https:\/\/www.anuariocatolicoportugal.net\/dioceses\/ficha_paroquia_padre.asp?paroquiaid=2582&amp;dioceseid=3\">Albergaria-a-Velha<\/a><\/td><td>Santa Cruz<\/td><\/tr><tr><td><a href=\"https:\/\/www.anuariocatolicoportugal.net\/dioceses\/ficha_paroquia_padre.asp?paroquiaid=2583&amp;dioceseid=3\">Alquerubim<\/a><\/td><td>Santa Marinha<\/td><\/tr><tr><td><a href=\"https:\/\/www.anuariocatolicoportugal.net\/dioceses\/ficha_paroquia_padre.asp?paroquiaid=2584&amp;dioceseid=3\">Angeja<\/a><\/td><td>Nossa Senhora das Neves<\/td><\/tr><tr><td><a href=\"https:\/\/www.anuariocatolicoportugal.net\/dioceses\/ficha_paroquia_padre.asp?paroquiaid=2585&amp;dioceseid=3\">Branca<\/a><\/td><td>S\u00e3o Vicente<\/td><\/tr><tr><td><a href=\"https:\/\/www.anuariocatolicoportugal.net\/dioceses\/ficha_paroquia_padre.asp?paroquiaid=2586&amp;dioceseid=3\">Frossos<\/a><\/td><td>S\u00e3o Paio<\/td><\/tr><tr><td><a href=\"https:\/\/www.anuariocatolicoportugal.net\/dioceses\/ficha_paroquia_padre.asp?paroquiaid=2587&amp;dioceseid=3\">Ribeira de Fr\u00e1guas<\/a><\/td><td>S\u00e3o Tiago<\/td><\/tr><tr><td><a href=\"https:\/\/www.anuariocatolicoportugal.net\/dioceses\/ficha_paroquia_padre.asp?paroquiaid=2588&amp;dioceseid=3\">S\u00e3o Jo\u00e3o de Loure<\/a><\/td><td>S\u00e3o Jo\u00e3o Baptista<\/td><\/tr><tr><td><a href=\"https:\/\/www.anuariocatolicoportugal.net\/dioceses\/ficha_paroquia_padre.asp?paroquiaid=2589&amp;dioceseid=3\">Vale Maior<\/a><\/td><td>Santa Eul\u00e1lia<\/td><\/tr><\/tbody><\/table><\/figure>\n\n\n\n<p class=\"has-text-align-center has-white-color has-text-color has-background has-link-color wp-elements-8f6ec0a1595cd29eda072925a47feb31\" style=\"background-color:#2e6c9e\"><strong>ARCIPRESTADO DE ANADIA<\/strong><\/p>\n\n\n\n<figure class=\"wp-block-table\"><table><tbody><tr><td><a href=\"https:\/\/www.anuariocatolicoportugal.net\/dioceses\/ficha_paroquia_padre.asp?paroquiaid=2590&amp;dioceseid=3\">Aguim<\/a><\/td><td>Nossa Senhora do \u00d3<\/td><\/tr><tr><td><a href=\"https:\/\/www.anuariocatolicoportugal.net\/dioceses\/ficha_paroquia_padre.asp?paroquiaid=2591&amp;dioceseid=3\">Ancas<\/a><\/td><td>Nossa Senhora da Assun\u00e7\u00e3o<\/td><\/tr><tr><td><a href=\"https:\/\/www.anuariocatolicoportugal.net\/dioceses\/ficha_paroquia_padre.asp?paroquiaid=2592&amp;dioceseid=3\">Arcos<\/a><\/td><td>S\u00e3o Paio<\/td><\/tr><tr><td><a href=\"https:\/\/www.anuariocatolicoportugal.net\/dioceses\/ficha_paroquia_padre.asp?paroquiaid=2593&amp;dioceseid=3\">Avel\u00e3s de Caminho<\/a><\/td><td>Santo Ant\u00f3nio<\/td><\/tr><tr><td><a href=\"https:\/\/www.anuariocatolicoportugal.net\/dioceses\/ficha_paroquia_padre.asp?paroquiaid=2594&amp;dioceseid=3\">Avel\u00e3s de Cima<\/a><\/td><td>S\u00e3o Pedro<\/td><\/tr><tr><td><a href=\"https:\/\/www.anuariocatolicoportugal.net\/dioceses\/ficha_paroquia_padre.asp?paroquiaid=2595&amp;dioceseid=3\">Mogofores<\/a><\/td><td>Nossa Senhora da Concei\u00e7\u00e3o<\/td><\/tr><tr><td><a href=\"https:\/\/www.anuariocatolicoportugal.net\/dioceses\/ficha_paroquia_padre.asp?paroquiaid=2596&amp;dioceseid=3\">Moita<\/a><\/td><td>S\u00e3o Tiago<\/td><\/tr><tr><td><a href=\"https:\/\/www.anuariocatolicoportugal.net\/dioceses\/ficha_paroquia_padre.asp?paroquiaid=2597&amp;dioceseid=3\">\u00d3is do Bairro<\/a><\/td><td>Santo Andr\u00e9<\/td><\/tr><tr><td><a href=\"https:\/\/www.anuariocatolicoportugal.net\/dioceses\/ficha_paroquia_padre.asp?paroquiaid=2598&amp;dioceseid=3\">Paredes do Bairro<\/a><\/td><td>S\u00e3o Tom\u00e9<\/td><\/tr><tr><td><a href=\"https:\/\/www.anuariocatolicoportugal.net\/dioceses\/ficha_paroquia_padre.asp?paroquiaid=2599&amp;dioceseid=3\">S\u00e3o Louren\u00e7o do Bairro<\/a><\/td><td>S\u00e3o Louren\u00e7o<\/td><\/tr><tr><td><a href=\"https:\/\/www.anuariocatolicoportugal.net\/dioceses\/ficha_paroquia_padre.asp?paroquiaid=2600&amp;dioceseid=3\">Tamengos<\/a><\/td><td>S\u00e3o Pedro<\/td><\/tr><tr><td><a href=\"https:\/\/www.anuariocatolicoportugal.net\/dioceses\/ficha_paroquia_padre.asp?paroquiaid=2601&amp;dioceseid=3\">Vila Nova de Monsarros<\/a><\/td><td>S\u00e3o Miguel<\/td><\/tr><tr><td><a href=\"https:\/\/www.anuariocatolicoportugal.net\/dioceses\/ficha_paroquia_padre.asp?paroquiaid=2602&amp;dioceseid=3\">Vilarinho do Bairro<\/a><\/td><td>S\u00e3o Miguel<\/td><\/tr><\/tbody><\/table><\/figure>\n\n\n\n<p class=\"has-text-align-center has-white-color has-text-color has-background has-link-color wp-elements-c6e6d7b4231625eeb179a0e89b743cbd\" style=\"background-color:#2e6c9e\"><strong>ARCIPRESTADO DE AVEIRO<\/strong><\/p>\n\n\n\n<figure class=\"wp-block-table\"><table><tbody><tr><td><a href=\"https:\/\/www.anuariocatolicoportugal.net\/dioceses\/ficha_paroquia_padre.asp?paroquiaid=2603&amp;dioceseid=3\">Aradas<\/a><\/td><td>S\u00e3o Pedro<\/td><\/tr><tr><td><a href=\"https:\/\/www.anuariocatolicoportugal.net\/dioceses\/ficha_paroquia_padre.asp?paroquiaid=2604&amp;dioceseid=3\">Cacia<\/a><\/td><td>S\u00e3o Juli\u00e3o<\/td><\/tr><tr><td><a href=\"https:\/\/www.anuariocatolicoportugal.net\/dioceses\/ficha_paroquia_padre.asp?paroquiaid=2605&amp;dioceseid=3\">Eirol<\/a><\/td><td>Santa Eul\u00e1lia<\/td><\/tr><tr><td><a href=\"https:\/\/www.anuariocatolicoportugal.net\/dioceses\/ficha_paroquia_padre.asp?paroquiaid=2606&amp;dioceseid=3\">Eixo<\/a><\/td><td>Santo Isidoro de Sevilha<\/td><\/tr><tr><td><a href=\"https:\/\/www.anuariocatolicoportugal.net\/dioceses\/ficha_paroquia_padre.asp?paroquiaid=2607&amp;dioceseid=3\">Esgueira<\/a><\/td><td>Santo Andr\u00e9<\/td><\/tr><tr><td><a href=\"https:\/\/www.anuariocatolicoportugal.net\/dioceses\/ficha_paroquia_padre.asp?paroquiaid=2608&amp;dioceseid=3\">Gl\u00f3ria (S\u00e9)<\/a><\/td><td>Nossa Senhora da Gl\u00f3ria<\/td><\/tr><tr><td><a href=\"https:\/\/www.anuariocatolicoportugal.net\/dioceses\/ficha_paroquia_padre.asp?paroquiaid=2638&amp;dioceseid=3\">Nariz<\/a><\/td><td>S\u00e3o Pedro<\/td><\/tr><tr><td><a href=\"https:\/\/www.anuariocatolicoportugal.net\/dioceses\/ficha_paroquia_padre.asp?paroquiaid=2609&amp;dioceseid=3\">Nossa Senhora de F\u00e1tima<\/a><\/td><td>Nossa Senhora de F\u00e1tima<\/td><\/tr><tr><td><a href=\"https:\/\/www.anuariocatolicoportugal.net\/dioceses\/ficha_paroquia_padre.asp?paroquiaid=2610&amp;dioceseid=3\">Oliveirinha do Vouga<\/a><\/td><td>Santo Ant\u00f3nio<\/td><\/tr><tr><td><a href=\"https:\/\/www.anuariocatolicoportugal.net\/dioceses\/ficha_paroquia_padre.asp?paroquiaid=2611&amp;dioceseid=3\">Requeixo<\/a><\/td><td>S\u00e3o Paio<\/td><\/tr><tr><td><a href=\"https:\/\/www.anuariocatolicoportugal.net\/dioceses\/ficha_paroquia_padre.asp?paroquiaid=2612&amp;dioceseid=3\">Santa Joana<\/a><\/td><td>Santa Joana Princesa<\/td><\/tr><tr><td><a href=\"https:\/\/www.anuariocatolicoportugal.net\/dioceses\/ficha_paroquia_padre.asp?paroquiaid=2613&amp;dioceseid=3\">S\u00e3o Bernardo<\/a><\/td><td>S\u00e3o Bernardo<\/td><\/tr><tr><td><a href=\"https:\/\/www.anuariocatolicoportugal.net\/dioceses\/ficha_paroquia_padre.asp?paroquiaid=2615&amp;dioceseid=3\">Vera-Cruz<\/a><\/td><td>Santa Cruz e Nossa Senhora da Apresenta\u00e7\u00e3o<\/td><\/tr><\/tbody><\/table><\/figure>\n\n\n\n<p class=\"has-text-align-center has-white-color has-text-color has-background has-link-color wp-elements-0a6aa2e75ce50c07e05303ed69a6d375\" style=\"background-color:#2e6c9e\"><strong>ARCIPRESTADO DE ESTARREJA\/MURTOSA<\/strong><\/p>\n\n\n\n<figure class=\"wp-block-table\"><table><tbody><tr><td><a href=\"https:\/\/www.anuariocatolicoportugal.net\/dioceses\/ficha_paroquia_padre.asp?paroquiaid=2616&amp;dioceseid=3\">Avanca<\/a><\/td><td>Santa Marinha<\/td><\/tr><tr><td><a href=\"https:\/\/www.anuariocatolicoportugal.net\/dioceses\/ficha_paroquia_padre.asp?paroquiaid=2617&amp;dioceseid=3\">Bedu\u00eddo<\/a><\/td><td>S\u00e3o Tiago<\/td><\/tr><tr><td><a href=\"https:\/\/www.anuariocatolicoportugal.net\/dioceses\/ficha_paroquia_padre.asp?paroquiaid=17657&amp;dioceseid=3\">Bunheiro<\/a><\/td><td>S\u00e3o Mateus<\/td><\/tr><tr><td><a href=\"https:\/\/www.anuariocatolicoportugal.net\/dioceses\/ficha_paroquia_padre.asp?paroquiaid=2618&amp;dioceseid=3\">Canelas<\/a><\/td><td>S\u00e3o Tom\u00e9<\/td><\/tr><tr><td><a href=\"https:\/\/www.anuariocatolicoportugal.net\/dioceses\/ficha_paroquia_padre.asp?paroquiaid=2619&amp;dioceseid=3\">Fermel\u00e3<\/a><\/td><td>S\u00e3o Miguel<\/td><\/tr><tr><td><a href=\"https:\/\/www.anuariocatolicoportugal.net\/dioceses\/ficha_paroquia_padre.asp?paroquiaid=17658&amp;dioceseid=3\">Monte<\/a><\/td><td>Santo Ant\u00f3nio<\/td><\/tr><tr><td><a href=\"https:\/\/www.anuariocatolicoportugal.net\/dioceses\/ficha_paroquia_padre.asp?paroquiaid=17659&amp;dioceseid=3\">Murtosa<\/a><\/td><td>Santa Maria da Natividade<\/td><\/tr><tr><td><a href=\"https:\/\/www.anuariocatolicoportugal.net\/dioceses\/ficha_paroquia_padre.asp?paroquiaid=17660&amp;dioceseid=3\">Pardelhas<\/a><\/td><td>S\u00e3o Louren\u00e7o<\/td><\/tr><tr><td><a href=\"https:\/\/www.anuariocatolicoportugal.net\/dioceses\/ficha_paroquia_padre.asp?paroquiaid=2620&amp;dioceseid=3\">Pardilh\u00f3<\/a><\/td><td>S\u00e3o Pedro<\/td><\/tr><tr><td><a href=\"https:\/\/www.anuariocatolicoportugal.net\/dioceses\/ficha_paroquia_padre.asp?paroquiaid=2621&amp;dioceseid=3\">Salreu<\/a><\/td><td>S\u00e3o Martinho<\/td><\/tr><tr><td><a href=\"https:\/\/www.anuariocatolicoportugal.net\/dioceses\/ficha_paroquia_padre.asp?paroquiaid=17662&amp;dioceseid=3\">S\u00e3o Jacinto<\/a><\/td><td>Nossa Senhora das Areias e S\u00e3o Jacinto<\/td><\/tr><tr><td><a href=\"https:\/\/www.anuariocatolicoportugal.net\/dioceses\/ficha_paroquia_padre.asp?paroquiaid=17661&amp;dioceseid=3\">Torreira<\/a><\/td><td>Nossa Senhora do Bom Sucesso e S\u00e3o Paio<\/td><\/tr><tr><td><a href=\"https:\/\/www.anuariocatolicoportugal.net\/dioceses\/ficha_paroquia_padre.asp?paroquiaid=2622&amp;dioceseid=3\">Veiros<\/a><\/td><td>S\u00e3o Bartolomeu<\/td><\/tr><\/tbody><\/table><\/figure>\n\n\n\n<p class=\"has-text-align-center has-white-color has-text-color has-background has-link-color wp-elements-d1a43e962fbfe6359aceb6f9c5f27aaa\" style=\"background-color:#2e6c9e\"><strong>ARCIPRESTADO DE \u00cdLHAVO<\/strong><\/p>\n\n\n\n<figure class=\"wp-block-table\"><table><tbody><tr><td><a href=\"https:\/\/www.anuariocatolicoportugal.net\/dioceses\/ficha_paroquia_padre.asp?paroquiaid=2623&amp;dioceseid=3\">Costa Nova do Prado<\/a><\/td><td>Nossa Senhora da Sa\u00fade<\/td><\/tr><tr><td><a href=\"https:\/\/www.anuariocatolicoportugal.net\/dioceses\/ficha_paroquia_padre.asp?paroquiaid=2625&amp;dioceseid=3\">Gafanha da Encarna\u00e7\u00e3o<\/a><\/td><td>Nossa Senhora da Encarna\u00e7\u00e3o<\/td><\/tr><tr><td><a href=\"https:\/\/www.anuariocatolicoportugal.net\/dioceses\/ficha_paroquia_padre.asp?paroquiaid=2626&amp;dioceseid=3\">Gafanha da Nazar\u00e9<\/a><\/td><td>Nossa Senhora da Nazar\u00e9<\/td><\/tr><tr><td><a href=\"https:\/\/www.anuariocatolicoportugal.net\/dioceses\/ficha_paroquia_padre.asp?paroquiaid=2624&amp;dioceseid=3\">Gafanha do Carmo<\/a><\/td><td>Nossa Senhora do Carmo<\/td><\/tr><tr><td><a href=\"https:\/\/www.anuariocatolicoportugal.net\/dioceses\/ficha_paroquia_padre.asp?paroquiaid=2627&amp;dioceseid=3\">Praia da Barra<\/a><\/td><td>Sagrada Fam\u00edlia<\/td><\/tr><tr><td><a href=\"https:\/\/www.anuariocatolicoportugal.net\/dioceses\/ficha_paroquia_padre.asp?paroquiaid=2628&amp;dioceseid=3\">S\u00e3o Salvador de \u00cdlhavo<\/a><\/td><td>S\u00e3o Salvador<\/td><\/tr><\/tbody><\/table><\/figure>\n\n\n\n<p class=\"has-text-align-center has-white-color has-text-color has-background has-link-color wp-elements-a213db308f56c482c01f9b86a8af50de\" style=\"background-color:#2e6c9e\"><strong>ARCIPRESTADO DE OLIVEIRA DO BAIRRO<\/strong><\/p>\n\n\n\n<figure class=\"wp-block-table\"><table><tbody><tr><td><a href=\"https:\/\/www.anuariocatolicoportugal.net\/dioceses\/ficha_paroquia_padre.asp?paroquiaid=2634&amp;dioceseid=3\">Amoreira da G\u00e2ndara<\/a><\/td><td>S\u00e3o Martinho<\/td><\/tr><tr><td><a href=\"https:\/\/www.anuariocatolicoportugal.net\/dioceses\/ficha_paroquia_padre.asp?paroquiaid=2635&amp;dioceseid=3\">Bustos<\/a><\/td><td>S\u00e3o Louren\u00e7o<\/td><\/tr><tr><td><a href=\"https:\/\/www.anuariocatolicoportugal.net\/dioceses\/ficha_paroquia_padre.asp?paroquiaid=2636&amp;dioceseid=3\">Fermentelos<\/a><\/td><td>Santo Andr\u00e9<\/td><\/tr><tr><td><a href=\"https:\/\/www.anuariocatolicoportugal.net\/dioceses\/ficha_paroquia_padre.asp?paroquiaid=2637&amp;dioceseid=3\">Mamarrosa<\/a><\/td><td>S\u00e3o Sim\u00e3o<\/td><\/tr><tr><td><a href=\"https:\/\/www.anuariocatolicoportugal.net\/dioceses\/ficha_paroquia_padre.asp?paroquiaid=2639&amp;dioceseid=3\">Oi\u00e3<\/a><\/td><td>S\u00e3o Sim\u00e3o<\/td><\/tr><tr><td><a href=\"https:\/\/www.anuariocatolicoportugal.net\/dioceses\/ficha_paroquia_padre.asp?paroquiaid=2640&amp;dioceseid=3\">Oliveira do Bairro<\/a><\/td><td>S\u00e3o Miguel<\/td><\/tr><tr><td><a href=\"https:\/\/www.anuariocatolicoportugal.net\/dioceses\/ficha_paroquia_padre.asp?paroquiaid=2641&amp;dioceseid=3\">Palha\u00e7a<\/a><\/td><td>S\u00e3o Pedro<\/td><\/tr><tr><td><a href=\"https:\/\/www.anuariocatolicoportugal.net\/dioceses\/ficha_paroquia_padre.asp?paroquiaid=2642&amp;dioceseid=3\">Sangalhos<\/a><\/td><td>S\u00e3o Vicente<\/td><\/tr><tr><td><a href=\"https:\/\/www.anuariocatolicoportugal.net\/dioceses\/ficha_paroquia_padre.asp?paroquiaid=2643&amp;dioceseid=3\">Troviscal<\/a><\/td><td>S\u00e3o Bartolomeu<\/td><\/tr><\/tbody><\/table><\/figure>\n\n\n\n<p class=\"has-text-align-center has-white-color has-text-color has-background has-link-color wp-elements-dc4117c7a1fa86194ad43f00d5ed2a5a\" style=\"background-color:#2e6c9e\"><strong>ARCIPRESTADO DE SEVER DO VOUGA<\/strong><\/p>\n\n\n\n<figure class=\"wp-block-table\"><table><tbody><tr><td><a href=\"https:\/\/www.anuariocatolicoportugal.net\/dioceses\/ficha_paroquia_padre.asp?paroquiaid=2644&amp;dioceseid=3\">Cedrim<\/a><\/td><td>S\u00e3o Jo\u00e3o Baptista<\/td><\/tr><tr><td><a href=\"https:\/\/www.anuariocatolicoportugal.net\/dioceses\/ficha_paroquia_padre.asp?paroquiaid=2645&amp;dioceseid=3\">Couto de Esteves<\/a><\/td><td>Santo Estev\u00e3o<\/td><\/tr><tr><td><a href=\"https:\/\/www.anuariocatolicoportugal.net\/dioceses\/ficha_paroquia_padre.asp?paroquiaid=2646&amp;dioceseid=3\">Dornelas<\/a><\/td><td>Nossa Senhora de F\u00e1tima<\/td><\/tr><tr><td><a href=\"https:\/\/www.anuariocatolicoportugal.net\/dioceses\/ficha_paroquia_padre.asp?paroquiaid=2647&amp;dioceseid=3\">Paradela<\/a><\/td><td>Nossa Senhora do Loreto<\/td><\/tr><tr><td><a href=\"https:\/\/www.anuariocatolicoportugal.net\/dioceses\/ficha_paroquia_padre.asp?paroquiaid=2648&amp;dioceseid=3\">Pessegueiro do Vouga<\/a><\/td><td>S\u00e3o Martinho<\/td><\/tr><tr><td><a href=\"https:\/\/www.anuariocatolicoportugal.net\/dioceses\/ficha_paroquia_padre.asp?paroquiaid=2649&amp;dioceseid=3\">Rocas do Vouga<\/a><\/td><td>S\u00e3o Jo\u00e3o Baptista<\/td><\/tr><tr><td><a href=\"https:\/\/www.anuariocatolicoportugal.net\/dioceses\/ficha_paroquia_padre.asp?paroquiaid=2650&amp;dioceseid=3\">Sever do Vouga<\/a><\/td><td>Santa Maria<\/td><\/tr><tr><td><a href=\"https:\/\/www.anuariocatolicoportugal.net\/dioceses\/ficha_paroquia_padre.asp?paroquiaid=2651&amp;dioceseid=3\">Silva Escura<\/a><\/td><td>S\u00e3o Jo\u00e3o Baptista<\/td><\/tr><tr><td><a href=\"https:\/\/www.anuariocatolicoportugal.net\/dioceses\/ficha_paroquia_padre.asp?paroquiaid=2652&amp;dioceseid=3\">Talhadas<\/a><\/td><td>S\u00e3o Mamede<\/td><\/tr><\/tbody><\/table><\/figure>\n\n\n\n<p class=\"has-text-align-center has-white-color has-text-color has-background has-link-color wp-elements-9307bb06b5b5e2e0df6ab7c8c27ef714\" style=\"background-color:#2e6c9e\"><strong>ARCIPRESTADO DE VAGOS<\/strong><\/p>\n\n\n\n<figure class=\"wp-block-table\"><table><tbody><tr><td><a href=\"https:\/\/www.anuariocatolicoportugal.net\/dioceses\/ficha_paroquia_padre.asp?paroquiaid=2653&amp;dioceseid=3\">Calv\u00e3o<\/a><\/td><td>Sagrado Cora\u00e7\u00e3o de Jesus<\/td><\/tr><tr><td><a href=\"https:\/\/www.anuariocatolicoportugal.net\/dioceses\/ficha_paroquia_padre.asp?paroquiaid=2654&amp;dioceseid=3\">Cov\u00e3o do Lobo<\/a><\/td><td>S\u00e3o Salvador<\/td><\/tr><tr><td><a href=\"https:\/\/www.anuariocatolicoportugal.net\/dioceses\/ficha_paroquia_padre.asp?paroquiaid=2655&amp;dioceseid=3\">Fonte de Ange\u00e3o<\/a><\/td><td>Nossa Senhora do Livramento<\/td><\/tr><tr><td><a href=\"https:\/\/www.anuariocatolicoportugal.net\/dioceses\/ficha_paroquia_padre.asp?paroquiaid=2656&amp;dioceseid=3\">Gafanha da Boa-Hora<\/a><\/td><td>Nossa Senhora da Boa-Hora<\/td><\/tr><tr><td><a href=\"https:\/\/www.anuariocatolicoportugal.net\/dioceses\/ficha_paroquia_padre.asp?paroquiaid=2657&amp;dioceseid=3\">Ouca<\/a><\/td><td>S\u00e3o Martinho<\/td><\/tr><tr><td><a href=\"https:\/\/www.anuariocatolicoportugal.net\/dioceses\/ficha_paroquia_padre.asp?paroquiaid=2658&amp;dioceseid=3\">Ponte de Vagos<\/a><\/td><td>Nossa Senhora da Luz<\/td><\/tr><tr><td><a href=\"https:\/\/www.anuariocatolicoportugal.net\/dioceses\/ficha_paroquia_padre.asp?paroquiaid=2659&amp;dioceseid=3\">Santa Catarina<\/a><\/td><td>Santa Catarina<\/td><\/tr><tr><td><a href=\"https:\/\/www.anuariocatolicoportugal.net\/dioceses\/ficha_paroquia_padre.asp?paroquiaid=2660&amp;dioceseid=3\">Santo Andr\u00e9 de Vagos<\/a><\/td><td>Santo Andr\u00e9<\/td><\/tr><tr><td><a href=\"https:\/\/www.anuariocatolicoportugal.net\/dioceses\/ficha_paroquia_padre.asp?paroquiaid=2661&amp;dioceseid=3\">Santo Ant\u00f3nio de Vagos<\/a><\/td><td>Santo Ant\u00f3nio<\/td><\/tr><tr><td><a href=\"https:\/\/www.anuariocatolicoportugal.net\/dioceses\/ficha_paroquia_padre.asp?paroquiaid=2662&amp;dioceseid=3\">Soza<\/a><\/td><td>S\u00e3o Miguel<\/td><\/tr><tr><td><a href=\"https:\/\/www.anuariocatolicoportugal.net\/dioceses\/ficha_paroquia_padre.asp?paroquiaid=2663&amp;dioceseid=3\">Vagos<\/a><\/td><td>S\u00e3o Tiago<\/td><\/tr><\/tbody><\/table><\/figure>\n","protected":false},"excerpt":{"rendered":"<p>Agad\u00e3o Santa Maria Madalena Aguada de Baixo S\u00e3o Martinho Aguada de Cima Santa Eul\u00e1lia \u00c1gueda Santa Eul\u00e1lia Barr\u00f4 Santo Andr\u00e9 Belazaima do Ch\u00e3o S\u00e3o Pedro Borralha Nossa Senhora de la Salette Castanheira do Vouga S\u00e3o Mamede Espinhel Nossa Senhora da Assun\u00e7\u00e3o Lamas do Vouga Santa Maria Macieira de Alcoba S\u00e3o Martinho Macinhata do Vouga S\u00e3o Crist\u00f3v\u00e3o \u00d3is da Ribeira Santo [&hellip;]<\/p>\n","protected":false},"author":1,"featured_media":0,"parent":0,"menu_order":0,"comment_status":"closed","ping_status":"closed","template":"","meta":{"pagelayer_contact_templates":[],"_pagelayer_content":"","_mc_calendar":[],"footnotes":""},"class_list":["post-1797","page","type-page","status-publish","hentry"],"_links":{"self":[{"href":"https:\/\/diocese-aveiro.pt\/v3\/wp-json\/wp\/v2\/pages\/1797","targetHints":{"allow":["GET"]}}],"collection":[{"href":"https:\/\/diocese-aveiro.pt\/v3\/wp-json\/wp\/v2\/pages"}],"about":[{"href":"https:\/\/diocese-aveiro.pt\/v3\/wp-json\/wp\/v2\/types\/page"}],"author":[{"embeddable":true,"href":"https:\/\/diocese-aveiro.pt\/v3\/wp-json\/wp\/v2\/users\/1"}],"replies":[{"embeddable":true,"href":"https:\/\/diocese-aveiro.pt\/v3\/wp-json\/wp\/v2\/comments?post=1797"}],"version-history":[{"count":10,"href":"https:\/\/diocese-aveiro.pt\/v3\/wp-json\/wp\/v2\/pages\/1797\/revisions"}],"predecessor-version":[{"id":1807,"href":"https:\/\/diocese-aveiro.pt\/v3\/wp-json\/wp\/v2\/pages\/1797\/revisions\/1807"}],"wp:attachment":[{"href":"https:\/\/diocese-aveiro.pt\/v3\/wp-json\/wp\/v2\/media?parent=1797"}],"curies":[{"name":"wp","href":"https:\/\/api.w.org\/{rel}","templated":true}]}}