{"id":1775,"date":"2024-02-21T11:17:20","date_gmt":"2024-02-21T11:17:20","guid":{"rendered":"https:\/\/diocese-aveiro.pt\/v3\/?page_id=1775"},"modified":"2024-02-21T11:23:46","modified_gmt":"2024-02-21T11:23:46","slug":"presbiteros","status":"publish","type":"page","link":"https:\/\/diocese-aveiro.pt\/v3\/clero\/presbiteros\/","title":{"rendered":"PRESB\u00cdTEROS"},"content":{"rendered":"\n<figure class=\"wp-block-table\"><table><tbody><tr><td class=\"has-text-align-left\" data-align=\"left\"><a href=\"https:\/\/www.anuariocatolicoportugal.net\/dioceses\/ficha_padre_paroquia.asp?cleroid=2034&amp;dioceseid=3\" target=\"_blank\" rel=\"noreferrer noopener\">Ab\u00edlio Manuel Ferreira Ara\u00fajo<\/a><\/td><\/tr><tr><td class=\"has-text-align-left\" data-align=\"left\"><a href=\"https:\/\/www.anuariocatolicoportugal.net\/dioceses\/ficha_padre_paroquia.asp?cleroid=19770&amp;dioceseid=3\">Ac\u00e1cio da Cruz Pires<\/a><\/td><\/tr><tr><td class=\"has-text-align-left\" data-align=\"left\"><a href=\"https:\/\/www.anuariocatolicoportugal.net\/dioceses\/ficha_padre_paroquia.asp?cleroid=2029&amp;dioceseid=3\">Ad\u00e9rito Rodrigues Abrantes<\/a><\/td><\/tr><tr><td class=\"has-text-align-left\" data-align=\"left\"><a href=\"https:\/\/www.anuariocatolicoportugal.net\/dioceses\/ficha_padre_paroquia.asp?cleroid=2221&amp;dioceseid=3\">Alberto Nestor Cam\u00f5es Rodrigues Sobral<\/a><\/td><\/tr><tr><td class=\"has-text-align-left\" data-align=\"left\"><a href=\"https:\/\/www.anuariocatolicoportugal.net\/dioceses\/ficha_padre_paroquia.asp?cleroid=3923&amp;dioceseid=3\" target=\"_blank\" rel=\"noreferrer noopener\">Albino Manuel Valente dos Anjos<\/a><\/td><\/tr><tr><td class=\"has-text-align-left\" data-align=\"left\"><a href=\"https:\/\/www.anuariocatolicoportugal.net\/dioceses\/ficha_padre_paroquia.asp?cleroid=3816&amp;dioceseid=3\">\u00c2ngelo Manuel Pereira da Silva<\/a><\/td><\/tr><tr><td class=\"has-text-align-left\" data-align=\"left\"><a href=\"https:\/\/www.anuariocatolicoportugal.net\/dioceses\/ficha_padre_paroquia.asp?cleroid=2181&amp;dioceseid=3\">Ant\u00f3nio Correia Martins<\/a><\/td><\/tr><tr><td class=\"has-text-align-left\" data-align=\"left\"><a href=\"https:\/\/www.anuariocatolicoportugal.net\/dioceses\/ficha_padre_paroquia.asp?cleroid=2050&amp;dioceseid=3\" target=\"_blank\" rel=\"noreferrer noopener\">Ant\u00f3nio de Almeida Cruz<\/a><\/td><\/tr><tr><td class=\"has-text-align-left\" data-align=\"left\"><a href=\"https:\/\/www.anuariocatolicoportugal.net\/dioceses\/ficha_padre_paroquia.asp?cleroid=2039&amp;dioceseid=3\">Ant\u00f3nio Francisco da Silva Cabe\u00e7a<\/a><\/td><\/tr><tr><td class=\"has-text-align-left\" data-align=\"left\"><a href=\"https:\/\/www.anuariocatolicoportugal.net\/dioceses\/ficha_padre_paroquia.asp?cleroid=18626&amp;dioceseid=3\">Ant\u00f3nio Henriques Freitas Guimar\u00e3es<\/a><\/td><\/tr><tr><td class=\"has-text-align-left\" data-align=\"left\"><a href=\"https:\/\/www.anuariocatolicoportugal.net\/dioceses\/ficha_padre_paroquia.asp?cleroid=2052&amp;dioceseid=3\">Ant\u00f3nio Manuel Torr\u00e3o da Cruz<\/a><\/td><\/tr><tr><td class=\"has-text-align-left\" data-align=\"left\"><a href=\"https:\/\/www.anuariocatolicoportugal.net\/dioceses\/ficha_padre_paroquia.asp?cleroid=2070&amp;dioceseid=3\">Ant\u00f3nio Martins Costa Leite<\/a><\/td><\/tr><tr><td class=\"has-text-align-left\" data-align=\"left\"><a href=\"https:\/\/www.anuariocatolicoportugal.net\/dioceses\/ficha_padre_paroquia.asp?cleroid=18468&amp;dioceseid=3\">Ant\u00f3nio Valente de Matos<\/a><\/td><\/tr><tr><td class=\"has-text-align-left\" data-align=\"left\"><a href=\"https:\/\/www.anuariocatolicoportugal.net\/dioceses\/ficha_padre_paroquia.asp?cleroid=3903&amp;dioceseid=3\" target=\"_blank\" rel=\"noreferrer noopener\">C\u00e9sar Fernandes<\/a><\/td><\/tr><tr><td class=\"has-text-align-left\" data-align=\"left\"><a href=\"https:\/\/www.anuariocatolicoportugal.net\/dioceses\/ficha_padre_paroquia.asp?cleroid=18744&amp;dioceseid=3\" target=\"_blank\" rel=\"noreferrer noopener\">Daniel Paulo Gon\u00e7alves Rocha<\/a><\/td><\/tr><tr><td class=\"has-text-align-left\" data-align=\"left\">El\u00edsio do Ros\u00e1rio Gama<\/td><\/tr><tr><td class=\"has-text-align-left\" data-align=\"left\">F\u00e1bio Daniel Mota Freches<\/td><\/tr><tr><td class=\"has-text-align-left\" data-align=\"left\">Fausto Ara\u00fajo de Oliveira<\/td><\/tr><tr><td class=\"has-text-align-left\" data-align=\"left\">Fernando Lacerda Ferros<\/td><\/tr><tr><td class=\"has-text-align-left\" data-align=\"left\">Fernando Sim\u00f5es de Carvalho e Silva<\/td><\/tr><tr><td class=\"has-text-align-left\" data-align=\"left\">Filipe Manuel da Silva Coelho<\/td><\/tr><tr><td class=\"has-text-align-left\" data-align=\"left\">Francisco Jos\u00e9 Rodrigues de Melo<\/td><\/tr><tr><td class=\"has-text-align-left\" data-align=\"left\">Francisco J\u00falio Grangeia Pinto<\/td><\/tr><tr><td class=\"has-text-align-left\" data-align=\"left\">Gabriel dos Anjos do Nascimento Andrade<\/td><\/tr><tr><td class=\"has-text-align-left\" data-align=\"left\">Gustavo Andr\u00e9 da Silva Fernandes<\/td><\/tr><tr><td class=\"has-text-align-left\" data-align=\"left\">H\u00e9lder Manuel Ruivo Gon\u00e7alves<\/td><\/tr><tr><td class=\"has-text-align-left\" data-align=\"left\">Ivanil Jos\u00e9 Portela<\/td><\/tr><tr><td class=\"has-text-align-left\" data-align=\"left\">Jo\u00e3o Carlos de Almeida Carvalho<\/td><\/tr><tr><td class=\"has-text-align-left\" data-align=\"left\">Jo\u00e3o da Silva Ant\u00e3o<\/td><\/tr><tr><td class=\"has-text-align-left\" data-align=\"left\">Jo\u00e3o Evangelista Marques Sarrico<\/td><\/tr><tr><td class=\"has-text-align-left\" data-align=\"left\">Jo\u00e3o Gon\u00e7alves Gaspar<\/td><\/tr><tr><td class=\"has-text-align-left\" data-align=\"left\">Jo\u00e3o Manuel Marques Gon\u00e7alves<\/td><\/tr><tr><td class=\"has-text-align-left\" data-align=\"left\">Jo\u00e3o Marques Ferreira dos Santos<\/td><\/tr><tr><td class=\"has-text-align-left\" data-align=\"left\">Jo\u00e3o Miguel Ara\u00fajo Alves<\/td><\/tr><tr><td class=\"has-text-align-left\" data-align=\"left\">Jo\u00e3o Paulo Sarabando Marques<\/td><\/tr><tr><td class=\"has-text-align-left\" data-align=\"left\">Jo\u00e3o Paulo Soares Henriques<\/td><\/tr><tr><td class=\"has-text-align-left\" data-align=\"left\">Joaquim Ant\u00f3nio Ferreira Magalh\u00e3es<\/td><\/tr><tr><td class=\"has-text-align-left\" data-align=\"left\">Joaquim Martins<\/td><\/tr><tr><td class=\"has-text-align-left\" data-align=\"left\">Joaquim Taveira da Fonseca<\/td><\/tr><tr><td class=\"has-text-align-left\" data-align=\"left\">Jorge Manuel dos Santos Gon\u00e7alves<\/td><\/tr><tr><td class=\"has-text-align-left\" data-align=\"left\">Jorge Manuel Matos Fragoso<\/td><\/tr><tr><td class=\"has-text-align-left\" data-align=\"left\">Jos\u00e9 Arnaldo Sim\u00f5es<\/td><\/tr><tr><td class=\"has-text-align-left\" data-align=\"left\">Jos\u00e9 Augusto Ferreira Martins Fernandes<\/td><\/tr><tr><td class=\"has-text-align-left\" data-align=\"left\">Jos\u00e9 Cam\u00f5es Rodrigues Sobral<\/td><\/tr><tr><td class=\"has-text-align-left\" data-align=\"left\">Jos\u00e9 Carlos da Silva da Silva<\/td><\/tr><tr><td class=\"has-text-align-left\" data-align=\"left\">Jos\u00e9 Carlos da Silva Lopes<\/td><\/tr><tr><td class=\"has-text-align-left\" data-align=\"left\">Jos\u00e9 Carlos Gabriel Pereira<\/td><\/tr><tr><td class=\"has-text-align-left\" data-align=\"left\">Jos\u00e9 Francisco Fernandes<\/td><\/tr><tr><td class=\"has-text-align-left\" data-align=\"left\">Jos\u00e9 Henriques da Silva<\/td><\/tr><tr><td class=\"has-text-align-left\" data-align=\"left\">Jos\u00e9 Lu\u00eds de Sousa Pimenta<\/td><\/tr><tr><td class=\"has-text-align-left\" data-align=\"left\">Jos\u00e9 Martins Belinquete<\/td><\/tr><tr><td class=\"has-text-align-left\" data-align=\"left\">Jos\u00e9 Nunes Ferreira dos Santos<\/td><\/tr><tr><td class=\"has-text-align-left\" data-align=\"left\">Jos\u00e9 Sardo Fidalgo<\/td><\/tr><tr><td class=\"has-text-align-left\" data-align=\"left\">Leonel Santiago Abrantes<\/td><\/tr><tr><td class=\"has-text-align-left\" data-align=\"left\">Lic\u00ednio Manuel Figueiredo Cardoso<\/td><\/tr><tr><td class=\"has-text-align-left\" data-align=\"left\">Luciano Al\u00ed Labrador Martinez<\/td><\/tr><tr><td class=\"has-text-align-left\" data-align=\"left\">Lu\u00eds Manuel Barbosa de Oliveira<\/td><\/tr><tr><td class=\"has-text-align-left\" data-align=\"left\">Manuel Ant\u00f3nio Carvalhais<\/td><\/tr><tr><td class=\"has-text-align-left\" data-align=\"left\">Manuel Arlindo da Rocha Valente<\/td><\/tr><tr><td class=\"has-text-align-left\" data-align=\"left\">Manuel Armando Rodrigues Marques<\/td><\/tr><tr><td class=\"has-text-align-left\" data-align=\"left\">Manuel Augusto Marques Oliveira<\/td><\/tr><tr><td class=\"has-text-align-left\" data-align=\"left\">Manuel Dinis Marques Tavares<\/td><\/tr><tr><td class=\"has-text-align-left\" data-align=\"left\">Manuel Joaquim Est\u00eav\u00e3o da Rocha<\/td><\/tr><tr><td class=\"has-text-align-left\" data-align=\"left\">Manuel M\u00e1rio Ferreira<\/td><\/tr><tr><td class=\"has-text-align-left\" data-align=\"left\">Manuel Martins Sim\u00f5es Melo<\/td><\/tr><tr><td class=\"has-text-align-left\" data-align=\"left\">M\u00e1rio de Oliveira Nunes<\/td><\/tr><tr><td class=\"has-text-align-left\" data-align=\"left\">Nicolau Claro Miranda Barroqueiro<\/td><\/tr><tr><td class=\"has-text-align-left\" data-align=\"left\">Nuno Andr\u00e9 Fernandes Gon\u00e7alves<\/td><\/tr><tr><td class=\"has-text-align-left\" data-align=\"left\">Nuno Duarte da Silva Queir\u00f3s<\/td><\/tr><tr><td class=\"has-text-align-left\" data-align=\"left\">Paulo Cardoso da Cruz<\/td><\/tr><tr><td class=\"has-text-align-left\" data-align=\"left\">Paulo Manuel Teixeira Gandarinho<\/td><\/tr><tr><td class=\"has-text-align-left\" data-align=\"left\">Pedro Jos\u00e9 Lopes Correia<\/td><\/tr><tr><td class=\"has-text-align-left\" data-align=\"left\">Pedro Miguel Vieira Barros<\/td><\/tr><tr><td class=\"has-text-align-left\" data-align=\"left\">Pedro Rafael Ara\u00fajo Oliveira<\/td><\/tr><tr><td class=\"has-text-align-left\" data-align=\"left\">Querubim Jos\u00e9 Pereira da Silva<\/td><\/tr><tr><td class=\"has-text-align-left\" data-align=\"left\">Rui Jorge Coutinho de Melo Neves Barnab\u00e9<\/td><\/tr><tr><td class=\"has-text-align-left\" data-align=\"left\">Tom\u00e1s Marques Afonso<\/td><\/tr><tr><td class=\"has-text-align-left\" data-align=\"left\">Victor Marques Cardoso<\/td><\/tr><tr><td class=\"has-text-align-left\" data-align=\"left\">Virg\u00edlio Susana e Maia<\/td><\/tr><tr><td class=\"has-text-align-left\" data-align=\"left\">V\u00edtor Gabriel Valente dos Santos<\/td><\/tr><tr><td class=\"has-text-align-left\" data-align=\"left\">Vitor Manuel Nunes Espadilha<\/td><\/tr><\/tbody><\/table><\/figure>\n\n\n\n<p><\/p>\n","protected":false},"excerpt":{"rendered":"<p>Ab\u00edlio Manuel Ferreira Ara\u00fajo Ac\u00e1cio da Cruz Pires Ad\u00e9rito Rodrigues Abrantes Alberto Nestor Cam\u00f5es Rodrigues Sobral Albino Manuel Valente dos Anjos \u00c2ngelo Manuel Pereira da Silva Ant\u00f3nio Correia Martins Ant\u00f3nio de Almeida Cruz Ant\u00f3nio Francisco da Silva Cabe\u00e7a Ant\u00f3nio Henriques Freitas Guimar\u00e3es Ant\u00f3nio Manuel Torr\u00e3o da Cruz Ant\u00f3nio Martins Costa Leite Ant\u00f3nio Valente de Matos C\u00e9sar Fernandes Daniel Paulo Gon\u00e7alves [&hellip;]<\/p>\n","protected":false},"author":1,"featured_media":0,"parent":1784,"menu_order":0,"comment_status":"closed","ping_status":"closed","template":"","meta":{"pagelayer_contact_templates":[],"_pagelayer_content":"","_mc_calendar":[],"footnotes":""},"class_list":["post-1775","page","type-page","status-publish","hentry"],"_links":{"self":[{"href":"https:\/\/diocese-aveiro.pt\/v3\/wp-json\/wp\/v2\/pages\/1775","targetHints":{"allow":["GET"]}}],"collection":[{"href":"https:\/\/diocese-aveiro.pt\/v3\/wp-json\/wp\/v2\/pages"}],"about":[{"href":"https:\/\/diocese-aveiro.pt\/v3\/wp-json\/wp\/v2\/types\/page"}],"author":[{"embeddable":true,"href":"https:\/\/diocese-aveiro.pt\/v3\/wp-json\/wp\/v2\/users\/1"}],"replies":[{"embeddable":true,"href":"https:\/\/diocese-aveiro.pt\/v3\/wp-json\/wp\/v2\/comments?post=1775"}],"version-history":[{"count":5,"href":"https:\/\/diocese-aveiro.pt\/v3\/wp-json\/wp\/v2\/pages\/1775\/revisions"}],"predecessor-version":[{"id":1781,"href":"https:\/\/diocese-aveiro.pt\/v3\/wp-json\/wp\/v2\/pages\/1775\/revisions\/1781"}],"up":[{"embeddable":true,"href":"https:\/\/diocese-aveiro.pt\/v3\/wp-json\/wp\/v2\/pages\/1784"}],"wp:attachment":[{"href":"https:\/\/diocese-aveiro.pt\/v3\/wp-json\/wp\/v2\/media?parent=1775"}],"curies":[{"name":"wp","href":"https:\/\/api.w.org\/{rel}","templated":true}]}}