{"id":1586,"date":"2022-11-09T15:57:40","date_gmt":"2022-11-09T15:57:40","guid":{"rendered":"http:\/\/diocese-aveiro.pt\/v3\/?page_id=1586"},"modified":"2024-02-21T11:25:30","modified_gmt":"2024-02-21T11:25:30","slug":"brasao-e-bandeira","status":"publish","type":"page","link":"https:\/\/diocese-aveiro.pt\/v3\/diocese\/brasao-e-bandeira\/","title":{"rendered":"BRAS\u00c3O E BANDEIRA"},"content":{"rendered":"<div class=\"wp-block-image\">\n<figure class=\"aligncenter size-full\"><img fetchpriority=\"high\" decoding=\"async\" width=\"886\" height=\"240\" src=\"https:\/\/diocese-aveiro.pt\/v3\/wp-content\/uploads\/2024\/02\/image-1.png\" alt=\"\" class=\"wp-image-1668\" srcset=\"https:\/\/diocese-aveiro.pt\/v3\/wp-content\/uploads\/2024\/02\/image-1.png 886w, https:\/\/diocese-aveiro.pt\/v3\/wp-content\/uploads\/2024\/02\/image-1-300x81.png 300w, https:\/\/diocese-aveiro.pt\/v3\/wp-content\/uploads\/2024\/02\/image-1-768x208.png 768w\" sizes=\"(max-width: 886px) 100vw, 886px\" \/><\/figure>\n<\/div>\n\n\n<p class=\"has-text-align-center\"><strong>Leitura Her\u00e1ldica<\/strong><\/p>\n\n\n\n<p>Escolheu-se para a forma do escudo a&nbsp;<em>francesa antiga<\/em>, dada a sua eleg\u00e2ncia e leveza.<\/p>\n\n\n\n<p>Escudo que traz em campo de ouro as armas da princesa Santa Joana, Padroeira da Diocese e da Aveiro. Estas armas s\u00e3o em lisonja ou losango, como de costume para as senhoras, partidas em pala, tendo no cant\u00e3o sinistro as armas de Portugal em campo de&nbsp;<em>argent&nbsp;<\/em>carregado de cinco quinas em campo de&nbsp;<em>azur&nbsp;<\/em>e bordadura de goles com sete castelos de ouro, tudo sobrepujado pela coroa real aberta.<\/p>\n\n\n\n<p>No cant\u00e3o dextro, em campo de&nbsp;<em>argent<\/em>, no lugar destinado ao esposo, se casasse, coroa de espinhos de sua cor, alus\u00e3o \u00e0 devo\u00e7\u00e3o da Santa Princesa \u00e0 Paix\u00e3o de Cristo que ela resolveu servir no convento, pondo de lado as gl\u00f3rias do mundo.<\/p>\n\n\n\n<p>Como paquife ou lambrequim, um capelo episcopal de sable (preto), forrado de sinople (verde), com seus dois cord\u00f5es e seis borlas do mesmo, tr\u00eas de cada lado.<\/p>\n\n\n\n<p>Sob o capelo, \u00e0 dextra, mitra aurifrejada, de frente, com \u00ednfulas brancas; \u00e0 sinistra, b\u00e1culo pastoral de ouro voltado para fora, s\u00edmbolo da jurisdi\u00e7\u00e3o no foro externo, o qual intuitivamente designa tamb\u00e9m a miss\u00e3o do bispo na comunidade diocesana; e, ao centro, cruz processional de ouro, trilobada.<\/p>\n\n\n\n<p>Inferiormente, listel ou filactera com a legenda: AMAR A DEUS \u00c9 SERVIR. Esta divisa, heraldicamente chamada empresa, condensa a orienta\u00e7\u00e3o pastoral da Diocese de Aveiro.<\/p>\n\n\n\n<p><strong>Interpreta\u00e7\u00e3o<\/strong><\/p>\n\n\n\n<p>Por este bras\u00e3o \u2013 distintivo da Diocese de Aveiro \u2013 reconhece-se claramente o padroado da \u00ednclita e santa Princesa, que a Aveiro ligou os destinos da sua vida terrena, bem como a sua&nbsp;<em>post-vita&nbsp;<\/em>no t\u00famulo.<\/p>\n\n\n\n<p>Agora, no C\u00e9u, a Diocese, que a escolheu por padroeira, confia na sua protec\u00e7\u00e3o para o labor apost\u00f3lico, num constante servi\u00e7o, como express\u00e3o do amor de Deus.<\/p>\n\n\n\n<p><strong>Finalidade<\/strong><\/p>\n\n\n\n<p>Entre outros fins, este bras\u00e3o servir\u00e1 para o selo branco e para os diversos carimbos e gravuras.<\/p>\n\n\n\n<p>Refira-se ainda que as cores ou esmaltes, em her\u00e1ldica t\u00eam grande valor simb\u00f3lico. Por exemplo, o ouro indica justi\u00e7a, magnanimidade e amor; a prata (argent) significa lealdade e franqueza de alma, aberta a todas as inquieta\u00e7\u00f5es, dores e alegrias dos homens; o verde (sinople) \u00e9 a cor da esperan\u00e7a; o vermelho (goles) quer dizer intrepidez e ousadia, energia e for\u00e7a.<\/p>\n\n\n<div class=\"wp-block-image\">\n<figure class=\"aligncenter size-medium\"><img decoding=\"async\" width=\"300\" height=\"168\" src=\"https:\/\/diocese-aveiro.pt\/v3\/wp-content\/uploads\/2024\/02\/diocese_aveiro_bandeira-300x168.jpg\" alt=\"\" class=\"wp-image-1770\" srcset=\"https:\/\/diocese-aveiro.pt\/v3\/wp-content\/uploads\/2024\/02\/diocese_aveiro_bandeira-300x168.jpg 300w, https:\/\/diocese-aveiro.pt\/v3\/wp-content\/uploads\/2024\/02\/diocese_aveiro_bandeira-1024x575.jpg 1024w, https:\/\/diocese-aveiro.pt\/v3\/wp-content\/uploads\/2024\/02\/diocese_aveiro_bandeira-768x431.jpg 768w, https:\/\/diocese-aveiro.pt\/v3\/wp-content\/uploads\/2024\/02\/diocese_aveiro_bandeira.jpg 1254w\" sizes=\"(max-width: 300px) 100vw, 300px\" \/><\/figure>\n<\/div>\n\n\n<p class=\"has-text-align-center\"><strong>Bandeira da Diocese de Aveiro<\/strong><\/p>\n\n\n\n<p>A bandeira da Diocese de Aveiro, como sinal de comunidade dos crist\u00e3os, espalhados pelas serras, pelos campos, pela ria e pelo mar, \u00e9 partida em tr\u00eas cores: verde, branco e azul.<\/p>\n\n\n\n<p>O verde simboliza os filhos da igreja que peregrinam para a P\u00e1tria Celeste nos agregados populacionais disseminados pelas florestas e pelos campos agr\u00edcolas; o azul significa aqueles que, labutando no mar e na ria ou vivendo nas terras do litoral, aspiram seguir Cristo na f\u00e9 e no amor; o branco, unindo o verde e o azul, diz-nos que a vida de Deus a todos une e vivifica e que a sua paz a todos harmoniza em tranquilidade na luta di\u00e1ria.<\/p>\n\n\n\n<p>O bras\u00e3o da Princesa Santa Joana, ao centro do branco, quer ser o sinal de que a Padroeira de Aveiro \u00e9 algu\u00e9m que no Al\u00e9m deseja continuar a unir na caridade todos os filhos de Deus.<\/p>\n\n\n\n<p class=\"has-text-align-right\">Aveiro, 28 de Junho de 1977<\/p>\n\n\n\n<p class=\"has-text-align-right\">Museu S. Pedro da Palha\u00e7a<\/p>\n\n\n\n<hr class=\"wp-block-separator has-css-opacity\"\/>\n","protected":false},"excerpt":{"rendered":"<p>Leitura Her\u00e1ldica Escolheu-se para a forma do escudo a&nbsp;francesa antiga, dada a sua eleg\u00e2ncia e leveza. Escudo que traz em campo de ouro as armas da princesa Santa Joana, Padroeira da Diocese e da Aveiro. Estas armas s\u00e3o em lisonja ou losango, como de costume para as senhoras, partidas em pala, tendo no cant\u00e3o sinistro as armas de Portugal em [&hellip;]<\/p>\n","protected":false},"author":1,"featured_media":0,"parent":1671,"menu_order":0,"comment_status":"closed","ping_status":"closed","template":"","meta":{"pagelayer_contact_templates":[],"_pagelayer_content":"","_mc_calendar":[],"footnotes":""},"class_list":["post-1586","page","type-page","status-publish","hentry"],"_links":{"self":[{"href":"https:\/\/diocese-aveiro.pt\/v3\/wp-json\/wp\/v2\/pages\/1586","targetHints":{"allow":["GET"]}}],"collection":[{"href":"https:\/\/diocese-aveiro.pt\/v3\/wp-json\/wp\/v2\/pages"}],"about":[{"href":"https:\/\/diocese-aveiro.pt\/v3\/wp-json\/wp\/v2\/types\/page"}],"author":[{"embeddable":true,"href":"https:\/\/diocese-aveiro.pt\/v3\/wp-json\/wp\/v2\/users\/1"}],"replies":[{"embeddable":true,"href":"https:\/\/diocese-aveiro.pt\/v3\/wp-json\/wp\/v2\/comments?post=1586"}],"version-history":[{"count":4,"href":"https:\/\/diocese-aveiro.pt\/v3\/wp-json\/wp\/v2\/pages\/1586\/revisions"}],"predecessor-version":[{"id":1792,"href":"https:\/\/diocese-aveiro.pt\/v3\/wp-json\/wp\/v2\/pages\/1586\/revisions\/1792"}],"up":[{"embeddable":true,"href":"https:\/\/diocese-aveiro.pt\/v3\/wp-json\/wp\/v2\/pages\/1671"}],"wp:attachment":[{"href":"https:\/\/diocese-aveiro.pt\/v3\/wp-json\/wp\/v2\/media?parent=1586"}],"curies":[{"name":"wp","href":"https:\/\/api.w.org\/{rel}","templated":true}]}}