{"id":48,"date":"2021-10-12T08:50:25","date_gmt":"2021-10-12T08:50:25","guid":{"rendered":"https:\/\/diocese-aveiro.pt\/sinodo\/home\/"},"modified":"2023-01-26T16:07:48","modified_gmt":"2023-01-26T16:07:48","slug":"home","status":"publish","type":"page","link":"https:\/\/diocese-aveiro.pt\/sinodo\/","title":{"rendered":"Home"},"content":{"rendered":"\n\n\n<h2>Por uma igreja sinodal<\/h2>\n<h1>comunh\u00e3o | participa\u00e7\u00e3o | miss\u00e3o<\/h1>\n\n<p>comunh\u00e3o | participa\u00e7\u00e3o | miss\u00e3o<\/p>\n\n\n\n\n\n\n\n\n\n\n\n\n\n\n\n\n\n\n\n\n\n\n\n\n\n\n\n\n\n\n\n\n\n\n\n\n\n\n\n\n\n\n\n\n\n\n\n\n\n<h2>Abertura do s\u00ednodo<\/h2>\n<h1><br><\/h1>\n\n\n\n<h3>ABERTURA DO S\u00cdNODO<\/h3>\n<h3><br><\/h3>\n<h3><br><\/h3>\n<h4><em>MOMENTO DE REFLEX\u00c3O PARA O IN\u00cdCIO DO PROCESSO SINODAL <\/em><\/h4>\n<h4><em>&#8211; 9 DE OUTUBRO DE 2021 &#8211;<\/em><\/h4>\n\n\n\n\n<p>O momento de reflex\u00e3o contou com a presen\u00e7a de representantes do Povo de Deus, entre os quais delegados dos Encontros Internacionais das Confer\u00eancias Episcopais e semelhantes, membros da C\u00faria Romana, delegados fraternos, delegados da vida consagrada e movimentos eclesiais leigos, conselho juvenil, etc.&nbsp;<br><\/p>\n\n\n\n\n\n\n\n\n\n<h2>Documentos<\/h2>\n<h1><br><\/h1>\n\n\n\n\n\n\n\n<h4>Homilia de D. Ant\u00f3nio Moiteiro na Solenidade do Sagrado Cora\u00e7\u00e3o de Jesus<\/h4>\n<h6><span style=\"font-weight: normal;\">11 de junho de 2021<\/span><\/h6>\n\n<p>1. Um olhar positivo e de esperan\u00e7a sobre a nossa realidade<\/p><p>2. O Senhor ama-nos e chama-nos pelo nome (Os 11,1)<\/p><p>3. Uma Igreja sempre em caminho&nbsp; &nbsp;&nbsp;<\/p><p>4. A nossa convers\u00e3o pastoral<\/p>\n<p class=\"MsoNormal\" style=\"margin-top:0cm;margin-right:0cm;margin-bottom:0cm;\nmargin-left:21.3pt;text-align:justify;text-indent:-18.0pt;line-height:115%;\nmso-list:l0 level1 lfo1;tab-stops:list 18.0pt;vertical-align:baseline\"><!--[if !supportLists]--><span style=\"font-family:&quot;Cambria&quot;,serif;mso-fareast-font-family:Cambria;mso-bidi-font-family:\nCambria;color:#48423F;mso-fareast-language:PT\"><br><\/span><\/p>\n<p class=\"MsoNormal\" style=\"margin-top:0cm;margin-right:0cm;margin-bottom:0cm;\nmargin-left:21.3pt;text-align:justify;text-indent:-18.0pt;line-height:115%;\nmso-list:l0 level1 lfo1;tab-stops:list 18.0pt;vertical-align:baseline\"><span style=\"font-family:&quot;Cambria&quot;,serif;mso-fareast-font-family:Cambria;mso-bidi-font-family:\nCambria;color:#48423F;mso-fareast-language:PT\">1.<span style=\"font-variant-numeric: normal; font-variant-east-asian: normal; font-stretch: normal; font-size: 7pt; line-height: normal; font-family: &quot;Times New Roman&quot;;\">&nbsp;&nbsp;&nbsp;&nbsp; <\/span><\/span><!--[endif]--><b><span style=\"font-family:&quot;Cambria&quot;,serif;mso-fareast-font-family:&quot;Times New Roman&quot;;\nmso-bidi-font-family:Arial;color:#1C1C1C;border:none windowtext 1.0pt;\nmso-border-alt:none windowtext 0cm;padding:0cm;mso-fareast-language:PT\">Um\nolhar positivo e de esperan\u00e7a sobre a nossa realidade<\/span><\/b><span style=\"font-family:&quot;Cambria&quot;,serif;mso-fareast-font-family:&quot;Times New Roman&quot;;\nmso-bidi-font-family:Arial;color:#48423F;mso-fareast-language:PT\"><o:p><\/o:p><\/span><\/p><p>\n\n<\/p><p class=\"MsoNormal\" style=\"margin-bottom:0cm;text-align:justify;line-height:\n115%;background:white;vertical-align:baseline\"><span style=\"font-family:&quot;Cambria&quot;,serif;\nmso-fareast-font-family:&quot;Times New Roman&quot;;mso-bidi-font-family:Arial;\ncolor:#48423F;mso-fareast-language:PT\">S\u00e3o tr\u00eas os grandes acontecimentos que\nnos pedem um olhar novo para os desafios pastorais que s\u00e3o colocados ao\npresbit\u00e9rio e, consequentemente, a cada um de n\u00f3s: o recenseamento \u00e0 pr\u00e1tica\ndominical realizado em mar\u00e7o de 2019; a pandemia que tem afetado quer o nosso\nplano pastoral quer a vida das nossas comunidades crist\u00e3s e mesmo a vida\npessoal de cada um de n\u00f3s; e o recente inqu\u00e9rito que deu origem \u00e0 caminhada\nrealizada como presbit\u00e9rio, da qual esta celebra\u00e7\u00e3o \u00e9 um momento significativo.<\/span><\/p>\n<p class=\"MsoNormal\" style=\"margin-bottom:0cm;text-align:justify;line-height:\n115%;background:white;vertical-align:baseline\"><span style=\"font-family:&quot;Cambria&quot;,serif;\nmso-fareast-font-family:&quot;Times New Roman&quot;;mso-bidi-font-family:Arial;\ncolor:#48423F;mso-fareast-language:PT\">..<o:p><\/o:p><\/span><\/p>\n\n\n\n\n\n\n\n\n\n<h4>Discurso do Santo Padre aos fi\u00e9is da diocese de Roma<\/h4>\n<h6><span style=\"font-weight: normal;\">18 de setembro de 2021<\/span><\/h6>\n\n<p class=\"MsoNormal\" style=\"text-align:justify\"><i>Caros irm\u00e3os e irm\u00e3s, bom dia!<o:p><\/o:p><\/i><\/p><p class=\"MsoNormal\" style=\"text-align:justify\"><o:p>&nbsp;<\/o:p><span style=\"font-family: Calibri, sans-serif; font-size: 12pt;\">Como sabeis \u2013 n\u00e3o \u00e9 uma novidade! \u2013, est\u00e1 prestes a\ncome\u00e7ar um processo sinodal, um caminho em que toda a Igreja est\u00e1 empenhada \u00e0\nvolta do tema \u201cPara uma Igreja sinodal: comunh\u00e3o, participa\u00e7\u00e3o, miss\u00e3o\u201d: tr\u00eas\npilares. Est\u00e3o previstas tr\u00eas fases, que ter\u00e3o lugar entre outubro de 2021 e outubro\nde 2023. Este itiner\u00e1rio foi concebido como um <\/span><i style=\"font-family: Calibri, sans-serif; font-size: 12pt;\">dinamismo de escuta rec\u00edproca<\/i><span style=\"font-family: Calibri, sans-serif; font-size: 12pt;\">\n\u2013 quero sublinhar isto: um dinamismo de<\/span><i style=\"font-family: Calibri, sans-serif; font-size: 12pt;\"> <\/i><span style=\"font-family: Calibri, sans-serif; font-size: 12pt;\">escuta rec\u00edproca \u2013, conduzido a\ntodos os n\u00edveis da Igreja, envolvendo todo o povo de Deus. O Cardeal Vig\u00e1rio e\nos Bispos Auxiliares devem escutar-se uns aos outros; os sacerdotes devem\nescutar-se uns aos outros; os religiosos devem escutar-se uns aos outros; os\nleigos devem escutar-se uns aos outros.<\/span><\/p>\n<p class=\"MsoNormal\" style=\"text-align:justify\"><span style=\"font-family: Calibri, sans-serif; font-size: 12pt;\">&#8230;<\/span><\/p>\n\n\n\n\n\n\n\n\n\n<h4><h5><h4><h4 style=\"margin-bottom:0cm;text-align:justify\">Comemora\u00e7\u00e3o do\ncinquenten\u00e1rio da institui\u00e7\u00e3o do s\u00ednodo dos bispos<\/h4><\/h4><p class=\"MsoNormal\" style=\"margin-bottom:0cm;text-align:justify\"><o:p><\/o:p><\/p><\/h5><\/h4>\n<h6><span style=\"font-weight: normal;\">17 de outubro de 2015<\/span><\/h6>\n\n\n\n<p class=\"MsoNormal\" style=\"text-align:justify\"><br><\/p>\n<p class=\"MsoNormal\" style=\"text-align:justify\"><span style=\"font-family: Calibri, sans-serif; font-size: 12pt;\">&#8230;<\/span><\/p>\n\n\n\n\n\n\n\n\n\n<h4>\n\n\nAssembleia Sinodal<\/h4>\n<p style=\"line-height: 2; text-align: left;\">Semin\u00e1rio de Aveiro, 17 de outubro de 2021<\/p>\n\n\n\n\n\n\n\n\n\n\n\n\n\n\n\n\n\n\n\n\n\n\n\n\n\n\n\n\n\n\n\n\n\n\n\n\n\n\n\n\n\n\n\n\n\n\n\n\n\n\n\n\n\n\n\n\n\n\n\n\n\n\n\n\n\n\n\n\n\n\n\n\n\n\n\n\n\n\n\n\n\n\n\n\n\n\n\n\n\n\n\n\n\n\n\n\n\n\n\n\n\n\n\n\n\n\n\n\n\n\n\n\n\n\n\n\n\n\n\n\n\n\n\n\n\n\n\n\n\n\n\n\n\n\n\n\n\n\n\n\n\n\n\n\n\n\n\n\n\n\n\n\n\n\n\n\n","protected":false},"excerpt":{"rendered":"","protected":false},"author":0,"featured_media":0,"parent":0,"menu_order":0,"comment_status":"closed","ping_status":"closed","template":"","meta":{"footnotes":""},"class_list":["post-48","page","type-page","status-publish","hentry"],"_links":{"self":[{"href":"https:\/\/diocese-aveiro.pt\/sinodo\/wp-json\/wp\/v2\/pages\/48","targetHints":{"allow":["GET"]}}],"collection":[{"href":"https:\/\/diocese-aveiro.pt\/sinodo\/wp-json\/wp\/v2\/pages"}],"about":[{"href":"https:\/\/diocese-aveiro.pt\/sinodo\/wp-json\/wp\/v2\/types\/page"}],"replies":[{"embeddable":true,"href":"https:\/\/diocese-aveiro.pt\/sinodo\/wp-json\/wp\/v2\/comments?post=48"}],"version-history":[{"count":64,"href":"https:\/\/diocese-aveiro.pt\/sinodo\/wp-json\/wp\/v2\/pages\/48\/revisions"}],"predecessor-version":[{"id":322,"href":"https:\/\/diocese-aveiro.pt\/sinodo\/wp-json\/wp\/v2\/pages\/48\/revisions\/322"}],"wp:attachment":[{"href":"https:\/\/diocese-aveiro.pt\/sinodo\/wp-json\/wp\/v2\/media?parent=48"}],"curies":[{"name":"wp","href":"https:\/\/api.w.org\/{rel}","templated":true}]}}