{"id":603,"date":"2023-01-12T13:53:03","date_gmt":"2023-01-12T13:53:03","guid":{"rendered":"https:\/\/diocese-aveiro.pt\/santajoana\/?page_id=603"},"modified":"2023-03-07T16:26:40","modified_gmt":"2023-03-07T16:26:40","slug":"patrona-jmj-23","status":"publish","type":"page","link":"https:\/\/diocese-aveiro.pt\/santajoana\/patrona-jmj-23\/","title":{"rendered":"Patrono JMJ 23"},"content":{"rendered":"\n<h1>Beata Joana de Portugal<\/h1>\n\n\n\n<figure class=\"wp-block-image\"><img src=\"https:\/\/lisboa2023.org\/api\/wp-content\/uploads\/2022\/05\/8.-BJP-2.png\" alt=\"\"\/><\/figure>\n\n\n\n<p>A Beata Joana de Portugal, filha do rei D. Afonso V, nasceu em 6 de fevereiro de 1452. Aos 20 anos, ap\u00f3s rejeitar v\u00e1rios pretendentes reais e decidida a ser \u00abesposa\u00bb s\u00f3 de Jesus Cristo, recolheu-se ao Convento de Odivelas, de onde passou para o Convento de Jesus, em Aveiro. Na vida conventual praticava uma vida de penit\u00eancia e de assist\u00eancia aos mais desfavorecidos. Faleceu aos 38 anos, no dia 12 de maio de 1490, dia da sua festa lit\u00fargica. Em 1693, foi beatificada pelo papa Inoc\u00eancio XII.<\/p>\n\n\n\n<p><strong>Coroa real e coroa de espinhos<\/strong><br>Filha de D. Afonso V, rei de Portugal, tem a coroa como sinal da sua identidade real, mas a coroa de espinhos marca a sua vida crist\u00e3 porque, desde menina, procurou praticar sempre o desprendimento das grandezas da corte e das vaidades do mundo, e nutriu uma profunda piedade e vida interior, na sincera devo\u00e7\u00e3o \u00e0 paix\u00e3o de Cristo e na desinteressada caridade a favor dos pobres.<\/p>\n\n\n\n<figure class=\"wp-block-image\"><img src=\"https:\/\/lisboa2023.org\/api\/wp-content\/uploads\/2022\/05\/8.-BJP-editado-e1654877921765.png\" alt=\"\"\/><\/figure>\n\n\n\n<p><strong>Ora\u00e7\u00e3o<\/strong><\/p>\n\n\n\n<p>Deus de infinita bondade, que,<br>entre os prazeres da corte e os atrativos do mundo,<br>fortalecestes a Bem-aventurada Joana de Portugal<br>com a virtude da const\u00e2ncia,<br>fazei que os vossos fi\u00e9is, nomeadamente os jovens,<br>superando a sedu\u00e7\u00e3o dos bens terrenos,<br>aspirem sempre aos bens celestes.<br>Por Cristo, nosso Senhor.<br>\u00c1men.<\/p>\n\n\n\n<p class=\"has-text-align-center has-white-color has-vivid-red-background-color has-text-color has-background\"><strong>ENCONTRO \u2018JOANA DE PORTUGAL MORA AQUI\u2019<\/strong><\/p>\n\n\n\n<p>O encontro \u201cJOANA DE PORTUGAL mora aqui\u201d, criado pela equipa de Programa\u00e7\u00e3o do COD em parceria com a Causa da Canoniza\u00e7\u00e3o da Beata Joana de Portugal, tem como principal premissa levar cada jovem da Diocese de Aveiro a conhecer uma pequena perspetiva de vida da Princesa Santa Joana, e igualmente, estimular a comunh\u00e3o e o entusiasmo pela hist\u00f3ria da Padroeira da nossa Diocese.<\/p>\n\n\n\n<p>Pela sua pr\u00f3pria natureza, Joana \u00e9 um exemplo de caridade e de amor \u00e0 sua comunidade, alicer\u00e7ada, na sua convic\u00e7\u00e3o religiosa, que fez contrariar os tesouros da realeza a um cantinho no pobre Convento de Jesus, em Aveiro.<\/p>\n\n\n\n<p>A vida da Princesa Santa Joana, as suas hist\u00f3rias, curiosidades, enigmas e \u2018milagres\u2019 s\u00e3o por si s\u00f3 um bom an\u00fancio para os Jovens da atualidade, que vivem um caminho rumo ao maior encontro de juventude do mundo &#8211; a Jornada Mundial da Juventude 2023.<\/p>\n\n\n\n<p>O Gui\u00e3o e os Materiais de apoio encontram-se aqui:<\/p>\n\n\n\n<ul><li>GUI\u00c3O &#8211; <a href=\"https:\/\/drive.google.com\/file\/d\/1kPAKHdjzMcJkAEX4r2-d2nXlqd8jAWJT\/view?usp=sharing\" target=\"_blank\" rel=\"noreferrer noopener\">link<\/a><\/li><li>PASTA COM SUBS\u00cdDIOS &#8211; <a rel=\"noreferrer noopener\" href=\"https:\/\/drive.google.com\/file\/d\/12HRPGe4NtNR3lhrmO1Da9tbyO96k8lXE\/view?usp=share_link\" target=\"_blank\">link<\/a><\/li><\/ul>\n\n\n\n<p class=\"has-text-align-center has-white-color has-text-color has-background\" style=\"background-color:#127317\"><strong>ROTA \u2018JOANA DE PORTUGAL MORA AQUI\u2019<\/strong><\/p>\n\n\n\n<p>No \u00e2mbito da Jornada Mundial da Juventude 2023, a Princesa Santa Joana foi nomeada como Patrono desta Jornada. Padroeira da cidade e da Diocese \u00e9 indiscut\u00edvel a import\u00e2ncia para os aveirenses e para toda a comunidade diocesana.<\/p>\n\n\n\n<p>Com o objetivo de dar a conhecer a vida de Joana \u00e0s camadas mais jovens, nasce a \u201cRota Joana de Portugal\u201d. A iniciativa \u00e9 constitu\u00edda por 14 postos distribu\u00eddos pelos 9 arciprestados da Diocese, que inclusivos e de f\u00e1cil acesso est\u00e3o dispon\u00edveis a partir de 06 de fevereiro (data de nascimento de Santa Joana).<\/p>\n\n\n\n<p>Atrav\u00e9s desta rota \u00e9 poss\u00edvel encontrar no terreno dados sobre a nossa Princesa, conhecermos factos reais e curiosidades, bem como experienciar o culto a Santa Joana Princesa.<\/p>\n\n\n\n<p>Vive connosco esta Rota:<\/p>\n\n\n\n<p><a href=\"https:\/\/actionbound.com\/bound\/rotajoanadeportugalmoraaqui\">https:\/\/actionbound.com\/bound\/rotajoanadeportugalmoraaqui<\/a><\/p>\n\n\n\n<div class=\"wp-block-image\"><figure class=\"aligncenter size-large\"><img loading=\"lazy\" width=\"1024\" height=\"459\" src=\"https:\/\/diocese-aveiro.pt\/santajoana\/wp-content\/uploads\/2023\/02\/Anexo-B-SJ-1024x459.jpg\" alt=\"\" class=\"wp-image-613\" srcset=\"https:\/\/diocese-aveiro.pt\/santajoana\/wp-content\/uploads\/2023\/02\/Anexo-B-SJ-1024x459.jpg 1024w, https:\/\/diocese-aveiro.pt\/santajoana\/wp-content\/uploads\/2023\/02\/Anexo-B-SJ-300x134.jpg 300w, https:\/\/diocese-aveiro.pt\/santajoana\/wp-content\/uploads\/2023\/02\/Anexo-B-SJ-768x344.jpg 768w, https:\/\/diocese-aveiro.pt\/santajoana\/wp-content\/uploads\/2023\/02\/Anexo-B-SJ.jpg 1130w\" sizes=\"(max-width: 1024px) 100vw, 1024px\" \/><\/figure><\/div>\n\n\n\n<p class=\"has-text-align-center has-white-color has-text-color has-background\" style=\"background-color:#0e5d0c\">Manual Utiliza\u00e7\u00e3o da APP > <a href=\"https:\/\/drive.google.com\/file\/d\/1YVXigLNbMScDZ_k27HPc2lKqogtGIp2H\/view?usp=sharing\" target=\"_blank\" rel=\"noreferrer noopener\">link<\/a><\/p>\n","protected":false},"excerpt":{"rendered":"<p>Beata Joana de Portugal A Beata Joana de Portugal, filha do rei D. Afonso V, nasceu em 6 de fevereiro de 1452. Aos 20 anos, ap\u00f3s rejeitar v\u00e1rios pretendentes reais e decidida a ser \u00abesposa\u00bb<a class=\"moretag\" href=\"https:\/\/diocese-aveiro.pt\/santajoana\/patrona-jmj-23\/\"> Ler mais<\/a><\/p>\n","protected":false},"author":1,"featured_media":0,"parent":0,"menu_order":0,"comment_status":"closed","ping_status":"closed","template":"","meta":[],"_links":{"self":[{"href":"https:\/\/diocese-aveiro.pt\/santajoana\/wp-json\/wp\/v2\/pages\/603"}],"collection":[{"href":"https:\/\/diocese-aveiro.pt\/santajoana\/wp-json\/wp\/v2\/pages"}],"about":[{"href":"https:\/\/diocese-aveiro.pt\/santajoana\/wp-json\/wp\/v2\/types\/page"}],"author":[{"embeddable":true,"href":"https:\/\/diocese-aveiro.pt\/santajoana\/wp-json\/wp\/v2\/users\/1"}],"replies":[{"embeddable":true,"href":"https:\/\/diocese-aveiro.pt\/santajoana\/wp-json\/wp\/v2\/comments?post=603"}],"version-history":[{"count":9,"href":"https:\/\/diocese-aveiro.pt\/santajoana\/wp-json\/wp\/v2\/pages\/603\/revisions"}],"predecessor-version":[{"id":622,"href":"https:\/\/diocese-aveiro.pt\/santajoana\/wp-json\/wp\/v2\/pages\/603\/revisions\/622"}],"wp:attachment":[{"href":"https:\/\/diocese-aveiro.pt\/santajoana\/wp-json\/wp\/v2\/media?parent=603"}],"curies":[{"name":"wp","href":"https:\/\/api.w.org\/{rel}","templated":true}]}}