{"id":450,"date":"2018-02-01T16:40:00","date_gmt":"2018-02-01T16:40:00","guid":{"rendered":"https:\/\/diocese-aveiro.pt\/santajoana\/?page_id=450"},"modified":"2018-02-01T16:40:00","modified_gmt":"2018-02-01T16:40:00","slug":"bibliografia","status":"publish","type":"page","link":"https:\/\/diocese-aveiro.pt\/santajoana\/vida\/bibliografia\/","title":{"rendered":"Bibliografia"},"content":{"rendered":"<ol>\n<li>Santa Joana, princesa de Portugal : a mais bela princesa do seu tempo \/ Maria da Soledade. Lisboa : Par\u00f3quia de Santa Joana Princesa, 1987.<\/li>\n<li>Messe : \u00f3rg\u00e3o da Academia de Santa Joana Princesa \/ dir. Joaquim de Carvalho. Aveiro : Azmor Pires Mota, 195 .<\/li>\n<li>Cancioneiro de Santa Joana Princesa \/ Ant\u00f3nio Cristo. Porto : [s.n.], 1956.<\/li>\n<li>A Igreja Paroquial de Santa Joana : notas explicativas. Aveiro : [s.n., 1976.<\/li>\n<li>A princesa Santa Joana e a sua \u00e9poca (1452-1490) \/ Jo\u00e4o Gon\u00e7alves Gaspar. Aveiro : C\u00e2mara Municipal, 1981.<\/li>\n<li>Cancioneiro de Santa Joana Princesa \/ Ant\u00f3nio Cristo. 3a ed. Braga : [s.n.], 1961.<\/li>\n<li>Documentos aut\u00f3grafos, ap\u00f3grafos e ap\u00f3crifos da princesa Santa Joana \/ Domingos Maur\u00edcio Gomes dos Santos. Lisboa : [s.n.], 1961.<\/li>\n<li>Santa Joana d&#8217;Arc, Guia de ex\u00e9rcitos \/ M. Rafaella Tozzi. Lisboa : Edi\u00e7\u00f5es Paulistas, 1958.<\/li>\n<li>Boletim informativo do Lions Clube de Santa Joana Princesa \/ coord. Gaspar Albino. Aveiro : Lions Clube de Santa Joana Princesa, 1989.<\/li>\n<li>A princesa Santa Joana e a sua \u00e9poca (1452-1490) \/ Jo\u00e3o Gon\u00e7alves Gaspar. 2a ed. corrigida. Aveiro : C\u00e2mara Municipal, 1988.<\/li>\n<li>Igreja paroquial de Santa Joana Princesa. [S.l. : s.n.], 1976.<\/li>\n<li>O processo informativo de 1687 para a beatifica\u00e7\u00e3o e canoniza\u00e7\u00e3o da Princesa Santa Joana \/ Francisco Ferreira Neves. Aveiro : [s.n.], 1959.<\/li>\n<li>O primeiro processo para a beatifica\u00e7\u00e3o e canoniza\u00e7\u00e3o da princesa Santa Joana, filha do rei D. Afonso \/ Francisco Ferreira Neves. Aveiro : [s.n.], 1958.<\/li>\n<li>[Bens dados ao Convento de Jesus de Aveiro pela Princesa Santa Joana, D. M\u00e9cia Pereira, D. Brites Leit\u00e3o e outras senhoras]. 1495.<\/li>\n<li>Santa Joana \/ original de Bernard Shaw ; trad. de Gon\u00e7alo Gomes. 1956.<\/li>\n<li>Pseudomonas syringae pv. tomato (Okabe, 1933) Young, Dye &amp; Wilkie, 1978 : uma nova bacteriose do tomateiro em Portugal \/ Maria Helena M. C. F. Correia de Oliveira, Joana Maria C. Palminha Santa-Marta. Lisboa : Lab. de Pat. Veg. Ver\u00edssimo de Almeida, 1983.<\/li>\n<li>Pseudomonas corrugata Roberts &amp; Scarlett, agente respons\u00e1vel por uma bacteriose do tomateiro (Lycopersicon esculentum Miller) em Portugal \/ Joama Maria C. Palminha Santa-Marta. Lisboa : Laborat\u00f3rio de Patologia Vegetal Ver\u00edssimo de Almeida, 1985.<\/li>\n<li>Festa do Munic\u00edpio de Aveiro [ Visual gr\u00e1fico] : V centen\u00e1rio da princesa Santa Joana \/ cartaz de Jeremias Bandarra. Aveiro : M., 1990.<\/li>\n<li>Cartas da Infanta Santa Joana e documentos avulsos dos arquivos portugueses a ela respeitantes \/ Ant\u00f3nio Gomes da Rocha Madahil. Aveiro : [s.n.], 1961.<\/li>\n<li>Cat\u00e1logo da exposi\u00e7\u00e3o de arte religiosa no Coll\u00e9gio de Santa Joanna Princeza em benef\u00edcio dos pobres de Aveiro. Aveiro : Minerva Central, 1895.<\/li>\n<li>Iconografia da infanta Santa Joana \/ Ant\u00f3nio Gomes da Rocha Madahil. Coimbra : Of. Gr\u00e1f. da Coimbra Editora, 1957.<\/li>\n<li>O retrato da princesa-infanta Santa Joana em traje de corte e o grande enigma dos paineis chamados de S. Vicente \/ Alberto Souto. Coimbra : Coimbra Editora, 1958.<\/li>\n<li>Alguns subs\u00eddios para uma nosografia da Infanta Santa Joana : ligeiras notas biogr\u00e1ficas \/ Frederico de Moura. Aveiro : Tip. Of. Gr\u00e1f. da Coimbra Editora, 1952.<\/li>\n<li>Rela\u00e7\u00f5es de D. Afonso V com Castela e Arag\u00e3o em 1460 : no V centen\u00e1rio do nascimento da Princesa Santa Joana \/ Pe. Avelino de Jesus da Costa. Braga : &#8220;Cen\u00e1culo&#8221;, 1952.<\/li>\n<li>Cr\u00f3nica da funda\u00e7\u00e3o do Mosteiro de Jesus, de Aveiro, e memorial da Infanta Santa Joana filha del Rei Dom Afonso V : c\u00f3dice quinhentista \/ leitura, rev. e pref. Ant\u00f3nio Gomes da Rocha Madahil. Aveiro : Francisco Ferreira Neves, 1939.<\/li>\n<li>Santa Joana, a princesa coroada de espinhos \/ Pe. Miguel de Oliveira. Aveiro : [s.n.], 1952.<\/li>\n<li>Breve not\u00edcia da cr\u00f3nica da Funda\u00e7\u00e3o do Mosteiro de Jesus, de Aveiro, e da Infanta Sta Joana, filha del rei D. Afonso V \/ A. G. da Rocha Madahil. Aveiro : [s.n.], 1937.<\/li>\n<li>Obra de Santa Joana Princesa de Portugal \/ programa do Museu Arqueol\u00f3gico do Carmo. [S.l. : s.n., 1923.<\/li>\n<li>Saudosos c\u00e2nticos&#8230; : D. que na morte&#8230;de D. Luiza Helena de Santa Cruz Bergier fizeram alguns dos&#8230;poetas lusitanos&#8230; \/ Soror Joana Maria S\u00e3o Jos\u00e9 Bergier. Lisboa : Na Of. de Francisco da Silva, 1744.<\/li>\n<li>Hist\u00f3ria rom\u00e2ntica de Santa Joana D&#8217;Arc \/ Ant\u00f3nio Contreras ; trad. de Nazareth Chagas. Lisboa : Nunes de Carvalho, 19 .<\/li>\n<li>O grande amor da Princesa Santa Joana \/ B. Guerra Conde J\u00fanior. Porto : Izeda, 1966.<\/li>\n<li>Sermam que por ordem de ElRey N. Senhor pr\u00e8gou na sua Real Capella em o primeiro dia que se celebrou a approva\u00e7\u00e3o dos cultos da Seren\u00edssima &amp; Santa Princeza D. Joanna \/ o Padre Presentado Fr. Luis Lamberto, da Ordem dos Pr\u00e8gadores ; offerecido a Serenissima, &amp; Augustissima Rainha da Gram Bretanha. Lisboa : na Officina de Miguel Deslandes, Impressor de Sua Magestade, 1693.<\/li>\n<li>Novena para a festa de S. Joanna Princeza, religiosa de S. Domingos no Convento de Jesus de Aveiro,&#8230; Lisboa : na Officina de Joseph da Costa Coimbra, 1751.<\/li>\n<li>C. Barili, na Joana 1a [ Visual gr\u00e1fico] \/ S. ta Barbara, 1841. [Lisboa? : s.n., 1841.<\/li>\n<li>A princesa santa Dona Joana de Portugal : esbo\u00e7o biogr\u00e1fico \/ Marques Gomes. Aveiro : Imp. Comercial, 1879.<\/li>\n<li>A causa da morte da Infanta Santa Joana : uma hist\u00f3ria cl\u00ednica do s\u00e9culo XV \/ Fernando da Silva Correia. [S.l. : s.n.], 1941.<\/li>\n<li>Novena de Santa Joana Princesa \/ Frei Gil Alferes. [S.l. : s.n.], 1943.<\/li>\n<li>A causa da morte da Infanta Santa Joana : uma hist\u00f3ria cl\u00ednica do s\u00e9c. XV \/ Fernando da Silva Correia. Lisboa : Imprensa M\u00e9dica, 1943.<\/li>\n<li>O julgamento da rainha D. Leonor : seguido de tr\u00eas relat\u00f3rios m\u00e9dicos : I &#8211; A hist\u00f3ria cl\u00ednica d&#8217;el-rei D. Jo\u00e3o II : II &#8211; A hist\u00f3ria cl\u00ednica da infanta Santa Joana : III- Rainha D. Leonor pelo Dr. J\u00falio Dantas \/ Fernando Correia. Lisboa : Tip. Editorial Imp\u00e9rio, 1943.<\/li>\n<li>Epitome da vida de Sta. Joanna, Princeza de Portugal, religiosa da Ordem de S. Domingos, chamada vulgarmente a Santa Princesa \/ traduzido do italiano em portuguez, e accrescentado por hum seu devoto. Lisboa : na Off. de Manoel Soares, 1755.<\/li>\n<li>Viver ainda melhor em Santa Joana \/ Partido Social Democrata. Santa Joana : PSD, 1993.<\/li>\n<li>Santa Joana d&#8217;Arc \/ V. Sackville-West ; trad. Samuel Soares. Lisboa : Livros do Brasil, 1994. ISBN 972-38-1439-0.<\/li>\n<li>S. Ioanna [ Visual gr\u00e1fico] \/ [&#8230;] Huberti. [S.l. : s.n., 1600.<\/li>\n<li>Cancioneiro de Santa Joana Princesa \/ Ant\u00f3nio Cristo. Braga : [s.n.], 1959.<\/li>\n<li>Princesa Santa Joana \/ do senhorio temporal da vila ao padroado espiritual da cidade e da Diocese de Aveiro \/ Ant\u00f3nio Gomes da Rocha Madahil. Aveiro Coimbra : Coimbra Ed., 1966.<\/li>\n<li>D. Joanna de Portugal (a princeza santa) : esbo\u00e7o biographico \/ por Marques Gomes. Aveiro : Imp. Commercial, 1879.<\/li>\n<li>Viver ainda melhor em Sta Joana [ Visual gr\u00e1fico] : V\u00edtor Martins, V\u00edtor M. Correia&#8230; \/ PSD. [Lisboa] : PSD, 1993.<\/li>\n<li>Reclama\u00e7\u00f5es contra a entrada da Princesa Santa Joana em religi\u00e3o \/ A. J. Dias Dinis. Braga : [s.n.], 1952.<\/li>\n<li>Santa Joana, princesa de Portugal \/ B. C. M.. [S.l. : s.n.], 1938.<\/li>\n<li>Uma santa portuguesa: Santa Joana, Princesa : 12 de Maio. [S.l. : s.n., 1953.<\/li>\n<li>Festas da Princesa Santa Joana [ Visual gr\u00e1fico] \/ [design] Soutto. Aveiro : [s.n.], 1942.<\/li>\n<li>O grande amor da Princesa Santa Joana \/ B. Guerra Conde J\u00fanior. 2a ed. Porto : Ed. Salesianas, 1974.<\/li>\n<li>Estudo da carta de doa\u00e7\u00e3o da Princesa-Infanta Santa Joana ao Mosteiro de Jesus de Aveiro em 1479 \/ Dulce Alves Souto. Aveiro : [s.n.], 1955.<\/li>\n<li>Santa Joana de Aveiro \/ Jo\u00e3o Gon\u00e7alves Gaspar ; il. Jeremias Bandarra. Aveiro : Diocese : Livraria de Santa Joana, 1997. ISBN 972-96019-1-7.<\/li>\n<li>Grandes festejos em honra de Santa Joana, [em] Quinta do Gato [ Visual gr\u00e1fico]. Quinta do Gato : [s.n.], 1985.<\/li>\n<li>Dedica\u00e7\u00e3o e inaugura\u00e7\u00e3o da Igreja Paroquial e do seu complexo pastoral, social e cultural \/ Par\u00f3quia de Santa Joana Princesa. Lisboa : P.S.J.P., 2002.<\/li>\n<li>&#8220;Retalhos de vida&#8221; [ Visual gr\u00e1fico] : pe\u00e7a teatral segundo um texto original tendo como actores os utentes \/ Santa Casa da Miseric\u00f3rdia de Lisboa &#8211; Direc\u00e7\u00e3o de Ac\u00e7\u00e3o Social Local Sul. Lisboa : SCM, 2002.<\/li>\n<li>Calenda de S.ta Joanna Prin\u00e7eza [ M\u00fasica manuscrita ] \/ [Jos\u00e9 Joaquim dos Santos]. 1780.<\/li>\n<li>Estatutos \/ da Real Irmandade de Santa Joanna, princeza de Portugal, filha de El-Rei D. Affonso V. Aveiro : Impr. Commercial, 1882.<\/li>\n<li>A Egreja e o Mosteiro de Santa Joana&#8230; \/ Gabriel Pereira. Lisboa : Typ. da Casa da Moeda. 1909.<\/li>\n<li>Santa Joana, princesa de Portugal Virgem da Ordem de S. Domingos. Porto : Typ. Off. de S. Jos\u00e9. 1901.<\/li>\n<li>A Princesa Santa Joana \/ Francisco Jos\u00e9 da Rocha Martins. Lisboa : Ed.. do A.. 18 .<\/li>\n<li>Arte de orar \/ composta pello P. Diogo Monteiro Provincial da Companhia de JESU em Portugal. [Coimbra] : em caza de Do Gomes Louro impressor da Un.de de Coimbra, 1630.<\/li>\n<li>Vida de Santa Joana, Princeza de Portugal, Da Arden de Sao Domingos. [S.l.] : s. tip.. 1800.<\/li>\n<li>Coroas da melhor Princesa. Sermam da Bemaventurada Santa Joanna, Princesa de Portugal, &amp; Senhora de Aveyro: Estando exposto o Santissimo sacramento: no Reliogissimo Mosteyro de Jesus da mesma Villa, em que viveo e morreo: Na ultima tarde do seu triduo, dia proprio de sua festa 12 de Mayo de 1701 \/ pregou-o o Padre Sebastiam Pacheco&#8230;. Lisboa : na Officina de Manoel Lopes Ferreyra, 1701.<\/li>\n<li>Da colec\u00e7\u00e3o \u00e0 musealiza\u00e7\u00e3o [ Texto policopiado] : t\u00eaxteis : paramentos e alfaias da festa da Princesa Santa Joana \/ Maria Jo\u00e3o Mota ; orient. M\u00e1rio Moutinho. Lisboa : [s.n.], 2002.<\/li>\n<li>Missa de S.ta Joanna [ M\u00fasica manuscrita] : a 5 vozes e org\u00e3o. 1760.<\/li>\n<li>Aveiro [ Visual gr\u00e1fico] : tumulo da Princ\u00easa Santa Joana. [Aveiro] : Ed. Souto, 1920.<\/li>\n<li>Aveiro [ Visual gr\u00e1fico] : (antigo Convento de Santa Joana) Museu. [Aveiro] : Ed. Souto, 1920.<\/li>\n<li>Aveiro &#8211; tumulo de Santa Joanna [ Visual gr\u00e1fico]. Lisbonne : F.A.Martins, 1903.<\/li>\n<li>D. Joana : Princesa e Santa, 1452-1490 \/ Maria Cristina Pimenta ; [ed.] Academia Portuguesa da Hist\u00f3ria. Vila do Conde : QuidNovi, 2011. ISBN 978-989-554-787-6.<\/li>\n<li>Aveiro &#8211; interior do convento Santa Joanna [ Visual gr\u00e1fico]. Lisboa : F.A. Martins, 1899.<\/li>\n<li>[Livro das entradas na Congrega\u00e7\u00e3o de S\u00e3o Lucas, sita na igreja de Santa Joana, em Lisboa] [ Manuscrito]. Lisboa, 1791.<\/li>\n<li>Santa Joana de Aveiro \/ Jo\u00e3o Gon\u00e7alves Gaspar. 2a ed. Aveiro : Tempo Novo, 2012. ISBN 978-972-8064-29-5.<\/li>\n<li>A princesa Santa Joana e a sua \u00e9poca (1452-1490) \/ Jo\u00e3o Gon\u00e7alves Gaspar. 3a ed. rev.. Aveiro : C\u00e2mara Municipal, 2012. ISBN 978-989-8064-28-8.<\/li>\n<li>Encontros e encantos : Bispos na vida e na mem\u00f3ria da Princesa Santa Joana \/ Jo\u00e3o Gon\u00e7alves Gaspar. Aveiro : Tempo Novo Editora &#8211; Dicese de Aveiro, 2015. ISBN 978-989-95324-7-2.<\/li>\n<li>Ioanna Portvgalliae Princeps. vixit an. XXXVIII. obiit a.o MCLXXXC. [ Visual gr\u00e1fico]. [Antuerpiae : apud Petrum et Joannem Belleros, 1621.<\/li>\n<li>Ioanna Portvgalliae Princeps. vixit an. XXXVIII. obiit a.o MCCCCXC. [ Visual gr\u00e1fico]. [Antuerpiae : Balthasaris Moreti, ex officina Plantiniana. 1639.<\/li>\n<li>Santa Joana de Lestonnac \/ trad. e adapt. Janu\u00e1rio dos Santos. Cucuj\u00e3es : Miss\u00f5es, 2014. ISBN 978-972-577-374-1.<\/li>\n<li>Santa Joana : princesa \/ P. Janu\u00e1rio dos Santos ; il. Agonia Sampaio. Cucuj\u00e3es : Editorial Miss\u00f5es, 2015. ISBN 978-972-577-387-1.<\/li>\n<li>Antiphona de Sancta Joanna [ M\u00fasica manuscrita ]. 1760.<\/li>\n<li>Novena para a Festa de S. Joanna Princeza&#8230;. Lisboa : na Officina de Joseph da Costa Coimbra, 1751.<\/li>\n<\/ol>\n","protected":false},"excerpt":{"rendered":"<p>Santa Joana, princesa de Portugal : a mais bela princesa do seu tempo \/ Maria da Soledade. Lisboa : Par\u00f3quia de Santa Joana Princesa, 1987. Messe : \u00f3rg\u00e3o da Academia de Santa Joana Princesa \/<a class=\"moretag\" href=\"https:\/\/diocese-aveiro.pt\/santajoana\/vida\/bibliografia\/\"> Ler mais<\/a><\/p>\n","protected":false},"author":1,"featured_media":280,"parent":359,"menu_order":0,"comment_status":"closed","ping_status":"closed","template":"page-templates\/template-fullwidth.php","meta":[],"_links":{"self":[{"href":"https:\/\/diocese-aveiro.pt\/santajoana\/wp-json\/wp\/v2\/pages\/450"}],"collection":[{"href":"https:\/\/diocese-aveiro.pt\/santajoana\/wp-json\/wp\/v2\/pages"}],"about":[{"href":"https:\/\/diocese-aveiro.pt\/santajoana\/wp-json\/wp\/v2\/types\/page"}],"author":[{"embeddable":true,"href":"https:\/\/diocese-aveiro.pt\/santajoana\/wp-json\/wp\/v2\/users\/1"}],"replies":[{"embeddable":true,"href":"https:\/\/diocese-aveiro.pt\/santajoana\/wp-json\/wp\/v2\/comments?post=450"}],"version-history":[{"count":1,"href":"https:\/\/diocese-aveiro.pt\/santajoana\/wp-json\/wp\/v2\/pages\/450\/revisions"}],"predecessor-version":[{"id":451,"href":"https:\/\/diocese-aveiro.pt\/santajoana\/wp-json\/wp\/v2\/pages\/450\/revisions\/451"}],"up":[{"embeddable":true,"href":"https:\/\/diocese-aveiro.pt\/santajoana\/wp-json\/wp\/v2\/pages\/359"}],"wp:featuredmedia":[{"embeddable":true,"href":"https:\/\/diocese-aveiro.pt\/santajoana\/wp-json\/wp\/v2\/media\/280"}],"wp:attachment":[{"href":"https:\/\/diocese-aveiro.pt\/santajoana\/wp-json\/wp\/v2\/media?parent=450"}],"curies":[{"name":"wp","href":"https:\/\/api.w.org\/{rel}","templated":true}]}}