{"id":264,"date":"2024-02-02T16:56:56","date_gmt":"2024-02-02T16:56:56","guid":{"rendered":"https:\/\/diocese-aveiro.pt\/jubileudacatedraldeaveiro\/?page_id=264"},"modified":"2024-02-02T16:56:56","modified_gmt":"2024-02-02T16:56:56","slug":"exposicao-2","status":"publish","type":"page","link":"https:\/\/diocese-aveiro.pt\/jubileudacatedraldeaveiro\/exposicao-2\/","title":{"rendered":"Exposi\u00e7\u00e3o"},"content":{"rendered":"\n\n\n\n\n<figure class=\"wp-block-image size-large\"><img loading=\"lazy\" decoding=\"async\" width=\"1024\" height=\"1024\" src=\"https:\/\/diocese-aveiro.pt\/jubileudacatedraldeaveiro\/wp-content\/uploads\/2024\/02\/book_01-1024x1024.jpg\" alt=\"\" class=\"wp-image-265\" srcset=\"https:\/\/diocese-aveiro.pt\/jubileudacatedraldeaveiro\/wp-content\/uploads\/2024\/02\/book_01-1024x1024.jpg 1024w, https:\/\/diocese-aveiro.pt\/jubileudacatedraldeaveiro\/wp-content\/uploads\/2024\/02\/book_01-300x300.jpg 300w, https:\/\/diocese-aveiro.pt\/jubileudacatedraldeaveiro\/wp-content\/uploads\/2024\/02\/book_01-150x150.jpg 150w, https:\/\/diocese-aveiro.pt\/jubileudacatedraldeaveiro\/wp-content\/uploads\/2024\/02\/book_01-768x768.jpg 768w, https:\/\/diocese-aveiro.pt\/jubileudacatedraldeaveiro\/wp-content\/uploads\/2024\/02\/book_01-1536x1536.jpg 1536w, https:\/\/diocese-aveiro.pt\/jubileudacatedraldeaveiro\/wp-content\/uploads\/2024\/02\/book_01-2048x2048.jpg 2048w\" sizes=\"auto, (max-width: 1024px) 100vw, 1024px\" \/><\/figure>\n\n\n\n\n\n\n<p>A exposi\u00e7\u00e3o Igreja de Aveiro <em>Peregrina de Esperan\u00e7a \u2013 Passado, Presente e Futuro<\/em>, est\u00e1 integrada nas comemora\u00e7\u00f5es do Jubileu da Catedral de Aveiro, que celebra os 600 anos da sua sagra\u00e7\u00e3o (1423-2023) e objetiva dar apoio catequ\u00e9tico, em tr\u00eas momentos, \u00e0s peregrina\u00e7\u00f5es arciprestais.&nbsp;<\/p><p>A narrativa expositiva tem como fio condutor o extraordin\u00e1rio legado de gera\u00e7\u00f5es e gera\u00e7\u00f5es de ilustres e an\u00f3nimos Aveirenses que nos legaram um patrim\u00f3nio rico e multifacetado, que cabe a todos e a cada um de n\u00f3s, numa perspetiva de Casa Comum, em jeito de hino <em>Laudato Si\u2019<\/em>, preserv\u00e1-lo para as gera\u00e7\u00f5es vindouras, pois um povo que conhece o seu Passado, vive o Presente e desenha o Futuro.&nbsp;<\/p>\n\n\n\n\n\n\n\n\n\n<h2>1\u00ba ESPA\u00c7O | IGREJA DE MISERIC\u00d3RDIA<\/h2>\n<p>Iniciamos na Igreja da Miseric\u00f3rdia de Aveiro, edif\u00edcio da renascen\u00e7a, que foi a primeira Catedral da Diocese de Aveiro, institu\u00edda em 12 de abril de 1774, pelo Papa Clemente XIV, atrav\u00e9s do Breve <em>Militantis Ecclesiae gubernacula<\/em>, no seguimento das dilig\u00eancias diplom\u00e1ticas levadas a cabo pelos validos do rei D. Jos\u00e9 I e sequente \u00e0 eleva\u00e7\u00e3o da Vila de Aveiro a Cidade.&nbsp;<br><\/p>\n\n\n\n\n\n\n\n\n\n<h2>2\u00ba ESPA\u00c7O | T\u00daMULO DE SANTA JOANA<\/h2>\n<p>A Peregrina\u00e7\u00e3o deste Ano Jubilar tamb\u00e9m decorre no Museu de Santa Joana, instalado no antigo Mosteiro de Jesus de Aveiro, de matriz dominicana feminina, onde se encontra o precioso t\u00famulo-relic\u00e1rio da Beata Joana de Portugal (1452-1490), figura incontorn\u00e1vel da hist\u00f3ria social, pol\u00edtica e religiosa de Aveiro.&nbsp;<\/p><p>Recolhamo-nos na beleza do sil\u00eancio e contemplemos esta preciosa obra de arte, lavrada pelos mestres com a delicadeza de um poeta, e invoquemos a sua prote\u00e7\u00e3o.&nbsp;<\/p>\n\n\n\n\n\n\n\n\n\n<h2>3\u00ba ESPA\u00c7O | CATEDRAL<\/h2>\n<p>Nos espa\u00e7os da Catedral somos convidados a [re]descobrir o magn\u00edfico templo. Erigido sob invoca\u00e7\u00e3o de N.\u00aa Senhora da Miseric\u00f3rdia, o convento dominicano, de matriz masculina seria um marco incontorn\u00e1vel de Aveiro nos s\u00e9culos vindouros. Em 1834, com a extin\u00e7\u00e3o das ordens religiosas, o antiqu\u00edssimo convento haveria de ter novas fun\u00e7\u00f5es. No ano seguinte,&nbsp; a Igreja conventual foi transformada em sede da freguesia de N.\u00aa Senhora da Gl\u00f3ria. Um s\u00e9culo depois, pela Bula<em> Omnium Ecclesiarum<\/em>, o Papa Pio XI, a 24 de agosto de 1938, restaura a Diocese de Aveiro, cuja execu\u00e7\u00e3o ocorreu a 11 de dezembro desse ano, por D. Jo\u00e3o Evangelista de Lima Vidal e o antiqu\u00edssimo edif\u00edcio dominicano tornou-se Catedral de Aveiro..&nbsp;<br><\/p>\n\n\n\n\n\n\n\n\n\n\n\n\n\n\n\n<h2>4\u00ba ESPA\u00c7O | SAL\u00c3O DE S. DOMINGOS<\/h2>\n<p>Este patrim\u00f3nio \u00e9 de todos.&nbsp;<\/p><p>Temos a obriga\u00e7\u00e3o de conservar e de o legar \u00e0s gera\u00e7\u00f5es vindouras, ajudando desde j\u00e1 a preserv\u00e1-lo, numa \u00f3tica de Casa Comum. Temos tamb\u00e9m consci\u00eancia de que estamos num espa\u00e7o repleto de conhecidas e an\u00f3nimas hist\u00f3rias da Hist\u00f3ria, n\u00e3o apenas de l\u00e1grimas e de sorrisos, mas tamb\u00e9m de rogos e suplicas, um espa\u00e7o de F\u00e9.&nbsp;<\/p><p>As suas paredes guardam no seu sil\u00eancio mem\u00f3rias indiz\u00edveis, pois assistiram e continuam a assistir \u00e0 Hist\u00f3ria da Diocese de Aveiro e \u00e0 Hist\u00f3ria de Portugal. Como sentinelas do amanh\u00e3, somos convidados a ser uma comunidade peregrina \u00e0 [re]descoberta deste caminho pessoal e interior, feito de forma reflexiva e de interpela\u00e7\u00e3o aos tesouros aqui existentes.<\/p>\n\n\n\n\n\n\n\n\n\n\n\n\n\n\n\n\n\n\n\n\n<p><strong>Igreja de Aveiro Peregrina na Esperan\u00e7a<\/strong><\/p><p><strong><em><\/em><\/strong><\/p><span style=\"background-color:#ffffff;\"><p><strong><em>\u2013 Passado, Presente e Futuro \u2013<\/em><\/strong><\/p><p><\/p><\/span><p>16 de dezembro de 2023 | 11 de mai<span style=\"background-color:#ffffff;\"><\/span>o de 2024<\/p><p><em><u><br><\/u><\/em><\/p><p><em><u>Locais<\/u><\/em><span style=\"background-color:#B98F44;\"><span style=\"\"><\/span><\/span><\/p><p>Igreja da Miseric\u00f3rdia<\/p><p>Museu de Aveiro<\/p><p>Catedral de Aveiro<\/p><p>Sal\u00e3o de S. Domingos<\/p><p><em><u><br><\/u><\/em><\/p><p><em><u>Organiza\u00e7\u00e3o<\/u><\/em><span style=\"color:#B98F44;\"><span style=\"\"><\/span><\/span><\/p><p>Comiss\u00e3o Diocesana para os Bens Culturais<\/p><p>Diocese de Aveiro<\/p><p><em><u><br><\/u><\/em><\/p><p><em><u>Comiss\u00e3o Cient\u00edfica<\/u><\/em><\/p><p>Eduardo Domingues (Coordena\u00e7\u00e3o)&nbsp;<\/p><p>Padre Gustavo Fernandes<\/p><p>Ana Bidarra<\/p><p>Cravo Machado<\/p><p>Hugo Cal\u00e3o<\/p>\n\n\n\n\n<p><strong>Entidades emprestadoras<\/strong><\/p><p>Pa\u00e7o Episcopal de Aveiro<\/p><p>Par\u00f3quia de Calv\u00e3o<\/p><p>Par\u00f3quia de Cedrim<\/p><p>Par\u00f3quia da Gafanha da Encarna\u00e7\u00e3o<\/p><p>Par\u00f3quia da Gl\u00f3ria<\/p><p>Par\u00f3quia de Recard\u00e3es<\/p><p>Par\u00f3quia de Santa Joana<\/p><p>Par\u00f3quia de S\u00e3o Jacinto<\/p><p>Par\u00f3quia de Vagos<\/p><p>Par\u00f3quia da Vera Cruz<\/p><p><strong><br><\/strong><\/p><p><strong>Apoios<\/strong><\/p><p>C\u00e2mara Municipal de Aveiro<\/p><p>Cin\u00e1brio<\/p><p>Livraria Santa Joana<\/p><p>Museu de Aveiro<\/p><p>Tempo Novo<\/p><p>Santa Casa de Miseric\u00f3rdia de Aveiro<\/p><p>Semin\u00e1rio Santa Joana Princesa&nbsp;<\/p>\n\n\n\n\n\n\n\n","protected":false},"excerpt":{"rendered":"","protected":false},"author":1,"featured_media":0,"parent":0,"menu_order":0,"comment_status":"closed","ping_status":"closed","template":"","meta":{"footnotes":""},"class_list":["post-264","page","type-page","status-publish","hentry"],"_links":{"self":[{"href":"https:\/\/diocese-aveiro.pt\/jubileudacatedraldeaveiro\/wp-json\/wp\/v2\/pages\/264","targetHints":{"allow":["GET"]}}],"collection":[{"href":"https:\/\/diocese-aveiro.pt\/jubileudacatedraldeaveiro\/wp-json\/wp\/v2\/pages"}],"about":[{"href":"https:\/\/diocese-aveiro.pt\/jubileudacatedraldeaveiro\/wp-json\/wp\/v2\/types\/page"}],"author":[{"embeddable":true,"href":"https:\/\/diocese-aveiro.pt\/jubileudacatedraldeaveiro\/wp-json\/wp\/v2\/users\/1"}],"replies":[{"embeddable":true,"href":"https:\/\/diocese-aveiro.pt\/jubileudacatedraldeaveiro\/wp-json\/wp\/v2\/comments?post=264"}],"version-history":[{"count":7,"href":"https:\/\/diocese-aveiro.pt\/jubileudacatedraldeaveiro\/wp-json\/wp\/v2\/pages\/264\/revisions"}],"predecessor-version":[{"id":283,"href":"https:\/\/diocese-aveiro.pt\/jubileudacatedraldeaveiro\/wp-json\/wp\/v2\/pages\/264\/revisions\/283"}],"wp:attachment":[{"href":"https:\/\/diocese-aveiro.pt\/jubileudacatedraldeaveiro\/wp-json\/wp\/v2\/media?parent=264"}],"curies":[{"name":"wp","href":"https:\/\/api.w.org\/{rel}","templated":true}]}}