{"id":758,"date":"2018-10-30T15:15:50","date_gmt":"2018-10-30T15:15:50","guid":{"rendered":"https:\/\/diocese-aveiro.pt\/emrc\/?page_id=758"},"modified":"2023-07-12T12:26:55","modified_gmt":"2023-07-12T11:26:55","slug":"legislacao-geral-para-a-educacao-com-interesse-para-a-emrc","status":"publish","type":"page","link":"https:\/\/diocese-aveiro.pt\/emrc\/escolas\/legislacao-atual\/legislacao-geral-para-a-educacao-com-interesse-para-a-emrc\/","title":{"rendered":"Legisla\u00e7\u00e3o Geral para a Educa\u00e7\u00e3o com interesse para a EMRC"},"content":{"rendered":"<p><img fetchpriority=\"high\" decoding=\"async\" class=\"alignnone size-large wp-image-802\" src=\"https:\/\/diocese-aveiro.pt\/emrc\/wp-content\/uploads\/2018\/10\/legisla\u00e7\u00e3o-1024x563.jpg\" alt=\"\" width=\"900\" height=\"495\" srcset=\"https:\/\/diocese-aveiro.pt\/emrc\/wp-content\/uploads\/2018\/10\/legisla\u00e7\u00e3o-1024x563.jpg 1024w, https:\/\/diocese-aveiro.pt\/emrc\/wp-content\/uploads\/2018\/10\/legisla\u00e7\u00e3o-300x165.jpg 300w, https:\/\/diocese-aveiro.pt\/emrc\/wp-content\/uploads\/2018\/10\/legisla\u00e7\u00e3o-768x422.jpg 768w, https:\/\/diocese-aveiro.pt\/emrc\/wp-content\/uploads\/2018\/10\/legisla\u00e7\u00e3o-545x300.jpg 545w, https:\/\/diocese-aveiro.pt\/emrc\/wp-content\/uploads\/2018\/10\/legisla\u00e7\u00e3o.jpg 1920w\" sizes=\"(max-width: 900px) 100vw, 900px\" \/><\/p>\n<p>&#8211; <strong>Decreto-Lei 27\/2006<\/strong> de 10 de fevereiro<\/p>\n<p>Cria os grupos <strong>de recrutamento<\/strong> docente, incluindo o grupo 290, Educa\u00e7\u00e3o Moral e Religiosa Cat\u00f3lica, alterado pelo <a href=\"https:\/\/diocese-aveiro.pt\/emrc\/wp-content\/uploads\/2018\/10\/Decreto-Lei-176_2014-1.pdf\">Decreto Lei N\u00ba 176\/2014<\/a>, de 12 de dezembro;<\/p>\n<p><a href=\"https:\/\/diocese-aveiro.pt\/emrc\/wp-content\/uploads\/2018\/10\/Decreto-Lei-27_2006.pdf\">Decreto-Lei N\u00ba 27\/2006<\/a><\/p>\n<p>&nbsp;<\/p>\n<p><strong>Decreto-Lei n.\u00ba 176\/2014<\/strong><\/p>\n<p>Procede \u00e0 primeira altera\u00e7\u00e3o ao <a href=\"https:\/\/diocese-aveiro.pt\/emrc\/wp-content\/uploads\/2018\/10\/Decreto-Lei-27_2006.pdf\">Decreto-Lei N\u00ba 27\/2006<\/a>, de 10 de fevereiro, \u00e0 segunda altera\u00e7\u00e3o ao <a href=\"https:\/\/diocese-aveiro.pt\/emrc\/wp-content\/uploads\/2018\/10\/Decreto-Lei-139_2012.pdf\">Decreto Lei N\u00ba 139\/2012<\/a>, de 5 de julho, e \u00e0 primeira altera\u00e7\u00e3o ao <a href=\"https:\/\/diocese-aveiro.pt\/emrc\/wp-content\/uploads\/2018\/10\/Decreto-Lei-79_2014.pdf\">Decreto-Lei N\u00ba 79\/2014<\/a>, de 14 de maio, determinando a introdu\u00e7\u00e3o da disciplina de Ingl\u00eas no curr\u00edculo, como disciplina obrigat\u00f3ria a partir do 3.\u00ba ano de escolaridade, bem como \u00e0 defini\u00e7\u00e3o da habilita\u00e7\u00e3o profissional para lecionar Ingl\u00eas no 1.\u00ba ciclo e \u00e0 cria\u00e7\u00e3o de um novo grupo de recrutamento;<\/p>\n<p><a href=\"https:\/\/diocese-aveiro.pt\/emrc\/wp-content\/uploads\/2018\/10\/Decreto-Lei-176_2014.pdf\">Decreto Lei N\u00ba 176\/2014<\/a><\/p>\n<p>&nbsp;<\/p>\n<p>&#8211; <strong>Decreto-Lei 41\/2012<\/strong> de 21 de fevereiro<\/p>\n<p>Procede \u00e0 11.\u00aa altera\u00e7\u00e3o do Estatuto <strong>da Carreira dos Educadores de Inf\u00e2ncia e Professores<\/strong> dos Ensinos B\u00e1sico e Secund\u00e1rio, aprovado pelo <a href=\"https:\/\/diocese-aveiro.pt\/emrc\/wp-content\/uploads\/2018\/10\/Decreto-Lei-139-A_90.pdf\">Decreto-Lei N\u00ba 139-A\/90<\/a> de 28 de abril;<\/p>\n<p><a href=\"https:\/\/diocese-aveiro.pt\/emrc\/wp-content\/uploads\/2018\/10\/Decreto-Lei-41_2012.pdf\">Decreto-Lei N\u00ba 41\/2012<\/a><\/p>\n<p>&nbsp;<\/p>\n<p>&#8211; <strong>Portaria N\u00ba 644-A\/2015<\/strong> de 24 de agosto<\/p>\n<p>Define as regras a observar no funcionamento dos estabelecimentos p\u00fablicos do1\u00baciclo do ensino b\u00e1sico, bem como a <strong>possibilidade dos Encarregados de Educa\u00e7\u00e3o prescindirem de uma AEC em favor da frequ\u00eancia de EMRC<\/strong>;<\/p>\n<p><a href=\"https:\/\/diocese-aveiro.pt\/emrc\/wp-content\/uploads\/2018\/10\/Portaria-644-A_2015.pdf\">Portaria N\u00ba644-A\/2015<\/a><\/p>\n<p>&nbsp;<\/p>\n<p>&#8211; <strong>Portaria N\u00ba 304-B\/2015<\/strong> de 22 de setembro<\/p>\n<p>Primeira altera\u00e7\u00e3o \u00e0 <a href=\"https:\/\/diocese-aveiro.pt\/emrc\/wp-content\/uploads\/2018\/10\/Portaria-243_2012.pdf\">Portaria N\u00ba 243\/2012<\/a>, de 10 de Agosto, que <strong>define o regime de organiza\u00e7\u00e3o e funcionamento dos cursos<\/strong> cient\u00edfico-human\u00edsticos de Ci\u00eancias e Tecnologias, de Ci\u00eancias Socioecon\u00f3micas, de L\u00ednguas e Humanidades e de Artes Visuais, ministrados em estabelecimentos de ensino p\u00fablico, particular e cooperativo, e estabelece os princ\u00edpios e os <strong>procedimentos a observar na avalia\u00e7\u00e3o e certifica\u00e7\u00e3o dos alunos (assiduidade, matr\u00edcula, anula\u00e7\u00e3o e matricula<\/strong>);<\/p>\n<p><a href=\"https:\/\/diocese-aveiro.pt\/emrc\/wp-content\/uploads\/2018\/10\/Portaria-304-B_2015.pdf\">Portaria N\u00ba 304-B\/2015<\/a><\/p>\n<p>&nbsp;<\/p>\n<p>&#8211; <strong>Decreto-Lei 17\/2106<\/strong>, de 4 de abril, <a href=\"https:\/\/diocese-aveiro.pt\/emrc\/wp-content\/uploads\/2018\/10\/Decreto-Lei-91_2013.pdf\">Decreto Lei N\u00ba 91\/2013<\/a>, de 10 de julho e <a href=\"https:\/\/diocese-aveiro.pt\/emrc\/wp-content\/uploads\/2018\/10\/Decreto-Lei-176_2014-2.pdf\">Decreto Lei N\u00ba 176\/2014<\/a>, de 12 de dezembro<\/p>\n<p>Alteram o <a href=\"https:\/\/diocese-aveiro.pt\/emrc\/wp-content\/uploads\/2018\/10\/Decreto-Lei-139_2012.pdf\">Decreto Lei N\u00ba 139\/2012<\/a>,de 5 de julho &#8211; <strong>Integra a EMRC no curr\u00edculo<\/strong> do Ensino B\u00e1sico (I\u00ba,2 e 3\u00ba ciclo e no Ensino Secund\u00e1rio (Cursos Cient\u00edfico-Human\u00edsticos e Cursos Art\u00edsticos Especializados). Estabelece os <strong>princ\u00edpios orientadores da organiza\u00e7\u00e3o e da gest\u00e3o dos curr\u00edculos<\/strong> dos ensinos b\u00e1sico e secund\u00e1rio, da <strong>avalia\u00e7\u00e3o dos conhecimentos a adquirir e das capacidades a desenvolver<\/strong> pelos alunos e do processo de desenvolvimento do curr\u00edculo dos ensinos b\u00e1sico e secund\u00e1rio;<\/p>\n<p><a href=\"https:\/\/diocese-aveiro.pt\/emrc\/wp-content\/uploads\/2018\/10\/Decreto-Lei-17_2016.pdf\">Decreto Lei N\u00ba 17\/2016<\/a><\/p>\n<p>&nbsp;<\/p>\n<p>&#8211; <strong>Despacho N\u00ba 5908\/2017<\/strong> de 5 de julho<\/p>\n<p>Autoriza, em regime de experi\u00eancia pedag\u00f3gica, a implementa\u00e7\u00e3o do <strong>projeto de autonomia e flexibilidade curricular<\/strong> dos ensinos b\u00e1sico e secund\u00e1rio, no ano escolar de 2017-2018;<\/p>\n<p><a href=\"https:\/\/diocese-aveiro.pt\/emrc\/wp-content\/uploads\/2018\/10\/Despacho-5908_2017.pdf\">Despacho N\u00ba 5908\/2017<\/a><\/p>\n<p>&nbsp;<\/p>\n<p>&#8211; <strong>Decreto-Lei N\u00ba 55\/2018<\/strong> de 6 de julho<\/p>\n<p>Estabelece o <strong>curr\u00edculo dos ensinos b\u00e1sico e secund\u00e1rio<\/strong> e os <strong>princ\u00edpios orientadores da avalia\u00e7\u00e3o das aprendizagens.<\/strong><\/p>\n<p><a href=\"https:\/\/diocese-aveiro.pt\/emrc\/wp-content\/uploads\/2018\/10\/Decreto-Lei-55_2018.pdf\">Decreto Lei N\u00ba 55\/2018<\/a><\/p>\n<p>&nbsp;<\/p>\n<p>&#8211;<\/p>\n<p class=\"diarios-diplomas-title\"><strong>Despacho n.\u00ba 6147\/2019 de 26 de junho<\/strong><\/p>\n<p>Define as linhas orientadoras a adotar pelas escolas na o<strong>rganiza\u00e7\u00e3o e realiza\u00e7\u00e3o das visitas de estudo<\/strong> <strong>e outras atividades<\/strong> l\u00fadico-formativas a desenvolver fora do espa\u00e7o escolar<\/p>\n<p><a href=\"https:\/\/diocese-aveiro.pt\/emrc\/wp-content\/uploads\/2019\/09\/Procedimentos_Visitas-de-Estudo_2019.pdf\">Procedimentos_Visitas de Estudo_2019<\/a><\/p>\n<p>&nbsp;<\/p>\n<p class=\"diarios-diplomas-title\"><strong>Portaria n.\u00ba 235-A\/2018 de 23 de Agosto<\/strong><\/p>\n<p>Procede \u00e0<strong> regulamenta\u00e7\u00e3o dos cursos profissionais<\/strong> a que se referem as al\u00edneas a) do n.\u00ba 1 do artigo 9.\u00ba do <a href=\"https:\/\/diocese-aveiro.pt\/emrc\/wp-content\/uploads\/2019\/09\/Dec.-Lei-396_2007.pdf\">Dec. Lei 396\/2007<\/a>, de 31 de dezembro, na sua reda\u00e7\u00e3o atual, e b) do n.\u00ba 4 do artigo 7.\u00ba do <a href=\"https:\/\/diocese-aveiro.pt\/emrc\/wp-content\/uploads\/2019\/09\/Dec.-Lei-55_2018.pdf\">Dec. Lei 55\/2018<\/a>, de 6 de julho<\/p>\n<p><a href=\"https:\/\/diocese-aveiro.pt\/emrc\/wp-content\/uploads\/2019\/09\/Portaria-235_A_2018.pdf\">Portaria 235_A_2018<\/a><\/p>\n<p>&nbsp;<\/p>\n<p>Lei n\u00ba 16\/2001 &#8211; Lei da Liberdade Religiosa<\/p>\n<p><a href=\"https:\/\/diocese-aveiro.pt\/emrc\/wp-content\/uploads\/2020\/07\/Lei-da-Liberdade-Religiosa.pdf\">Lei da Liberdade Religiosa<\/a><\/p>\n<p>&nbsp;<\/p>\n<p>\u00cdndices de remunerat\u00f3rios para Professores Contratados<\/p>\n<p><a href=\"https:\/\/diocese-aveiro.pt\/emrc\/wp-content\/uploads\/2020\/11\/NOTAINF_14_DGPGF_2014.pdf\">Nota Informativa n\u00ba 14\/DGPGF\/2014<\/a><\/p>\n<p>&nbsp;<\/p>\n<p>&nbsp;<\/p>\n<p><strong>Despacho N\u00ba 6605\/A2021 de 06 de julho 2021<\/strong><\/p>\n<p>Procede \u00e0 defini\u00e7\u00e3o dos referenciais curriculares das v\u00e1rias dimens\u00f5es<br \/>\ndo desenvolvimento curricular, incluindo a avalia\u00e7\u00e3o externa.<\/p>\n<p><a href=\"https:\/\/diocese-aveiro.pt\/emrc\/wp-content\/uploads\/2021\/07\/Despacho-n.o-6605.A2021.pdf\">Despacho n.\u00ba 6605.A2021<\/a><\/p>\n<p>&nbsp;<\/p>\n","protected":false},"excerpt":{"rendered":"<p>&#8211; Decreto-Lei 27\/2006 de 10 de fevereiro Cria os grupos de recrutamento docente, incluindo o grupo 290, Educa\u00e7\u00e3o Moral e Religiosa Cat\u00f3lica, alterado pelo Decreto Lei N\u00ba 176\/2014, de 12 de dezembro; Decreto-Lei N\u00ba 27\/2006 &nbsp; Decreto-Lei n.\u00ba 176\/2014 Procede \u00e0 primeira altera\u00e7\u00e3o ao Decreto-Lei N\u00ba 27\/2006, de 10 de fevereiro, \u00e0 segunda altera\u00e7\u00e3o ao Decreto Lei N\u00ba 139\/2012, de [&hellip;]<\/p>\n","protected":false},"author":1,"featured_media":744,"parent":743,"menu_order":0,"comment_status":"closed","ping_status":"closed","template":"","meta":{"footnotes":""},"_links":{"self":[{"href":"https:\/\/diocese-aveiro.pt\/emrc\/wp-json\/wp\/v2\/pages\/758"}],"collection":[{"href":"https:\/\/diocese-aveiro.pt\/emrc\/wp-json\/wp\/v2\/pages"}],"about":[{"href":"https:\/\/diocese-aveiro.pt\/emrc\/wp-json\/wp\/v2\/types\/page"}],"author":[{"embeddable":true,"href":"https:\/\/diocese-aveiro.pt\/emrc\/wp-json\/wp\/v2\/users\/1"}],"replies":[{"embeddable":true,"href":"https:\/\/diocese-aveiro.pt\/emrc\/wp-json\/wp\/v2\/comments?post=758"}],"version-history":[{"count":12,"href":"https:\/\/diocese-aveiro.pt\/emrc\/wp-json\/wp\/v2\/pages\/758\/revisions"}],"predecessor-version":[{"id":1532,"href":"https:\/\/diocese-aveiro.pt\/emrc\/wp-json\/wp\/v2\/pages\/758\/revisions\/1532"}],"up":[{"embeddable":true,"href":"https:\/\/diocese-aveiro.pt\/emrc\/wp-json\/wp\/v2\/pages\/743"}],"wp:featuredmedia":[{"embeddable":true,"href":"https:\/\/diocese-aveiro.pt\/emrc\/wp-json\/wp\/v2\/media\/744"}],"wp:attachment":[{"href":"https:\/\/diocese-aveiro.pt\/emrc\/wp-json\/wp\/v2\/media?parent=758"}],"curies":[{"name":"wp","href":"https:\/\/api.w.org\/{rel}","templated":true}]}}