{"id":74,"date":"2017-03-28T11:08:07","date_gmt":"2017-03-28T11:08:07","guid":{"rendered":"https:\/\/diocese-aveiro.pt\/emrc\/?page_id=74"},"modified":"2025-10-02T16:29:50","modified_gmt":"2025-10-02T15:29:50","slug":"professores","status":"publish","type":"page","link":"https:\/\/diocese-aveiro.pt\/emrc\/escolas\/professores\/","title":{"rendered":"Professores e suas Escolas"},"content":{"rendered":"<h2 style=\"text-align: center;\"><span style=\"color: #000080;\"><b>Professores de Educa\u00e7\u00e3o Moral e Religiosa Cat\u00f3lica <\/b><\/span><\/h2>\n<h2 style=\"text-align: center;\"><span style=\"color: #000080;\"><b>a <\/b><b>Lecionar<\/b><b> na Diocese de Aveiro<\/b><\/span><br \/>\n<span style=\"color: #000080;\"><strong> Ano Letivo 2025\/2026<\/strong><\/span><\/h2>\n<h2><span style=\"color: #008000;\"><strong>Concelho de \u00c1gueda<\/strong><\/span><\/h2>\n<p>&nbsp;<\/p>\n<p><strong>Escola Secundaria Adolfo Portela<\/strong><\/p>\n<p>Professor(a):<\/p>\n<p>Maria Jo\u00e3o de Carvalho Ramos Dias<\/p>\n<p>&nbsp;<\/p>\n<p><strong>Agrupamento de Escolas Dr. Fernando Caldeira<\/strong><\/p>\n<p>Professor(a):<\/p>\n<p>Petra Carina Pereira da Nave Brito<\/p>\n<p>&nbsp;<\/p>\n<p><strong>Escola Secund\u00e1ria Marques Castilho<\/strong><br \/>\nAgrupamento de Escolas de Aguada de Cima<br \/>\nAgrupamento de Escolas de Fermentelos<\/p>\n<p>Professor(a):<\/p>\n<p>Jos\u00e9 Cardoso da Cruz<br \/>\nFernando Ant\u00f3nio Oliveira Baptista<br \/>\nJos\u00e9 Pedro Salgado Rosa Negr\u00e3o<br \/>\nEm\u00edlia de Melo Vieira Cruz<\/p>\n<p>&nbsp;<\/p>\n<p><strong>EBI de Valongo do Vouga<\/strong><\/p>\n<p>Professor(a):<\/p>\n<p>Alex Teixeira de Campos<\/p>\n<p>&nbsp;<\/p>\n<p><strong>Instituto Duarte Lemos<\/strong><\/p>\n<p>Professor(a):<\/p>\n<p>&nbsp;<\/p>\n<h2><span style=\"color: #008000;\"><strong>Concelho de Albergaria-a-Velha<\/strong><\/span><\/h2>\n<p>&nbsp;<\/p>\n<p><strong>Agrupamento de Escolas de Albergaria-a-Velha<\/strong><br \/>\nAgrupamento de Escolas de S Jo\u00e3o de Loure<\/p>\n<p>Professor(a):<\/p>\n<p>Lu\u00eds Manuel Pereira da Silva<br \/>\nIsabel Maria Soares dos Santos<br \/>\nMar\u00edlia da Concei\u00e7\u00e3o Rumor Domingues<br \/>\nCl\u00e1udia Lopes da Silva<\/p>\n<p>&nbsp;<\/p>\n<p><strong>Agrupamento de Escolas da Branca<\/strong><\/p>\n<p>Professor(a):<\/p>\n<p>Maria Idalina Pires Vieira<\/p>\n<p>&nbsp;<\/p>\n<p><strong>Col\u00e9gio de Albergaria<\/strong><\/p>\n<p>Professor(a):<\/p>\n<p>Elisabete Vidal Marques<\/p>\n<p>&nbsp;<\/p>\n<p><strong>JOBRA &#8211; Branca (Escola Profissional)<\/strong><\/p>\n<p>Professor(a):<\/p>\n<p>&nbsp;<\/p>\n<p>&nbsp;<\/p>\n<h2><span style=\"color: #008000;\"><strong>Concelho de Anadia<\/strong><\/span><\/h2>\n<p>&nbsp;<\/p>\n<p><strong>Agrupamento de Escolas de Anadia<\/strong><br \/>\nEscola Secund\u00e1ria de Anadia<br \/>\nAgrupamento Vilarinho do Bairro<\/p>\n<p>Professor(a):<\/p>\n<p>Sandra Isabel da Cruz Mort\u00e1gua<br \/>\nLu\u00eds Ant\u00f3nio Sousa Pinto dos Santos &#8211; Destacado na CPCJ<\/p>\n<p>&nbsp;<\/p>\n<p><strong>Col\u00e9gio N\u00aa Sr\u00aa Assun\u00e7\u00e3o<\/strong><\/p>\n<p>Professor(a):<br \/>\nC\u00e2ndida Nat\u00e1lia Sousa Duarte<\/p>\n<p>&nbsp;<\/p>\n<h2><span style=\"color: #008000;\"><strong>Concelho de Aveiro<\/strong><\/span><\/h2>\n<p>&nbsp;<\/p>\n<p><strong>Escola Secund\u00e1ria Homem Cristo<\/strong><br \/>\nEscola Jo\u00e3o Afonso<\/p>\n<p>Professor(a):<\/p>\n<p>Teresa de Jesus Louren\u00e7o Dias Grancho<\/p>\n<p>&nbsp;<\/p>\n<p><strong>Escola Secund\u00e1ria M\u00e1rio Sacramento<\/strong><br \/>\nAgrupamento de Escolas de Aradas<\/p>\n<p>Professor(a):<\/p>\n<p>Maria do Ros\u00e1rio de Almeida Velado Bela<br \/>\nLiliana de Almeida Ventura<\/p>\n<p>&nbsp;<\/p>\n<p><strong>Escola Secund\u00e1ria Jos\u00e9 Estev\u00e3o<\/strong><br \/>\nAgrupamento de Escolas de S Bernardo<\/p>\n<p>Professor(a):<\/p>\n<p>Manuel Oliveira de Sousa (Centro de Forma\u00e7\u00e3o)<br \/>\nS\u00e9rgio \u00d3scar Marques Faria<\/p>\n<p>&nbsp;<\/p>\n<p><strong>Escola B\u00e1sica e Secund\u00e1ria Dr. Jaime Magalh\u00e3es Lima<\/strong><\/p>\n<p>Professor(a):<\/p>\n<p>Andr\u00e9 Filipe Vidal de Sousa<\/p>\n<p>&nbsp;<\/p>\n<p><strong>Agrupamento de Escolas da Oliveirinha<\/strong><\/p>\n<p>Professor(a):<\/p>\n<p>Mavilde da Cruz Raposo Martins<br \/>\nAndr\u00e9 Pinto Henriques Tavares Rodrigues<\/p>\n<p><strong>Agrupamento de Escolas de Cacia<\/strong><\/p>\n<p>Professor(a):<\/p>\n<p>Andr\u00e9 Pinto Henriques Tavares Rodrigues<\/p>\n<p>&nbsp;<\/p>\n<p><strong>Agrupamento de Escolas de Eixo<\/strong><\/p>\n<p>Professor(a):<\/p>\n<p>&nbsp;<\/p>\n<p><strong>Col\u00e9gio D Jos\u00e9 I<\/strong><\/p>\n<p>Professor(a):<br \/>\nS\u00e9rgio \u00d3scar Marques Faria<\/p>\n<p>&nbsp;<\/p>\n<p><strong>Col\u00e9gio Portugu\u00eas<\/strong><\/p>\n<p>Professor(a):<br \/>\nJos\u00e9 Manuel Matos Loureiro<\/p>\n<p>&nbsp;<\/p>\n<h2><span style=\"color: #008000;\"><strong>Concelho de Estarreja<\/strong><\/span><\/h2>\n<p>&nbsp;<\/p>\n<p><strong>Agrupamento de Escola de Estarreja<\/strong><\/p>\n<p>Escola Secund\u00e1ria de Estarreja<br \/>\nAgrupamento de Escolas de Avanca<\/p>\n<p>Professor(a):<\/p>\n<p>Daniel Paulo Rodrigues da Silva<br \/>\nMaria de Lourdes F. V. Azevedo<\/p>\n<p>&nbsp;<\/p>\n<p><strong>EBI de Pardilh\u00f3<\/strong><\/p>\n<p>Professor(a):<\/p>\n<p>Ana Maria da Silva Marques Tavares Correia Le\u00e3o<\/p>\n<p>&nbsp;<\/p>\n<h2><span style=\"color: #008000;\"><strong>Concelho de \u00cdlhavo<\/strong><\/span><\/h2>\n<p>&nbsp;<\/p>\n<p><strong>Agrupamento de Escola da Gafanha da Encarna\u00e7\u00e3o<\/strong><\/p>\n<p>Professor(a):<\/p>\n<p>Berta Silva da Silva<\/p>\n<p>&nbsp;<\/p>\n<p><strong>Agrupamento de Escolas da Gafanha da Nazar\u00e9<\/strong><\/p>\n<p>Escola Secund\u00e1ria da Gafanha da Nazar\u00e9<br \/>\nEscola B\u00e1sica 2,3 da Gafanha da Nazar\u00e9<\/p>\n<p>Professor(a):<\/p>\n<p>&nbsp;<\/p>\n<p><strong>Escola Sec. Dr. Jo\u00e3o Carlos Celestino Gomes<\/strong><br \/>\nEB Jos\u00e9 Ferreira Pinto Basto<\/p>\n<p>Professor(a):<\/p>\n<p>Filipe Ricardo Pereira Tavares<\/p>\n<p>&nbsp;<\/p>\n<h2><span style=\"color: #008000;\"><strong>Concelho da Murtosa<\/strong><\/span><\/h2>\n<p>&nbsp;<\/p>\n<p><strong>Agrupamento de Escolas da Murtosa<\/strong><br \/>\nAgrupamento de Escolas da Torreira<\/p>\n<p style=\"text-align: left;\">Professor(a):<\/p>\n<p style=\"text-align: left;\">Rosa Maria Valente Costa Pinto<br \/>\nNuno Jos\u00e9 Valente do Nascimento Bessa<\/p>\n<p>&nbsp;<\/p>\n<h2><span style=\"color: #008000;\"><strong>Concelho de Oliveira do Bairro<\/strong><\/span><\/h2>\n<p>&nbsp;<\/p>\n<p><strong>Agrupamento de Escolas de Oliveira do Bairro<\/strong><\/p>\n<p>Escola Secund\u00e1ria de Oliveira do Bairro<br \/>\nAgrupamento de Escolas de Oi\u00e3<\/p>\n<p>Professor(a):<\/p>\n<p>Maria Celeste Cravo da C e Silva<br \/>\nV\u00edtor Jesus Ferreira da Silva<br \/>\nMaria de Lurdes Assun\u00e7\u00e3o dos Santos Nogueira Ros\u00e1rio<br \/>\nRui Andr\u00e9 Almeida Anjos<\/p>\n<p>&nbsp;<\/p>\n<h2><span style=\"color: #008000;\"><strong>Concelho de Sever do Vouga<\/strong><\/span><\/h2>\n<p>&nbsp;<\/p>\n<p><strong>Agrupamento de Escolas de Sever do Vouga<\/strong><\/p>\n<p>Professor(a):<\/p>\n<p>Pe. Jos\u00e9 Carlos da Silva Lopes<br \/>\nAnt\u00f3nio Manuel de Oliveira Nogueira<br \/>\nM\u00f3nica Sofia de Oliveira Pires<\/p>\n<p>&nbsp;<\/p>\n<h2><span style=\"color: #008000;\"><strong>Concelho de Vagos<\/strong><\/span><\/h2>\n<p>&nbsp;<\/p>\n<p><strong>Agrupamento de Escolas de Vagos<\/strong><br \/>\nEscola Secund\u00e1ria de Vagos<br \/>\nEB 2,3 Dr. Jo\u00e3o Rocha \u2013 Vagos<\/p>\n<p>Professor(a):<\/p>\n<p>S\u00e9rgio Manuel Jesus Martins (Destacado)<br \/>\nIgor Rodolfo Costa e Oliveira Cr\u00f3<\/p>\n<p>&nbsp;<\/p>\n<p><strong>Col\u00e9gio Nossa Senhora da Apresenta\u00e7\u00e3o &#8211; Calv\u00e3o<\/strong><\/p>\n<p>Professor(a):<\/p>\n<p>Lu\u00eds Ant\u00f3nio Pereira dos Santos<br \/>\nAnabela Domingues Martins<\/p>\n","protected":false},"excerpt":{"rendered":"<p>Professores de Educa\u00e7\u00e3o Moral e Religiosa Cat\u00f3lica a Lecionar na Diocese de Aveiro Ano Letivo 2025\/2026 Concelho de \u00c1gueda &nbsp; Escola Secundaria Adolfo Portela Professor(a): Maria Jo\u00e3o de Carvalho Ramos Dias &nbsp; Agrupamento de Escolas Dr. Fernando Caldeira Professor(a): Petra Carina Pereira da Nave Brito &nbsp; Escola Secund\u00e1ria Marques Castilho Agrupamento de Escolas de Aguada de Cima Agrupamento de Escolas [&hellip;]<\/p>\n","protected":false},"author":1,"featured_media":0,"parent":70,"menu_order":0,"comment_status":"closed","ping_status":"closed","template":"","meta":{"footnotes":""},"_links":{"self":[{"href":"https:\/\/diocese-aveiro.pt\/emrc\/wp-json\/wp\/v2\/pages\/74"}],"collection":[{"href":"https:\/\/diocese-aveiro.pt\/emrc\/wp-json\/wp\/v2\/pages"}],"about":[{"href":"https:\/\/diocese-aveiro.pt\/emrc\/wp-json\/wp\/v2\/types\/page"}],"author":[{"embeddable":true,"href":"https:\/\/diocese-aveiro.pt\/emrc\/wp-json\/wp\/v2\/users\/1"}],"replies":[{"embeddable":true,"href":"https:\/\/diocese-aveiro.pt\/emrc\/wp-json\/wp\/v2\/comments?post=74"}],"version-history":[{"count":39,"href":"https:\/\/diocese-aveiro.pt\/emrc\/wp-json\/wp\/v2\/pages\/74\/revisions"}],"predecessor-version":[{"id":1802,"href":"https:\/\/diocese-aveiro.pt\/emrc\/wp-json\/wp\/v2\/pages\/74\/revisions\/1802"}],"up":[{"embeddable":true,"href":"https:\/\/diocese-aveiro.pt\/emrc\/wp-json\/wp\/v2\/pages\/70"}],"wp:attachment":[{"href":"https:\/\/diocese-aveiro.pt\/emrc\/wp-json\/wp\/v2\/media?parent=74"}],"curies":[{"name":"wp","href":"https:\/\/api.w.org\/{rel}","templated":true}]}}