{"id":72,"date":"2017-03-28T11:07:54","date_gmt":"2017-03-28T11:07:54","guid":{"rendered":"https:\/\/diocese-aveiro.pt\/emrc\/?page_id=72"},"modified":"2017-05-08T18:21:01","modified_gmt":"2017-05-08T18:21:01","slug":"estatisticas","status":"publish","type":"page","link":"https:\/\/diocese-aveiro.pt\/emrc\/escolas\/estatisticas\/","title":{"rendered":"Estat\u00edsticas"},"content":{"rendered":"<p>Apresentamos os diversos dados recolhidos nas escolas da Diocese de Aveiro quanto \u00e0 Frequ\u00eancia dos alunos na disciplina de Educa\u00e7\u00e3o Moral e Religiosa Cat\u00f3lica.<\/p>\n<p><img fetchpriority=\"high\" decoding=\"async\" class=\" wp-image-296 aligncenter\" src=\"https:\/\/diocese-aveiro.pt\/emrc\/wp-content\/uploads\/2017\/03\/DSC_0318-300x200.jpg\" alt=\"\" width=\"381\" height=\"254\" srcset=\"https:\/\/diocese-aveiro.pt\/emrc\/wp-content\/uploads\/2017\/03\/DSC_0318-300x200.jpg 300w, https:\/\/diocese-aveiro.pt\/emrc\/wp-content\/uploads\/2017\/03\/DSC_0318-768x512.jpg 768w, https:\/\/diocese-aveiro.pt\/emrc\/wp-content\/uploads\/2017\/03\/DSC_0318-1024x683.jpg 1024w\" sizes=\"(max-width: 381px) 100vw, 381px\" \/><\/p>\n","protected":false},"excerpt":{"rendered":"<p>Apresentamos os diversos dados recolhidos nas escolas da Diocese de Aveiro quanto \u00e0 Frequ\u00eancia dos alunos na disciplina de Educa\u00e7\u00e3o Moral e Religiosa Cat\u00f3lica.<\/p>\n","protected":false},"author":1,"featured_media":0,"parent":70,"menu_order":0,"comment_status":"closed","ping_status":"closed","template":"","meta":{"footnotes":""},"_links":{"self":[{"href":"https:\/\/diocese-aveiro.pt\/emrc\/wp-json\/wp\/v2\/pages\/72"}],"collection":[{"href":"https:\/\/diocese-aveiro.pt\/emrc\/wp-json\/wp\/v2\/pages"}],"about":[{"href":"https:\/\/diocese-aveiro.pt\/emrc\/wp-json\/wp\/v2\/types\/page"}],"author":[{"embeddable":true,"href":"https:\/\/diocese-aveiro.pt\/emrc\/wp-json\/wp\/v2\/users\/1"}],"replies":[{"embeddable":true,"href":"https:\/\/diocese-aveiro.pt\/emrc\/wp-json\/wp\/v2\/comments?post=72"}],"version-history":[{"count":4,"href":"https:\/\/diocese-aveiro.pt\/emrc\/wp-json\/wp\/v2\/pages\/72\/revisions"}],"predecessor-version":[{"id":298,"href":"https:\/\/diocese-aveiro.pt\/emrc\/wp-json\/wp\/v2\/pages\/72\/revisions\/298"}],"up":[{"embeddable":true,"href":"https:\/\/diocese-aveiro.pt\/emrc\/wp-json\/wp\/v2\/pages\/70"}],"wp:attachment":[{"href":"https:\/\/diocese-aveiro.pt\/emrc\/wp-json\/wp\/v2\/media?parent=72"}],"curies":[{"name":"wp","href":"https:\/\/api.w.org\/{rel}","templated":true}]}}