{"id":698,"date":"2018-10-08T14:55:11","date_gmt":"2018-10-08T14:55:11","guid":{"rendered":"https:\/\/diocese-aveiro.pt\/emrc\/?page_id=698"},"modified":"2018-10-08T15:01:59","modified_gmt":"2018-10-08T15:01:59","slug":"nota-pastoral-para-a-semana-nacional-da-educacao-crista-2018","status":"publish","type":"page","link":"https:\/\/diocese-aveiro.pt\/emrc\/documentos\/nota-pastoral-para-a-semana-nacional-da-educacao-crista-2018\/","title":{"rendered":"Nota Pastoral para a Semana Nacional da Educa\u00e7\u00e3o Crist\u00e3 2018"},"content":{"rendered":"<figure id=\"attachment_699\" aria-describedby=\"caption-attachment-699\" style=\"width: 866px\" class=\"wp-caption alignnone\"><img fetchpriority=\"high\" decoding=\"async\" class=\" wp-image-699\" src=\"https:\/\/diocese-aveiro.pt\/emrc\/wp-content\/uploads\/2018\/10\/novotestamento-ferenczy-sermaonamontanha-fah.jpg\" alt=\"\" width=\"866\" height=\"585\" \/><figcaption id=\"caption-attachment-699\" class=\"wp-caption-text\">O serm\u00e3o da Montanha, K\u00e1roly Ferenczy<\/figcaption><\/figure>\n<p>&nbsp;<\/p>\n<p>Nota Pastoral para a Semana Nacional da Educa\u00e7\u00e3o Crist\u00e3<br \/>\n19 a 28 de outubro de 2018<\/p>\n<p>&nbsp;<\/p>\n<ol>\n<li><strong>\u00a0A felicidade proposta por Jesus<\/strong><\/li>\n<\/ol>\n<p>Ser feliz \u00e9 o que todos n\u00f3s mais desejamos.<\/p>\n<p>E Deus, que nos criou para sermos felizes, revela-nos que a felicidade se alcan\u00e7a fazendo o que Lhe d\u00e1 gl\u00f3ria e nos dignifica como seres humanos. Nesse sentido chamou tamb\u00e9m \u00e0 santidade.\u00a0<em>\u201cSede santos, porque Eu sou Santo\u201d\u00a0<\/em>(<em>1Ped 1,16)<\/em>.<\/p>\n<p>Jesus, por sua vez, une explicitamente a felicidade \u00e0 santidade, designadamente nas bem-aventuran\u00e7as (cf.\u00a0<em>Mt\u00a0<\/em>5,3-12;\u00a0<em>Lc\u00a0<\/em>6,20-23). Diz, a esse prep\u00f3sito, o Papa Francisco: \u00abA palavra \u2018feliz\u2019 ou \u2018bem-aventurado\u2019 torna-se sin\u00f3nimo de \u2018santo\u2019, porque expressa que a pessoa fiel a Deus e que vive a sua Palavra alcan\u00e7a, na doa\u00e7\u00e3o de si mesma, a verdadeira felicidade\u00bb (<em>Gaudete et Exsultate\u00a0<\/em>64).<\/p>\n<p>Trata-se de um caminho que come\u00e7a pelo reconhecimento da pr\u00f3pria pobreza e (n)a consequente entrega a Deus que, deste modo, nos potencia para fazermos, para com os outros, o que s\u00f3 Ele faz em plenitude: ter uma compaix\u00e3o ou miseric\u00f3rdia, que nasce de um cora\u00e7\u00e3o puro, nos leva a construir uma paz que radica em justi\u00e7a. Um caminho que nos conduz \u00e0quela felicidade que nem as persegui\u00e7\u00f5es destroem. Pelo contr\u00e1rio: \u00e9 ent\u00e3o que a nossa entrega \u00e9 maior e a felicidade atinge a sua plenitude. Como aconteceu com o pr\u00f3prio Jesus que na morte alcan\u00e7ou a ressurrei\u00e7\u00e3o. Sim, nas bem-aventuran\u00e7as Jesus tra\u00e7a-nos o caminho da felicidade que Ele pr\u00f3prio percorreu, enquanto Filho de Deus que por n\u00f3s deu a vida.<\/p>\n<ol start=\"2\">\n<li><strong> \u00a0Uma felicidade diferente daquela que o mundo nos oferece<\/strong><\/li>\n<\/ol>\n<p>N\u00e3o h\u00e1 d\u00favida que este caminho proposto por Jesus colide com aquele que o mundo prop\u00f5e. \u00c9 neste sentido que o Papa Francisco, na citada exorta\u00e7\u00e3o\u00a0<em>Gaudete et Exsultate\u00a0<\/em>(Alegrai-vos e Exultai) prop\u00f5e o modelo crist\u00e3o de felicidade como alternativa ao da sociedade consumista e ego\u00edsta. \u00abSe n\u00e3o cultivarmos uma certa austeridade, se n\u00e3o lutarmos contra esta febre que a sociedade de consumo nos imp\u00f5e para nos vender coisas, acabamos por nos transformar em pobres insatisfeitos que tudo querem ter e provar\u00bb (<em>Gaudete et Exsultate\u00a0<\/em>108).<\/p>\n<p>E nasce assim uma cultura marcada pela \u201cansiedade nervosa e violenta\u201d, \u201co negativismo e a tristeza\u201d ou o individualismo destrutivo. Uma cultura que se apodera das novas tecnologias, das redes sociais, que tanto bem podem fazer (informa\u00e7\u00e3o fidedigna, comunh\u00e3o entre as pessoas, crescimento e aprimoramento do saber), mas que, por sua vez, comporta muitos riscos.<\/p>\n<p>Da\u00ed o alerta do Papa contra o consumismo da \u201cinforma\u00e7\u00e3o super- ficial\u201d, as \u201cformas de comunica\u00e7\u00e3o r\u00e1pida e virtual\u201d que criam um \u2018turbilh\u00e3o\u2019; e o convite a evitar a participa\u00e7\u00e3o em \u201credes de viol\u00eancia verbal atrav\u00e9s da internet\u201d; bem como o aviso de que \u201cmesmo nos media cat\u00f3licos \u00e9 poss\u00edvel ultrapassar os limites, tolerando-se a difama\u00e7\u00e3o e a cal\u00fania e parecendo excluir qualquer \u00e9tica e respeito pela fama alheia\u201d.<\/p>\n<p>N\u00e3o basta, pois, estar conectados; \u00e9 necess\u00e1rio que a conex\u00e3o seja acompanhada pelo encontro verdadeiro, como um meio para viver a caridade com os outros.<\/p>\n<p>&nbsp;<\/p>\n<ol start=\"3\">\n<li><strong> \u00a0Uma felicidade que nos compromete em transformar o mundo<\/strong><\/li>\n<\/ol>\n<p>Santidade \u00e9, nada mais nada menos, que\u00a0<em>amar\u00a0<\/em>em todas as situa\u00e7\u00f5es. S\u00f3 amando somos felizes.\u00a0<em>\u00abEnt\u00e3o, o vosso cora\u00e7\u00e3o h\u00e1 de alegrar-se e ningu\u00e9m vos poder\u00e1 tirar a vossa alegria\u00bb \u00a0<\/em>\u2013 diz-nos Jesus (<em>Jo\u00a0<\/em>16, 20.22). E amamos porque primeiro fomos amados. Por isso, ser santo \u00e9 resposta serena e profunda de quem se sente amado por Deus e, com Ele, entende o sentido da vida.<\/p>\n<p>\u00abA sedu\u00e7\u00e3o com que nos bombardeiam \u00e9 tal que, se estivermos demasiado\u00a0 sozinhos, \u00a0facilmente perdemos o sentido da realidade, a clareza interior, e sucumbimos\u00bb (<em>Gaudete et Exsultate\u00a0<\/em>140). Da\u00ed a import\u00e2ncia de nos abrirmos aos outros. A santifica\u00e7\u00e3o \u00e9 um caminho comunit\u00e1rio. Partir de Cristo, da intimidade do seu amor, para agir na sociedade, \u00e9 santificar-se e santificar o mundo. Por outras palavras: \u00e9 preciso sair de n\u00f3s para vermos a felicidade entrar em n\u00f3s. Era a com- paix\u00e3o de Jesus que o impelia a sair de Si mesmo a fim de anunciar o caminho da felicidade, curando e libertando as pessoas de todo o mal.<\/p>\n<p>\u00c9 este desafio do Papa Francisco que queremos lan\u00e7ar na\u00a0<em>Semana Nacional da Educa\u00e7\u00e3o Crist\u00e3 de 2018<\/em>: de modo muito especial, aos pais, av\u00f3s, professores, catequistas, sacerdotes, di\u00e1conos e todos os educadores crist\u00e3os. Um convite\u00a0 \u00a0a serem, no mundo, testemunhas da santidade e da consequente alegria com que se entregam aos educandos que lhes s\u00e3o confiados. Um convite a que tamb\u00e9m eles sigam pelo mesmo caminho de santidade que os pode fazer felizes, pela entrega da f\u00e9 a Deus e a oferta da vida aos outros.<\/p>\n<p>&nbsp;<\/p>\n<p><em>Festa de S. Lucas, 18 de outubro de 2018<\/em><\/p>\n<p>&nbsp;<\/p>\n<p>Nota Pastoral para a Semana Nacional da Educa\u00e7\u00e3o Crist\u00e3 2018:<\/p>\n<p>Download do Documento.<\/p>\n<p><a href=\"https:\/\/diocese-aveiro.pt\/emrc\/wp-content\/uploads\/2018\/10\/Nota-Pastoral-Semana-Nacional-de-Educa\u00e7\u00e3o-Crist\u00e3-2018.pdf\">Nota Pastoral Semana Nacional de Educa\u00e7\u00e3o Crist\u00e3 2018<\/a><\/p>\n","protected":false},"excerpt":{"rendered":"<p>&nbsp; Nota Pastoral para a Semana Nacional da Educa\u00e7\u00e3o Crist\u00e3 19 a 28 de outubro de 2018 &nbsp; \u00a0A felicidade proposta por Jesus Ser feliz \u00e9 o que todos n\u00f3s mais desejamos. E Deus, que nos criou para sermos felizes, revela-nos que a felicidade se alcan\u00e7a fazendo o que Lhe d\u00e1 gl\u00f3ria e nos dignifica como seres humanos. Nesse sentido [&hellip;]<\/p>\n","protected":false},"author":1,"featured_media":0,"parent":494,"menu_order":0,"comment_status":"closed","ping_status":"closed","template":"","meta":{"footnotes":""},"_links":{"self":[{"href":"https:\/\/diocese-aveiro.pt\/emrc\/wp-json\/wp\/v2\/pages\/698"}],"collection":[{"href":"https:\/\/diocese-aveiro.pt\/emrc\/wp-json\/wp\/v2\/pages"}],"about":[{"href":"https:\/\/diocese-aveiro.pt\/emrc\/wp-json\/wp\/v2\/types\/page"}],"author":[{"embeddable":true,"href":"https:\/\/diocese-aveiro.pt\/emrc\/wp-json\/wp\/v2\/users\/1"}],"replies":[{"embeddable":true,"href":"https:\/\/diocese-aveiro.pt\/emrc\/wp-json\/wp\/v2\/comments?post=698"}],"version-history":[{"count":5,"href":"https:\/\/diocese-aveiro.pt\/emrc\/wp-json\/wp\/v2\/pages\/698\/revisions"}],"predecessor-version":[{"id":706,"href":"https:\/\/diocese-aveiro.pt\/emrc\/wp-json\/wp\/v2\/pages\/698\/revisions\/706"}],"up":[{"embeddable":true,"href":"https:\/\/diocese-aveiro.pt\/emrc\/wp-json\/wp\/v2\/pages\/494"}],"wp:attachment":[{"href":"https:\/\/diocese-aveiro.pt\/emrc\/wp-json\/wp\/v2\/media?parent=698"}],"curies":[{"name":"wp","href":"https:\/\/api.w.org\/{rel}","templated":true}]}}