{"id":67,"date":"2021-12-15T09:14:42","date_gmt":"2021-12-15T09:14:42","guid":{"rendered":"https:\/\/diocese-aveiro.pt\/cv\/?page_id=67"},"modified":"2026-04-14T14:57:10","modified_gmt":"2026-04-14T14:57:10","slug":"outras-edicoes","status":"publish","type":"page","link":"https:\/\/diocese-aveiro.pt\/cv\/outras-edicoes\/","title":{"rendered":"arquivo"},"content":{"rendered":"<div class=\"members-access-error\">&nbsp;<\/p>\n<hr \/>\n<p><img class=\"aligncenter wp-image-148 size-large\" src=\"https:\/\/diocese-aveiro.pt\/cv\/wp-content\/uploads\/2021\/12\/CV_02-1024x768.jpg\" alt=\"\" width=\"1024\" height=\"768\" \/><\/p>\n<p style=\"text-align: center\">Desculpe, mas n\u00e3o tem permiss\u00e3o para ver este conte\u00fado.<\/p>\n<p style=\"text-align: center\">Se desejar subscrever a assinatura digital do Seman\u00e1rio Correio do Vouga,<\/p>\n<p style=\"text-align: center\">por favor contacte atrav\u00e9s do n\u00famero 234 422 746 ou pelo e-mail: cv@correiodovouga.pt<\/p>\n<hr \/>\n<p>&nbsp;<\/p><\/div>\n","protected":false},"excerpt":{"rendered":"<div class=\"members-access-error\">&nbsp;<\/p>\n<hr \/>\n<p><img class=\"aligncenter wp-image-148 size-large\" src=\"https:\/\/diocese-aveiro.pt\/cv\/wp-content\/uploads\/2021\/12\/CV_02-1024x768.jpg\" alt=\"\" width=\"1024\" height=\"768\" \/><\/p>\n<p style=\"text-align: center\">Desculpe, mas n\u00e3o tem permiss\u00e3o para ver este conte\u00fado.<\/p>\n<p style=\"text-align: center\">Se desejar subscrever a assinatura digital do Seman\u00e1rio Correio do Vouga,<\/p>\n<p style=\"text-align: center\">por favor contacte atrav\u00e9s do n\u00famero 234 422 746 ou pelo e-mail: cv@correiodovouga.pt<\/p>\n<hr \/>\n<p>&nbsp;<\/p><\/div>\n","protected":false},"author":1,"featured_media":0,"parent":0,"menu_order":0,"comment_status":"closed","ping_status":"closed","template":"","meta":{"footnotes":""},"class_list":["post-67","page","type-page","status-publish","hentry"],"_links":{"self":[{"href":"https:\/\/diocese-aveiro.pt\/cv\/wp-json\/wp\/v2\/pages\/67","targetHints":{"allow":["GET"]}}],"collection":[{"href":"https:\/\/diocese-aveiro.pt\/cv\/wp-json\/wp\/v2\/pages"}],"about":[{"href":"https:\/\/diocese-aveiro.pt\/cv\/wp-json\/wp\/v2\/types\/page"}],"author":[{"embeddable":true,"href":"https:\/\/diocese-aveiro.pt\/cv\/wp-json\/wp\/v2\/users\/1"}],"replies":[{"embeddable":true,"href":"https:\/\/diocese-aveiro.pt\/cv\/wp-json\/wp\/v2\/comments?post=67"}],"version-history":[{"count":265,"href":"https:\/\/diocese-aveiro.pt\/cv\/wp-json\/wp\/v2\/pages\/67\/revisions"}],"predecessor-version":[{"id":1506,"href":"https:\/\/diocese-aveiro.pt\/cv\/wp-json\/wp\/v2\/pages\/67\/revisions\/1506"}],"wp:attachment":[{"href":"https:\/\/diocese-aveiro.pt\/cv\/wp-json\/wp\/v2\/media?parent=67"}],"curies":[{"name":"wp","href":"https:\/\/api.w.org\/{rel}","templated":true}]}}