{"id":124,"date":"2021-12-15T12:12:00","date_gmt":"2021-12-15T12:12:00","guid":{"rendered":"https:\/\/diocese-aveiro.pt\/cv\/?page_id=124"},"modified":"2023-04-11T09:50:36","modified_gmt":"2023-04-11T09:50:36","slug":"login","status":"publish","type":"page","link":"https:\/\/diocese-aveiro.pt\/cv\/","title":{"rendered":"Login"},"content":{"rendered":"\n<p><\/p>\n\n\n\n<p class=\"has-text-align-center\">Bem-vindo!<\/p>\n\n\n\n<p class=\"has-text-align-center\">Para aceder \u00e0 \u00e1rea de assinante fa\u00e7a <a href=\"http:\/\/www.diocese-aveiro.pt\/cv\/wp-login.php\" data-type=\"URL\" data-id=\"www.diocese-aveiro.pt\/cv\/wp-login.php\">login<\/a>.<\/p>\n\n\n<div class=\"wp-block-image\">\n<figure class=\"aligncenter size-large\"><img loading=\"lazy\" decoding=\"async\" width=\"1024\" height=\"555\" src=\"https:\/\/diocese-aveiro.pt\/cv\/wp-content\/uploads\/2021\/12\/DSC_0458_editado_web-1024x555.jpg\" alt=\"\" class=\"wp-image-141\" srcset=\"https:\/\/diocese-aveiro.pt\/cv\/wp-content\/uploads\/2021\/12\/DSC_0458_editado_web-1024x555.jpg 1024w, https:\/\/diocese-aveiro.pt\/cv\/wp-content\/uploads\/2021\/12\/DSC_0458_editado_web-300x162.jpg 300w, https:\/\/diocese-aveiro.pt\/cv\/wp-content\/uploads\/2021\/12\/DSC_0458_editado_web-768x416.jpg 768w, https:\/\/diocese-aveiro.pt\/cv\/wp-content\/uploads\/2021\/12\/DSC_0458_editado_web-1536x832.jpg 1536w, https:\/\/diocese-aveiro.pt\/cv\/wp-content\/uploads\/2021\/12\/DSC_0458_editado_web-2048x1109.jpg 2048w\" sizes=\"auto, (max-width: 1024px) 100vw, 1024px\" \/><\/figure>\n<\/div>\n\n\n<p class=\"has-text-align-center\"><strong>CORREIO DO VOUGA<br><\/strong>Seman\u00e1rio da Diocese de Aveiro<\/p>\n\n\n\n<p class=\"has-text-align-center\">Fundado em 1930<\/p>\n\n\n\n<p class=\"has-text-align-center\"><strong>contactos:<\/strong><br>234 422 746<br>cv@correiodovouga.pt<br>www.correiodovouga.pt<br>Reda\u00e7\u00e3o e administra\u00e7\u00e3o: Rua Batalh\u00e3o Ca\u00e7adores 10, n.\u00ba 81 3810 &#8211; 064 Aveiro<\/p>\n\n\n\n<div style=\"height:100px\" aria-hidden=\"true\" class=\"wp-block-spacer\"><\/div>\n\n\n\n<p>PROPRIET\u00c1RIO e EDITOR: Tempo Novo, Multim\u00e9dia \u2014 Edi\u00e7\u00e3o e Venda de Publica\u00e7\u00f5es, Lda.; N.I.P.C.: 504 545 647; ESTATUTO EDITORIAL: <a href=\"http:\/\/www.correiodovouga.pt\/\">www.correiodovouga.pt\/<\/a>; S\u00f3cio \u00danico: Diocese de Aveiro. N.\u00ba de Registo: 101116; Diretor: Jorge Pires Ferreira (C.P. n\u00ba 6883); CONSELHO DE REDA\u00c7\u00c3O: Jo\u00e3o G. Gaspar, Georgino Rocha, Teresa Correia; ADMINISTRADOR: Ant\u00f3nio Leandro; SERVI\u00c7OS ADMINISTRATIVOS, COMPOSI\u00c7\u00c3O E PAGINA\u00c7\u00c3O: Teresa Marques; COLABORADORES PRINCIPAIS: Ant\u00f3nio Bag\u00e3o F\u00e9lix, Cardoso Ferreira, Elisa Urbano, Fernando Cassola, Georgino Rocha, Jos\u00e9 Carlos A. Costa, Lu\u00eds Pereira da Silva, Lu\u00eds Sancho, Manuel Alte da Veiga, M.Oliveira Sousa, Marta Oliveira, Pedro Jos\u00e9 Correia, Pedro Neto, S\u00f3nia Neves, Teresa Correia, DPJA; IMPRESS\u00c3O: Empresa do Di\u00e1rio do Minho, Lda., Rua Sta. Margarida, 4-A, 4710-306 Braga; REDA\u00c7\u00c3O E ADMINISTRA\u00c7\u00c3O: R. Batalh\u00e3o Ca\u00e7adores Dez, 81-3810-064\u00a0 Aveiro &#8211; Tel.: 234 422746 (chamada para a rede fixa nacional) \u2014 TIRAGEM: 1390 Exemplares. ENDERE\u00c7O DE CORREIO ELETR\u00d3NICO: <a href=\"mailto:cv@correiodovouga.pt\">cv@correiodovouga.pt<\/a> ENDERE\u00c7O DA P\u00c1GINA INTERNET: <a href=\"http:\/\/www.correiodovouga.pt\">www.correiodovouga.pt<\/a> PAGAMENTO DA ASSINATURA: 25 euros, IBAN NOVO BANCO PT50 0007 0000 00067640720 23 (avise, p.f., com o nome ou n\u00famero do assinante para <a href=\"mailto:assinantes@correiodovouga.pt\">assinantes@correiodovouga.pt<\/a>.)<\/p>\n\n\n\n<hr class=\"wp-block-separator has-css-opacity\"\/>\n","protected":false},"excerpt":{"rendered":"<p>Bem-vindo! Para aceder \u00e0 \u00e1rea de assinante fa\u00e7a login. CORREIO DO VOUGASeman\u00e1rio da Diocese de Aveiro Fundado em 1930 contactos:234 422 746cv@correiodovouga.ptwww.correiodovouga.ptReda\u00e7\u00e3o e administra\u00e7\u00e3o: Rua Batalh\u00e3o Ca\u00e7adores 10, n.\u00ba 81 3810 &#8211; 064 Aveiro PROPRIET\u00c1RIO e EDITOR: Tempo Novo, Multim\u00e9dia \u2014 Edi\u00e7\u00e3o e Venda de Publica\u00e7\u00f5es, Lda.; N.I.P.C.: 504 545 647; ESTATUTO EDITORIAL: www.correiodovouga.pt\/; S\u00f3cio [&hellip;]<\/p>\n","protected":false},"author":1,"featured_media":0,"parent":0,"menu_order":0,"comment_status":"closed","ping_status":"closed","template":"","meta":{"footnotes":""},"class_list":["post-124","page","type-page","status-publish","hentry"],"_links":{"self":[{"href":"https:\/\/diocese-aveiro.pt\/cv\/wp-json\/wp\/v2\/pages\/124","targetHints":{"allow":["GET"]}}],"collection":[{"href":"https:\/\/diocese-aveiro.pt\/cv\/wp-json\/wp\/v2\/pages"}],"about":[{"href":"https:\/\/diocese-aveiro.pt\/cv\/wp-json\/wp\/v2\/types\/page"}],"author":[{"embeddable":true,"href":"https:\/\/diocese-aveiro.pt\/cv\/wp-json\/wp\/v2\/users\/1"}],"replies":[{"embeddable":true,"href":"https:\/\/diocese-aveiro.pt\/cv\/wp-json\/wp\/v2\/comments?post=124"}],"version-history":[{"count":12,"href":"https:\/\/diocese-aveiro.pt\/cv\/wp-json\/wp\/v2\/pages\/124\/revisions"}],"predecessor-version":[{"id":649,"href":"https:\/\/diocese-aveiro.pt\/cv\/wp-json\/wp\/v2\/pages\/124\/revisions\/649"}],"wp:attachment":[{"href":"https:\/\/diocese-aveiro.pt\/cv\/wp-json\/wp\/v2\/media?parent=124"}],"curies":[{"name":"wp","href":"https:\/\/api.w.org\/{rel}","templated":true}]}}