{"id":15303,"date":"2022-12-01T13:56:11","date_gmt":"2022-12-01T13:56:11","guid":{"rendered":"https:\/\/diocese-aveiro.pt\/cultura\/?page_id=15303"},"modified":"2025-01-21T10:51:12","modified_gmt":"2025-01-21T10:51:12","slug":"equipas-composicao","status":"publish","type":"page","link":"https:\/\/diocese-aveiro.pt\/cultura\/a-comissao\/equipas-composicao\/","title":{"rendered":"EQUIPAS &#8211; COMPOSI\u00c7\u00c3O"},"content":{"rendered":"<p style=\"text-align: center;\">Apresentam-se as equipas que constitu\u00edram a Comiss\u00e3o Diocesana da Cultura | Aveiro, desde a sua funda\u00e7\u00e3o, por decreto de D. Ant\u00f3nio Baltasar Marcelino, Bispo de Aveiro, datado de 25 de agosto de 2005.<\/p>\n<p><img loading=\"lazy\" decoding=\"async\" class=\"size-large wp-image-15304 aligncenter\" src=\"https:\/\/diocese-aveiro.pt\/cultura\/wp-content\/uploads\/2022\/12\/Criacao-da-CDCultura-d.-antonio-marcelino-745x1024.jpg\" alt=\"\" width=\"640\" height=\"880\" srcset=\"https:\/\/diocese-aveiro.pt\/cultura\/wp-content\/uploads\/2022\/12\/Criacao-da-CDCultura-d.-antonio-marcelino-745x1024.jpg 745w, https:\/\/diocese-aveiro.pt\/cultura\/wp-content\/uploads\/2022\/12\/Criacao-da-CDCultura-d.-antonio-marcelino-218x300.jpg 218w, https:\/\/diocese-aveiro.pt\/cultura\/wp-content\/uploads\/2022\/12\/Criacao-da-CDCultura-d.-antonio-marcelino-768x1056.jpg 768w, https:\/\/diocese-aveiro.pt\/cultura\/wp-content\/uploads\/2022\/12\/Criacao-da-CDCultura-d.-antonio-marcelino-600x825.jpg 600w, https:\/\/diocese-aveiro.pt\/cultura\/wp-content\/uploads\/2022\/12\/Criacao-da-CDCultura-d.-antonio-marcelino-1117x1536.jpg 1117w, https:\/\/diocese-aveiro.pt\/cultura\/wp-content\/uploads\/2022\/12\/Criacao-da-CDCultura-d.-antonio-marcelino-1489x2048.jpg 1489w, https:\/\/diocese-aveiro.pt\/cultura\/wp-content\/uploads\/2022\/12\/Criacao-da-CDCultura-d.-antonio-marcelino-1320x1815.jpg 1320w, https:\/\/diocese-aveiro.pt\/cultura\/wp-content\/uploads\/2022\/12\/Criacao-da-CDCultura-d.-antonio-marcelino.jpg 1700w\" sizes=\"auto, (max-width: 640px) 100vw, 640px\" \/><\/p>\n","protected":false},"excerpt":{"rendered":"<p>Apresentam-se as equipas<\/p>\n","protected":false},"author":1,"featured_media":0,"parent":5,"menu_order":0,"comment_status":"closed","ping_status":"closed","template":"","meta":{"footnotes":""},"class_list":["post-15303","page","type-page","status-publish","hentry"],"_links":{"self":[{"href":"https:\/\/diocese-aveiro.pt\/cultura\/wp-json\/wp\/v2\/pages\/15303","targetHints":{"allow":["GET"]}}],"collection":[{"href":"https:\/\/diocese-aveiro.pt\/cultura\/wp-json\/wp\/v2\/pages"}],"about":[{"href":"https:\/\/diocese-aveiro.pt\/cultura\/wp-json\/wp\/v2\/types\/page"}],"author":[{"embeddable":true,"href":"https:\/\/diocese-aveiro.pt\/cultura\/wp-json\/wp\/v2\/users\/1"}],"replies":[{"embeddable":true,"href":"https:\/\/diocese-aveiro.pt\/cultura\/wp-json\/wp\/v2\/comments?post=15303"}],"version-history":[{"count":1,"href":"https:\/\/diocese-aveiro.pt\/cultura\/wp-json\/wp\/v2\/pages\/15303\/revisions"}],"predecessor-version":[{"id":15305,"href":"https:\/\/diocese-aveiro.pt\/cultura\/wp-json\/wp\/v2\/pages\/15303\/revisions\/15305"}],"up":[{"embeddable":true,"href":"https:\/\/diocese-aveiro.pt\/cultura\/wp-json\/wp\/v2\/pages\/5"}],"wp:attachment":[{"href":"https:\/\/diocese-aveiro.pt\/cultura\/wp-json\/wp\/v2\/media?parent=15303"}],"curies":[{"name":"wp","href":"https:\/\/api.w.org\/{rel}","templated":true}]}}