{"id":7,"date":"2018-07-11T13:03:56","date_gmt":"2018-07-11T13:03:56","guid":{"rendered":"https:\/\/diocese-aveiro.pt\/cefam\/?page_id=7"},"modified":"2019-06-18T09:58:15","modified_gmt":"2019-06-18T09:58:15","slug":"objetivos","status":"publish","type":"page","link":"https:\/\/diocese-aveiro.pt\/cefam\/objetivos\/","title":{"rendered":"Objetivos"},"content":{"rendered":"<p>DIOCESE DE AVEIRO |\u00a0CENTRO DE FORMA\u00c7\u00c3O D. ANT\u00d3NIO MARCELINO<\/p>\n<p><img loading=\"lazy\" decoding=\"async\" class=\"alignnone size-full wp-image-38\" src=\"https:\/\/diocese-aveiro.pt\/cefam\/wp-content\/uploads\/2018\/07\/site_banner_objetivos.jpg\" alt=\"\" width=\"1200\" height=\"450\" srcset=\"https:\/\/diocese-aveiro.pt\/cefam\/wp-content\/uploads\/2018\/07\/site_banner_objetivos.jpg 1200w, https:\/\/diocese-aveiro.pt\/cefam\/wp-content\/uploads\/2018\/07\/site_banner_objetivos-300x113.jpg 300w, https:\/\/diocese-aveiro.pt\/cefam\/wp-content\/uploads\/2018\/07\/site_banner_objetivos-768x288.jpg 768w, https:\/\/diocese-aveiro.pt\/cefam\/wp-content\/uploads\/2018\/07\/site_banner_objetivos-1024x384.jpg 1024w\" sizes=\"(max-width: 1200px) 100vw, 1200px\" \/><\/p>\n<p style=\"text-align: center;\"><strong>\u2013 OBJETIVOS \u2013<\/strong><\/p>\n<p>O CEFAM pretende<a href=\"#_ftn1\" name=\"_ftnref1\"><sup>[1]<\/sup><\/a>:<\/p>\n<ol>\n<li>Propor um conhecimento org\u00e2nico e sistem\u00e1tico das verdades da f\u00e9;<\/li>\n<li>Possibilitar uma leitura permanente dos sinais dos tempos;<\/li>\n<li>Favorecer a educa\u00e7\u00e3o para a Verdade na Caridade, tendo presente o desenvolvimento harmonioso e integral da pessoa humana;<\/li>\n<li>Proporcionar, nas pessoas, as condi\u00e7\u00f5es para um empenhamento eclesial e responsabilidade social dos crist\u00e3os numa perspetiva de pastoral em convers\u00e3o a partir do cora\u00e7\u00e3o do Evangelho encarnado na vida dos homens;<\/li>\n<li>Dinamizar o di\u00e1logo f\u00e9 e cultura na sociedade na qual se constitui a Diocese de Aveiro.<\/li>\n<\/ol>\n<p><a href=\"#_ftnref1\" name=\"_ftn1\"><sup>[1]<\/sup><\/a> Cf. DIOCESE DE AVEIRO, <em>II S\u00ednodo Diocesano de Aveiro \u2013 1990-1995<\/em>, Diocese de Aveiro, Aveiro 1995, 102; SECRETARIADO DIOCESANO DA EDUCA\u00c7\u00c3O CRIST\u00c3 DA DIOCESE DE AVEIRO, <em>Plano Diocesano de Forma\u00e7\u00e3o B\u00e1sica para Agentes de Pastoral<\/em>, Diocese de Aveiro, Aveiro 2000, 3; FRANCISCO, <em>Exorta\u00e7\u00e3o apost\u00f3lica Evangelii Gaudium (24\/11\/2013)<\/em>, em: <em>AAS CV\/2013<\/em>, 1019-1137. A tradu\u00e7\u00e3o portuguesa usada \u00e9: FRANCISCO, <em>Evangelii Gaudium<\/em>, Paulus, Lisboa 2013.<\/p>\n<p style=\"text-align: center;\">______________________________________________________________________________<\/p>\n","protected":false},"excerpt":{"rendered":"<p>DIOCESE DE AVEIRO |\u00a0CENTRO DE FORMA\u00c7\u00c3O D. ANT\u00d3NIO MARCELINO \u2013 OBJETIVOS \u2013 O CEFAM pretende[1]: Propor um conhecimento org\u00e2nico e sistem\u00e1tico das verdades da f\u00e9; Possibilitar uma leitura permanente dos sinais dos tempos; Favorecer a educa\u00e7\u00e3o para a Verdade na Caridade, tendo presente o desenvolvimento harmonioso e integral da pessoa humana; Proporcionar, nas pessoas, as<\/p><\/div>\n<div class=\"blog-btn\"><a href=\"https:\/\/diocese-aveiro.pt\/cefam\/objetivos\/\" class=\"home-blog-btn\">Ler mais<\/a><\/p>\n","protected":false},"author":1,"featured_media":0,"parent":0,"menu_order":0,"comment_status":"closed","ping_status":"closed","template":"","meta":{"footnotes":""},"class_list":["post-7","page","type-page","status-publish","hentry"],"_links":{"self":[{"href":"https:\/\/diocese-aveiro.pt\/cefam\/wp-json\/wp\/v2\/pages\/7"}],"collection":[{"href":"https:\/\/diocese-aveiro.pt\/cefam\/wp-json\/wp\/v2\/pages"}],"about":[{"href":"https:\/\/diocese-aveiro.pt\/cefam\/wp-json\/wp\/v2\/types\/page"}],"author":[{"embeddable":true,"href":"https:\/\/diocese-aveiro.pt\/cefam\/wp-json\/wp\/v2\/users\/1"}],"replies":[{"embeddable":true,"href":"https:\/\/diocese-aveiro.pt\/cefam\/wp-json\/wp\/v2\/comments?post=7"}],"version-history":[{"count":6,"href":"https:\/\/diocese-aveiro.pt\/cefam\/wp-json\/wp\/v2\/pages\/7\/revisions"}],"predecessor-version":[{"id":132,"href":"https:\/\/diocese-aveiro.pt\/cefam\/wp-json\/wp\/v2\/pages\/7\/revisions\/132"}],"wp:attachment":[{"href":"https:\/\/diocese-aveiro.pt\/cefam\/wp-json\/wp\/v2\/media?parent=7"}],"curies":[{"name":"wp","href":"https:\/\/api.w.org\/{rel}","templated":true}]}}