{"id":457,"date":"2023-10-12T16:33:36","date_gmt":"2023-10-12T16:33:36","guid":{"rendered":"https:\/\/diocese-aveiro.pt\/cefam\/?page_id=457"},"modified":"2023-10-12T16:35:57","modified_gmt":"2023-10-12T16:35:57","slug":"escola-de-ministerios","status":"publish","type":"page","link":"https:\/\/diocese-aveiro.pt\/cefam\/disciplinas\/escola-de-ministerios\/","title":{"rendered":"ESCOLA DE MINIST\u00c9RIOS"},"content":{"rendered":"\n<figure class=\"wp-block-image\"><img loading=\"lazy\" decoding=\"async\" width=\"1024\" height=\"456\" src=\"https:\/\/diocese-aveiro.pt\/cefam\/wp-content\/uploads\/2023\/10\/CEFAM-_ministerios-_banner-1024x456.jpg\" alt=\"\" class=\"wp-image-458\" srcset=\"https:\/\/diocese-aveiro.pt\/cefam\/wp-content\/uploads\/2023\/10\/CEFAM-_ministerios-_banner-1024x456.jpg 1024w, https:\/\/diocese-aveiro.pt\/cefam\/wp-content\/uploads\/2023\/10\/CEFAM-_ministerios-_banner-300x133.jpg 300w, https:\/\/diocese-aveiro.pt\/cefam\/wp-content\/uploads\/2023\/10\/CEFAM-_ministerios-_banner-768x342.jpg 768w\" sizes=\"(max-width: 1024px) 100vw, 1024px\" \/><\/figure>\n\n\n\n<p style=\"text-align:center\" class=\"has-text-color has-vivid-red-color\"><strong>A) UMA FORMA\u00c7\u00c3O EM IGREJA: \u00c2MBITO E OBJETIVO<\/strong><\/p>\n\n\n\n<p>A proposta desta Escola resulta de uma das vertentes das vertentes do CEFAM, respondendo a necessidades formativas dos agentes de pastoral, no \u00e2mbito dos minist\u00e9rios laicais e servi\u00e7os pastorais na vida das comunidades e da Diocese.<\/p>\n\n\n\n<p>Esta Escola e a sua proposta de forma\u00e7\u00e3o inscreve-se num Plano de Forma\u00e7\u00e3o com quatro eixos fundamentais, concretizando uma forma\u00e7\u00e3o mais espec\u00edfica no aprofundamento da f\u00e9 crist\u00e3 e na orienta\u00e7\u00e3o a um minist\u00e9rio ou servi\u00e7o em concreto.<\/p>\n\n\n\n<p style=\"text-align:center\" class=\"has-text-color has-vivid-red-color\"><strong>B) UMA ESCOLA DE DISC\u00cdPULOS-MISSION\u00c1RIOS: METODOLOGIA E CONTE\u00daDOS<\/strong><\/p>\n\n\n\n<p><strong>a. Ano I de forma\u00e7\u00e3o \u2013 Fundamentos<br><\/strong> i. 6 disciplinas fundamentais<\/p>\n\n\n\n<ol class=\"wp-block-list\"><li>Revela\u00e7\u00e3o, F\u00e9 e Tradi\u00e7\u00e3o<\/li><li>Introdu\u00e7\u00e3o \u00e0 B\u00edblia<\/li><li>Jesus Cristo<\/li><li>Igreja e Minist\u00e9rios<\/li><li>Liturgia e espiritualidade<\/li><li>Igreja em sociedade<\/li><\/ol>\n\n\n\n<p>ii. Uma noite por semana ( 90min + 90min)<\/p>\n\n\n\n<p>iii. Um local de leciona\u00e7\u00e3o presencial (Semin\u00e1rio)<br>\ne possibilidade de participa\u00e7\u00e3o arciprestal\/inter-arciprestal online com um tutor<br>\niv. Tr\u00eas trimestres letivos\/ano com 10 aulas em cada<\/p>\n\n\n\n<p>v. Uma jornada de lan\u00e7amento<\/p>\n\n\n\n<p>vi. Um s\u00e1bado de manh\u00e3 no final de cada trimestre para aprofundamento tem\u00e1tico em grupos de partilha ou complemento pr\u00e1tico em par\u00f3quias da diocese.<\/p>\n\n\n\n<p>vii. Um tutor por arciprestado que faz o acompanhamento formativo e espiritual, que ser\u00e1 aquela pessoa que ajudar\u00e1 na integra\u00e7\u00e3o pessoal dos conte\u00fados e da miss\u00e3o a realizar. Acompanha as sess\u00f5es online e participa nas din\u00e2micas do curso.<\/p>\n\n\n\n<p><strong>b. Ano II de forma\u00e7\u00e3o \u2013 Minist\u00e9rios<br><\/strong> i. Um ano de disciplinas\/\u00e1reas espec\u00edficas em fun\u00e7\u00e3o dos minist\u00e9rios e servi\u00e7os (Ainda a estruturar com os secretariados na melhor din\u00e2mica e tempo).<\/p>\n\n\n\n<ol class=\"wp-block-list\"><li>Minist\u00e9rios institu\u00eddos (leitor e ac\u00f3lito)  e servi\u00e7os lit\u00fargicos<\/li><li>Minist\u00e9rio do catequista (institu\u00eddo) e educa\u00e7\u00e3o da f\u00e9<\/li><li>Minist\u00e9rio da caridade e da a\u00e7\u00e3o s\u00f3cio-caritativa<\/li><li>Outros servi\u00e7os no \u00e2mbito da a\u00e7\u00e3o pastoral da Igreja (matrim\u00f3nio e fam\u00edlia, pastoral juvenil, pastoral da cultura, \u2026<\/li><\/ol>\n\n\n\n<p style=\"text-align:center\" class=\"has-text-color has-vivid-red-color\"><strong>C) INSCRI\u00c7\u00c3O E FREQU\u00caNCIA<\/strong><\/p>\n\n\n\n<p> a. Formando indicado por uma par\u00f3quia, movimento, depois de validado pelo Departamento\/Comiss\u00e3o correspondente;<\/p>\n\n\n\n<p><\/p>\n","protected":false},"excerpt":{"rendered":"<p>A) UMA FORMA\u00c7\u00c3O EM IGREJA: \u00c2MBITO E OBJETIVO A proposta desta Escola resulta de uma das vertentes das vertentes do CEFAM, respondendo a necessidades formativas dos agentes de pastoral, no \u00e2mbito dos minist\u00e9rios laicais e servi\u00e7os pastorais na vida das comunidades e da Diocese. Esta Escola e a sua proposta de forma\u00e7\u00e3o inscreve-se num Plano<\/p><\/div>\n<div class=\"blog-btn\"><a href=\"https:\/\/diocese-aveiro.pt\/cefam\/disciplinas\/escola-de-ministerios\/\" class=\"home-blog-btn\">Ler mais<\/a><\/p>\n","protected":false},"author":1,"featured_media":0,"parent":16,"menu_order":0,"comment_status":"closed","ping_status":"closed","template":"","meta":{"footnotes":""},"class_list":["post-457","page","type-page","status-publish","hentry"],"_links":{"self":[{"href":"https:\/\/diocese-aveiro.pt\/cefam\/wp-json\/wp\/v2\/pages\/457"}],"collection":[{"href":"https:\/\/diocese-aveiro.pt\/cefam\/wp-json\/wp\/v2\/pages"}],"about":[{"href":"https:\/\/diocese-aveiro.pt\/cefam\/wp-json\/wp\/v2\/types\/page"}],"author":[{"embeddable":true,"href":"https:\/\/diocese-aveiro.pt\/cefam\/wp-json\/wp\/v2\/users\/1"}],"replies":[{"embeddable":true,"href":"https:\/\/diocese-aveiro.pt\/cefam\/wp-json\/wp\/v2\/comments?post=457"}],"version-history":[{"count":3,"href":"https:\/\/diocese-aveiro.pt\/cefam\/wp-json\/wp\/v2\/pages\/457\/revisions"}],"predecessor-version":[{"id":462,"href":"https:\/\/diocese-aveiro.pt\/cefam\/wp-json\/wp\/v2\/pages\/457\/revisions\/462"}],"up":[{"embeddable":true,"href":"https:\/\/diocese-aveiro.pt\/cefam\/wp-json\/wp\/v2\/pages\/16"}],"wp:attachment":[{"href":"https:\/\/diocese-aveiro.pt\/cefam\/wp-json\/wp\/v2\/media?parent=457"}],"curies":[{"name":"wp","href":"https:\/\/api.w.org\/{rel}","templated":true}]}}