{"id":236,"date":"2020-09-30T16:12:17","date_gmt":"2020-09-30T16:12:17","guid":{"rendered":"https:\/\/diocese-aveiro.pt\/cefam\/?page_id=236"},"modified":"2021-04-08T16:20:17","modified_gmt":"2021-04-08T16:20:17","slug":"aulas-on-line","status":"publish","type":"page","link":"https:\/\/diocese-aveiro.pt\/cefam\/aulas-on-line\/","title":{"rendered":"Aulas on-line"},"content":{"rendered":"\n<p style=\"text-align:center\"><strong>3\u00ba TRIMESTRE<\/strong><\/p>\n\n\n\n<p style=\"text-align:center\"> <strong>Diaconado e a\u00e7\u00e3o pastoral<br>*OBRIGAT\u00d3RIA P\/ CAND. A DI\u00c1CONOS<\/strong><br>D. Ant\u00f3nio Moiteiro<br>quinta-feira, 19.30H-20.15H e 20.20H-21.05H <\/p>\n\n\n\n<p style=\"text-align:center\">Entrar na reuni\u00e3o Zoom: <\/p>\n\n\n\n<p style=\"text-align:center\"><a href=\"https:\/\/zoom.us\/j\/93592390274?pwd=Y0JadTJ5Y0d5aHNlOWI2OHVzZTAvQT09\" target=\"_blank\" rel=\"noreferrer noopener\" aria-label=\"https:\/\/zoom.us\/j\/93592390274?pwd=Y0JadTJ5Y0d5aHNlOWI2OHVzZTAvQT09 (abre num novo separador)\">https:\/\/zoom.us\/j\/93592390274?pwd=Y0JadTJ5Y0d5aHNlOWI2OHVzZTAvQT09<\/a><br> ID da reuni\u00e3o: 935 9239 0274<br> Senha de acesso: 731821<\/p>\n\n\n\n<p> <br><\/p>\n\n\n\n<hr class=\"wp-block-separator\"\/>\n\n\n\n<p style=\"text-align:center\"> <strong>Administra\u00e7\u00e3o paroquial<br><\/strong>Padre Manuel J. Rocha<br>quinta-feira, 21.20H-22.05H e 22.10H-22.55H <\/p>\n\n\n\n<p style=\"text-align:center\">Entrar na reuni\u00e3o Zoom: <\/p>\n\n\n\n<p style=\"text-align:center\"><a href=\"https:\/\/zoom.us\/j\/99207702690?pwd=amZSQjhkMmwwdFVDdzdzc2JRM0N6Zz09\" target=\"_blank\" rel=\"noreferrer noopener\" aria-label=\"https:\/\/zoom.us\/j\/99207702690?pwd=amZSQjhkMmwwdFVDdzdzc2JRM0N6Zz09 (abre num novo separador)\">https:\/\/zoom.us\/j\/99207702690?pwd=amZSQjhkMmwwdFVDdzdzc2JRM0N6Zz09<\/a><br> ID da reuni\u00e3o: 992 0770 2690<br> Senha de acesso: 833660<\/p>\n\n\n\n<p><br><\/p>\n\n\n\n<hr class=\"wp-block-separator\"\/>\n\n\n\n<p style=\"text-align:center\"><strong>Pedagogia e anima\u00e7\u00e3o de grupos<br><\/strong>Padre Lic\u00ednio Cardoso<br>S\u00e1bado, 09.00H-09.45H e 09.50H-10.35H <\/p>\n\n\n\n<p style=\"text-align:center\">Entrar na reuni\u00e3o Zoom: <\/p>\n\n\n\n<p style=\"text-align:center\"><a href=\"https:\/\/zoom.us\/j\/91631305877?pwd=d1ZneFB3YTYzU0hzdythU0FmQnJJZz09\" target=\"_blank\" rel=\"noreferrer noopener\" aria-label=\"https:\/\/zoom.us\/j\/91631305877?pwd=d1ZneFB3YTYzU0hzdythU0FmQnJJZz09\n (abre num novo separador)\">https:\/\/zoom.us\/j\/91631305877?pwd=d1ZneFB3YTYzU0hzdythU0FmQnJJZz09<br><\/a> ID da reuni\u00e3o: 916 3130 5877<br> Senha de acesso: 502135<\/p>\n\n\n\n<hr class=\"wp-block-separator\"\/>\n\n\n\n<p style=\"text-align:center\"> <strong>Antropologia Teol\u00f3gica<br><\/strong>Lu\u00eds Silva<br>S\u00e1bado, 10.50H-11.35H e 11.40H-12.25H <\/p>\n\n\n\n<p style=\"text-align:center\">Entrar na reuni\u00e3o Zoom:  <\/p>\n\n\n\n<p style=\"text-align:center\"><a href=\"https:\/\/zoom.us\/j\/96106570862?pwd=N2pZYTVmWXRvZ0lIcXhoVEdSczFQdz09\" target=\"_blank\" rel=\"noreferrer noopener\" aria-label=\"https:\/\/zoom.us\/j\/96106570862?pwd=N2pZYTVmWXRvZ0lIcXhoVEdSczFQdz09 (abre num novo separador)\">https:\/\/zoom.us\/j\/96106570862?pwd=N2pZYTVmWXRvZ0lIcXhoVEdSczFQdz09<\/a><br> ID da reuni\u00e3o: 961 0657 0862<br> Senha de acesso: 582289<\/p>\n\n\n\n<p><br><\/p>\n\n\n\n<hr class=\"wp-block-separator\"\/>\n","protected":false},"excerpt":{"rendered":"<p>3\u00ba TRIMESTRE Diaconado e a\u00e7\u00e3o pastoral*OBRIGAT\u00d3RIA P\/ CAND. A DI\u00c1CONOSD. Ant\u00f3nio Moiteiroquinta-feira, 19.30H-20.15H e 20.20H-21.05H Entrar na reuni\u00e3o Zoom: https:\/\/zoom.us\/j\/93592390274?pwd=Y0JadTJ5Y0d5aHNlOWI2OHVzZTAvQT09 ID da reuni\u00e3o: 935 9239 0274 Senha de acesso: 731821 Administra\u00e7\u00e3o paroquialPadre Manuel J. Rochaquinta-feira, 21.20H-22.05H e 22.10H-22.55H Entrar na reuni\u00e3o Zoom: https:\/\/zoom.us\/j\/99207702690?pwd=amZSQjhkMmwwdFVDdzdzc2JRM0N6Zz09 ID da reuni\u00e3o: 992 0770 2690 Senha de acesso: 833660 Pedagogia e<\/p><\/div>\n<div class=\"blog-btn\"><a href=\"https:\/\/diocese-aveiro.pt\/cefam\/aulas-on-line\/\" class=\"home-blog-btn\">Ler mais<\/a><\/p>\n","protected":false},"author":1,"featured_media":0,"parent":0,"menu_order":0,"comment_status":"closed","ping_status":"closed","template":"","meta":{"footnotes":""},"class_list":["post-236","page","type-page","status-publish","hentry"],"_links":{"self":[{"href":"https:\/\/diocese-aveiro.pt\/cefam\/wp-json\/wp\/v2\/pages\/236"}],"collection":[{"href":"https:\/\/diocese-aveiro.pt\/cefam\/wp-json\/wp\/v2\/pages"}],"about":[{"href":"https:\/\/diocese-aveiro.pt\/cefam\/wp-json\/wp\/v2\/types\/page"}],"author":[{"embeddable":true,"href":"https:\/\/diocese-aveiro.pt\/cefam\/wp-json\/wp\/v2\/users\/1"}],"replies":[{"embeddable":true,"href":"https:\/\/diocese-aveiro.pt\/cefam\/wp-json\/wp\/v2\/comments?post=236"}],"version-history":[{"count":5,"href":"https:\/\/diocese-aveiro.pt\/cefam\/wp-json\/wp\/v2\/pages\/236\/revisions"}],"predecessor-version":[{"id":340,"href":"https:\/\/diocese-aveiro.pt\/cefam\/wp-json\/wp\/v2\/pages\/236\/revisions\/340"}],"wp:attachment":[{"href":"https:\/\/diocese-aveiro.pt\/cefam\/wp-json\/wp\/v2\/media?parent=236"}],"curies":[{"name":"wp","href":"https:\/\/api.w.org\/{rel}","templated":true}]}}