{"id":217,"date":"2020-09-04T10:35:39","date_gmt":"2020-09-04T10:35:39","guid":{"rendered":"https:\/\/diocese-aveiro.pt\/cefam\/?page_id=217"},"modified":"2021-10-01T11:16:04","modified_gmt":"2021-10-01T11:16:04","slug":"3o-ano-2020-21","status":"publish","type":"page","link":"https:\/\/diocese-aveiro.pt\/cefam\/disciplinas\/1o-ano-2018-2019\/3o-ano-2020-21\/","title":{"rendered":"3\u00ba ANO | 2020-21"},"content":{"rendered":"\n<p style=\"text-align:center\"><strong>1\u00ba TRIMESTRE<\/strong><\/p>\n\n\n\n<p style=\"text-align:center\"><strong>Antigo Testamento II<br><\/strong> Padre Leonel Abrantes<br> quinta-feira, 19.30H-20.15H e 20.20H-21.05H<\/p>\n\n\n\n<p style=\"text-align:center\"><strong>Sacramentos II &#8211; Eucaristia<br><\/strong> Padre Jo\u00e3o Paulo Henriques<br> quinta-feira, 21.20H-22.05H e 22.10H-22.55H<\/p>\n\n\n\n<p style=\"text-align:center\"><strong>Acompanhamento pastoral e discernimento espiritual<br><\/strong> Padre Jo\u00e3o Alves<br> S\u00e1bado, 09.00H-09.45H e 09.50H-10.35H<\/p>\n\n\n\n<p style=\"text-align:center\"><strong>Eclesiologia<br><\/strong> D. Ant\u00f3nio Moiteiro<br> S\u00e1bado, 10.50H-11.35H e 11.40H-12.25H<\/p>\n\n\n\n<hr class=\"wp-block-separator\"\/>\n\n\n\n<p style=\"text-align:center\"><strong>2\u00ba TRIMESTRE<\/strong><\/p>\n\n\n\n<p style=\"text-align:center\"><strong>Moral Crist\u00e3 II<br><\/strong> Padre Jo\u00e3o Santos<br> quinta-feira, 19.30H-20.15H e 20.20H-21.05H<\/p>\n\n\n\n<p style=\"text-align:center\"><strong>Novo Testamento II<br><\/strong> Padre Franclim Pacheco<br> quinta-feira, 21.20H-22.05H e 22.10H-22.55H<\/p>\n\n\n\n<p style=\"text-align:center\"><strong>Hist\u00f3ria da Diocese de Aveiro<\/strong><br> Padre Gustavo Fernandes<br> S\u00e1bado, 09.00H-09.45H e 09.50H-10.35H<\/p>\n\n\n\n<p style=\"text-align:center\"><strong>Teologia do Diaconado<br> *OBRIGAT\u00d3RIA P\/ CAND. A DI\u00c1CONOS<\/strong><br> Padre Jo\u00e3o Alves<br> S\u00e1bado, 10.50H-11.35H e 11.40H-12.25H<\/p>\n\n\n\n<hr class=\"wp-block-separator\"\/>\n\n\n\n<p style=\"text-align:center\"><strong>3\u00ba TRIMESTRE<\/strong><\/p>\n\n\n\n<p style=\"text-align:center\"><strong>Diaconado e a\u00e7\u00e3o pastoral<br> *OBRIGAT\u00d3RIA P\/ CAND. A DI\u00c1CONOS<\/strong><br> D. Ant\u00f3nio Moiteiro<br> quinta-feira, 19.30H-20.15H e 20.20H-21.05H<\/p>\n\n\n\n<p style=\"text-align:center\"><strong>Administra\u00e7\u00e3o paroquial<br><\/strong> Padre Manuel J. Rocha<br> quinta-feira, 21.20H-22.05H e 22.10H-22.55H<\/p>\n\n\n\n<p style=\"text-align:center\"><strong>Pedagogia e anima\u00e7\u00e3o de grupos<br><\/strong> Padre Lic\u00ednio Cardoso<br> S\u00e1bado, 09.00H-09.45H e 09.50H-10.35H<\/p>\n\n\n\n<p style=\"text-align:center\"><strong>Antropologia Teol\u00f3gica<br><\/strong> Dr. Lu\u00eds Silva<br> S\u00e1bado, 10.50H-11.35H e 11.40H-12.25H<\/p>\n\n\n\n<hr class=\"wp-block-separator\"\/>\n\n\n\n<figure class=\"wp-block-image\"><img loading=\"lazy\" decoding=\"async\" width=\"1024\" height=\"58\" src=\"https:\/\/diocese-aveiro.pt\/cefam\/wp-content\/uploads\/2020\/09\/CEFAM_rodape-1024x58.jpg\" alt=\"\" class=\"wp-image-222\" srcset=\"https:\/\/diocese-aveiro.pt\/cefam\/wp-content\/uploads\/2020\/09\/CEFAM_rodape-1024x58.jpg 1024w, https:\/\/diocese-aveiro.pt\/cefam\/wp-content\/uploads\/2020\/09\/CEFAM_rodape-300x17.jpg 300w, https:\/\/diocese-aveiro.pt\/cefam\/wp-content\/uploads\/2020\/09\/CEFAM_rodape-768x43.jpg 768w, https:\/\/diocese-aveiro.pt\/cefam\/wp-content\/uploads\/2020\/09\/CEFAM_rodape.jpg 1512w\" sizes=\"(max-width: 1024px) 100vw, 1024px\" \/><\/figure>\n","protected":false},"excerpt":{"rendered":"<p>1\u00ba TRIMESTRE Antigo Testamento II Padre Leonel Abrantes quinta-feira, 19.30H-20.15H e 20.20H-21.05H Sacramentos II &#8211; Eucaristia Padre Jo\u00e3o Paulo Henriques quinta-feira, 21.20H-22.05H e 22.10H-22.55H Acompanhamento pastoral e discernimento espiritual Padre Jo\u00e3o Alves S\u00e1bado, 09.00H-09.45H e 09.50H-10.35H Eclesiologia D. Ant\u00f3nio Moiteiro S\u00e1bado, 10.50H-11.35H e 11.40H-12.25H 2\u00ba TRIMESTRE Moral Crist\u00e3 II Padre Jo\u00e3o Santos quinta-feira, 19.30H-20.15H e<\/p><\/div>\n<div class=\"blog-btn\"><a href=\"https:\/\/diocese-aveiro.pt\/cefam\/disciplinas\/1o-ano-2018-2019\/3o-ano-2020-21\/\" class=\"home-blog-btn\">Ler mais<\/a><\/p>\n","protected":false},"author":1,"featured_media":0,"parent":18,"menu_order":0,"comment_status":"closed","ping_status":"closed","template":"","meta":{"footnotes":""},"class_list":["post-217","page","type-page","status-publish","hentry"],"_links":{"self":[{"href":"https:\/\/diocese-aveiro.pt\/cefam\/wp-json\/wp\/v2\/pages\/217"}],"collection":[{"href":"https:\/\/diocese-aveiro.pt\/cefam\/wp-json\/wp\/v2\/pages"}],"about":[{"href":"https:\/\/diocese-aveiro.pt\/cefam\/wp-json\/wp\/v2\/types\/page"}],"author":[{"embeddable":true,"href":"https:\/\/diocese-aveiro.pt\/cefam\/wp-json\/wp\/v2\/users\/1"}],"replies":[{"embeddable":true,"href":"https:\/\/diocese-aveiro.pt\/cefam\/wp-json\/wp\/v2\/comments?post=217"}],"version-history":[{"count":5,"href":"https:\/\/diocese-aveiro.pt\/cefam\/wp-json\/wp\/v2\/pages\/217\/revisions"}],"predecessor-version":[{"id":420,"href":"https:\/\/diocese-aveiro.pt\/cefam\/wp-json\/wp\/v2\/pages\/217\/revisions\/420"}],"up":[{"embeddable":true,"href":"https:\/\/diocese-aveiro.pt\/cefam\/wp-json\/wp\/v2\/pages\/18"}],"wp:attachment":[{"href":"https:\/\/diocese-aveiro.pt\/cefam\/wp-json\/wp\/v2\/media?parent=217"}],"curies":[{"name":"wp","href":"https:\/\/api.w.org\/{rel}","templated":true}]}}