{"id":18,"date":"2018-07-11T13:08:10","date_gmt":"2018-07-11T13:08:10","guid":{"rendered":"https:\/\/diocese-aveiro.pt\/cefam\/?page_id=18"},"modified":"2019-06-18T13:54:00","modified_gmt":"2019-06-18T13:54:00","slug":"1o-ano-2018-2019","status":"publish","type":"page","link":"https:\/\/diocese-aveiro.pt\/cefam\/disciplinas\/1o-ano-2018-2019\/","title":{"rendered":"CURSO TEOL\u00d3GICO-PASTORAL"},"content":{"rendered":"<p style=\"text-align: center;\"><strong>\u2013 PROPOSTA \u2013<\/strong><\/p>\n<p>A Diocese de Aveiro disponibiliza, atrav\u00e9s do CENTRO DE FORMA\u00c7\u00c3O D. ANT\u00d3NIO MARCELINO\u00a0 (CEFAM), um curso b\u00e1sico teol\u00f3gico-pastoral, que ir\u00e1 abranger os diversos \u00e2mbitos das ci\u00eancias humanas e teol\u00f3gicas e se enquadra no n\u00edvel m\u00e9dio da forma\u00e7\u00e3o crist\u00e3 e que \u201ctem em vista a forma\u00e7\u00e3o de l\u00edderes paroquiais ou de movimentos, capazes de desempenhar atividades pastorais [\u2026] e aprofundar os elementos fundamentais da f\u00e9 crist\u00e3\u201d (CEP, <em>A Forma\u00e7\u00e3o crist\u00e3 de base dos adultos &#8211; Instru\u00e7\u00e3o Pastoral<\/em>, 18).<\/p>\n<p style=\"text-align: center;\"><strong>\u2013 OBJETIVOS \u2013<\/strong><\/p>\n<p>O curso b\u00e1sico teol\u00f3gico-pastoral tem como objetivos:<\/p>\n<ol>\n<li>Propor um conhecimento org\u00e2nico e sistem\u00e1tico das verdades da f\u00e9;<\/li>\n<li>Possibilitar uma leitura permanente dos sinais dos tempos;<\/li>\n<li>Favorecer a educa\u00e7\u00e3o para a Verdade na Caridade, tendo presente o desenvolvimento harmonioso e integral da pessoa humana;<\/li>\n<li>Proporcionar, nas pessoas, as condi\u00e7\u00f5es para um empenhamento eclesial e responsabilidade social dos crist\u00e3os numa perspetiva de pastoral em convers\u00e3o a partir do cora\u00e7\u00e3o do Evangelho encarnado na vida dos homens;<\/li>\n<li>Dinamizar o di\u00e1logo f\u00e9 e cultura na sociedade na qual se constitui a Diocese de Aveiro.<\/li>\n<\/ol>\n<p style=\"text-align: center;\"><strong>\u2013 DESTINAT\u00c1RIOS \u2013<\/strong><\/p>\n<p>O Centro de forma\u00e7\u00e3o destina-se em primeiro lugar a todos os crist\u00e3os interessados em aprofundar a sua forma\u00e7\u00e3o humano crist\u00e3 e a todos aqueles que s\u00e3o agentes de pastoral e\/ou exercem ou ir\u00e3o exercer algum minist\u00e9rio laical, aos candidatos ao Diaconado permanente e ainda a todos os que, sendo ou n\u00e3o crist\u00e3os, desejam conhecer a vis\u00e3o crist\u00e3 do mundo e do homem.<\/p>\n<p>Podem frequentar o curso b\u00e1sico teol\u00f3gico-pastoral todos os que tenham 18 anos ou mais e respeitem as normas do presente regulamento.<\/p>\n<p>Para os interessados \u00e9 poss\u00edvel ainda a frequ\u00eancia de disciplinas, mesmo\u00a0 que n\u00e3o completando a totalidade do curso.<\/p>\n<hr \/>\n<footer class=\"site-footer\">\n<div class=\"container\">\n<div class=\"row\"><\/div>\n<\/div>\n<\/footer>\n","protected":false},"excerpt":{"rendered":"<p>\u2013 PROPOSTA \u2013 A Diocese de Aveiro disponibiliza, atrav\u00e9s do CENTRO DE FORMA\u00c7\u00c3O D. ANT\u00d3NIO MARCELINO\u00a0 (CEFAM), um curso b\u00e1sico teol\u00f3gico-pastoral, que ir\u00e1 abranger os diversos \u00e2mbitos das ci\u00eancias humanas e teol\u00f3gicas e se enquadra no n\u00edvel m\u00e9dio da forma\u00e7\u00e3o crist\u00e3 e que \u201ctem em vista a forma\u00e7\u00e3o de l\u00edderes paroquiais ou de movimentos, capazes<\/p><\/div>\n<div class=\"blog-btn\"><a href=\"https:\/\/diocese-aveiro.pt\/cefam\/disciplinas\/1o-ano-2018-2019\/\" class=\"home-blog-btn\">Ler mais<\/a><\/p>\n","protected":false},"author":1,"featured_media":0,"parent":16,"menu_order":0,"comment_status":"closed","ping_status":"closed","template":"","meta":{"footnotes":""},"class_list":["post-18","page","type-page","status-publish","hentry"],"_links":{"self":[{"href":"https:\/\/diocese-aveiro.pt\/cefam\/wp-json\/wp\/v2\/pages\/18"}],"collection":[{"href":"https:\/\/diocese-aveiro.pt\/cefam\/wp-json\/wp\/v2\/pages"}],"about":[{"href":"https:\/\/diocese-aveiro.pt\/cefam\/wp-json\/wp\/v2\/types\/page"}],"author":[{"embeddable":true,"href":"https:\/\/diocese-aveiro.pt\/cefam\/wp-json\/wp\/v2\/users\/1"}],"replies":[{"embeddable":true,"href":"https:\/\/diocese-aveiro.pt\/cefam\/wp-json\/wp\/v2\/comments?post=18"}],"version-history":[{"count":11,"href":"https:\/\/diocese-aveiro.pt\/cefam\/wp-json\/wp\/v2\/pages\/18\/revisions"}],"predecessor-version":[{"id":167,"href":"https:\/\/diocese-aveiro.pt\/cefam\/wp-json\/wp\/v2\/pages\/18\/revisions\/167"}],"up":[{"embeddable":true,"href":"https:\/\/diocese-aveiro.pt\/cefam\/wp-json\/wp\/v2\/pages\/16"}],"wp:attachment":[{"href":"https:\/\/diocese-aveiro.pt\/cefam\/wp-json\/wp\/v2\/media?parent=18"}],"curies":[{"name":"wp","href":"https:\/\/api.w.org\/{rel}","templated":true}]}}