{"id":16,"date":"2018-07-11T13:07:34","date_gmt":"2018-07-11T13:07:34","guid":{"rendered":"https:\/\/diocese-aveiro.pt\/cefam\/?page_id=16"},"modified":"2023-10-12T16:26:10","modified_gmt":"2023-10-12T16:26:10","slug":"disciplinas","status":"publish","type":"page","link":"https:\/\/diocese-aveiro.pt\/cefam\/disciplinas\/","title":{"rendered":"Forma\u00e7\u00e3o"},"content":{"rendered":"<p>DIOCESE DE AVEIRO |&nbsp;CENTRO DE FORMA\u00c7\u00c3O D. ANT\u00d3NIO MARCELINO<\/p>\n<p><img loading=\"lazy\" decoding=\"async\" class=\"alignnone size-full wp-image-47\" src=\"https:\/\/diocese-aveiro.pt\/cefam\/wp-content\/uploads\/2018\/07\/site_banner_o-curso.jpg\" alt=\"\" width=\"1200\" height=\"450\" srcset=\"https:\/\/diocese-aveiro.pt\/cefam\/wp-content\/uploads\/2018\/07\/site_banner_o-curso.jpg 1200w, https:\/\/diocese-aveiro.pt\/cefam\/wp-content\/uploads\/2018\/07\/site_banner_o-curso-300x113.jpg 300w, https:\/\/diocese-aveiro.pt\/cefam\/wp-content\/uploads\/2018\/07\/site_banner_o-curso-768x288.jpg 768w, https:\/\/diocese-aveiro.pt\/cefam\/wp-content\/uploads\/2018\/07\/site_banner_o-curso-1024x384.jpg 1024w\" sizes=\"(max-width: 1200px) 100vw, 1200px\" \/><\/p>\n<p>O CEFAM tem em funcionamento o curso b\u00e1sico teol\u00f3gico-pastoral destinado aos candidatos ao diaconado permanente e a todos os crist\u00e3os interessados.<\/p>\n<p>O CEFAM poder\u00e1 orientar outros cursos em sintonia com o plano diocesano de pastoral e as oportunidades formativas das diversas a\u00e7\u00f5es pastorais e servi\u00e7os diocesanos.<\/p>\n<p>Haver\u00e1 ainda a proposta de semin\u00e1rios, orienta\u00e7\u00e3o ao estudo e forma\u00e7\u00e3o humana e espiritual, a definir em cada trimestre quando houver vaga no hor\u00e1rio.<\/p>\n<p style=\"text-align: center;\">______________________________________________________________________________<\/p>\n","protected":false},"excerpt":{"rendered":"<p>DIOCESE DE AVEIRO |&nbsp;CENTRO DE FORMA\u00c7\u00c3O D. ANT\u00d3NIO MARCELINO O CEFAM tem em funcionamento o curso b\u00e1sico teol\u00f3gico-pastoral destinado aos candidatos ao diaconado permanente e a todos os crist\u00e3os interessados. O CEFAM poder\u00e1 orientar outros cursos em sintonia com o plano diocesano de pastoral e as oportunidades formativas das diversas a\u00e7\u00f5es pastorais e servi\u00e7os diocesanos.<\/p><\/div>\n<div class=\"blog-btn\"><a href=\"https:\/\/diocese-aveiro.pt\/cefam\/disciplinas\/\" class=\"home-blog-btn\">Ler mais<\/a><\/p>\n","protected":false},"author":1,"featured_media":0,"parent":0,"menu_order":0,"comment_status":"closed","ping_status":"closed","template":"","meta":{"footnotes":""},"class_list":["post-16","page","type-page","status-publish","hentry"],"_links":{"self":[{"href":"https:\/\/diocese-aveiro.pt\/cefam\/wp-json\/wp\/v2\/pages\/16"}],"collection":[{"href":"https:\/\/diocese-aveiro.pt\/cefam\/wp-json\/wp\/v2\/pages"}],"about":[{"href":"https:\/\/diocese-aveiro.pt\/cefam\/wp-json\/wp\/v2\/types\/page"}],"author":[{"embeddable":true,"href":"https:\/\/diocese-aveiro.pt\/cefam\/wp-json\/wp\/v2\/users\/1"}],"replies":[{"embeddable":true,"href":"https:\/\/diocese-aveiro.pt\/cefam\/wp-json\/wp\/v2\/comments?post=16"}],"version-history":[{"count":12,"href":"https:\/\/diocese-aveiro.pt\/cefam\/wp-json\/wp\/v2\/pages\/16\/revisions"}],"predecessor-version":[{"id":455,"href":"https:\/\/diocese-aveiro.pt\/cefam\/wp-json\/wp\/v2\/pages\/16\/revisions\/455"}],"wp:attachment":[{"href":"https:\/\/diocese-aveiro.pt\/cefam\/wp-json\/wp\/v2\/media?parent=16"}],"curies":[{"name":"wp","href":"https:\/\/api.w.org\/{rel}","templated":true}]}}