{"id":146,"date":"2019-06-18T10:22:46","date_gmt":"2019-06-18T10:22:46","guid":{"rendered":"https:\/\/diocese-aveiro.pt\/cefam\/?page_id=146"},"modified":"2019-06-18T10:49:14","modified_gmt":"2019-06-18T10:49:14","slug":"2o-ano-2019-20","status":"publish","type":"page","link":"https:\/\/diocese-aveiro.pt\/cefam\/disciplinas\/1o-ano-2018-2019\/2o-ano-2019-20\/","title":{"rendered":"2\u00ba ANO | 2019-20"},"content":{"rendered":"\n<p style=\"text-align:center\"><strong>PRIMEIRO TRIMESTRE<\/strong><\/p>\n\n\n\n<p style=\"text-align:center\"><strong>Comunidades eclesiais e minist\u00e9rios<\/strong><br>Padre Francisco Melo<br>Quinta feira \u2013 19.30H-20.15H e 20.20H-21.05H<\/p>\n\n\n\n<p style=\"text-align:center\"><strong>Introdu\u00e7\u00e3o ao Novo Testamento I<\/strong><br>Padre Franclim Pacheco<br>Quinta feira \u2013 21.20H-22.05H e 22.10H-22.55H<\/p>\n\n\n\n<p style=\"text-align:center\"><strong>Teologia e Tradi\u00e7\u00e3o<\/strong><br>Padre Querubim Silva<br>S\u00e1bado \u2013 09.00H-09.45H e 09.50H-10.35H<\/p>\n\n\n\n<p style=\"text-align:center\"><strong>Introdu\u00e7\u00e3o ao Direito<\/strong><br>Padre Pinho Ferreira<br>S\u00e1bado \u2013 10.50H-11.35H e 11.40H-12.25H<\/p>\n\n\n\n<p style=\"text-align:center\"><strong>Calend\u00e1rio:<\/strong><br> 3\/10 e 5\/10<br> 10\/10 e 12\/10<br> 17\/10 e 19\/10<br> 24\/10 e 26\/10<br> 31\/10 e 2\/11<br> 7\/11 e 9\/11<br> 14\/11 e 16\/11<br> 21\/11 e 23\/11<br> 28\/11 e 30\/11<br> 5\/12 e 7\/12<br><strong> Exames:<\/strong><br> 14 e 21\/12<\/p>\n\n\n\n<p style=\"text-align:center\">______________________________________________________________________________________________________<\/p>\n\n\n\n<p style=\"text-align:center\"><strong>SEGUNDO TRIMESTRE<\/strong><\/p>\n\n\n\n<p style=\"text-align:center\"><strong>Teologia da Caridade<\/strong><br>Padre Francisco Melo<br>Quinta feira \u2013 19.30H-20.15H e 20.20H-21.05H<\/p>\n\n\n\n<p style=\"text-align:center\"><strong>Sacramentos III (Cura, Matrim\u00f3nio e Ordem)<\/strong><br>Padre Jos\u00e9 Manuel Pereira<br>Quinta feira \u2013 21.20H-22.05H e 22.10H-22.55H<\/p>\n\n\n\n<p style=\"text-align:center\"><strong>Cristologia<\/strong><br>Padre Jo\u00e3o Alves<br>S\u00e1bado \u2013 09.00H-09.45H e 09.50H-10.35H<\/p>\n\n\n\n<p style=\"text-align:center\"><strong>Direito Sacramental<\/strong><br>Padre Manuel Joaquim Rocha<br>S\u00e1bado \u2013 10.50H-11.35H e 11.40H-12.25H<\/p>\n\n\n\n<p style=\"text-align:center\"><strong>Calend\u00e1rio:<br><\/strong> 2\/01 e 4\/01<br> 9\/01 e 11\/01<br> 16\/01 e 18\/01<br> 23\/01 e 25\/01<br> 30\/01 e 1\/02<br> 6\/02 e 8\/02<br> 13\/02 e 15\/02<br> 20\/02 e 22\/02<br> 27\/02 e 29\/02<br> 5\/03 e 7\/03<br><strong> Exames:<br><\/strong> 14 e 21\/03<\/p>\n\n\n\n<p style=\"text-align:center\">______________________________________________________________________________________________________<\/p>\n\n\n\n<p style=\"text-align:center\"><strong>TERCEIRO TRIMESTRE<\/strong><\/p>\n\n\n\n<p style=\"text-align:center\"><strong>Introdu\u00e7\u00e3o ao Antigo Testamento II<\/strong><br>Padre Jo\u00e3o Paulo Fernandes <br>Quinta feira \u2013 19.30H-20.15H e 20.20H-21.05H<\/p>\n\n\n\n<p style=\"text-align:center\"><strong>Hist\u00f3ria da Diocese de Aveiro<\/strong><br>Padre Francisco Melo<br>Quinta feira \u2013 21.20H-22.05H e 22.10H-22.55H<\/p>\n\n\n\n<p style=\"text-align:center\"><strong>Sacramentos II (Eucaristia)<\/strong><br>Padre Jo\u00e3o Paulo Henriques<br>S\u00e1bado \u2013 09.00H-09.45H e 09.50H-10.35H<\/p>\n\n\n\n<p style=\"text-align:center\"><strong>Eclesiologia<\/strong><br>D. Ant\u00f3nio Moiteiro<br>S\u00e1bado \u2013 10.50H-11.35H e 11.40H-12.25H<\/p>\n\n\n\n<p style=\"text-align:center\"><strong>Calend\u00e1rio:<\/strong><br> 26\/03 e 28\/03<br> 2\/04 e 4\/04<br> 16\/04 e 18\/04<br> 23\/04 e 25\/04<br> 30\/04 e 2\/05<br> 7\/05 e 9\/05<br> 14\/05 e 16\/05<br> 21\/05 e 23\/05<br> 28\/05 e 30\/05<br> 4\/06 e 6\/06<br><strong> Exames:<\/strong><br> 13 e 20\/06<\/p>\n\n\n\n<p style=\"text-align:center\">______________________________________________________________________________________________________<\/p>\n","protected":false},"excerpt":{"rendered":"<p>PRIMEIRO TRIMESTRE Comunidades eclesiais e minist\u00e9riosPadre Francisco MeloQuinta feira \u2013 19.30H-20.15H e 20.20H-21.05H Introdu\u00e7\u00e3o ao Novo Testamento IPadre Franclim PachecoQuinta feira \u2013 21.20H-22.05H e 22.10H-22.55H Teologia e Tradi\u00e7\u00e3oPadre Querubim SilvaS\u00e1bado \u2013 09.00H-09.45H e 09.50H-10.35H Introdu\u00e7\u00e3o ao DireitoPadre Pinho FerreiraS\u00e1bado \u2013 10.50H-11.35H e 11.40H-12.25H Calend\u00e1rio: 3\/10 e 5\/10 10\/10 e 12\/10 17\/10 e 19\/10 24\/10 e<\/p><\/div>\n<div class=\"blog-btn\"><a href=\"https:\/\/diocese-aveiro.pt\/cefam\/disciplinas\/1o-ano-2018-2019\/2o-ano-2019-20\/\" class=\"home-blog-btn\">Ler mais<\/a><\/p>\n","protected":false},"author":1,"featured_media":0,"parent":18,"menu_order":0,"comment_status":"closed","ping_status":"closed","template":"","meta":{"footnotes":""},"class_list":["post-146","page","type-page","status-publish","hentry"],"_links":{"self":[{"href":"https:\/\/diocese-aveiro.pt\/cefam\/wp-json\/wp\/v2\/pages\/146"}],"collection":[{"href":"https:\/\/diocese-aveiro.pt\/cefam\/wp-json\/wp\/v2\/pages"}],"about":[{"href":"https:\/\/diocese-aveiro.pt\/cefam\/wp-json\/wp\/v2\/types\/page"}],"author":[{"embeddable":true,"href":"https:\/\/diocese-aveiro.pt\/cefam\/wp-json\/wp\/v2\/users\/1"}],"replies":[{"embeddable":true,"href":"https:\/\/diocese-aveiro.pt\/cefam\/wp-json\/wp\/v2\/comments?post=146"}],"version-history":[{"count":8,"href":"https:\/\/diocese-aveiro.pt\/cefam\/wp-json\/wp\/v2\/pages\/146\/revisions"}],"predecessor-version":[{"id":158,"href":"https:\/\/diocese-aveiro.pt\/cefam\/wp-json\/wp\/v2\/pages\/146\/revisions\/158"}],"up":[{"embeddable":true,"href":"https:\/\/diocese-aveiro.pt\/cefam\/wp-json\/wp\/v2\/pages\/18"}],"wp:attachment":[{"href":"https:\/\/diocese-aveiro.pt\/cefam\/wp-json\/wp\/v2\/media?parent=146"}],"curies":[{"name":"wp","href":"https:\/\/api.w.org\/{rel}","templated":true}]}}