{"id":12,"date":"2018-07-11T13:06:09","date_gmt":"2018-07-11T13:06:09","guid":{"rendered":"https:\/\/diocese-aveiro.pt\/cefam\/?page_id=12"},"modified":"2019-06-18T10:02:01","modified_gmt":"2019-06-18T10:02:01","slug":"funcionamento","status":"publish","type":"page","link":"https:\/\/diocese-aveiro.pt\/cefam\/funcionamento\/","title":{"rendered":"Funcionamento"},"content":{"rendered":"<p>DIOCESE DE AVEIRO |\u00a0CENTRO DE FORMA\u00c7\u00c3O D. ANT\u00d3NIO MARCELINO<\/p>\n<p><img loading=\"lazy\" decoding=\"async\" class=\"alignnone size-full wp-image-45\" src=\"https:\/\/diocese-aveiro.pt\/cefam\/wp-content\/uploads\/2018\/07\/site_banner_funcionamento.jpg\" alt=\"\" width=\"1200\" height=\"450\" srcset=\"https:\/\/diocese-aveiro.pt\/cefam\/wp-content\/uploads\/2018\/07\/site_banner_funcionamento.jpg 1200w, https:\/\/diocese-aveiro.pt\/cefam\/wp-content\/uploads\/2018\/07\/site_banner_funcionamento-300x113.jpg 300w, https:\/\/diocese-aveiro.pt\/cefam\/wp-content\/uploads\/2018\/07\/site_banner_funcionamento-768x288.jpg 768w, https:\/\/diocese-aveiro.pt\/cefam\/wp-content\/uploads\/2018\/07\/site_banner_funcionamento-1024x384.jpg 1024w\" sizes=\"(max-width: 1200px) 100vw, 1200px\" \/><\/p>\n<p style=\"text-align: center;\"><strong>\u2013 FUNCIONAMENTO \u2013<\/strong><\/p>\n<p>O CEFAM tem regulamento aprovado pelo Bispo diocesano e funcionar\u00e1 sediado na cidade de Aveiro, sem preju\u00edzo de vir a criar polos em outros locais da diocese e\/ou de desenvolver cursos pontuais em outras localiza\u00e7\u00f5es.<\/p>\n<ol>\n<li>O CEFAM \u00e9 dirigido superiormente pelo Bispo diocesano.<\/li>\n<li>S\u00e3o \u00f3rg\u00e3os do CEFAM:<\/li>\n<\/ol>\n<p>a) O diretor da Escola, nomeado por tr\u00eas anos pelo Bispo diocesano e que ter\u00e1 como fun\u00e7\u00e3o a organiza\u00e7\u00e3o e gest\u00e3o;<\/p>\n<p>b) A dire\u00e7\u00e3o da Escola, constitu\u00edda por tr\u00eas membros, incluindo o diretor da escola que a ela presidir\u00e1 e \u00e9 nomeada por tr\u00eas anos pelo Bispo diocesano e que ter\u00e1 como fun\u00e7\u00e3o auxiliar o diretor na organiza\u00e7\u00e3o e gest\u00e3o;<\/p>\n<p>c) O conselho geral de professores constitu\u00eddo por todos os professores que colaboram nos cursos e a\u00e7\u00f5es que o CEFAM desenvolve.<\/p>\n<p>\u00a0 \u00a03. A escolha dos professores \u00e9 da responsabilidade da dire\u00e7\u00e3o.<\/p>\n<p style=\"text-align: center;\">______________________________________________________________________________<\/p>\n\n\n<p><\/p>\n","protected":false},"excerpt":{"rendered":"<p>DIOCESE DE AVEIRO |\u00a0CENTRO DE FORMA\u00c7\u00c3O D. ANT\u00d3NIO MARCELINO \u2013 FUNCIONAMENTO \u2013 O CEFAM tem regulamento aprovado pelo Bispo diocesano e funcionar\u00e1 sediado na cidade de Aveiro, sem preju\u00edzo de vir a criar polos em outros locais da diocese e\/ou de desenvolver cursos pontuais em outras localiza\u00e7\u00f5es. O CEFAM \u00e9 dirigido superiormente pelo Bispo diocesano.<\/p><\/div>\n<div class=\"blog-btn\"><a href=\"https:\/\/diocese-aveiro.pt\/cefam\/funcionamento\/\" class=\"home-blog-btn\">Ler mais<\/a><\/p>\n","protected":false},"author":1,"featured_media":0,"parent":0,"menu_order":0,"comment_status":"closed","ping_status":"closed","template":"","meta":{"footnotes":""},"class_list":["post-12","page","type-page","status-publish","hentry"],"_links":{"self":[{"href":"https:\/\/diocese-aveiro.pt\/cefam\/wp-json\/wp\/v2\/pages\/12"}],"collection":[{"href":"https:\/\/diocese-aveiro.pt\/cefam\/wp-json\/wp\/v2\/pages"}],"about":[{"href":"https:\/\/diocese-aveiro.pt\/cefam\/wp-json\/wp\/v2\/types\/page"}],"author":[{"embeddable":true,"href":"https:\/\/diocese-aveiro.pt\/cefam\/wp-json\/wp\/v2\/users\/1"}],"replies":[{"embeddable":true,"href":"https:\/\/diocese-aveiro.pt\/cefam\/wp-json\/wp\/v2\/comments?post=12"}],"version-history":[{"count":5,"href":"https:\/\/diocese-aveiro.pt\/cefam\/wp-json\/wp\/v2\/pages\/12\/revisions"}],"predecessor-version":[{"id":134,"href":"https:\/\/diocese-aveiro.pt\/cefam\/wp-json\/wp\/v2\/pages\/12\/revisions\/134"}],"wp:attachment":[{"href":"https:\/\/diocese-aveiro.pt\/cefam\/wp-json\/wp\/v2\/media?parent=12"}],"curies":[{"name":"wp","href":"https:\/\/api.w.org\/{rel}","templated":true}]}}