{"id":219,"date":"2022-09-16T10:51:49","date_gmt":"2022-09-16T10:51:49","guid":{"rendered":"https:\/\/diocese-aveiro.pt\/cap\/?page_id=219"},"modified":"2022-09-16T10:51:49","modified_gmt":"2022-09-16T10:51:49","slug":"dcmao-departamento-de-coordenacao-dos-movimentos-associacoes-e-obras","status":"publish","type":"page","link":"https:\/\/diocese-aveiro.pt\/cap\/departamentos\/dcmao-departamento-de-coordenacao-dos-movimentos-associacoes-e-obras\/","title":{"rendered":"DCMAO | Departamento de Coordena\u00e7\u00e3o dos Movimentos, Associa\u00e7\u00f5es e Obras"},"content":{"rendered":"<p>DEPARTAMENTO DE COORDENA\u00c7\u00c3O DOS MOVIMENTOS,<\/p>\n<p>ASSOCIA\u00c7\u00d5ES E OBRAS<\/p>\n","protected":false},"excerpt":{"rendered":"<p>DEPARTAMENTO DE COORDENA\u00c7\u00c3O DOS MOVIMENTOS, ASSOCIA\u00c7\u00d5ES E OBRAS<\/p>\n","protected":false},"author":1,"featured_media":0,"parent":134,"menu_order":20,"comment_status":"closed","ping_status":"closed","template":"","meta":{"_acf_changed":false,"footnotes":""},"class_list":["post-219","page","type-page","status-publish","hentry"],"acf":[],"_links":{"self":[{"href":"https:\/\/diocese-aveiro.pt\/cap\/wp-json\/wp\/v2\/pages\/219","targetHints":{"allow":["GET"]}}],"collection":[{"href":"https:\/\/diocese-aveiro.pt\/cap\/wp-json\/wp\/v2\/pages"}],"about":[{"href":"https:\/\/diocese-aveiro.pt\/cap\/wp-json\/wp\/v2\/types\/page"}],"author":[{"embeddable":true,"href":"https:\/\/diocese-aveiro.pt\/cap\/wp-json\/wp\/v2\/users\/1"}],"replies":[{"embeddable":true,"href":"https:\/\/diocese-aveiro.pt\/cap\/wp-json\/wp\/v2\/comments?post=219"}],"version-history":[{"count":1,"href":"https:\/\/diocese-aveiro.pt\/cap\/wp-json\/wp\/v2\/pages\/219\/revisions"}],"predecessor-version":[{"id":220,"href":"https:\/\/diocese-aveiro.pt\/cap\/wp-json\/wp\/v2\/pages\/219\/revisions\/220"}],"up":[{"embeddable":true,"href":"https:\/\/diocese-aveiro.pt\/cap\/wp-json\/wp\/v2\/pages\/134"}],"wp:attachment":[{"href":"https:\/\/diocese-aveiro.pt\/cap\/wp-json\/wp\/v2\/media?parent=219"}],"curies":[{"name":"wp","href":"https:\/\/api.w.org\/{rel}","templated":true}]}}