{"id":79,"date":"2021-01-08T11:33:39","date_gmt":"2021-01-08T11:33:39","guid":{"rendered":"https:\/\/diocese-aveiro.pt\/beduido\/?page_id=79"},"modified":"2021-01-30T00:34:23","modified_gmt":"2021-01-30T00:34:23","slug":"estatuto-editorial","status":"publish","type":"page","link":"https:\/\/diocese-aveiro.pt\/beduido\/ecos-da-ria\/estatuto-editorial\/","title":{"rendered":"Estatuto Editorial"},"content":{"rendered":"\n\n\nEstatuto Editorial\n\n\n\n\n\n<p style=\"text-align: center;\"><span class=\"has-inline-color has-black-color\"><span style=\"line-height: 1.5;\"><\/span><span style=\"line-height: 1.5;\">Fundado em 10 de \nJaneiro de 1954, \u00abEcos da Ria\u00bb permanece fiel aos seus princ\u00edpios \nb\u00e1sicos que estiveram na sua g\u00e9nese. Assim, a sua conduta e linha de \nrumo ser\u00e1 a seguinte:<\/span><\/span><\/p>\n\n\n\n\n\n<ul><li><span class=\"has-inline-color has-black-color\">&#8211; Quer ser o eco de uma comunidade viva.<\/span><\/li><li><span class=\"has-inline-color has-black-color\">&#8211; Pretende ser a voz dos que n\u00e3o t\u00eam voz.<\/span><\/li><li><span class=\"has-inline-color has-black-color\">&#8211; Pugnar\u00e1 e defender\u00e1 o desenvolvimento integral do ser humano em todas as suas dimens\u00f5es.<\/span><\/li><li><span class=\"has-inline-color has-black-color\">&#8211; N\u00e3o tem pol\u00edtica nem est\u00e1 agrilhoado a nenhum partido politico ou ideologia.<\/span><\/li><li><span class=\"has-inline-color has-black-color\">&#8211; N\u00e3o se compromete com as ambi\u00e7\u00f5es mesquinhas nem tem intuitos comerciais.<\/span><\/li><li><span class=\"has-inline-color has-black-color\">&#8211; Promover\u00e1 e defender\u00e1 os valores crist\u00e3os.<\/span><\/li><li><span class=\"has-inline-color has-black-color\">&#8211; N\u00e3o tem a doen\u00e7a do exagero, opondo-se ao fanatismo intolerante e limitado.<\/span><\/li><li><span class=\"has-inline-color has-black-color\">&#8211; Compromete-se,\n solenemente, a respeitar os princ\u00edpios deontol\u00f3gicos da Impressa e a \n\u00c9tica profissional, de modo a n\u00e3o poder prosseguir apenas fins \ncomerciais, nem abusar da boa-f\u00e9 dos leitores encobrindo ou deturpando a\n informa\u00e7\u00e3o.<\/span><\/li><li><span class=\"has-inline-color has-black-color\">&#8211; Alberga uma pretens\u00e3o: o amor \u00e0 terra e \u00e0 gente que nela trabalha.<\/span><\/li><li><span class=\"has-inline-color has-black-color\">&#8211; Pretende ser um elo de liga\u00e7\u00e3o e comunh\u00e3o entre a terra-m\u00e3e e os filhos espalhados pelo mundo.<\/span><\/li><li><span class=\"has-inline-color has-black-color\">&#8211; Procurar\u00e1 entrar em todos os lares, dos ricos, dos pobres, dos cultos e dos sem cultura, dos crentes e n\u00e3o crentes.<\/span><\/li><\/ul>\n\n\n\n\n<p>Lei de Imprensa, Art. 17 \u00a7 3<\/p>\n\n\n\n<p>Lei n.\u00ba 2\/99 &#8211; Di\u00e1rio da Rep\u00fablica n.\u00ba 10\/1999, S\u00e9rie I-A de 1999-01-13<\/p>\n\n\n\n\n\n","protected":false},"excerpt":{"rendered":"","protected":false},"author":1,"featured_media":0,"parent":47,"menu_order":0,"comment_status":"closed","ping_status":"closed","template":"","meta":{"footnotes":""},"class_list":["post-79","page","type-page","status-publish","hentry"],"_links":{"self":[{"href":"https:\/\/diocese-aveiro.pt\/beduido\/wp-json\/wp\/v2\/pages\/79","targetHints":{"allow":["GET"]}}],"collection":[{"href":"https:\/\/diocese-aveiro.pt\/beduido\/wp-json\/wp\/v2\/pages"}],"about":[{"href":"https:\/\/diocese-aveiro.pt\/beduido\/wp-json\/wp\/v2\/types\/page"}],"author":[{"embeddable":true,"href":"https:\/\/diocese-aveiro.pt\/beduido\/wp-json\/wp\/v2\/users\/1"}],"replies":[{"embeddable":true,"href":"https:\/\/diocese-aveiro.pt\/beduido\/wp-json\/wp\/v2\/comments?post=79"}],"version-history":[{"count":20,"href":"https:\/\/diocese-aveiro.pt\/beduido\/wp-json\/wp\/v2\/pages\/79\/revisions"}],"predecessor-version":[{"id":932,"href":"https:\/\/diocese-aveiro.pt\/beduido\/wp-json\/wp\/v2\/pages\/79\/revisions\/932"}],"up":[{"embeddable":true,"href":"https:\/\/diocese-aveiro.pt\/beduido\/wp-json\/wp\/v2\/pages\/47"}],"wp:attachment":[{"href":"https:\/\/diocese-aveiro.pt\/beduido\/wp-json\/wp\/v2\/media?parent=79"}],"curies":[{"name":"wp","href":"https:\/\/api.w.org\/{rel}","templated":true}]}}