{"id":59,"date":"2021-01-08T11:12:54","date_gmt":"2021-01-08T11:12:54","guid":{"rendered":"https:\/\/diocese-aveiro.pt\/beduido\/?page_id=59"},"modified":"2021-01-29T23:07:27","modified_gmt":"2021-01-29T23:07:27","slug":"irmandades-associacoes-e-comissoes","status":"publish","type":"page","link":"https:\/\/diocese-aveiro.pt\/beduido\/a-paroquia\/irmandades-associacoes-e-comissoes\/","title":{"rendered":"Irmandades, Associa\u00e7\u00f5es e Comiss\u00f5es"},"content":{"rendered":"\n\n\n\n\n\n\n","protected":false},"excerpt":{"rendered":"","protected":false},"author":1,"featured_media":0,"parent":35,"menu_order":0,"comment_status":"closed","ping_status":"closed","template":"","meta":{"footnotes":""},"class_list":["post-59","page","type-page","status-publish","hentry"],"_links":{"self":[{"href":"https:\/\/diocese-aveiro.pt\/beduido\/wp-json\/wp\/v2\/pages\/59","targetHints":{"allow":["GET"]}}],"collection":[{"href":"https:\/\/diocese-aveiro.pt\/beduido\/wp-json\/wp\/v2\/pages"}],"about":[{"href":"https:\/\/diocese-aveiro.pt\/beduido\/wp-json\/wp\/v2\/types\/page"}],"author":[{"embeddable":true,"href":"https:\/\/diocese-aveiro.pt\/beduido\/wp-json\/wp\/v2\/users\/1"}],"replies":[{"embeddable":true,"href":"https:\/\/diocese-aveiro.pt\/beduido\/wp-json\/wp\/v2\/comments?post=59"}],"version-history":[{"count":4,"href":"https:\/\/diocese-aveiro.pt\/beduido\/wp-json\/wp\/v2\/pages\/59\/revisions"}],"predecessor-version":[{"id":870,"href":"https:\/\/diocese-aveiro.pt\/beduido\/wp-json\/wp\/v2\/pages\/59\/revisions\/870"}],"up":[{"embeddable":true,"href":"https:\/\/diocese-aveiro.pt\/beduido\/wp-json\/wp\/v2\/pages\/35"}],"wp:attachment":[{"href":"https:\/\/diocese-aveiro.pt\/beduido\/wp-json\/wp\/v2\/media?parent=59"}],"curies":[{"name":"wp","href":"https:\/\/api.w.org\/{rel}","templated":true}]}}