{"id":40,"date":"2021-01-08T11:07:32","date_gmt":"2021-01-08T11:07:32","guid":{"rendered":"https:\/\/diocese-aveiro.pt\/beduido\/?page_id=40"},"modified":"2022-09-14T22:52:08","modified_gmt":"2022-09-14T22:52:08","slug":"paroco-e-colaborador","status":"publish","type":"page","link":"https:\/\/diocese-aveiro.pt\/beduido\/a-paroquia\/paroco-e-colaborador\/","title":{"rendered":"P\u00e1roco e colaborador"},"content":{"rendered":"\n\n<p><span style=\"font-size: 17px; color: rgb(0, 0, 0);\">Senhor Reitor, Padre Jo\u00e3o Paulo Soares Henriques<\/span><span style=\"font-size: 17px;\"><\/span><\/p>\n\n\n\n\n\n\n\n\n\n<h1 style=\"text-align: center;\">Nomea\u00e7\u00f5es 2018|19<\/h1><p><\/p><p><br><\/p><p><\/p><p><a href=\"http:\/\/www.diocese-aveiro.pt\/v2\/?attachment_id=17061\" rel=\"attachment wp-att-17061\"><img loading=\"lazy\" decoding=\"async\" src=\"http:\/\/www.diocese-aveiro.pt\/v2\/wp-content\/uploads\/2018\/07\/banner-com-paroquias.jpg\" alt=\"\" width=\"960\" height=\"340\" srcset=\"https:\/\/www.diocese-aveiro.pt\/v2\/wp-content\/uploads\/2018\/07\/banner-com-paroquias.jpg 960w, https:\/\/www.diocese-aveiro.pt\/v2\/wp-content\/uploads\/2018\/07\/banner-com-paroquias-300x106.jpg 300w, https:\/\/www.diocese-aveiro.pt\/v2\/wp-content\/uploads\/2018\/07\/banner-com-paroquias-768x272.jpg 768w, https:\/\/www.diocese-aveiro.pt\/v2\/wp-content\/uploads\/2018\/07\/banner-com-paroquias-148x52.jpg 148w, https:\/\/www.diocese-aveiro.pt\/v2\/wp-content\/uploads\/2018\/07\/banner-com-paroquias-31x11.jpg 31w, https:\/\/www.diocese-aveiro.pt\/v2\/wp-content\/uploads\/2018\/07\/banner-com-paroquias-38x13.jpg 38w, https:\/\/www.diocese-aveiro.pt\/v2\/wp-content\/uploads\/2018\/07\/banner-com-paroquias-425x151.jpg 425w\" sizes=\"auto, (max-width: 960px) 100vw, 960px\"><\/a><\/p><p><strong>Nomea\u00e7\u00f5es para o ano pastoral de 2018-2019<\/strong><\/p><p>O Conc\u00edlio Vaticano II ensina que a diocese \u00e9 a por\u00e7\u00e3o do povo de Deus confiada a um bispo para a apascentar, com a coopera\u00e7\u00e3o do presbit\u00e9rio, unida ao seu pastor e por ele congregada no Esp\u00edrito Santo, pelo Evangelho e pela Eucaristia, na qual est\u00e1 presente e operante a Igreja de Cristo (cf. CD 11).<br>No final deste ano pastoral e fruto da escassez de voca\u00e7\u00f5es de consagra\u00e7\u00e3o, v\u00e1rios sacerdotes religiosos deixaram o trabalho pastoral que vinham realizando com muita dedica\u00e7\u00e3o e generosidade.<br>Agrade\u00e7o em nome da Diocese todo o bem realizado e pedimos a Deus que os cumule com a sua gra\u00e7a nas novas miss\u00f5es que v\u00e3o assumir. Da mesma forma, n\u00e3o podemos esquecer os que, por motivos de sa\u00fade ou de idade, n\u00e3o podem continuar a assumir os encargos pastorais que at\u00e9 agora desempenhavam. A todos agradecemos do fundo do cora\u00e7\u00e3o.<br>A diminui\u00e7\u00e3o de sacerdotes no presbit\u00e9rio deve ser ocasi\u00e3o para todos nos empenharmos na renova\u00e7\u00e3o pastoral das comunidades crist\u00e3s, sendo necess\u00e1rias novas atitudes e novos h\u00e1bitos para respondermos aos desafios que se colocam \u00e0 Igreja no di\u00e1logo com a sociedade moderna, tal como afirma o Papa Francisco: \u00abA comunidade crist\u00e3 \u00e9 chamada a criar aquele espa\u00e7o teologal onde se pode experimentar a presen\u00e7a m\u00edstica do Senhor ressuscitado. Partilhar a Palavra e celebrar juntos a Eucaristia torna-nos mais irm\u00e3os e vai-nos transformando pouco a pouco em comunidade santa e mission\u00e1ria\u00bb (Alegrai-vos e Exultai, 142).<\/p><p><em>Tendo presente o bem da Diocese e de todas as comunidades, e depois de ter ouvido algumas inst\u00e2ncias diocesanas, em di\u00e1logo com todos os nomeados, hei por bem proceder \u00e0s seguintes nomea\u00e7\u00f5es:<\/em><\/p>&nbsp;<p><strong>1. Secretariados Diocesanos<\/strong><br><strong>Secretariado Diocesano da Educa\u00e7\u00e3o Crist\u00e3<\/strong><br>Dr. S\u00e9rgio Manuel de Jesus Martins<br><strong>Secretariado Diocesano de Liturgia<\/strong><br>P. Nuno Duarte da Silva Queir\u00f3s<br><strong>Secretariado Diocesano de Pastoral S\u00f3cio-Caritativa<\/strong><br>P. Jo\u00e3o Gon\u00e7alves<br><strong>Secretariado Diocesano da Pastoral Familiar<\/strong><br>P. Ab\u00edlio Manuel Ferreira Ara\u00fajo<\/p>&nbsp;<p><strong>2. Arciprestes<\/strong><br><strong>\u00c1gueda<\/strong>&nbsp;\u2013 P. Jos\u00e9 Lu\u00eds Sousa Pimenta<br><strong>Albergaria-a-Velha<\/strong>&nbsp;\u2013 P. Querubim Jos\u00e9 Pereira da Silva<br><strong>Anadia<\/strong>&nbsp;\u2013 P. Vitor Manuel Nunes Espadilha<br><strong>Aveiro<\/strong>&nbsp;\u2013 P. Lu\u00eds Manuel Barbosa de Oliveira<br><strong>Estarreja\/Murtosa<\/strong>&nbsp;\u2013 P. J\u00falio Franclim do Couto e Pacheco<br><em>&nbsp; &nbsp; &nbsp; &nbsp; &nbsp; &nbsp; &nbsp; &nbsp; &nbsp; &nbsp; &nbsp; &nbsp; &nbsp; &nbsp; &nbsp; &nbsp; &nbsp; &nbsp; &nbsp; &nbsp; &nbsp; &nbsp; Vice-Arcipreste:<\/em>&nbsp;P. Ab\u00edlio Manuel Ferreira Ara\u00fajo<br><strong>\u00cdlhavo<\/strong>&nbsp;\u2013 P. Ant\u00f3nio de Almeida Cruz<br><strong>Oliveira do Bairro<\/strong>&nbsp;\u2013 P. Manuel M\u00e1rio Ferreira<br><strong>Sever do Vouga<\/strong>&nbsp;\u2013 P. Jos\u00e9 Carlos da Silva Lopes<br><strong>Vagos<\/strong>&nbsp;\u2013 P. Fernando Lacerda Ferros<\/p>&nbsp;<p><strong>3. P\u00e1rocos<\/strong><br><strong>P. \u00c2ngelo Manuel Pereira da Silva<\/strong>&nbsp;\u2013 Colaborador Pastoral da Par\u00f3quia de S\u00e3o Salvador de \u00cdlhavo, acumulando com as par\u00f3quias da Barra e Costa Nova.<br><strong>P. Fernando Lacerda Ferros<\/strong>&nbsp;\u2013 Vig\u00e1rio paroquial da Par\u00f3quia de Calv\u00e3o, no arciprestado de Vagos, acumulando com as par\u00f3quias de Santo Andr\u00e9 de Vagos e Gafanha da Boa Hora.<br><strong>P. Gustavo Andr\u00e9 da Silva Fernandes<\/strong>&nbsp;\u2013 P\u00e1roco da Gafanha do Carmo e Colaborador Pastoral da Par\u00f3quia de S\u00e3o Salvador de \u00cdlhavo, acumulando com os servi\u00e7os pastorais anteriores.<br><strong>P. H\u00e9lder Manuel Ruivo Gon\u00e7alves<\/strong>&nbsp;\u2013 P\u00e1roco de Oliveirinha, acumulando com a par\u00f3quia de Requeixo, no arciprestado de Aveiro.<br><strong>P. Ivanil Jos\u00e9 Portela<\/strong>&nbsp;\u2013 P\u00e1roco de Ponte de Vagos, Cov\u00e3o de Lobo e Santa Catarina, no arciprestado de Vagos.<br><strong>P. Jo\u00e3o Paulo Soares Henriques<\/strong>&nbsp;\u2013 P\u00e1roco de Bedu\u00eddo, no arciprestado de Estarreja-Murtosa.<br><strong>P. Jos\u00e9 Augusto Pinho Nunes<\/strong>&nbsp;\u2013 P\u00e1roco de Vagos e Administrador Paroquial de Ouca, no arciprestado de Vagos.<br><strong>P. Nuno Duarte da Silva Queir\u00f3s<\/strong>&nbsp;\u2013 P\u00e1roco de Fonte de Ange\u00e3o, no arciprestado de Vagos, acumulando com os servi\u00e7os pastorais anteriores.<br><strong>P. Virg\u00edlio Susana e Maia<\/strong>&nbsp;\u2013 P\u00e1roco de Sever do Vouga e Paradela, no arciprestado de Sever do Vouga.<\/p><p><em>A Diocese de Aveiro agradece aos sacerdotes&nbsp;<strong>P. Ant\u00f3nio Fragoso Tavares<\/strong>&nbsp;e&nbsp;<strong>P. Manuel Ant\u00f3nio Carvalhais<\/strong>, dispensados por raz\u00f5es de sa\u00fade das par\u00f3quias de Bedu\u00eddo e de Vagos, toda a dedica\u00e7\u00e3o prestada nas v\u00e1rias miss\u00f5es que lhe foram encomendadas.<\/em><\/p><p><em>Agradecemos, igualmente, aos mission\u00e1rios combonianos<strong>&nbsp;P. Ant\u00f3nio Apar\u00edcio Cardoso<\/strong>&nbsp;e&nbsp;<strong>P. Joaquim de Sousa Pereira<\/strong>, ao sacerdote da Sociedade da Boa Nova&nbsp;<strong>P. Fernando Sim\u00f5es de Carvalho e Silva<\/strong>&nbsp;e ao sacerdote do Caminho Neo-Catecumenal&nbsp;<strong>P. Alberto Guir\u00e3o Gomariz<\/strong>&nbsp;toda a dedica\u00e7\u00e3o e generosidade colocadas nas v\u00e1rias miss\u00f5es que lhes foram confiadas na nossa Diocese<\/em>.<\/p>&nbsp;<p><strong>4. Di\u00e1conos<\/strong><br><strong>Di\u00e1c. Jorge Manuel dos Santos Gon\u00e7alves<\/strong>&nbsp;\u2013 Colaborador Pastoral da Par\u00f3quia da Gl\u00f3ria, no arciprestado de Aveiro.<br><strong>Di\u00e1c. Pedro Rafael Ara\u00fajo Oliveira<\/strong>&nbsp;\u2013 Colaborador Pastoral das par\u00f3quias da Unidade Pastoral de \u00c1gueda: \u00c1gueda, Borralha, Castanheira, Macieira de Alcoba e Pr\u00e9stimo, no arciprestado de \u00c1gueda.<br><strong>Di\u00e1c. Permanente Afonso Diniz Dias<\/strong>&nbsp;\u2013 Colaborador Pastoral das Par\u00f3quias de Macinhata do Vouga e Valongo do Vouga, no arciprestado de \u00c1gueda e dispensado dos servi\u00e7os prestados na Casa Sacerdotal.<\/p>&nbsp;<p><strong>5. Outros servi\u00e7os eclesiais<\/strong><br><strong>P. Manuel Pinho Ferreira<\/strong>&nbsp;\u2013 Promotor de Justi\u00e7a da Diocese.<br><strong>P. Jo\u00e3o Miguel Ara\u00fajo Alves<\/strong>&nbsp;\u2013 Assistente Eclesi\u00e1stico da JOC e ACEGE.<br><strong>P. Leonel Abrantes Santiago<\/strong>&nbsp;\u2013 Coordena\u00e7\u00e3o do Servi\u00e7o das Voca\u00e7\u00f5es, Acolhimento e Forma\u00e7\u00e3o Espiritual.<br><strong>P. Francisco Jos\u00e9 Rodrigues de Melo<\/strong>&nbsp;\u2013 Diretor do Centro de Forma\u00e7\u00e3o D. Ant\u00f3nio Marcelino (CEFAM).<br><strong>P. Pedro Miguel Vieira Barros<\/strong>&nbsp;\u2013 Licenciatura em Direito Can\u00f3nico, na Universidade Pontif\u00edcia de Salamanca.<br><strong>P. Manuel Martins Sim\u00f5es Melo<\/strong>&nbsp;\u2013 Licenciatura em Direito Can\u00f3nico, na Universidade Cat\u00f3lica Portuguesa.<br><strong>P. Nicolau Claro Miranda Barroqueiro<\/strong>&nbsp;\u2013 Curso de atualiza\u00e7\u00e3o teol\u00f3gica na Universidade Pontif\u00edcia de Salamanca.<\/p>&nbsp;<p><strong>6. Conselho Presbiteral<\/strong><br><strong>Presidente:<\/strong><br>Bispo Diocesano<br><strong>Membros de of\u00edcio:<\/strong><br>P. Manuel Joaquim Estev\u00e3o da Rocha (Vig\u00e1rio Geral)<br>P. Jo\u00e3o Marques Ferreira dos Santos (Reitor do Semin\u00e1rio)<br>P. Alberto Nestor Rodrigues Sobral (Chanceler da C\u00faria)<br>P. Ab\u00edlio Manuel Ferreira Ara\u00fajo (SDPF)<br>P. Nuno Duarte da Silva Queir\u00f3s (SDL)<br>P. Jo\u00e3o Gon\u00e7alves (SDPSC)<br>P. Jos\u00e9 Manuel Marques Pereira (Delegado do Diaconado Permanente)<br>P. Leonel Abrantes Santiago (SDEC)<br>P. Lic\u00ednio Manuel Figueiredo Cardoso (Coordenador Pastoral)<br><strong>Membros eleitos:<\/strong><br>P. Jos\u00e9 Lu\u00eds Sousa Pimenta (Arciprestado de \u00c1gueda)<br>P. Querubim Jos\u00e9 Pereira da Silva (Arciprestado de Albergaria-A-Velha)<br>P. Vitor Manuel Nunes Espadilha (Arciprestado de Anadia)<br>P. Lu\u00eds Manuel Barbosa de Oliveira (Arciprestado de Aveiro)<br>P. J\u00falio Franclim do Couto e Pacheco (Arciprestado de Estarreja \u2013 Murtosa)<br>P. Ant\u00f3nio de Almeida Cruz (Arciprestado de \u00cdlhavo)<br>P. Manuel M\u00e1rio Ferreira (Arciprestado de Oliveira do Bairro)<br>P. Jos\u00e9 Carlos da Silva Lopes (Arciprestado de Sever do Vouga)<br>P. P. Fernando Lacerda Ferros (Arciprestado de Vagos)<br>P. Armando Batista da Silva (Religiosos)<br><strong>Designa\u00e7\u00e3o do Bispo:<\/strong><br>Mons. Jo\u00e3o Gon\u00e7alves Gaspar<br>P. Georgino Rocha<br>P. Fausto Ara\u00fajo de Oliveira<br>P. Francisco Jos\u00e9 Rodrigues de Melo<br>P. Joaquim Martins<\/p><p>N.B.<br><em>Os arciprestes tomar\u00e3o posse na primeira reuni\u00e3o do Conselho Arciprestal no dia 12-9-2018.<\/em><br><em>Os arciprestados de Estarreja e Murtosa formam, a partir de agora, um \u00fanico arciprestado com o nome Estarreja-Murtosa.<\/em><br><em>As tomadas de posse ser\u00e3o coordenadas com os respetivos arciprestes e dever\u00e3o ocorrer at\u00e9 ao fim de setembro.<\/em><\/p>&nbsp;<p>Aveiro, 31 de julho de 2018 (Mem\u00f3ria de S. In\u00e1cio de Loiola))<br>+ Ant\u00f3nio Manuel Moiteiro Ramos, Bispo de Aveiro.<\/p>\n\n\n","protected":false},"excerpt":{"rendered":"","protected":false},"author":1,"featured_media":0,"parent":35,"menu_order":0,"comment_status":"closed","ping_status":"closed","template":"","meta":{"footnotes":""},"class_list":["post-40","page","type-page","status-publish","hentry"],"_links":{"self":[{"href":"https:\/\/diocese-aveiro.pt\/beduido\/wp-json\/wp\/v2\/pages\/40","targetHints":{"allow":["GET"]}}],"collection":[{"href":"https:\/\/diocese-aveiro.pt\/beduido\/wp-json\/wp\/v2\/pages"}],"about":[{"href":"https:\/\/diocese-aveiro.pt\/beduido\/wp-json\/wp\/v2\/types\/page"}],"author":[{"embeddable":true,"href":"https:\/\/diocese-aveiro.pt\/beduido\/wp-json\/wp\/v2\/users\/1"}],"replies":[{"embeddable":true,"href":"https:\/\/diocese-aveiro.pt\/beduido\/wp-json\/wp\/v2\/comments?post=40"}],"version-history":[{"count":7,"href":"https:\/\/diocese-aveiro.pt\/beduido\/wp-json\/wp\/v2\/pages\/40\/revisions"}],"predecessor-version":[{"id":1428,"href":"https:\/\/diocese-aveiro.pt\/beduido\/wp-json\/wp\/v2\/pages\/40\/revisions\/1428"}],"up":[{"embeddable":true,"href":"https:\/\/diocese-aveiro.pt\/beduido\/wp-json\/wp\/v2\/pages\/35"}],"wp:attachment":[{"href":"https:\/\/diocese-aveiro.pt\/beduido\/wp-json\/wp\/v2\/media?parent=40"}],"curies":[{"name":"wp","href":"https:\/\/api.w.org\/{rel}","templated":true}]}}