{"id":38,"date":"2021-01-08T11:07:14","date_gmt":"2021-01-08T11:07:14","guid":{"rendered":"https:\/\/diocese-aveiro.pt\/beduido\/?page_id=38"},"modified":"2021-01-09T12:30:26","modified_gmt":"2021-01-09T12:30:26","slug":"apresentacao","status":"publish","type":"page","link":"https:\/\/diocese-aveiro.pt\/beduido\/a-paroquia\/apresentacao\/","title":{"rendered":"Apresenta\u00e7\u00e3o"},"content":{"rendered":"\n\n\n\n\n\n\n&#8212; P\u00e1gina em Constru\u00e7\u00e3o &#8212;\n\n\n","protected":false},"excerpt":{"rendered":"","protected":false},"author":1,"featured_media":0,"parent":35,"menu_order":0,"comment_status":"closed","ping_status":"closed","template":"","meta":{"footnotes":""},"class_list":["post-38","page","type-page","status-publish","hentry"],"_links":{"self":[{"href":"https:\/\/diocese-aveiro.pt\/beduido\/wp-json\/wp\/v2\/pages\/38","targetHints":{"allow":["GET"]}}],"collection":[{"href":"https:\/\/diocese-aveiro.pt\/beduido\/wp-json\/wp\/v2\/pages"}],"about":[{"href":"https:\/\/diocese-aveiro.pt\/beduido\/wp-json\/wp\/v2\/types\/page"}],"author":[{"embeddable":true,"href":"https:\/\/diocese-aveiro.pt\/beduido\/wp-json\/wp\/v2\/users\/1"}],"replies":[{"embeddable":true,"href":"https:\/\/diocese-aveiro.pt\/beduido\/wp-json\/wp\/v2\/comments?post=38"}],"version-history":[{"count":3,"href":"https:\/\/diocese-aveiro.pt\/beduido\/wp-json\/wp\/v2\/pages\/38\/revisions"}],"predecessor-version":[{"id":410,"href":"https:\/\/diocese-aveiro.pt\/beduido\/wp-json\/wp\/v2\/pages\/38\/revisions\/410"}],"up":[{"embeddable":true,"href":"https:\/\/diocese-aveiro.pt\/beduido\/wp-json\/wp\/v2\/pages\/35"}],"wp:attachment":[{"href":"https:\/\/diocese-aveiro.pt\/beduido\/wp-json\/wp\/v2\/media?parent=38"}],"curies":[{"name":"wp","href":"https:\/\/api.w.org\/{rel}","templated":true}]}}