{"id":299,"date":"2021-01-08T15:41:43","date_gmt":"2021-01-08T15:41:43","guid":{"rendered":"https:\/\/diocese-aveiro.pt\/beduido\/?page_id=299"},"modified":"2021-02-02T19:51:03","modified_gmt":"2021-02-02T19:51:03","slug":"reconciliacao","status":"publish","type":"page","link":"https:\/\/diocese-aveiro.pt\/beduido\/sacramentos\/reconciliacao\/","title":{"rendered":"Reconcilia\u00e7\u00e3o"},"content":{"rendered":"\n\n\nP\u00e1gina em constru\u00e7\u00e3o\n\n\n\n\n\n\n\n<p style=\"text-align: center; \"><span style=\"font-size: 17px; color: rgb(255, 255, 255);\">\u00abJogo\u00bb<\/span><\/p><p style=\"text-align: center; \"><span style=\"font-size: 17px; color: rgb(255, 255, 255);\">Desafio 0&nbsp;<\/span><\/p><p style=\"text-align: center; \"><span style=\"font-size: 17px; color: rgb(255, 255, 255);\">Pista 1 de 2<\/span><\/p>\n\n\n\n\n\n","protected":false},"excerpt":{"rendered":"","protected":false},"author":1,"featured_media":0,"parent":193,"menu_order":0,"comment_status":"closed","ping_status":"closed","template":"","meta":{"footnotes":""},"class_list":["post-299","page","type-page","status-publish","hentry"],"_links":{"self":[{"href":"https:\/\/diocese-aveiro.pt\/beduido\/wp-json\/wp\/v2\/pages\/299","targetHints":{"allow":["GET"]}}],"collection":[{"href":"https:\/\/diocese-aveiro.pt\/beduido\/wp-json\/wp\/v2\/pages"}],"about":[{"href":"https:\/\/diocese-aveiro.pt\/beduido\/wp-json\/wp\/v2\/types\/page"}],"author":[{"embeddable":true,"href":"https:\/\/diocese-aveiro.pt\/beduido\/wp-json\/wp\/v2\/users\/1"}],"replies":[{"embeddable":true,"href":"https:\/\/diocese-aveiro.pt\/beduido\/wp-json\/wp\/v2\/comments?post=299"}],"version-history":[{"count":9,"href":"https:\/\/diocese-aveiro.pt\/beduido\/wp-json\/wp\/v2\/pages\/299\/revisions"}],"predecessor-version":[{"id":967,"href":"https:\/\/diocese-aveiro.pt\/beduido\/wp-json\/wp\/v2\/pages\/299\/revisions\/967"}],"up":[{"embeddable":true,"href":"https:\/\/diocese-aveiro.pt\/beduido\/wp-json\/wp\/v2\/pages\/193"}],"wp:attachment":[{"href":"https:\/\/diocese-aveiro.pt\/beduido\/wp-json\/wp\/v2\/media?parent=299"}],"curies":[{"name":"wp","href":"https:\/\/api.w.org\/{rel}","templated":true}]}}