{"id":293,"date":"2021-01-08T15:40:23","date_gmt":"2021-01-08T15:40:23","guid":{"rendered":"https:\/\/diocese-aveiro.pt\/beduido\/?page_id=293"},"modified":"2021-03-13T20:01:02","modified_gmt":"2021-03-13T20:01:02","slug":"intencoes-particulares","status":"publish","type":"page","link":"https:\/\/diocese-aveiro.pt\/beduido\/sacramentos\/eucaristia\/intencoes-particulares\/","title":{"rendered":"Inten\u00e7\u00f5es particulares"},"content":{"rendered":"\n\n<span style=\"color: rgb(0, 0, 0);\"><\/span><p><span style=\"font-size: 17px;\"><span style=\"font-size: 19px; color: rgb(0, 0, 0);\"><\/span><span style=\"line-height: 2; color: rgb(0, 0, 0);\"><span style=\"font-size: 19px;\">Na Par\u00f3quia de S\u00e3o Tiago de Bedu\u00eddo aceitam-se pedidos de inten\u00e7\u00f5es particulares para as missas de ter\u00e7a a sexta-feira \u00e0s 19h, s\u00e1bado \u00e0s 17h e \u00e0s 19h, e para a missa de Domingo \u00e0s 08h.<\/span><\/span><\/span><\/p><span style=\"font-size: 17px;\"><span style=\"line-height: 2; color: rgb(0, 0, 0);\"><span style=\"font-size: 19px;\"><br><\/span><\/span><\/span><p><span style=\"font-size: 17px;\"><span style=\"line-height: 2; color: rgb(0, 0, 0);\"><span style=\"font-size: 19px;\">Para fazer o seu pedido poder\u00e1 dirigir-se \u00e0 Secretaria da Paroquia, contactar-nos por telefone (234 842 822 \/ 925 510 981) ou por email&nbsp;<a href=\"mailto:paroquia.beduido.etr@gmail.com\" style=\"text-decoration: none; transition: color 0.3s, background-color 0.3s; margin-bottom: 0px;\">paroquia.beduido.etr@gmail.com<\/a>&nbsp;e solicitar a marca\u00e7\u00e3o da inten\u00e7\u00e3o.<\/span><\/span><\/span><\/p><span style=\"font-size: 17px;\"><span style=\"line-height: 2; color: rgb(0, 0, 0);\"><span style=\"font-size: 19px;\"><br><\/span><\/span><\/span><p><span style=\"font-size: 17px;\"><span style=\"line-height: 2; color: rgb(0, 0, 0);\"><span style=\"font-size: 19px;\">Associado ao pedido est\u00e1 previsto o <a href=\"https:\/\/diocese-aveiro.pt\/beduido\/a-paroquia\/donativos\/\">emolumento no valor de 10\u20ac<\/a>. Contudo, ningu\u00e9m deixe de solicitar o seu pedido mesmo que n\u00e3o tenha possibilidade de dar qualquer oferta.<\/span><\/span><span style=\"font-size: 19px;\"><\/span><\/span><\/p><span style=\"color: rgb(0, 0, 0);\"><\/span>\n\n\n\n\n\n\n","protected":false},"excerpt":{"rendered":"","protected":false},"author":1,"featured_media":0,"parent":289,"menu_order":0,"comment_status":"closed","ping_status":"closed","template":"","meta":{"footnotes":""},"class_list":["post-293","page","type-page","status-publish","hentry"],"_links":{"self":[{"href":"https:\/\/diocese-aveiro.pt\/beduido\/wp-json\/wp\/v2\/pages\/293","targetHints":{"allow":["GET"]}}],"collection":[{"href":"https:\/\/diocese-aveiro.pt\/beduido\/wp-json\/wp\/v2\/pages"}],"about":[{"href":"https:\/\/diocese-aveiro.pt\/beduido\/wp-json\/wp\/v2\/types\/page"}],"author":[{"embeddable":true,"href":"https:\/\/diocese-aveiro.pt\/beduido\/wp-json\/wp\/v2\/users\/1"}],"replies":[{"embeddable":true,"href":"https:\/\/diocese-aveiro.pt\/beduido\/wp-json\/wp\/v2\/comments?post=293"}],"version-history":[{"count":9,"href":"https:\/\/diocese-aveiro.pt\/beduido\/wp-json\/wp\/v2\/pages\/293\/revisions"}],"predecessor-version":[{"id":1214,"href":"https:\/\/diocese-aveiro.pt\/beduido\/wp-json\/wp\/v2\/pages\/293\/revisions\/1214"}],"up":[{"embeddable":true,"href":"https:\/\/diocese-aveiro.pt\/beduido\/wp-json\/wp\/v2\/pages\/289"}],"wp:attachment":[{"href":"https:\/\/diocese-aveiro.pt\/beduido\/wp-json\/wp\/v2\/media?parent=293"}],"curies":[{"name":"wp","href":"https:\/\/api.w.org\/{rel}","templated":true}]}}