{"id":258,"date":"2021-01-08T15:32:14","date_gmt":"2021-01-08T15:32:14","guid":{"rendered":"https:\/\/diocese-aveiro.pt\/beduido\/?page_id=258"},"modified":"2021-01-28T23:49:39","modified_gmt":"2021-01-28T23:49:39","slug":"devocao-dos-primeiros-sabados","status":"publish","type":"page","link":"https:\/\/diocese-aveiro.pt\/beduido\/oracao\/devocao-dos-primeiros-sabados\/","title":{"rendered":"Devo\u00e7\u00e3o dos primeiros s\u00e1bados"},"content":{"rendered":"\n\n\nP\u00e1gina em constru\u00e7\u00e3o\n\n\n\n\n\n\n\n","protected":false},"excerpt":{"rendered":"","protected":false},"author":1,"featured_media":0,"parent":196,"menu_order":0,"comment_status":"closed","ping_status":"closed","template":"","meta":{"footnotes":""},"class_list":["post-258","page","type-page","status-publish","hentry"],"_links":{"self":[{"href":"https:\/\/diocese-aveiro.pt\/beduido\/wp-json\/wp\/v2\/pages\/258","targetHints":{"allow":["GET"]}}],"collection":[{"href":"https:\/\/diocese-aveiro.pt\/beduido\/wp-json\/wp\/v2\/pages"}],"about":[{"href":"https:\/\/diocese-aveiro.pt\/beduido\/wp-json\/wp\/v2\/types\/page"}],"author":[{"embeddable":true,"href":"https:\/\/diocese-aveiro.pt\/beduido\/wp-json\/wp\/v2\/users\/1"}],"replies":[{"embeddable":true,"href":"https:\/\/diocese-aveiro.pt\/beduido\/wp-json\/wp\/v2\/comments?post=258"}],"version-history":[{"count":4,"href":"https:\/\/diocese-aveiro.pt\/beduido\/wp-json\/wp\/v2\/pages\/258\/revisions"}],"predecessor-version":[{"id":797,"href":"https:\/\/diocese-aveiro.pt\/beduido\/wp-json\/wp\/v2\/pages\/258\/revisions\/797"}],"up":[{"embeddable":true,"href":"https:\/\/diocese-aveiro.pt\/beduido\/wp-json\/wp\/v2\/pages\/196"}],"wp:attachment":[{"href":"https:\/\/diocese-aveiro.pt\/beduido\/wp-json\/wp\/v2\/media?parent=258"}],"curies":[{"name":"wp","href":"https:\/\/api.w.org\/{rel}","templated":true}]}}