{"id":256,"date":"2021-01-08T15:31:57","date_gmt":"2021-01-08T15:31:57","guid":{"rendered":"https:\/\/diocese-aveiro.pt\/beduido\/?page_id=256"},"modified":"2021-05-05T09:37:47","modified_gmt":"2021-05-05T09:37:47","slug":"lectio-divina","status":"publish","type":"page","link":"https:\/\/diocese-aveiro.pt\/beduido\/oracao\/lectio-divina\/","title":{"rendered":"Lectio Divina"},"content":{"rendered":"\n\n\nP\u00e1gina em constru\u00e7\u00e3o\n\n<p><span style=\"color: rgb(0, 0, 0); font-size: 17px;\">Dia 19 de Maio marcamos encontro, via Zoom.<\/span><\/p>\n\n\n\n\n\n\n\n\n\n","protected":false},"excerpt":{"rendered":"","protected":false},"author":1,"featured_media":0,"parent":196,"menu_order":0,"comment_status":"closed","ping_status":"closed","template":"","meta":{"footnotes":""},"class_list":["post-256","page","type-page","status-publish","hentry"],"_links":{"self":[{"href":"https:\/\/diocese-aveiro.pt\/beduido\/wp-json\/wp\/v2\/pages\/256","targetHints":{"allow":["GET"]}}],"collection":[{"href":"https:\/\/diocese-aveiro.pt\/beduido\/wp-json\/wp\/v2\/pages"}],"about":[{"href":"https:\/\/diocese-aveiro.pt\/beduido\/wp-json\/wp\/v2\/types\/page"}],"author":[{"embeddable":true,"href":"https:\/\/diocese-aveiro.pt\/beduido\/wp-json\/wp\/v2\/users\/1"}],"replies":[{"embeddable":true,"href":"https:\/\/diocese-aveiro.pt\/beduido\/wp-json\/wp\/v2\/comments?post=256"}],"version-history":[{"count":13,"href":"https:\/\/diocese-aveiro.pt\/beduido\/wp-json\/wp\/v2\/pages\/256\/revisions"}],"predecessor-version":[{"id":1305,"href":"https:\/\/diocese-aveiro.pt\/beduido\/wp-json\/wp\/v2\/pages\/256\/revisions\/1305"}],"up":[{"embeddable":true,"href":"https:\/\/diocese-aveiro.pt\/beduido\/wp-json\/wp\/v2\/pages\/196"}],"wp:attachment":[{"href":"https:\/\/diocese-aveiro.pt\/beduido\/wp-json\/wp\/v2\/media?parent=256"}],"curies":[{"name":"wp","href":"https:\/\/api.w.org\/{rel}","templated":true}]}}