{"id":118,"date":"2021-01-08T11:43:33","date_gmt":"2021-01-08T11:43:33","guid":{"rendered":"https:\/\/diocese-aveiro.pt\/beduido\/?page_id=118"},"modified":"2021-02-08T16:09:23","modified_gmt":"2021-02-08T16:09:23","slug":"novas-assinaturas","status":"publish","type":"page","link":"https:\/\/diocese-aveiro.pt\/beduido\/ecos-da-ria\/novas-assinaturas\/","title":{"rendered":"Novas assinaturas"},"content":{"rendered":"\n\n\n\n\n\n\n\n\n<p style=\"text-align: center; \"><span style=\"color: rgb(0, 0, 0); font-size: 20px;\">Os dados recolhidos ser\u00e3o processados informaticamente e destinam-se \u00e0 gest\u00e3o da sua assinatura. Garantimos ao assinante, nos termos da Lei, o direito de acesso, rectifica\u00e7\u00e3o e elimina\u00e7\u00e3o dos seus dados.<\/span><\/p>\n\n\n\n\n\n","protected":false},"excerpt":{"rendered":"","protected":false},"author":1,"featured_media":0,"parent":47,"menu_order":0,"comment_status":"closed","ping_status":"closed","template":"","meta":{"footnotes":""},"class_list":["post-118","page","type-page","status-publish","hentry"],"_links":{"self":[{"href":"https:\/\/diocese-aveiro.pt\/beduido\/wp-json\/wp\/v2\/pages\/118","targetHints":{"allow":["GET"]}}],"collection":[{"href":"https:\/\/diocese-aveiro.pt\/beduido\/wp-json\/wp\/v2\/pages"}],"about":[{"href":"https:\/\/diocese-aveiro.pt\/beduido\/wp-json\/wp\/v2\/types\/page"}],"author":[{"embeddable":true,"href":"https:\/\/diocese-aveiro.pt\/beduido\/wp-json\/wp\/v2\/users\/1"}],"replies":[{"embeddable":true,"href":"https:\/\/diocese-aveiro.pt\/beduido\/wp-json\/wp\/v2\/comments?post=118"}],"version-history":[{"count":38,"href":"https:\/\/diocese-aveiro.pt\/beduido\/wp-json\/wp\/v2\/pages\/118\/revisions"}],"predecessor-version":[{"id":973,"href":"https:\/\/diocese-aveiro.pt\/beduido\/wp-json\/wp\/v2\/pages\/118\/revisions\/973"}],"up":[{"embeddable":true,"href":"https:\/\/diocese-aveiro.pt\/beduido\/wp-json\/wp\/v2\/pages\/47"}],"wp:attachment":[{"href":"https:\/\/diocese-aveiro.pt\/beduido\/wp-json\/wp\/v2\/media?parent=118"}],"curies":[{"name":"wp","href":"https:\/\/api.w.org\/{rel}","templated":true}]}}