{"id":83,"date":"2020-11-24T16:19:48","date_gmt":"2020-11-24T16:19:48","guid":{"rendered":"https:\/\/diocese-aveiro.pt\/acaosocial\/?page_id=83"},"modified":"2025-07-08T09:07:02","modified_gmt":"2025-07-08T09:07:02","slug":"centro-social-paroquial-da-gafanha-da-encarnacao","status":"publish","type":"page","link":"https:\/\/diocese-aveiro.pt\/acaosocial\/centro-social-paroquial-da-gafanha-da-encarnacao\/","title":{"rendered":"Centro Social Paroquial da Gafanha da Encarna\u00e7\u00e3o"},"content":{"rendered":"\n<figure class=\"wp-block-image size-large\"><img loading=\"lazy\" decoding=\"async\" width=\"1024\" height=\"404\" src=\"https:\/\/diocese-aveiro.pt\/acaosocial\/wp-content\/uploads\/2020\/11\/gafenc-1024x404.jpg\" alt=\"\" class=\"wp-image-87\" srcset=\"https:\/\/diocese-aveiro.pt\/acaosocial\/wp-content\/uploads\/2020\/11\/gafenc-1024x404.jpg 1024w, https:\/\/diocese-aveiro.pt\/acaosocial\/wp-content\/uploads\/2020\/11\/gafenc-300x118.jpg 300w, https:\/\/diocese-aveiro.pt\/acaosocial\/wp-content\/uploads\/2020\/11\/gafenc-768x303.jpg 768w, https:\/\/diocese-aveiro.pt\/acaosocial\/wp-content\/uploads\/2020\/11\/gafenc-1536x605.jpg 1536w, https:\/\/diocese-aveiro.pt\/acaosocial\/wp-content\/uploads\/2020\/11\/gafenc-2048x807.jpg 2048w, https:\/\/diocese-aveiro.pt\/acaosocial\/wp-content\/uploads\/2020\/11\/gafenc-830x327.jpg 830w, https:\/\/diocese-aveiro.pt\/acaosocial\/wp-content\/uploads\/2020\/11\/gafenc-230x91.jpg 230w\" sizes=\"auto, (max-width: 1024px) 100vw, 1024px\" \/><\/figure>\n\n\n\n<p class=\"has-text-align-center\">Institui\u00e7\u00e3o &#8211; 25-06-1987<br>Rua do Padre Ant\u00f3nio Diogo n.\u00ba 104 \u2013 3830-516 Gafanha da Encarna\u00e7\u00e3o<br>telefone: 234 082 316 &#8211; 938 796 829<br>e-mail: cspgenc@live.com.pt<\/p>\n\n\n\n<hr class=\"wp-block-separator\"\/>\n\n\n\n<p class=\"has-text-align-center\"><strong>Relat\u00f3rios e contas<\/strong><\/p>\n\n\n\n<p class=\"has-text-align-center\">2024 &#8211; <a href=\"https:\/\/diocese-aveiro.pt\/acaosocial\/wp-content\/uploads\/2025\/07\/GAFEncarnacao2024.pdf\">link<\/a><\/p>\n\n\n\n<p class=\"has-text-align-center\"><strong>2023<\/strong><\/p>\n\n\n\n<p class=\"has-text-align-center\"><a href=\"https:\/\/diocese-aveiro.pt\/acaosocial\/wp-content\/uploads\/2024\/11\/SC203_-1.pdf\" target=\"_blank\" rel=\"noreferrer noopener\" aria-label=\"ficheiro #01 (abre num novo separador)\">ficheiro #01<\/a> | <a href=\"https:\/\/diocese-aveiro.pt\/acaosocial\/wp-content\/uploads\/2024\/11\/SC203_-2.pdf\">ficheiro #02 <\/a>| <a href=\"https:\/\/diocese-aveiro.pt\/acaosocial\/wp-content\/uploads\/2024\/11\/SC203_-3.pdf\" target=\"_blank\" rel=\"noreferrer noopener\" aria-label=\"ficheiro #03 (abre num novo separador)\">ficheiro #03<\/a><\/p>\n\n\n\n<p class=\"has-text-align-center\"><strong>anos anteriores:<\/strong><\/p>\n\n\n\n<p class=\"has-text-align-center\"><a href=\"https:\/\/diocese-aveiro.pt\/acaosocial\/wp-content\/uploads\/2023\/05\/RC_2022-_Gafanha_da_Encarnacao.pdf\" target=\"_blank\" rel=\"noreferrer noopener\" aria-label=\"2022 (abre num novo separador)\">2022<\/a><\/p>\n\n\n\n<p class=\"has-text-align-center\"><a rel=\"noreferrer noopener\" aria-label=\"2021 (abre num novo separador)\" href=\"https:\/\/diocese-aveiro.pt\/acaosocial\/wp-content\/uploads\/2022\/06\/2021-_gafencarnacao.pdf\" target=\"_blank\">2021<\/a><br><a rel=\"noreferrer noopener\" aria-label=\"2020 (abre num novo separador)\" href=\"https:\/\/diocese-aveiro.pt\/acaosocial\/wp-content\/uploads\/2021\/05\/gafanha_encarnacao_2020.pdf\" target=\"_blank\">2020<\/a><br><a rel=\"noreferrer noopener\" aria-label=\"2019 (abre num novo separador)\" href=\"https:\/\/diocese-aveiro.pt\/acaosocial\/wp-content\/uploads\/2020\/11\/GEncarnacao_RC_2019.pdf\" target=\"_blank\">2019<\/a><br><a rel=\"noreferrer noopener\" aria-label=\"2018 (abre num novo separador)\" href=\"https:\/\/diocese-aveiro.pt\/acaosocial\/wp-content\/uploads\/2020\/11\/GEncarnacao_RC_2018.pdf\" target=\"_blank\">2018<\/a><br><a rel=\"noreferrer noopener\" aria-label=\"2017 (abre num novo separador)\" href=\"https:\/\/diocese-aveiro.pt\/acaosocial\/wp-content\/uploads\/2020\/11\/GEncarnacao_RC_2017.pdf\" target=\"_blank\">2017<\/a><\/p>\n\n\n\n<hr class=\"wp-block-separator\"\/>\n","protected":false},"excerpt":{"rendered":"<p>Institui\u00e7\u00e3o &#8211; 25-06-1987Rua do Padre Ant\u00f3nio Diogo n.\u00ba 104 \u2013 3830-516 Gafanha da Encarna\u00e7\u00e3otelefone: 234 082 316 &#8211; 938 796 829e-mail: cspgenc@live.com.pt Relat\u00f3rios e contas 2024 &#8211; link 2023 ficheiro #01 | ficheiro #02 | ficheiro #03 anos anteriores: 2022 20212020201920182017<\/p>\n","protected":false},"author":1,"featured_media":0,"parent":0,"menu_order":0,"comment_status":"closed","ping_status":"closed","template":"","meta":{"footnotes":""},"class_list":["post-83","page","type-page","status-publish","hentry"],"_links":{"self":[{"href":"https:\/\/diocese-aveiro.pt\/acaosocial\/wp-json\/wp\/v2\/pages\/83","targetHints":{"allow":["GET"]}}],"collection":[{"href":"https:\/\/diocese-aveiro.pt\/acaosocial\/wp-json\/wp\/v2\/pages"}],"about":[{"href":"https:\/\/diocese-aveiro.pt\/acaosocial\/wp-json\/wp\/v2\/types\/page"}],"author":[{"embeddable":true,"href":"https:\/\/diocese-aveiro.pt\/acaosocial\/wp-json\/wp\/v2\/users\/1"}],"replies":[{"embeddable":true,"href":"https:\/\/diocese-aveiro.pt\/acaosocial\/wp-json\/wp\/v2\/comments?post=83"}],"version-history":[{"count":15,"href":"https:\/\/diocese-aveiro.pt\/acaosocial\/wp-json\/wp\/v2\/pages\/83\/revisions"}],"predecessor-version":[{"id":232,"href":"https:\/\/diocese-aveiro.pt\/acaosocial\/wp-json\/wp\/v2\/pages\/83\/revisions\/232"}],"wp:attachment":[{"href":"https:\/\/diocese-aveiro.pt\/acaosocial\/wp-json\/wp\/v2\/media?parent=83"}],"curies":[{"name":"wp","href":"https:\/\/api.w.org\/{rel}","templated":true}]}}