{"id":72,"date":"2020-11-09T11:26:55","date_gmt":"2020-11-09T11:26:55","guid":{"rendered":"https:\/\/diocese-aveiro.pt\/acaosocial\/?page_id=72"},"modified":"2025-07-28T13:40:04","modified_gmt":"2025-07-28T13:40:04","slug":"santo-antonio-de-vagos","status":"publish","type":"page","link":"https:\/\/diocese-aveiro.pt\/acaosocial\/santo-antonio-de-vagos\/","title":{"rendered":"Santo Ant\u00f3nio de Vagos"},"content":{"rendered":"\n<div class=\"wp-block-image\"><figure class=\"aligncenter size-large is-resized\"><img loading=\"lazy\" decoding=\"async\" src=\"https:\/\/diocese-aveiro.pt\/acaosocial\/wp-content\/uploads\/2020\/11\/image001.png\" alt=\"\" class=\"wp-image-73\" width=\"580\" height=\"116\" srcset=\"https:\/\/diocese-aveiro.pt\/acaosocial\/wp-content\/uploads\/2020\/11\/image001.png 500w, https:\/\/diocese-aveiro.pt\/acaosocial\/wp-content\/uploads\/2020\/11\/image001-300x60.png 300w, https:\/\/diocese-aveiro.pt\/acaosocial\/wp-content\/uploads\/2020\/11\/image001-230x46.png 230w\" sizes=\"auto, (max-width: 580px) 100vw, 580px\" \/><\/figure><\/div>\n\n\n\n<p class=\"has-text-color has-text-align-center has-very-dark-gray-color\">Institui\u00e7\u00e3o &#8211; 17-10-1977<br>Rua do Padre Manuel Creoulo, 27 \u2013 3840-502 Santo Ant\u00f3nio de Vagos<br>telefone: 234 794 782<br>e-mail: geral.cspsantonio@diocese-aveiro.pt<\/p>\n\n\n\n<p class=\"has-text-color has-background has-text-align-center has-very-light-gray-color has-luminous-vivid-orange-background-color\">DEMONSTRA\u00c7\u00d5ES FINANCEIRAS<\/p>\n\n\n\n<p class=\"has-text-align-center\"><a href=\"https:\/\/diocese-aveiro.pt\/acaosocial\/wp-content\/uploads\/2025\/07\/anexo2024_STA.pdf\">Ano 2024<\/a><\/p>\n\n\n\n<hr class=\"wp-block-separator\"\/>\n\n\n\n<p class=\"has-text-align-center\"><a href=\"https:\/\/drive.google.com\/file\/d\/1jbEVQWUdNY45vxxSAi7E7x0vjHtOK71I\/view?usp=sharing\">Ano 2023<\/a><\/p>\n\n\n\n<hr class=\"wp-block-separator\"\/>\n\n\n\n<p class=\"has-text-align-center\"><a href=\"https:\/\/diocese-aveiro.pt\/acaosocial\/wp-content\/uploads\/2023\/06\/santoantonio_2022.pdf\">Ano 2022<\/a><\/p>\n\n\n\n<hr class=\"wp-block-separator\"\/>\n\n\n\n<p class=\"has-text-align-center\"><strong><a href=\"https:\/\/diocese-aveiro.pt\/acaosocial\/wp-content\/uploads\/2024\/09\/CSStoAntonio_2021.pdf\" target=\"_blank\" rel=\"noreferrer noopener\" aria-label=\"Ano 2021 (abre num novo separador)\">Ano 2021<\/a><\/strong><\/p>\n\n\n\n<hr class=\"wp-block-separator\"\/>\n\n\n\n<p class=\"has-text-align-center\"><strong>Ano 2020<br><\/strong><a href=\"https:\/\/diocese-aveiro.pt\/acaosocial\/wp-content\/uploads\/2021\/07\/anexo2020.pdf\" target=\"_blank\" rel=\"noreferrer noopener\" aria-label=\"Demonstra\u00e7\u00f5es financeiras\n (abre num novo separador)\">Demonstra\u00e7\u00f5es financeiras<br><\/a><a href=\"https:\/\/diocese-aveiro.pt\/acaosocial\/wp-content\/uploads\/2021\/07\/balanco2020.pdf\" target=\"_blank\" rel=\"noreferrer noopener\" aria-label=\"Balan\u00e7o (abre num novo separador)\">Balan\u00e7o<\/a><br><a href=\"https:\/\/diocese-aveiro.pt\/acaosocial\/wp-content\/uploads\/2021\/07\/drn.pdf\" target=\"_blank\" rel=\"noreferrer noopener\" aria-label=\"Demonstra\u00e7\u00e3o de resultados por natureza (abre num novo separador)\">Demonstra\u00e7\u00e3o de resultados por natureza<\/a><\/p>\n\n\n\n<hr class=\"wp-block-separator\"\/>\n\n\n\n<p class=\"has-text-align-center\"><a href=\"https:\/\/diocese-aveiro.pt\/acaosocial\/wp-content\/uploads\/2020\/11\/2019.pdf\" target=\"_blank\" rel=\"noreferrer noopener\" aria-label=\"Ano 2019 (abre num novo separador)\">Ano 2019<\/a><\/p>\n\n\n\n<hr class=\"wp-block-separator\"\/>\n\n\n\n<p class=\"has-text-align-center\"><strong><a href=\"https:\/\/diocese-aveiro.pt\/acaosocial\/wp-content\/uploads\/2022\/02\/ANO_2018.pdf\" target=\"_blank\" rel=\"noreferrer noopener\" aria-label=\"Ano 2018 (abre num novo separador)\">Ano 2018<\/a><\/strong><\/p>\n\n\n\n<hr class=\"wp-block-separator\"\/>\n\n\n\n<p class=\"has-text-align-center\"><strong><a href=\"https:\/\/diocese-aveiro.pt\/acaosocial\/wp-content\/uploads\/2022\/03\/StoAntonioVagos_2017.pdf\" target=\"_blank\" rel=\"noreferrer noopener\" aria-label=\"Ano 2017 (abre num novo separador)\">Ano 2017<\/a><\/strong><\/p>\n\n\n\n<hr class=\"wp-block-separator\"\/>\n","protected":false},"excerpt":{"rendered":"<p>Institui\u00e7\u00e3o &#8211; 17-10-1977Rua do Padre Manuel Creoulo, 27 \u2013 3840-502 Santo Ant\u00f3nio de Vagostelefone: 234 794 782e-mail: geral.cspsantonio@diocese-aveiro.pt DEMONSTRA\u00c7\u00d5ES FINANCEIRAS Ano 2024 Ano 2023 Ano 2022 Ano 2021 Ano 2020Demonstra\u00e7\u00f5es financeirasBalan\u00e7oDemonstra\u00e7\u00e3o de resultados por natureza Ano 2019 Ano 2018 Ano 2017<\/p>\n","protected":false},"author":1,"featured_media":0,"parent":0,"menu_order":0,"comment_status":"closed","ping_status":"closed","template":"","meta":{"footnotes":""},"class_list":["post-72","page","type-page","status-publish","hentry"],"_links":{"self":[{"href":"https:\/\/diocese-aveiro.pt\/acaosocial\/wp-json\/wp\/v2\/pages\/72","targetHints":{"allow":["GET"]}}],"collection":[{"href":"https:\/\/diocese-aveiro.pt\/acaosocial\/wp-json\/wp\/v2\/pages"}],"about":[{"href":"https:\/\/diocese-aveiro.pt\/acaosocial\/wp-json\/wp\/v2\/types\/page"}],"author":[{"embeddable":true,"href":"https:\/\/diocese-aveiro.pt\/acaosocial\/wp-json\/wp\/v2\/users\/1"}],"replies":[{"embeddable":true,"href":"https:\/\/diocese-aveiro.pt\/acaosocial\/wp-json\/wp\/v2\/comments?post=72"}],"version-history":[{"count":15,"href":"https:\/\/diocese-aveiro.pt\/acaosocial\/wp-json\/wp\/v2\/pages\/72\/revisions"}],"predecessor-version":[{"id":240,"href":"https:\/\/diocese-aveiro.pt\/acaosocial\/wp-json\/wp\/v2\/pages\/72\/revisions\/240"}],"wp:attachment":[{"href":"https:\/\/diocese-aveiro.pt\/acaosocial\/wp-json\/wp\/v2\/media?parent=72"}],"curies":[{"name":"wp","href":"https:\/\/api.w.org\/{rel}","templated":true}]}}