{"id":5,"date":"2020-03-02T10:24:38","date_gmt":"2020-03-02T10:24:38","guid":{"rendered":"https:\/\/diocese-aveiro.pt\/acaosocial\/?page_id=5"},"modified":"2020-03-02T13:45:25","modified_gmt":"2020-03-02T13:45:25","slug":"caritas-diocesana-de-aveiro","status":"publish","type":"page","link":"https:\/\/diocese-aveiro.pt\/acaosocial\/caritas-diocesana-de-aveiro\/","title":{"rendered":"C\u00c1RITAS DIOCESANA DE AVEIRO"},"content":{"rendered":"\n<p> &#8211; desde 1956<br> Sede: Rua do Carmo, 42 \u2013 3800-127 Aveiro<br> Telefone: 234 377 260<br> E-mail: aveiro@caritas.pt; direcao.aveiro@caritas.pt<br> www.caritas.pt\/aveiro<br> Presidente \u2013 Di\u00e1c. Jos\u00e9 Ferreira Alves<br> Assistente \u2013 P. Jo\u00e3o Gon\u00e7alves<\/p>\n\n\n\n<p>Centro de Acolhimento de Emerg\u00eancia Infantil<br>\nRua do Viso, 28 \u2013 Esgueira \u2013 3800-374 Aveiro<br>\nTelefone: 234 314 144<\/p>\n\n\n\n<p>Centro de Alojamento Tempor\u00e1rio<br>\nRua do Carmo, 42 \u2013 3800-127 Aveiro<br>\nTelefone: 234 377 260<\/p>\n\n\n\n<p>Sector da Luta contra o Alcoolismo<br>\nDi\u00e1c. Diamantino Neves Murteiro<\/p>\n\n\n\n<hr class=\"wp-block-separator\"\/>\n","protected":false},"excerpt":{"rendered":"<p>&#8211; desde 1956 Sede: Rua do Carmo, 42 \u2013 3800-127 Aveiro Telefone: 234 377 260 E-mail: aveiro@caritas.pt; direcao.aveiro@caritas.pt www.caritas.pt\/aveiro Presidente \u2013 Di\u00e1c. Jos\u00e9 Ferreira Alves Assistente \u2013 P. Jo\u00e3o Gon\u00e7alves Centro de Acolhimento de Emerg\u00eancia Infantil Rua do Viso, 28 \u2013 Esgueira \u2013 3800-374 Aveiro Telefone: 234 314 144 Centro de Alojamento Tempor\u00e1rio Rua do &#8230;.&nbsp;&nbsp;<a class=\" special\" href=\"https:\/\/diocese-aveiro.pt\/acaosocial\/caritas-diocesana-de-aveiro\/\">Read More<\/a><\/p>\n","protected":false},"author":1,"featured_media":0,"parent":0,"menu_order":0,"comment_status":"closed","ping_status":"closed","template":"","meta":{"footnotes":""},"class_list":["post-5","page","type-page","status-publish","hentry"],"_links":{"self":[{"href":"https:\/\/diocese-aveiro.pt\/acaosocial\/wp-json\/wp\/v2\/pages\/5","targetHints":{"allow":["GET"]}}],"collection":[{"href":"https:\/\/diocese-aveiro.pt\/acaosocial\/wp-json\/wp\/v2\/pages"}],"about":[{"href":"https:\/\/diocese-aveiro.pt\/acaosocial\/wp-json\/wp\/v2\/types\/page"}],"author":[{"embeddable":true,"href":"https:\/\/diocese-aveiro.pt\/acaosocial\/wp-json\/wp\/v2\/users\/1"}],"replies":[{"embeddable":true,"href":"https:\/\/diocese-aveiro.pt\/acaosocial\/wp-json\/wp\/v2\/comments?post=5"}],"version-history":[{"count":2,"href":"https:\/\/diocese-aveiro.pt\/acaosocial\/wp-json\/wp\/v2\/pages\/5\/revisions"}],"predecessor-version":[{"id":42,"href":"https:\/\/diocese-aveiro.pt\/acaosocial\/wp-json\/wp\/v2\/pages\/5\/revisions\/42"}],"wp:attachment":[{"href":"https:\/\/diocese-aveiro.pt\/acaosocial\/wp-json\/wp\/v2\/media?parent=5"}],"curies":[{"name":"wp","href":"https:\/\/api.w.org\/{rel}","templated":true}]}}