{"id":48,"date":"2020-03-02T14:01:40","date_gmt":"2020-03-02T14:01:40","guid":{"rendered":"https:\/\/diocese-aveiro.pt\/acaosocial\/?page_id=48"},"modified":"2025-03-28T08:53:20","modified_gmt":"2025-03-28T08:53:20","slug":"obra-da-providencia","status":"publish","type":"page","link":"https:\/\/diocese-aveiro.pt\/acaosocial\/diversas\/obra-da-providencia\/","title":{"rendered":"Obra da Provid\u00eancia"},"content":{"rendered":"\n<figure class=\"wp-block-image size-large\"><img loading=\"lazy\" decoding=\"async\" width=\"1024\" height=\"350\" src=\"https:\/\/diocese-aveiro.pt\/acaosocial\/wp-content\/uploads\/2020\/03\/OP-1024x350.jpg\" alt=\"\" class=\"wp-image-50\" srcset=\"https:\/\/diocese-aveiro.pt\/acaosocial\/wp-content\/uploads\/2020\/03\/OP-1024x350.jpg 1024w, https:\/\/diocese-aveiro.pt\/acaosocial\/wp-content\/uploads\/2020\/03\/OP-300x103.jpg 300w, https:\/\/diocese-aveiro.pt\/acaosocial\/wp-content\/uploads\/2020\/03\/OP-768x263.jpg 768w, https:\/\/diocese-aveiro.pt\/acaosocial\/wp-content\/uploads\/2020\/03\/OP-830x284.jpg 830w, https:\/\/diocese-aveiro.pt\/acaosocial\/wp-content\/uploads\/2020\/03\/OP-230x79.jpg 230w, https:\/\/diocese-aveiro.pt\/acaosocial\/wp-content\/uploads\/2020\/03\/OP.jpg 1502w\" sizes=\"auto, (max-width: 1024px) 100vw, 1024px\" \/><\/figure>\n\n\n\n<p>Institui\u00e7\u00e3o: 20-12-1957<br>Morada: Rua Camilo Castelo Branco, 52, 3830-582 GAFANHA DA NAZAR\u00c9<br>Telefone: 234 361 153<br>E-mail: oprovidencia.geral@gmail.com <\/p>\n\n\n\n<p class=\"has-text-color has-background has-text-align-center has-very-light-gray-color has-luminous-vivid-orange-background-color\"><strong>DEMONSTRA\u00c7\u00d5ES FINANCEIRAS<\/strong><\/p>\n\n\n\n<p class=\"has-text-align-center\"><a href=\"https:\/\/diocese-aveiro.pt\/acaosocial\/wp-content\/uploads\/2025\/03\/ObraProvidencia_2024_compressed.pdf\">Ano 2024<\/a><\/p>\n\n\n\n<p class=\"has-text-align-center\"><a href=\"https:\/\/drive.google.com\/file\/d\/1nRQmFYphEy4ejuxRC_ml5-vG_g13E8_D\/view?usp=sharing\">Ano 2023<\/a><\/p>\n\n\n\n<hr class=\"wp-block-separator\"\/>\n\n\n\n<p class=\"has-text-align-center\"><strong>Ano 2022<br><\/strong> <a rel=\"noreferrer noopener\" aria-label=\"Contas (abre num novo separador)\" href=\"https:\/\/diocese-aveiro.pt\/acaosocial\/wp-content\/uploads\/2023\/06\/Contas-2022_OP.pdf\" target=\"_blank\">Contas<\/a><br> <a rel=\"noreferrer noopener\" aria-label=\"Anexo (abre num novo separador)\" href=\"https:\/\/diocese-aveiro.pt\/acaosocial\/wp-content\/uploads\/2023\/06\/Contas-2022_OP_anexo2022.pdf\" target=\"_blank\">Anexo<\/a><br> <a href=\"https:\/\/diocese-aveiro.pt\/acaosocial\/wp-content\/uploads\/2023\/06\/Contas-2022_OP_balancete_.pdf\" target=\"_blank\" rel=\"noreferrer noopener\" aria-label=\"Balancete (abre num novo separador)\">Balancete<\/a><\/p>\n\n\n\n<hr class=\"wp-block-separator\"\/>\n\n\n\n<p class=\"has-text-align-center\"><a href=\"https:\/\/diocese-aveiro.pt\/acaosocial\/wp-content\/uploads\/2022\/04\/OProvidencia_Contas2021_compressed-compactado.pdf\" target=\"_blank\" rel=\"noreferrer noopener\" aria-label=\"Ano 2021 (abre num novo separador)\">Ano 2021<\/a><\/p>\n\n\n\n<p class=\"has-text-align-center\"><a rel=\"noreferrer noopener\" aria-label=\"Ano 2020 (abre num novo separador)\" href=\"https:\/\/diocese-aveiro.pt\/acaosocial\/wp-content\/uploads\/2021\/06\/Contas-2020.pdf\" target=\"_blank\">Ano 2020<\/a><\/p>\n\n\n\n<p class=\"has-text-align-center\"><a rel=\"noreferrer noopener\" aria-label=\"Ano 2019 (abre num novo separador)\" href=\"https:\/\/diocese-aveiro.pt\/acaosocial\/wp-content\/uploads\/2020\/05\/OP_2019.pdf\" target=\"_blank\">Ano 2019<\/a><\/p>\n\n\n\n<p class=\"has-text-align-center\"><a rel=\"noreferrer noopener\" aria-label=\" Ano 2017\n (abre num novo separador)\" href=\"https:\/\/diocese-aveiro.pt\/acaosocial\/wp-content\/uploads\/2020\/03\/OP_contas_2017.pdf\" target=\"_blank\"> Ano 2017<br><\/a><a rel=\"noreferrer noopener\" aria-label=\" Ano 2018 (abre num novo separador)\" href=\"https:\/\/diocese-aveiro.pt\/acaosocial\/wp-content\/uploads\/2020\/03\/OP_contas_2018.pdf\" target=\"_blank\"> Ano 2018<\/a><\/p>\n\n\n\n<hr class=\"wp-block-separator\"\/>\n","protected":false},"excerpt":{"rendered":"<p>Institui\u00e7\u00e3o: 20-12-1957Morada: Rua Camilo Castelo Branco, 52, 3830-582 GAFANHA DA NAZAR\u00c9Telefone: 234 361 153E-mail: oprovidencia.geral@gmail.com DEMONSTRA\u00c7\u00d5ES FINANCEIRAS Ano 2024 Ano 2023 Ano 2022 Contas Anexo Balancete Ano 2021 Ano 2020 Ano 2019 Ano 2017 Ano 2018<\/p>\n","protected":false},"author":1,"featured_media":0,"parent":46,"menu_order":0,"comment_status":"closed","ping_status":"closed","template":"","meta":{"footnotes":""},"class_list":["post-48","page","type-page","status-publish","hentry"],"_links":{"self":[{"href":"https:\/\/diocese-aveiro.pt\/acaosocial\/wp-json\/wp\/v2\/pages\/48","targetHints":{"allow":["GET"]}}],"collection":[{"href":"https:\/\/diocese-aveiro.pt\/acaosocial\/wp-json\/wp\/v2\/pages"}],"about":[{"href":"https:\/\/diocese-aveiro.pt\/acaosocial\/wp-json\/wp\/v2\/types\/page"}],"author":[{"embeddable":true,"href":"https:\/\/diocese-aveiro.pt\/acaosocial\/wp-json\/wp\/v2\/users\/1"}],"replies":[{"embeddable":true,"href":"https:\/\/diocese-aveiro.pt\/acaosocial\/wp-json\/wp\/v2\/comments?post=48"}],"version-history":[{"count":13,"href":"https:\/\/diocese-aveiro.pt\/acaosocial\/wp-json\/wp\/v2\/pages\/48\/revisions"}],"predecessor-version":[{"id":219,"href":"https:\/\/diocese-aveiro.pt\/acaosocial\/wp-json\/wp\/v2\/pages\/48\/revisions\/219"}],"up":[{"embeddable":true,"href":"https:\/\/diocese-aveiro.pt\/acaosocial\/wp-json\/wp\/v2\/pages\/46"}],"wp:attachment":[{"href":"https:\/\/diocese-aveiro.pt\/acaosocial\/wp-json\/wp\/v2\/media?parent=48"}],"curies":[{"name":"wp","href":"https:\/\/api.w.org\/{rel}","templated":true}]}}