{"id":46,"date":"2020-03-02T14:00:36","date_gmt":"2020-03-02T14:00:36","guid":{"rendered":"https:\/\/diocese-aveiro.pt\/acaosocial\/?page_id=46"},"modified":"2021-06-01T13:23:56","modified_gmt":"2021-06-01T13:23:56","slug":"diversas","status":"publish","type":"page","link":"https:\/\/diocese-aveiro.pt\/acaosocial\/diversas\/","title":{"rendered":"DIVERSAS"},"content":{"rendered":"\n<p><strong>Centro Social de Forma\u00e7\u00e3o e Assist\u00eancia da Borralha<br><\/strong> Insitui\u00e7\u00e3o: 30-11-1966<br> Respons\u00e1vel: Obra de Nossa Senhora das Candeias<br> Casa do Redolho, 3750-854 BORRALHA<br> Telefone: 234 622 546<br> E-mail: casadoredolho@sapo.pt<\/p>\n\n\n\n<p><strong>Orbis &#8211; Coopera\u00e7\u00e3o e Desenvolvimento<br><\/strong> Insitui\u00e7\u00e3o: 20-09-2006<br> Edif\u00edcio CUFC | Rua Jo\u00e3o Jacinto Magalh\u00e3es<br> Campus Universit\u00e1rio de Santiago, 3810-506 AVEIRO<br> Telefone: 234 420 600; 934 114 516<br> E-mail: info@orbis.org.pt<br> www.orbis.org.pt<\/p>\n\n\n\n<p><strong>Casa da Imaculada Concei\u00e7\u00e3o &#8211; ANADIA<br><\/strong> Insitui\u00e7\u00e3o: 12-07-1982; em atividade desde 1970<br> Irm\u00e3s Servas da Sagrada Fam\u00edlia<br> Servas da Sagrada Fam\u00edlia<br> Rua das Flores, 3780-222 ANADIA<br> Telefone: 231 512 602<br> E-mail: imaculada.conceicao@sapo.pt<\/p>\n\n\n\n<p><strong>Centro Social Padre Jos\u00e9 Kentenich &#8211; GAFANHA DA NAZAR\u00c9<br><\/strong> Insitui\u00e7\u00e3o: 11-05-2006<br> Instituto Secular das Irm\u00e3s de Maria de Schoenstatt<br> Rua do Santu\u00e1rio, 83 &#8211; 3830-806 GAFANHA DA NAZAR\u00c9<br> Telefone: 234 410 410<br> E-mail: centro.social@sementesdosantuario.pt<\/p>\n\n\n\n<p><strong>Centro Social de S\u00e3o Jos\u00e9 de Cluny &#8211; ANADIA<br><\/strong> Insitui\u00e7\u00e3o: 11-05-1982; embora com estatutos aprovados civilmente em 27-12-1973<br> Irm\u00e3s de S\u00e3o Jos\u00e9 de Cluny<br> Prov\u00edncia Portuguesa da Congrega\u00e7\u00e3o de S\u00e3o Jos\u00e9 de Clunny<br> Rua de S. Jos\u00e9 de Cluny, 32 &#8211; Famalic\u00e3o, 3780-292 ANADIA<br> Telefone: 231 504 167<br> E-mail: matosrosalina9@gmail.com<\/p>\n\n\n\n<p><strong>Obra da Provid\u00eancia \u2013 Gafanha da Nazar\u00e9 &#8211; <a rel=\"noreferrer noopener\" aria-label=\"link (abre num novo separador)\" href=\"https:\/\/diocese-aveiro.pt\/acaosocial\/diversas\/obra-da-providencia\/\" target=\"_blank\">link<\/a><br><\/strong> Institui\u00e7\u00e3o: 20-12-1957<br> Rua Camilo Castelo Branco, 52, 3830-582 GAFANHA DA NAZAR\u00c9<br> Telefone: 234 361 153<br> E-mail: oprovidencia.geral@gmail.com<\/p>\n\n\n\n<p><strong>Obra de Santa Zita \u2013 Acolhimento tempor\u00e1rio<br><\/strong> Rua dos Combatentes da Grande Guerra, 113, 3810-087 AVEIRO<br> Telefone: 234 423 365, 234 420 990<br> E-mail: aveiro@osz.pt<\/p>\n\n\n\n<p><strong>Patronato de Nossa Senhora das Dores &#8211; TRAVASS\u00d4<br><\/strong> Insitui\u00e7\u00e3o: 04-04-1949<br> Mission\u00e1rias Reparadoras do Sagrado Cora\u00e7\u00e3o de Jesus<br> Rua Dr. Correia de Miranda, 27, 3750-755 TRAVASS\u00d4<br> Telefone: 234 629 238<br> E-mail: patronato@pnsdores.net<\/p>\n\n\n\n<p><strong>Patronato de Nossa Senhora de F\u00e1tima &#8211; GL\u00d3RIA<br><\/strong> F\u00e1brica da Igreja Paroquial da Gl\u00f3ria<br> Rua Direita, 134, Vilar, 3810-028 AVEIRO<br> Telefone: 234 340 290<br> E-mail: patronato.fatima@netvisao.pt<br> www.patronato-vilar.org<\/p>\n\n\n\n<p><strong>Sociedade S. Vicente de Paulo (Vicentinas)<br><\/strong> Dra. Fernanda Maria de Freitas Dias Gon\u00e7alves Capit\u00e3o<br> Telefone: 964 226 646<br> E-mail: fercapitao@gmail.com<\/p>\n","protected":false},"excerpt":{"rendered":"<p>Centro Social de Forma\u00e7\u00e3o e Assist\u00eancia da Borralha Insitui\u00e7\u00e3o: 30-11-1966 Respons\u00e1vel: Obra de Nossa Senhora das Candeias Casa do Redolho, 3750-854 BORRALHA Telefone: 234 622 546 E-mail: casadoredolho@sapo.pt Orbis &#8211; Coopera\u00e7\u00e3o e Desenvolvimento Insitui\u00e7\u00e3o: 20-09-2006 Edif\u00edcio CUFC | Rua Jo\u00e3o Jacinto Magalh\u00e3es Campus Universit\u00e1rio de Santiago, 3810-506 AVEIRO Telefone: 234 420 600; 934 114 516 &#8230;.&nbsp;&nbsp;<a class=\" special\" href=\"https:\/\/diocese-aveiro.pt\/acaosocial\/diversas\/\">Read More<\/a><\/p>\n","protected":false},"author":1,"featured_media":0,"parent":0,"menu_order":0,"comment_status":"closed","ping_status":"closed","template":"","meta":{"footnotes":""},"class_list":["post-46","page","type-page","status-publish","hentry"],"_links":{"self":[{"href":"https:\/\/diocese-aveiro.pt\/acaosocial\/wp-json\/wp\/v2\/pages\/46","targetHints":{"allow":["GET"]}}],"collection":[{"href":"https:\/\/diocese-aveiro.pt\/acaosocial\/wp-json\/wp\/v2\/pages"}],"about":[{"href":"https:\/\/diocese-aveiro.pt\/acaosocial\/wp-json\/wp\/v2\/types\/page"}],"author":[{"embeddable":true,"href":"https:\/\/diocese-aveiro.pt\/acaosocial\/wp-json\/wp\/v2\/users\/1"}],"replies":[{"embeddable":true,"href":"https:\/\/diocese-aveiro.pt\/acaosocial\/wp-json\/wp\/v2\/comments?post=46"}],"version-history":[{"count":2,"href":"https:\/\/diocese-aveiro.pt\/acaosocial\/wp-json\/wp\/v2\/pages\/46\/revisions"}],"predecessor-version":[{"id":103,"href":"https:\/\/diocese-aveiro.pt\/acaosocial\/wp-json\/wp\/v2\/pages\/46\/revisions\/103"}],"wp:attachment":[{"href":"https:\/\/diocese-aveiro.pt\/acaosocial\/wp-json\/wp\/v2\/media?parent=46"}],"curies":[{"name":"wp","href":"https:\/\/api.w.org\/{rel}","templated":true}]}}