{"id":44,"date":"2020-03-02T13:52:25","date_gmt":"2020-03-02T13:52:25","guid":{"rendered":"https:\/\/diocese-aveiro.pt\/acaosocial\/?page_id=44"},"modified":"2020-03-02T13:52:25","modified_gmt":"2020-03-02T13:52:25","slug":"patrimonio-dos-pobres","status":"publish","type":"page","link":"https:\/\/diocese-aveiro.pt\/acaosocial\/patrimonio-dos-pobres\/","title":{"rendered":"PATRIM\u00d3NIO DOS POBRES"},"content":{"rendered":"\n<p><strong>FREGUESIA DE ILHAVO<br><\/strong> institui\u00e7\u00e3o 09-09-1956<br> Av. Manuel da Maia, 3830-050 \u00cdlhavo<br> Telefone: 234 181 850<br> E-mail: geral@ppobresilhavo.pt<br> www.ppobreilhavo.pt<\/p>\n\n\n\n<p><em>LAR DIVINO SALVADOR<br><\/em> Rua de Cimo de Vila 171, 3830-159 \u00cdlhavo<br> Telefone: 234 327 134<br> E-mail: lardivinosalvador@ppobresilhavo.pt<\/p>\n\n\n\n<p><em>LAR DE S. JOS\u00c9<br><\/em> Rua D. J\u00falio Rebimbas, 3830-175 \u00cdlhavo<br> Telefone: 234 329 420; 967 151 394<br> E-mail: secretarialarsjose@ppobresilhavo.pt<\/p>\n\n\n\n<p><em>OBRA DA CRIAN\u00c7A<br><\/em> Rua Obra da Crian\u00e7a, 3830-144 \u00cdlhavo<br> Telefone: 234 322 477; 967 151 590<br> E-mail: obradacrianca@ppobresilhavo.pt<\/p>\n","protected":false},"excerpt":{"rendered":"<p>FREGUESIA DE ILHAVO institui\u00e7\u00e3o 09-09-1956 Av. Manuel da Maia, 3830-050 \u00cdlhavo Telefone: 234 181 850 E-mail: geral@ppobresilhavo.pt www.ppobreilhavo.pt LAR DIVINO SALVADOR Rua de Cimo de Vila 171, 3830-159 \u00cdlhavo Telefone: 234 327 134 E-mail: lardivinosalvador@ppobresilhavo.pt LAR DE S. JOS\u00c9 Rua D. J\u00falio Rebimbas, 3830-175 \u00cdlhavo Telefone: 234 329 420; 967 151 394 E-mail: secretarialarsjose@ppobresilhavo.pt OBRA &#8230;.&nbsp;&nbsp;<a class=\" special\" href=\"https:\/\/diocese-aveiro.pt\/acaosocial\/patrimonio-dos-pobres\/\">Read More<\/a><\/p>\n","protected":false},"author":1,"featured_media":0,"parent":0,"menu_order":0,"comment_status":"closed","ping_status":"closed","template":"","meta":{"footnotes":""},"class_list":["post-44","page","type-page","status-publish","hentry"],"_links":{"self":[{"href":"https:\/\/diocese-aveiro.pt\/acaosocial\/wp-json\/wp\/v2\/pages\/44","targetHints":{"allow":["GET"]}}],"collection":[{"href":"https:\/\/diocese-aveiro.pt\/acaosocial\/wp-json\/wp\/v2\/pages"}],"about":[{"href":"https:\/\/diocese-aveiro.pt\/acaosocial\/wp-json\/wp\/v2\/types\/page"}],"author":[{"embeddable":true,"href":"https:\/\/diocese-aveiro.pt\/acaosocial\/wp-json\/wp\/v2\/users\/1"}],"replies":[{"embeddable":true,"href":"https:\/\/diocese-aveiro.pt\/acaosocial\/wp-json\/wp\/v2\/comments?post=44"}],"version-history":[{"count":1,"href":"https:\/\/diocese-aveiro.pt\/acaosocial\/wp-json\/wp\/v2\/pages\/44\/revisions"}],"predecessor-version":[{"id":45,"href":"https:\/\/diocese-aveiro.pt\/acaosocial\/wp-json\/wp\/v2\/pages\/44\/revisions\/45"}],"wp:attachment":[{"href":"https:\/\/diocese-aveiro.pt\/acaosocial\/wp-json\/wp\/v2\/media?parent=44"}],"curies":[{"name":"wp","href":"https:\/\/api.w.org\/{rel}","templated":true}]}}