{"id":37,"date":"2020-03-02T11:45:30","date_gmt":"2020-03-02T11:45:30","guid":{"rendered":"https:\/\/diocese-aveiro.pt\/acaosocial\/?page_id=37"},"modified":"2022-03-18T11:40:19","modified_gmt":"2022-03-18T11:40:19","slug":"centros-sociais-paroquiais","status":"publish","type":"page","link":"https:\/\/diocese-aveiro.pt\/acaosocial\/centros-sociais-paroquiais\/","title":{"rendered":"CENTROS SOCIAIS PAROQUIAIS"},"content":{"rendered":"\n<p><strong>Albergaria-a-Velha  <br><\/strong> Institui\u00e7\u00e3o \u2013 11-04-1983<br> Rua do Eng. Duarte Pacheco, 5 \u2013 3850-040 Albergaria-a-Velha<br> Telefone: 234 521 164<br> E-mail: geral@paroquiadealbergaria.pt<\/p>\n\n\n\n<p><strong>Angeja<\/strong><br> Institui\u00e7\u00e3o \u2013 05-06-1989<br> Pra\u00e7a da Rep\u00fablica \u2013 3850-443 Angeja<br> Telefone: 234 917 821 \/ 234 917 822<\/p>\n\n\n\n<p><strong>Aradas<\/strong><br> Institui\u00e7\u00e3o \u2013 01-07-1977<br> Rua do Capit\u00e3o Lebre \u2013 3810-384 Aveiro<br> Telefone: 234 424 551<\/p>\n\n\n\n<p><strong>Avanca<\/strong><br> Institui\u00e7\u00e3o \u2013  26-11-1981<br> Sede e Lar de Idosos<br> Lugar da Igreja \u2013 Apartado 44 \u2013 3864-908 Avanca<br> Telefone: 234 884 671<br> E-mail: centroavanca@gmail.com<br> A.T.L.: \u2013 \u00c1gua Levada \u2013 3860 Avanca<br> Telefone: 256 691 443<\/p>\n\n\n\n<p><strong>Borralha<\/strong><br> Institui\u00e7\u00e3o \u2013 06-07-1992<br> Casal Lito \u2013 Rua do Ch\u00e3o da Moita, 233 \u2013 Brejo \u2013 3750-866 Borralha<br> Telefone: 234 602 301<br> E-mail: cspb.geral@netvisao.pt <\/p>\n\n\n\n<p><strong>Branca<\/strong><br> Institui\u00e7\u00e3o \u2013  23-11-1987<br> 3850-588 Branca<br> Telefone: 234 541 151<\/p>\n\n\n\n<p><strong>Bunheiro<\/strong><br> Institui\u00e7\u00e3o \u2013 10-03-1997<br> Rua do Dr. Ant\u00f3nio Tavares Afonso e Cunha \u2013 3870-022 Bunheiro<br> Telefone: 234.866.925<br> E-mail: cspbunheiro@sapo.pt<\/p>\n\n\n\n<p><strong>Cacia<\/strong><br> Institui\u00e7\u00e3o \u2013 30-11-1955<br> Av. de Fernando Augusto de Oliveira \u2013 3800-540 Cacia<br> Telefone: 234 910 560<\/p>\n\n\n\n<p><strong>Calv\u00e3o  <\/strong><br> Institui\u00e7\u00e3o \u2013 27-03-1986<br> Largo Social \u2013 3840-043 Calv\u00e3o<br> Telefone 234 782 494 \/ 234 782 772<br> E-mail: cscalvao@clix.pt<\/p>\n\n\n\n<p><strong>Canelas<\/strong><br> Institui\u00e7\u00e3o &#8211; 10-11-1987<br> Rua do Campo da Cruz \u2013 3865-006 Canelas<br> Telefone: 234 196 857 \/ 234 849 912<\/p>\n\n\n\n<p><strong>Eirol<\/strong><br> Institui\u00e7\u00e3o &#8211; 21-04-1995<br> Rua da Resid\u00eancia, 25 \u2013 3800-682 Eirol<br> Telefone: 234 933 662<br> E-mail: centrosocialdeirol@mail.telepac.pt<\/p>\n\n\n\n<p><strong>Esgueira<\/strong><br> Institui\u00e7\u00e3o &#8211; 07-01-1993<br> Largo da Igreja \u2013 Matadu\u00e7os (Esgueira) \u2013 3800-089 Aveiro<br> Telefone: 234 301 510<br> E-mail: cs.mataducos@net.novis.pt<\/p>\n\n\n\n<p><a href=\"https:\/\/diocese-aveiro.pt\/acaosocial\/centro-social-paroquial-s-miguel-de-fermela\/\" target=\"_blank\" rel=\"noreferrer noopener\" aria-label=\"Fermel\u00e3 - link (abre num novo separador)\"><strong>Fermel\u00e3<\/strong> &#8211; link<\/a><br> Institui\u00e7\u00e3o &#8211; 11-06-1982<br> Lameiro \u2013 3865-138 Fermel\u00e3<br> Telefone: 234 913 276<\/p>\n\n\n\n<p><a href=\"https:\/\/diocese-aveiro.pt\/acaosocial\/centro-social-paroquial-de-fonte-de-angeao\/\" target=\"_blank\" rel=\"noreferrer noopener\" aria-label=\"Fonte de Ange\u00e3o - link (abre num novo separador)\"><strong>Fonte de Ange\u00e3o<\/strong> &#8211; link<\/a><br>  Institui\u00e7\u00e3o &#8211; 04-05-1966<br>  Rua da Casa do Povo \u2013 3840-163 Fonte de Ange\u00e3o<br>  Telefone: 234 782 106<br>  E-mail: cspfonteangeao@hotmail.com<\/p>\n\n\n\n<p><strong>Frossos<\/strong><br> Institui\u00e7\u00e3o &#8211; 15-02-2003<br> Largo da Igreja 3850-629 Frossos<\/p>\n\n\n\n<p><strong><a href=\"https:\/\/diocese-aveiro.pt\/acaosocial\/centro-social-paroquial-da-gafanha-da-encarnacao\/\" target=\"_blank\" rel=\"noreferrer noopener\" aria-label=\"Gafanha da Encarna\u00e7\u00e3o - link (abre num novo separador)\">Gafanha da Encarna\u00e7\u00e3o &#8211; link<\/a><br><\/strong> Institui\u00e7\u00e3o &#8211; 25-06-1987<br> Rua do Padre Ant\u00f3nio Diogo \u2013 3830-516 Gafanha da Encarna\u00e7\u00e3o<br> Telefone: 234 362 161<\/p>\n\n\n\n<p><strong>Gafanha da Nazar\u00e9<br><\/strong> Institui\u00e7\u00e3o &#8211; 23-12-1986<br> Rua de Gil Vicente, 101 \u2013 3830-671 Gafanha da Nazar\u00e9<br> Telefone: 234 364 707 \/ 234 365 671<\/p>\n\n\n\n<p><strong>Macinhata do Vouga<br><\/strong> Institui\u00e7\u00e3o &#8211; 09-09-1963<br> Avenida da Rep\u00fablica, 4 \u2013 3750-593 Macinhata do Vouga.<br> Telfone: 234 571 154<\/p>\n\n\n\n<p><strong>Moita<\/strong><br> Institui\u00e7\u00e3o &#8211; 21-09-1956<br> Rua do Poeta Cavador \u2013 3780-476 Moita<br> Telefone: 231 512 868<\/p>\n\n\n\n<p><strong>Murtosa<\/strong><br> Pra\u00e7a dos Combatentes \u2013 3870-154 Murtosa<br> Telefone: 234 866 970 \/ 234 867 149<br> E-mail: cspmurtosa@gmail.com<br> Creche e Jardim de Inf\u00e2ncia<br> Rua da Saudade \u2013 3870-159 Murtosa<br> Telefone: 234 867 533<br> Institui\u00e7\u00e3o &#8211; 14-02-1955<\/p>\n\n\n\n<p><strong>Nariz<\/strong><br> Institui\u00e7\u00e3o &#8211; 29-10-1984<br> Hortinha \u2013 3810-591 Nariz<br> Telefone: 234 753 416<br> E-mail: geral@csp-nariz.pt<\/p>\n\n\n\n<p><strong>Nossa Senhora de F\u00e1tima<br><\/strong> Institui\u00e7\u00e3o &#8211; 29-10-1986<br> Rua da Igreja, 48 \u2013 3810-744 Nossa Senhora de F\u00e1tima<br> Telefone: 234 942 024<br> E-mail: cspnsfatima@mail.telepac.pt <\/p>\n\n\n\n<p><strong>Oliveirinha do Vouga<br><\/strong> Institui\u00e7\u00e3o &#8211; 14-03-1986<br> Largo da Feira \u2013 3810-865 Oliveirinha<br> Telefone: 234 941 413<\/p>\n\n\n\n<p><strong>Ouca<\/strong><br> Lar de S. Martinho \u2013 Rua da Igreja, 38 \u2013 3840-302 Ouca<br> Telefone: 234 791 154<br> E-mail: geral@csouca.pt<br> www.csouca.pt<\/p>\n\n\n\n<p><strong>Palha\u00e7a<\/strong><br> Institui\u00e7\u00e3o &#8211; 14-12-1978<br> Rua do Padre Manuel de Oliveira, 5 \u2013 3770-355 Palha\u00e7a<br> Telefone: 234 752 388 \/ 234 183 381<br> E-mail: geral@csp-palhaca.pt<br> www.csp-palhaca.pt<\/p>\n\n\n\n<p><strong>Pardilh\u00f3<\/strong><br> Institui\u00e7\u00e3o &#8211; 30-04-1962<br> Rua do Salgueiro, 3 \u2013 3860-513 Pardilh\u00f3<br> Telefone: 234 851 566 \/ 234 858 722<\/p>\n\n\n\n<p><strong>Recard\u00e3es<br><\/strong> Institui\u00e7\u00e3o &#8211; 12-07-1995<br> P\u00f3voa da Igreja \u2013 3750-721 Recard\u00e3es<br> Telefone: 234 600 760 \/ 234 612 180; Acolhimento: 234 600 769<br> E-mail: csprec@csprec.com <\/p>\n\n\n\n<p><strong><a rel=\"noreferrer noopener\" aria-label=\"Santo Ant\u00f3nio de Vagos\n (abre num novo separador)\" href=\"https:\/\/diocese-aveiro.pt\/acaosocial\/santo-antonio-de-vagos\/\" target=\"_blank\">Santo Ant\u00f3nio de Vagos &#8211; link<br><\/a><\/strong>Institui\u00e7\u00e3o &#8211; 17-10-1977<br>Rua do Padre Manuel Creoulo, 27 \u2013 3840-502 Santo Ant\u00f3nio de Vagos<br>234 794 782 | geral.cspsantonio@diocese-aveiro.pt<\/p>\n\n\n\n<p><strong>S\u00e3o Bernardo<br><\/strong> Institui\u00e7\u00e3o &#8211; 12-11-1971<br> Rua do C\u00f3nego Maio \u2013 S\u00e3o Bernardo \u2013 3810-089 Aveiro<br> Telefone: 234 340 130<\/p>\n\n\n\n<p><strong>S\u00e3o Jacinto<br><\/strong> Institui\u00e7\u00e3o &#8211; 01-03-1988<br> Bairro Social \u2013 3800-904 S\u00e3o Jacinto<br> Telefone: 234 331 133<\/p>\n\n\n\n<p><strong>S\u00e3o Salvador de \u00cdlhavo<br><\/strong> Institui\u00e7\u00e3o &#8211; 15-09-1956<br> CENTRO PAROQUIAL DE ASSIST\u00caNCIA E FORMA\u00c7\u00c3O D. MANUEL TRINDADE SALGUEIRO<br> Av. Manuel da Maia, 3830- 050 ILHAVO<br> Telefone: 234 181850<br> E-mail: centroparoquial@ppobresilhavo.pt; geral@ppobresilhavo.pt<\/p>\n\n\n\n<p><strong>Silva Escura<br><\/strong> Institui\u00e7\u00e3o &#8211; 19-05-1945<br> Cruzeiro \u2013 3740-319 Silva Escura<br> Telefone: 234 552 232<\/p>\n\n\n\n<p><strong>Vale-Maior<br><\/strong> Institui\u00e7\u00e3o &#8211; 07-11-2001<br> Lugar da Igreja \u2013 3850-826 Vale Maior<br> Telefone: 234 523 932<\/p>\n\n\n\n<p><strong>Valongo do Vouga<br><\/strong> Institui\u00e7\u00e3o &#8211; 28-07-1983<br> Rua de Ant\u00f3nio Vidal Xavier, 37 \u2013 3750-803 Valongo do Vouga<br> Telefone: 234 644 634 \/ 234 645 382<br> E-mail: \u2013 cspvv@mail.telepac.pt <\/p>\n\n\n\n<p><strong>Vera-Cruz<br><\/strong> Edif\u00edcio Padre Fernandes: Rua de Cavalaria Cinco \u2013 3800-351 Aveiro<br> Telefone: 234 380 420<br> Edif\u00edcio Jardim: Rua do Gravito, 32 \u2013 3800-194 Aveiro<br> Telefone: 234 422 270<br> E-mail: cspveracruz@cspveracruz.pt<br> www.cspveracruz.pt <br> Institui\u00e7\u00e3o &#8211; 01-02-1972<\/p>\n","protected":false},"excerpt":{"rendered":"<p>Albergaria-a-Velha Institui\u00e7\u00e3o \u2013 11-04-1983 Rua do Eng. Duarte Pacheco, 5 \u2013 3850-040 Albergaria-a-Velha Telefone: 234 521 164 E-mail: geral@paroquiadealbergaria.pt Angeja Institui\u00e7\u00e3o \u2013 05-06-1989 Pra\u00e7a da Rep\u00fablica \u2013 3850-443 Angeja Telefone: 234 917 821 \/ 234 917 822 Aradas Institui\u00e7\u00e3o \u2013 01-07-1977 Rua do Capit\u00e3o Lebre \u2013 3810-384 Aveiro Telefone: 234 424 551 Avanca Institui\u00e7\u00e3o \u2013 &#8230;.&nbsp;&nbsp;<a class=\" special\" href=\"https:\/\/diocese-aveiro.pt\/acaosocial\/centros-sociais-paroquiais\/\">Read More<\/a><\/p>\n","protected":false},"author":1,"featured_media":0,"parent":0,"menu_order":0,"comment_status":"closed","ping_status":"closed","template":"","meta":{"footnotes":""},"class_list":["post-37","page","type-page","status-publish","hentry"],"_links":{"self":[{"href":"https:\/\/diocese-aveiro.pt\/acaosocial\/wp-json\/wp\/v2\/pages\/37","targetHints":{"allow":["GET"]}}],"collection":[{"href":"https:\/\/diocese-aveiro.pt\/acaosocial\/wp-json\/wp\/v2\/pages"}],"about":[{"href":"https:\/\/diocese-aveiro.pt\/acaosocial\/wp-json\/wp\/v2\/types\/page"}],"author":[{"embeddable":true,"href":"https:\/\/diocese-aveiro.pt\/acaosocial\/wp-json\/wp\/v2\/users\/1"}],"replies":[{"embeddable":true,"href":"https:\/\/diocese-aveiro.pt\/acaosocial\/wp-json\/wp\/v2\/comments?post=37"}],"version-history":[{"count":9,"href":"https:\/\/diocese-aveiro.pt\/acaosocial\/wp-json\/wp\/v2\/pages\/37\/revisions"}],"predecessor-version":[{"id":139,"href":"https:\/\/diocese-aveiro.pt\/acaosocial\/wp-json\/wp\/v2\/pages\/37\/revisions\/139"}],"wp:attachment":[{"href":"https:\/\/diocese-aveiro.pt\/acaosocial\/wp-json\/wp\/v2\/media?parent=37"}],"curies":[{"name":"wp","href":"https:\/\/api.w.org\/{rel}","templated":true}]}}