{"id":34,"date":"2020-03-02T11:18:45","date_gmt":"2020-03-02T11:18:45","guid":{"rendered":"https:\/\/diocese-aveiro.pt\/acaosocial\/?page_id=34"},"modified":"2020-03-02T11:19:48","modified_gmt":"2020-03-02T11:19:48","slug":"florinhas-do-vouga","status":"publish","type":"page","link":"https:\/\/diocese-aveiro.pt\/acaosocial\/florinhas-do-vouga\/","title":{"rendered":"FLORINHAS DO VOUGA"},"content":{"rendered":"\n<p>Institui\u00e7\u00e3o \u2013 06-10-1940<br>\nLegaliza\u00e7\u00e3o civil \u2013 16-09-1964<br>\nPresidente \u2013 P. Jo\u00e3o Gon\u00e7alves<\/p>\n\n\n\n<p><strong>Sede<\/strong><br> Edif\u00edcio \u2018Domus Ecclesi\u00e6\u2019<br> Praceta das Florinhas do Vouga, 10 \u2013 3810-080 Aveiro<br> Telefone 234 377 330 \/ 234 377 331<br> E-mail: florinhas.do.vouga@sapo.pt<br> <a href=\"http:\/\/www.florinhasdovouga.pt\/\" target=\"_blank\" rel=\"noreferrer noopener\" aria-label=\"www.florinhasdovouga.pt (abre num novo separador)\">www.florinhasdovouga.pt<\/a><br> <em>Secretaria<\/em><br> Praceta Florinhas do Vouga, 10 \u2013 3810-080 Aveiro<br> Telefone: 234 377 330; 234 377 337 <\/p>\n\n\n\n<p><strong>Liga dos Amigos das Florinhas do Vouga<br><\/strong> Telefone: 234 377 330<\/p>\n\n\n\n<p><strong>Departamento de Educa\u00e7\u00e3o<\/strong><br> Creche, Jardim de Inf\u00e2ncia, CATL:<br> Praceta das Florinhas do Vouga, 10 \u2013 3810-080 Aveiro<br> Telefone: 234 377 330<\/p>\n\n\n\n<p><strong>Departamento Ac\u00e7\u00e3o Social, Centro Comunit\u00e1rio:<br><\/strong><em> Servi\u00e7o de Atendimento e Acompanhamento Social<\/em><br> Rua de St\u00aa Maria da Feira, 45 \u2013 3810-166 Aveiro<br> Telefone: 234 385 979; E-mail: berta-fv@sapo.pt<br> <em>Meninarte \u2013 Atelier Juvenil<\/em><br> Rua de Espinho, 71-73 \u2013 3810-114 Aveiro<br> Telefone: 234 381 042; E-mail: equipa.73@gmail.com<br><em> Refeit\u00f3rio Social<\/em><br> Rua de Espinho, 43 \u2013 3810-113 Aveiro<br> Telefone: 234 377 338<br><em> Centro de Dia \/ Centro de Actividades Intergeracional<\/em><br> Rua de Espinho, 8, r\/c, A \u2013 3810-110 Aveiro<br> Telefone:234 377 336<\/p>\n\n\n\n<p><strong>Servi\u00e7o de Apoio Domicili\u00e1rio<br><\/strong> Praceta das Florinhas do Vouga, 10 \u2013 3810-080 Aveiro<br> Telefone: 234 377 330<\/p>\n\n\n\n<p><strong>Equipa de Interven\u00e7\u00e3o Directa<br><\/strong> Rua de Espinho, 31 \u2013 3810-114<br> Telefone: 234 482 235; 963 727 023<br> E-mail: eidaveiro@gmail.com<\/p>\n\n\n\n<p><strong>Programa de Voluntariado \u2013 \u201cSou Solid\u00e1rio\u201d<\/strong><br> Rua de Espinho, 31 \u2013 3810-114 Aveiro<br> Telefone: 234 482 235; 963 727 023<br> E-mail: fv.voluntariado@gmail.com<\/p>\n","protected":false},"excerpt":{"rendered":"<p>Institui\u00e7\u00e3o \u2013 06-10-1940 Legaliza\u00e7\u00e3o civil \u2013 16-09-1964 Presidente \u2013 P. Jo\u00e3o Gon\u00e7alves Sede Edif\u00edcio \u2018Domus Ecclesi\u00e6\u2019 Praceta das Florinhas do Vouga, 10 \u2013 3810-080 Aveiro Telefone 234 377 330 \/ 234 377 331 E-mail: florinhas.do.vouga@sapo.pt www.florinhasdovouga.pt Secretaria Praceta Florinhas do Vouga, 10 \u2013 3810-080 Aveiro Telefone: 234 377 330; 234 377 337 Liga dos Amigos &#8230;.&nbsp;&nbsp;<a class=\" special\" href=\"https:\/\/diocese-aveiro.pt\/acaosocial\/florinhas-do-vouga\/\">Read More<\/a><\/p>\n","protected":false},"author":1,"featured_media":0,"parent":0,"menu_order":0,"comment_status":"closed","ping_status":"closed","template":"","meta":{"footnotes":""},"class_list":["post-34","page","type-page","status-publish","hentry"],"_links":{"self":[{"href":"https:\/\/diocese-aveiro.pt\/acaosocial\/wp-json\/wp\/v2\/pages\/34","targetHints":{"allow":["GET"]}}],"collection":[{"href":"https:\/\/diocese-aveiro.pt\/acaosocial\/wp-json\/wp\/v2\/pages"}],"about":[{"href":"https:\/\/diocese-aveiro.pt\/acaosocial\/wp-json\/wp\/v2\/types\/page"}],"author":[{"embeddable":true,"href":"https:\/\/diocese-aveiro.pt\/acaosocial\/wp-json\/wp\/v2\/users\/1"}],"replies":[{"embeddable":true,"href":"https:\/\/diocese-aveiro.pt\/acaosocial\/wp-json\/wp\/v2\/comments?post=34"}],"version-history":[{"count":2,"href":"https:\/\/diocese-aveiro.pt\/acaosocial\/wp-json\/wp\/v2\/pages\/34\/revisions"}],"predecessor-version":[{"id":36,"href":"https:\/\/diocese-aveiro.pt\/acaosocial\/wp-json\/wp\/v2\/pages\/34\/revisions\/36"}],"wp:attachment":[{"href":"https:\/\/diocese-aveiro.pt\/acaosocial\/wp-json\/wp\/v2\/media?parent=34"}],"curies":[{"name":"wp","href":"https:\/\/api.w.org\/{rel}","templated":true}]}}