{"id":16,"date":"2020-03-02T10:37:11","date_gmt":"2020-03-02T10:37:11","guid":{"rendered":"https:\/\/diocese-aveiro.pt\/acaosocial\/?page_id=16"},"modified":"2020-03-02T13:44:42","modified_gmt":"2020-03-02T13:44:42","slug":"misericordias","status":"publish","type":"page","link":"https:\/\/diocese-aveiro.pt\/acaosocial\/misericordias\/","title":{"rendered":"MISERIC\u00d3RDIAS"},"content":{"rendered":"\n<p><strong>\u00c1GUEDA<\/strong><br> funda\u00e7\u00e3o: 12-11-1859<br><em> Sede e Secretaria<br><\/em> Rua da Miseric\u00f3rdia, 130 \u2013 3750-130 \u00c1gueda<br> Telefone: 234 602 256 <br><em> Lar de Idosos do Conde Sucena<br><\/em> Rua da Miseric\u00f3rdia, 130<br> Telefone: 234 623 775<br><em> Casa da Crian\u00e7a<br><\/em> Rua da Miseric\u00f3rdia, 130<br> Telefone: 234 622 228<br><em> Casa de Repouso Dr. Ant\u00f3nio Breda e L\u00e9a Breda, com Unidade de Cuidados Continuados<br><\/em> Rua do Dr. Mateus Pinto, 26 \u2013 3750-351 Barr\u00f4<br> Telefone: 234 690 200<br><a rel=\"noreferrer noopener\" aria-label=\" www.scm-agueda.pt (abre num novo separador)\" href=\"http:\/\/www.scm-agueda.pt\/scma2011\/\" target=\"_blank\"> www.scm-agueda.pt<\/a><\/p>\n\n\n\n<p><strong>ALBERGARIA-A-VELHA<br><\/strong> funda\u00e7\u00e3o: 05-05-1923<br><em> Secretaria e Lar de Idosos<br><\/em> Rua de S. Jos\u00e9 \u2013 Assilh\u00f3 \u2013 3850-215 Albergaria-a-Velha<br> Telefone: 234 522 026 \/ 234 524 966<br><a rel=\"noreferrer noopener\" aria-label=\" www.misericordiadealbergaria.pt (abre num novo separador)\" href=\"https:\/\/misericordiadealbergaria.pt\/\" target=\"_blank\"> www.misericordiadealbergaria.pt<\/a><\/p>\n\n\n\n<p><strong>ANADIA<\/strong><br> funda\u00e7\u00e3o: 1908<br><em> Sede e Secretaria<br><\/em> Rua de Alexandre de Seabra, 29<br> Apartado 85 \u2013 3781-907 Anadia<br> Telefone 231 512 245<br><em> Jardim de Inf\u00e2ncia<\/em>: 231 503 621<br> <em>L<\/em>a<em>r de Idosos \u2018Jos\u00e9 Luciano de Castro\u2019<\/em>: 231 512 119<br><em> Centro de Dia de Idosos Complexo \u2018Seabra de Castro\u2019<\/em>: 231 504 501<br> Quinta das Felgueiras: 231 512 503<br><a rel=\"noreferrer noopener\" aria-label=\" www.misericordiaanadia.pt (abre num novo separador)\" href=\"https:\/\/www.misericordiaanadia.pt\/\" target=\"_blank\"> www.misericordiaanadia.pt<\/a><\/p>\n\n\n\n<p><strong>AVEIRO<\/strong><br> funda\u00e7\u00e3o: 1498 com o \u2018Compromisso\u2019 da Miseric\u00f3rdia de Lisboa 1498; \u2018Compromisso\u2019 pr\u00f3prio: \u2013 11-12-1519<br><em> Sede e Servi\u00e7os Administrativos<br><\/em> Rua de Coimbra, 27 \u2013 3810-086 Aveiro<br> Telefone: 234 426 732<br><em> Creche, Jardim de Inf\u00e2ncia e ATL<br><\/em> Rua de Bento de Moura, 14 \u2013 Esgueira \u2013 3800-114 Aveiro<br> Telefone: 234 311 243<br><em> Centro de Dia, Lar de Idosos, Apoio Domicili\u00e1rio e Casa-Abrigo<br><\/em> Complexo Social da Miseric\u00f3rdia &#8211; Quinta da Moita \u2013 3810-860 Oliveirinha<br> Telefone: 234 940 480<br><a rel=\"noreferrer noopener\" aria-label=\"www.scmaveiro.pt (abre num novo separador)\" href=\"http:\/\/www.scmaveiro.pt\/pagegen.aspx\" target=\"_blank\">www.scmaveiro.pt<\/a><\/p>\n\n\n\n<p><strong>ESTARREJA<\/strong><br> funda\u00e7\u00e3o: 31-10-1933<br><em> Sede e Lar de Idosos<br><\/em> Agra \u2013 3865-208 Salreu<br> Telefone: 234 843 056<br><em> Centro Social<br><\/em> Teixugueira \u2013 3860-338 Estarreja.<br> Telefone: 234 844 267<br><em> Jardim de Inf\u00e2ncia<br><\/em> Complexo Social \u2013 Teixugueira \u2013 3860-338 Estarreja<br> Telefone: 234 841 272<br><a rel=\"noreferrer noopener\" aria-label=\" www.scmestarreja.pt (abre num novo separador)\" href=\"http:\/\/www.scmestarreja.pt\/default.aspx\" target=\"_blank\"> www.scmestarreja.pt<\/a><\/p>\n\n\n\n<p><strong>\u00cdLHAVO<\/strong><br> funda\u00e7\u00e3o: 1919<br><em> Sede, Centro de Radiologia e Fisioterapia e Unidade de Cuidados Continuados<br><\/em> Rua de Domingos Ferreira Pinto Basto, 6 \u2013 Apartado 75 \u2013 3834-909 \u00cdlhavo<br> Telefone: 234 325 554 \/ 234 324 560<br><em> Centro Infantil de \u00cdlhavo<br><\/em> Bairro dos Pescadores \u2013 3830-055 \u00cdlhavo<br> Telefone: 234 322 520<br><em> Centro Infantil da Lagoa<br><\/em> Rua da Escola Secund\u00e1ria \u2013 3830-135 \u00cdlhavo<br> Telefone: 234 321 225<br><a rel=\"noreferrer noopener\" aria-label=\" www.scmilhavo.weebly.com (abre num novo separador)\" href=\"http:\/\/scmilhavo.weebly.com\/\" target=\"_blank\"> www.scmilhavo.weebly.com<\/a><\/p>\n\n\n\n<p><strong>MURTOSA<\/strong><br> funda\u00e7\u00e3o: 26-03-1896<br> <em>Sede<\/em><br> Pardelhas \u2013 Apartado 21 \u2013 3874-909 Murtosa<br> Telefone: 234 860 360<br><em> Lar de Idosos<br><\/em> Pardelhas \u2013 Apartado 21 \u2013 3874-909 Murtosa<br><em> Infant\u00e1rio da Murtosa<br><\/em> Pardelhas \u2013 Apartado 21 \u2013 3874-909 Murtosa<br> Telefone: 234 860 362<br> <a rel=\"noreferrer noopener\" aria-label=\"www.misericordiamurtosa.pt (abre num novo separador)\" href=\"https:\/\/www.misericordiamurtosa.pt\/\" target=\"_blank\">www.misericordiamurtosa.pt<\/a><\/p>\n\n\n\n<p><strong>OLIVEIRA DO BAIRRO<br><\/strong> funda\u00e7\u00e3o: 23-09-1920<br><em> Sede, Centro Social para crian\u00e7as e deficientes, e Lar de Idosos<br><\/em> Rua da Miseric\u00f3rdia \u2013 3770-215 Oliveira do Bairro<br> Telefone: 234 730 400 \/ 230 740 430 <br><a rel=\"noreferrer noopener\" aria-label=\" www.misericordiaob.pt (abre num novo separador)\" href=\"https:\/\/www.misericordiaob.pt\/\" target=\"_blank\"> www.misericordiaob.pt<\/a><\/p>\n\n\n\n<p><strong>SANGALHOS<\/strong><br> funda\u00e7\u00e3o: 18-10-1932<br> <em>Sede<\/em><br> Rua de Narciso Mar\u00e7a<br> Apartado 69 \u2013 3781-908 Sangalhos<br> Telefone: 234 743 707<br><em> Jardim de Inf\u00e2ncia<\/em> &#8211; Telefone: 234 741 671<br> <em>Lar e Centro de Dia de Idosos<\/em> &#8211; Telefone: 234 742 511<br><a rel=\"noreferrer noopener\" aria-label=\" www.mfsangalhos.pt (abre num novo separador)\" href=\"http:\/\/www.mfsangalhos.pt\/\" target=\"_blank\"> www.mfsangalhos.pt<\/a><\/p>\n\n\n\n<p><strong>SEVER DO VOUGA<br><\/strong> funda\u00e7\u00e3o: 14-01-1955<br><em> Sede e Lar de Idosos<br><\/em> Vale do Vaqueiro \u2013 3740-293 Sever do Vouga<br> Telefone: 234 555 493<br><em> Jardim de Inf\u00e2ncia<br><\/em> Rua do Com. Augusto Martins Pereira, 89, r\/c <br> 3740-254 Sever do Vouga<br> Telefone: 234 555 907 \/ 234 551 642<br><a rel=\"noreferrer noopener\" aria-label=\" www.misericordiaseverdovouga.pt (abre num novo separador)\" href=\"https:\/\/www.misericordiaseverdovouga.pt\/\" target=\"_blank\"> www.misericordiaseverdovouga.pt<\/a><\/p>\n\n\n\n<p><strong>VAGOS<\/strong><br> funda\u00e7\u00e3o: 16-01-1939<br><em> Sede, Jardim de Inf\u00e2ncia e Centro de Dia de Idosos<br><\/em> Rua do Padre Vicente Maria da Rocha \u2013 3840-453 Vagos<br> Telefone: 234 799 180<br><em> Centro de Medicina F\u00edsica e Reabilita\u00e7\u00e3o<br><\/em> Rua do Padre Vicente Maria da Rocha \u2013 3840-453 Vagos<br> Telefone: 234 193 200<br><em> Lar de Jovens<br><\/em> Rua da Senhora, 318 \u2013 3840-421 Vagos<br> Telefone: 234 182 114<br><a rel=\"noreferrer noopener\" aria-label=\" www.misericordiadevagos.pt (abre num novo separador)\" href=\"https:\/\/www.misericordiadevagos.pt\/pt\" target=\"_blank\"> www.misericordiadevagos.pt<\/a><\/p>\n\n\n\n<hr class=\"wp-block-separator\"\/>\n","protected":false},"excerpt":{"rendered":"<p>\u00c1GUEDA funda\u00e7\u00e3o: 12-11-1859 Sede e Secretaria Rua da Miseric\u00f3rdia, 130 \u2013 3750-130 \u00c1gueda Telefone: 234 602 256 Lar de Idosos do Conde Sucena Rua da Miseric\u00f3rdia, 130 Telefone: 234 623 775 Casa da Crian\u00e7a Rua da Miseric\u00f3rdia, 130 Telefone: 234 622 228 Casa de Repouso Dr. Ant\u00f3nio Breda e L\u00e9a Breda, com Unidade de Cuidados &#8230;.&nbsp;&nbsp;<a class=\" special\" href=\"https:\/\/diocese-aveiro.pt\/acaosocial\/misericordias\/\">Read More<\/a><\/p>\n","protected":false},"author":1,"featured_media":0,"parent":0,"menu_order":0,"comment_status":"closed","ping_status":"closed","template":"","meta":{"footnotes":""},"class_list":["post-16","page","type-page","status-publish","hentry"],"_links":{"self":[{"href":"https:\/\/diocese-aveiro.pt\/acaosocial\/wp-json\/wp\/v2\/pages\/16","targetHints":{"allow":["GET"]}}],"collection":[{"href":"https:\/\/diocese-aveiro.pt\/acaosocial\/wp-json\/wp\/v2\/pages"}],"about":[{"href":"https:\/\/diocese-aveiro.pt\/acaosocial\/wp-json\/wp\/v2\/types\/page"}],"author":[{"embeddable":true,"href":"https:\/\/diocese-aveiro.pt\/acaosocial\/wp-json\/wp\/v2\/users\/1"}],"replies":[{"embeddable":true,"href":"https:\/\/diocese-aveiro.pt\/acaosocial\/wp-json\/wp\/v2\/comments?post=16"}],"version-history":[{"count":16,"href":"https:\/\/diocese-aveiro.pt\/acaosocial\/wp-json\/wp\/v2\/pages\/16\/revisions"}],"predecessor-version":[{"id":41,"href":"https:\/\/diocese-aveiro.pt\/acaosocial\/wp-json\/wp\/v2\/pages\/16\/revisions\/41"}],"wp:attachment":[{"href":"https:\/\/diocese-aveiro.pt\/acaosocial\/wp-json\/wp\/v2\/media?parent=16"}],"curies":[{"name":"wp","href":"https:\/\/api.w.org\/{rel}","templated":true}]}}