{"id":2238,"date":"2024-03-06T10:56:51","date_gmt":"2024-03-06T10:56:51","guid":{"rendered":"https:\/\/diocese-aveiro.pt\/v3\/?page_id=2238"},"modified":"2024-03-06T10:57:28","modified_gmt":"2024-03-06T10:57:28","slug":"casas-de-retiro","status":"publish","type":"page","link":"http:\/\/diocese-aveiro.pt\/v3\/casas-de-retiro\/","title":{"rendered":"CASAS DE RETIRO"},"content":{"rendered":"\n<p><strong>Casa das Irm\u00e3s de Maria de Schoenstatt<br><\/strong>Instituto Secular das Irm\u00e3s de Maria de Schoenstatt<br>Rua do Santu\u00e1rio n.\u00ba 83, Col\u00f3nia Agr\u00edcola<br>3830-806 Gafanha da Nazar\u00e9<br>234 320 290, 963 690 414<br>geral@sementesdosantuario.pt<br>schoenstatt.pt\/santuarios\/aveiro<br><a href=\"https:\/\/sementesdosantuario.pt\/\" target=\"_blank\" rel=\"noreferrer noopener\">www.sementesdosantuario.pt<\/a><\/p>\n\n\n\n<p><strong>Casa de Jos\u00e9 Engling<br><\/strong>Instituto Secular dos Padres de Schoenstatt<br>Col\u00f3nia Agr\u00edcola, Apartado 172, 3834-908 Gafanha da Nazar\u00e9<br>234 321 499, 963 834 214<br>reservas@casaengling.pt<br><a href=\"https:\/\/casaengling.pt\/\" target=\"_blank\" rel=\"noreferrer noopener\">www.casaengling.pt<\/a><\/p>\n\n\n\n<p><strong>Casa Diocesana de Nossa Senhora do Socorro<br><\/strong>Nossa Senhora do Socorro, 3850-242 Albergaria-a-Velha<br>234 522 422, 965 306 907<br>casadiocesana@diocese-aveiro.pt<br><a href=\"https:\/\/diocese-aveiro.pt\/casadiocesana\/\" target=\"_blank\" rel=\"noreferrer noopener\">www.diocese-aveiro.pt\/casadiocesana<\/a><\/p>\n\n\n\n<p><strong>Casa dos Conv\u00edvios Fraternos<br><\/strong>Instituto Dom Ernesto Sena de Oliveira (IDESO)<br>3800-685 EIROL<\/p>\n\n\n\n<p><strong>Casa de Santa Joana Princesa<br><\/strong>Dominicanas de Santa Catarina de Sena<br>Rua de Espinho, 1 \u2013 3810-114 AVEIRO<br>234 422 692<br>idscs.aveiro@gmail.com<\/p>\n\n\n\n<p><strong>Centro de Espiritualidade de Jean Gailhac<br><\/strong>Religiosas do Sagrado Cora\u00e7\u00e3o de Maria<br>Av. Jos\u00e9 Est\u00eav\u00e3o, 8, Costa Nova do Prado<br>3830-453 GAFANHA DA ENCARNA\u00c7\u00c3O<br>234 360 835<br>cejeangailhac@irscm.pt<br><a href=\"https:\/\/www.irscm.pt\/centro-de-espiritualidade-jean-gailhac-cejg\/\" target=\"_blank\" rel=\"noreferrer noopener\">irscm.pt\/centro-de-espiritualidade-jean-gailhac-cejg<\/a><\/p>\n\n\n\n<p><strong>Semin\u00e1rio de Santa Joana Princesa (um O\u00e1sis na cidade)<br><\/strong>Semin\u00e1rio de Santa Joana Princesa, Av. Jo\u00e3o Jacinto de Magalh\u00e3es, 3814-506 AVEIRO<br>234 422 171<br>geral@seminarioaveiro.org<br><a href=\"https:\/\/seminarioaveiro.org\/\" target=\"_blank\" rel=\"noreferrer noopener\">www.seminarioaveiro.org<\/a><\/p>\n","protected":false},"excerpt":{"rendered":"<p>Casa das Irm\u00e3s de Maria de SchoenstattInstituto Secular das Irm\u00e3s de Maria de SchoenstattRua do Santu\u00e1rio n.\u00ba 83, Col\u00f3nia Agr\u00edcola3830-806 Gafanha da Nazar\u00e9234 320 290, 963 690 414geral@sementesdosantuario.ptschoenstatt.pt\/santuarios\/aveirowww.sementesdosantuario.pt Casa de Jos\u00e9 EnglingInstituto Secular dos Padres de SchoenstattCol\u00f3nia Agr\u00edcola, Apartado 172, 3834-908 Gafanha da Nazar\u00e9234 321 499, 963 834 214reservas@casaengling.ptwww.casaengling.pt Casa Diocesana de Nossa Senhora do SocorroNossa Senhora do Socorro, 3850-242 [&hellip;]<\/p>\n","protected":false},"author":1,"featured_media":0,"parent":0,"menu_order":0,"comment_status":"closed","ping_status":"closed","template":"","meta":{"pagelayer_contact_templates":[],"_pagelayer_content":"","_mc_calendar":[],"footnotes":""},"class_list":["post-2238","page","type-page","status-publish","hentry"],"_links":{"self":[{"href":"http:\/\/diocese-aveiro.pt\/v3\/wp-json\/wp\/v2\/pages\/2238","targetHints":{"allow":["GET"]}}],"collection":[{"href":"http:\/\/diocese-aveiro.pt\/v3\/wp-json\/wp\/v2\/pages"}],"about":[{"href":"http:\/\/diocese-aveiro.pt\/v3\/wp-json\/wp\/v2\/types\/page"}],"author":[{"embeddable":true,"href":"http:\/\/diocese-aveiro.pt\/v3\/wp-json\/wp\/v2\/users\/1"}],"replies":[{"embeddable":true,"href":"http:\/\/diocese-aveiro.pt\/v3\/wp-json\/wp\/v2\/comments?post=2238"}],"version-history":[{"count":3,"href":"http:\/\/diocese-aveiro.pt\/v3\/wp-json\/wp\/v2\/pages\/2238\/revisions"}],"predecessor-version":[{"id":2241,"href":"http:\/\/diocese-aveiro.pt\/v3\/wp-json\/wp\/v2\/pages\/2238\/revisions\/2241"}],"wp:attachment":[{"href":"http:\/\/diocese-aveiro.pt\/v3\/wp-json\/wp\/v2\/media?parent=2238"}],"curies":[{"name":"wp","href":"https:\/\/api.w.org\/{rel}","templated":true}]}}