{"id":2211,"date":"2024-03-06T09:45:17","date_gmt":"2024-03-06T09:45:17","guid":{"rendered":"https:\/\/diocese-aveiro.pt\/v3\/?page_id=2211"},"modified":"2026-04-14T11:07:13","modified_gmt":"2026-04-14T10:07:13","slug":"servicos-gerais","status":"publish","type":"page","link":"http:\/\/diocese-aveiro.pt\/v3\/diocese\/servicos-gerais\/","title":{"rendered":"SERVI\u00c7OS GERAIS"},"content":{"rendered":"\n<p><strong>CHANCELARIA DIOCESANA<br><\/strong>Rua do Carmo n.\u00ba 16 &#8211; Apartado 541 &#8211; 3801-901 Aveiro<br>chancelaria@diocese-aveiro.pt<br>234 377 140<\/p>\n\n\n\n<p>Chanceler: P. Alberto Nestor Cam\u00f5es Rodrigues Sobral<br>Secret\u00e1rio: Mario Neves<\/p>\n\n\n\n<p>hor\u00e1rio<br>2\u00aa a 6\u00aa feira das 9:00 \u00e0s 12:00 e das 14:00 \u00e0s 18:00<br>s\u00e1bados das 9:30 \u00e0s 12:00<\/p>\n\n\n\n<p><strong>SECRETARIA EPISCOPAL<br><\/strong>Rua S. Jo\u00e3o da Cruz n.\u00ba2<br>Apartado 541 &#8211; 3801-901 Aveiro<br>234 404 900<br>secretariaepiscopal@diocese-aveiro.pt<\/p>\n\n\n\n<p><strong>DEPARTAMENTO DE INFORMA\u00c7\u00c3O E COMUNICA\u00c7\u00c3O<br><\/strong>Ant\u00f3nio Jorge Pires Ferreira (Correio do Vouga)<br>Pedro Miguel da Silva Ventura (Gabinete de Imagem e Comunica\u00e7\u00e3o)<br>por nomear (Secretaria Episcopal)<br>comunicacao@diocese-aveiro.pt<\/p>\n\n\n\n<p><strong>GABINETE DE IMAGEM E COMUNICA\u00c7\u00c3O<br><\/strong>Pedro Miguel da Silva Ventura<br>234 377 432; 964 301 331<br>gicda@diocese-aveiro.pt<br>www.diocese-aveiro.pt<br><a href=\"https:\/\/www.facebook.com\/dioceseaveiro\/\" target=\"_blank\" rel=\"noreferrer noopener\">www.facebook.com\/dioceseaveiro<\/a><br><a href=\"https:\/\/www.youtube.com\/dioceseaveiro\" target=\"_blank\" rel=\"noreferrer noopener\">www.youtube.com\/dioceseaveiro<\/a><\/p>\n\n\n\n<p><strong>ARQUIVO DIOCESANO<br><\/strong>Pedro Miguel da Silva Ventura<\/p>\n\n\n\n<p><strong>GEST\u00c3O DE RECURSOS PESSOAIS, PATRIMONIAIS E FINANCEIROS<br><\/strong>Di\u00e1c. Jos\u00e9 Ferreira Alves &#8211; Ec\u00f3nomo<br>P. Alberto Nestor Cam\u00f5es Rodrigues Sobral<br>Maria dos Anjos Soares da Silva<\/p>\n","protected":false},"excerpt":{"rendered":"<p>CHANCELARIA DIOCESANARua do Carmo n.\u00ba 16 &#8211; Apartado 541 &#8211; 3801-901 Aveirochancelaria@diocese-aveiro.pt234 377 140 Chanceler: P. Alberto Nestor Cam\u00f5es Rodrigues SobralSecret\u00e1rio: Mario Neves hor\u00e1rio2\u00aa a 6\u00aa feira das 9:00 \u00e0s 12:00 e das 14:00 \u00e0s 18:00s\u00e1bados das 9:30 \u00e0s 12:00 SECRETARIA EPISCOPALRua S. Jo\u00e3o da Cruz n.\u00ba2Apartado 541 &#8211; 3801-901 Aveiro234 404 900secretariaepiscopal@diocese-aveiro.pt DEPARTAMENTO DE INFORMA\u00c7\u00c3O E COMUNICA\u00c7\u00c3OAnt\u00f3nio Jorge Pires [&hellip;]<\/p>\n","protected":false},"author":1,"featured_media":0,"parent":1671,"menu_order":0,"comment_status":"closed","ping_status":"closed","template":"","meta":{"pagelayer_contact_templates":[],"_pagelayer_content":"","_mc_calendar":[],"footnotes":""},"class_list":["post-2211","page","type-page","status-publish","hentry"],"_links":{"self":[{"href":"http:\/\/diocese-aveiro.pt\/v3\/wp-json\/wp\/v2\/pages\/2211","targetHints":{"allow":["GET"]}}],"collection":[{"href":"http:\/\/diocese-aveiro.pt\/v3\/wp-json\/wp\/v2\/pages"}],"about":[{"href":"http:\/\/diocese-aveiro.pt\/v3\/wp-json\/wp\/v2\/types\/page"}],"author":[{"embeddable":true,"href":"http:\/\/diocese-aveiro.pt\/v3\/wp-json\/wp\/v2\/users\/1"}],"replies":[{"embeddable":true,"href":"http:\/\/diocese-aveiro.pt\/v3\/wp-json\/wp\/v2\/comments?post=2211"}],"version-history":[{"count":5,"href":"http:\/\/diocese-aveiro.pt\/v3\/wp-json\/wp\/v2\/pages\/2211\/revisions"}],"predecessor-version":[{"id":3475,"href":"http:\/\/diocese-aveiro.pt\/v3\/wp-json\/wp\/v2\/pages\/2211\/revisions\/3475"}],"up":[{"embeddable":true,"href":"http:\/\/diocese-aveiro.pt\/v3\/wp-json\/wp\/v2\/pages\/1671"}],"wp:attachment":[{"href":"http:\/\/diocese-aveiro.pt\/v3\/wp-json\/wp\/v2\/media?parent=2211"}],"curies":[{"name":"wp","href":"https:\/\/api.w.org\/{rel}","templated":true}]}}