{"id":1969,"date":"2024-02-23T16:58:09","date_gmt":"2024-02-23T16:58:09","guid":{"rendered":"https:\/\/diocese-aveiro.pt\/v3\/?page_id=1969"},"modified":"2024-02-23T17:12:28","modified_gmt":"2024-02-23T17:12:28","slug":"centro-pastoral","status":"publish","type":"page","link":"http:\/\/diocese-aveiro.pt\/v3\/acao-pastoral\/centro-pastoral\/","title":{"rendered":"CENTRO PASTORAL"},"content":{"rendered":"\n<figure class=\"wp-block-image size-large\"><img fetchpriority=\"high\" decoding=\"async\" width=\"1024\" height=\"406\" src=\"https:\/\/diocese-aveiro.pt\/v3\/wp-content\/uploads\/2024\/02\/20240223_170152-1024x406.jpg\" alt=\"\" class=\"wp-image-1974\" srcset=\"http:\/\/diocese-aveiro.pt\/v3\/wp-content\/uploads\/2024\/02\/20240223_170152-1024x406.jpg 1024w, http:\/\/diocese-aveiro.pt\/v3\/wp-content\/uploads\/2024\/02\/20240223_170152-300x119.jpg 300w, http:\/\/diocese-aveiro.pt\/v3\/wp-content\/uploads\/2024\/02\/20240223_170152-768x305.jpg 768w, http:\/\/diocese-aveiro.pt\/v3\/wp-content\/uploads\/2024\/02\/20240223_170152-1536x609.jpg 1536w, http:\/\/diocese-aveiro.pt\/v3\/wp-content\/uploads\/2024\/02\/20240223_170152.jpg 1623w\" sizes=\"(max-width: 1024px) 100vw, 1024px\" \/><\/figure>\n\n\n\n<p>O Centro Pastoral \u00e9 a sede dos Secretariados Diocesanos. Com secretariado, reprografia e salas para encontros, reuni\u00f5es e sess\u00f5es de forma\u00e7\u00e3o, est\u00e1 inserido numa ala do Semin\u00e1rio de Santa Joana Princesa.<\/p>\n\n\n\n<p><strong><em>Contactos: <\/em><\/strong><\/p>\n\n\n\n<p>Semin\u00e1rio de Aveiro \u2013 Centro Pastoral<br>Av. Jo\u00e3o Jacinto Magalhaes n.\u00ba 17 \u2013 3814-506 Aveiro<br>234 181 293<\/p>\n","protected":false},"excerpt":{"rendered":"<p>O Centro Pastoral \u00e9 a sede dos Secretariados Diocesanos. Com secretariado, reprografia e salas para encontros, reuni\u00f5es e sess\u00f5es de forma\u00e7\u00e3o, est\u00e1 inserido numa ala do Semin\u00e1rio de Santa Joana Princesa. Contactos: Semin\u00e1rio de Aveiro \u2013 Centro PastoralAv. Jo\u00e3o Jacinto Magalhaes n.\u00ba 17 \u2013 3814-506 Aveiro234 181 293<\/p>\n","protected":false},"author":1,"featured_media":0,"parent":1954,"menu_order":0,"comment_status":"closed","ping_status":"closed","template":"","meta":{"pagelayer_contact_templates":[],"_pagelayer_content":"","_mc_calendar":[],"footnotes":""},"class_list":["post-1969","page","type-page","status-publish","hentry"],"_links":{"self":[{"href":"http:\/\/diocese-aveiro.pt\/v3\/wp-json\/wp\/v2\/pages\/1969","targetHints":{"allow":["GET"]}}],"collection":[{"href":"http:\/\/diocese-aveiro.pt\/v3\/wp-json\/wp\/v2\/pages"}],"about":[{"href":"http:\/\/diocese-aveiro.pt\/v3\/wp-json\/wp\/v2\/types\/page"}],"author":[{"embeddable":true,"href":"http:\/\/diocese-aveiro.pt\/v3\/wp-json\/wp\/v2\/users\/1"}],"replies":[{"embeddable":true,"href":"http:\/\/diocese-aveiro.pt\/v3\/wp-json\/wp\/v2\/comments?post=1969"}],"version-history":[{"count":8,"href":"http:\/\/diocese-aveiro.pt\/v3\/wp-json\/wp\/v2\/pages\/1969\/revisions"}],"predecessor-version":[{"id":1979,"href":"http:\/\/diocese-aveiro.pt\/v3\/wp-json\/wp\/v2\/pages\/1969\/revisions\/1979"}],"up":[{"embeddable":true,"href":"http:\/\/diocese-aveiro.pt\/v3\/wp-json\/wp\/v2\/pages\/1954"}],"wp:attachment":[{"href":"http:\/\/diocese-aveiro.pt\/v3\/wp-json\/wp\/v2\/media?parent=1969"}],"curies":[{"name":"wp","href":"https:\/\/api.w.org\/{rel}","templated":true}]}}