{"id":1962,"date":"2024-02-23T16:54:32","date_gmt":"2024-02-23T16:54:32","guid":{"rendered":"https:\/\/diocese-aveiro.pt\/v3\/?page_id=1962"},"modified":"2024-02-28T11:51:41","modified_gmt":"2024-02-28T11:51:41","slug":"socio-caritativa","status":"publish","type":"page","link":"http:\/\/diocese-aveiro.pt\/v3\/acao-pastoral\/socio-caritativa\/","title":{"rendered":"S\u00d3CIO-CARITATIVA"},"content":{"rendered":"<div class=\"wp-block-image\">\n<figure class=\"aligncenter size-medium\"><img fetchpriority=\"high\" decoding=\"async\" width=\"300\" height=\"261\" src=\"https:\/\/diocese-aveiro.pt\/v3\/wp-content\/uploads\/2024\/02\/SDPSC-_logo-03-_final-300x261.jpg\" alt=\"\" class=\"wp-image-2118\" srcset=\"http:\/\/diocese-aveiro.pt\/v3\/wp-content\/uploads\/2024\/02\/SDPSC-_logo-03-_final-300x261.jpg 300w, http:\/\/diocese-aveiro.pt\/v3\/wp-content\/uploads\/2024\/02\/SDPSC-_logo-03-_final-220x190.jpg 220w, http:\/\/diocese-aveiro.pt\/v3\/wp-content\/uploads\/2024\/02\/SDPSC-_logo-03-_final.jpg 662w\" sizes=\"(max-width: 300px) 100vw, 300px\" \/><\/figure>\n<\/div>\n\n\n<p><strong>SECRETARIADO DIOCESANO DA PASTORAL S\u00d3CIO-CARITATIVA<br><\/strong>diretor: Fernanda Maria de Freitas Dias Gon\u00e7alves Capit\u00e3o<br>e-mail sdpsc@diocese-aveiro.pt<\/p>\n\n\n\n<p><strong>Departamento da Pastoral da Sa\u00fade<br><\/strong>coordenador: Di\u00e1cono Jos\u00e9 Carlos Alves Costa<br>e-mail: albfs1@gmail.com<\/p>\n\n\n\n<p><strong>Departamento da Pastoral da Mobilidade Humana<br><\/strong>coordenador: Di\u00e1cono Francisco Jos\u00e9 Conde Santos<br>e-mail: dmh@diocese-aveiro.pt<\/p>\n\n\n\n<p><strong>Departamento da Pastoral Penitenci\u00e1ria<br><\/strong>coordenador: Di\u00e1cono Jos\u00e9 Carlos Alves Costa<br>e-mail: albfs1@gmail.com<\/p>\n\n\n\n<p><strong>Departamento de Apoio \u00e0s IPSS<br><\/strong>coordenador: Ant\u00f3nio Joaquim Pascoal Leandro<br>e-mail: apoioipss@diocese-aveiro.pt<\/p>\n\n\n\n<p><strong>C\u00e1ritas Diocesana<br><\/strong>coordenador: Ant\u00f3nio Joaquim Pascoal Leandro<br>e-mail: aveiro@caritas.pt<br>www: www.caritas.pt\/aveiro<\/p>\n\n\n\n<p><strong>Conselho Central das Confer\u00eancias Vicentinas<br><\/strong>coordenador: Jos\u00e9 Valente Nogueira<br>e-mail: ssvpccaveiro@gmail.com<\/p>\n","protected":false},"excerpt":{"rendered":"<p>SECRETARIADO DIOCESANO DA PASTORAL S\u00d3CIO-CARITATIVAdiretor: Fernanda Maria de Freitas Dias Gon\u00e7alves Capit\u00e3oe-mail sdpsc@diocese-aveiro.pt Departamento da Pastoral da Sa\u00fadecoordenador: Di\u00e1cono Jos\u00e9 Carlos Alves Costae-mail: albfs1@gmail.com Departamento da Pastoral da Mobilidade Humanacoordenador: Di\u00e1cono Francisco Jos\u00e9 Conde Santose-mail: dmh@diocese-aveiro.pt Departamento da Pastoral Penitenci\u00e1riacoordenador: Di\u00e1cono Jos\u00e9 Carlos Alves Costae-mail: albfs1@gmail.com Departamento de Apoio \u00e0s IPSScoordenador: Ant\u00f3nio Joaquim Pascoal Leandroe-mail: apoioipss@diocese-aveiro.pt C\u00e1ritas Diocesanacoordenador: Ant\u00f3nio Joaquim [&hellip;]<\/p>\n","protected":false},"author":1,"featured_media":0,"parent":1954,"menu_order":0,"comment_status":"closed","ping_status":"closed","template":"","meta":{"pagelayer_contact_templates":[],"_pagelayer_content":"","_mc_calendar":[],"footnotes":""},"class_list":["post-1962","page","type-page","status-publish","hentry"],"_links":{"self":[{"href":"http:\/\/diocese-aveiro.pt\/v3\/wp-json\/wp\/v2\/pages\/1962","targetHints":{"allow":["GET"]}}],"collection":[{"href":"http:\/\/diocese-aveiro.pt\/v3\/wp-json\/wp\/v2\/pages"}],"about":[{"href":"http:\/\/diocese-aveiro.pt\/v3\/wp-json\/wp\/v2\/types\/page"}],"author":[{"embeddable":true,"href":"http:\/\/diocese-aveiro.pt\/v3\/wp-json\/wp\/v2\/users\/1"}],"replies":[{"embeddable":true,"href":"http:\/\/diocese-aveiro.pt\/v3\/wp-json\/wp\/v2\/comments?post=1962"}],"version-history":[{"count":4,"href":"http:\/\/diocese-aveiro.pt\/v3\/wp-json\/wp\/v2\/pages\/1962\/revisions"}],"predecessor-version":[{"id":2119,"href":"http:\/\/diocese-aveiro.pt\/v3\/wp-json\/wp\/v2\/pages\/1962\/revisions\/2119"}],"up":[{"embeddable":true,"href":"http:\/\/diocese-aveiro.pt\/v3\/wp-json\/wp\/v2\/pages\/1954"}],"wp:attachment":[{"href":"http:\/\/diocese-aveiro.pt\/v3\/wp-json\/wp\/v2\/media?parent=1962"}],"curies":[{"name":"wp","href":"https:\/\/api.w.org\/{rel}","templated":true}]}}