{"id":1826,"date":"2024-02-21T16:27:32","date_gmt":"2024-02-21T16:27:32","guid":{"rendered":"https:\/\/diocese-aveiro.pt\/v3\/?page_id=1826"},"modified":"2024-02-21T16:29:05","modified_gmt":"2024-02-21T16:29:05","slug":"arciprestado-de-vagos","status":"publish","type":"page","link":"http:\/\/diocese-aveiro.pt\/v3\/paroquias\/arciprestado-de-vagos\/","title":{"rendered":"ARCIPRESTADO DE VAGOS"},"content":{"rendered":"\n<p class=\"has-text-align-center has-white-color has-text-color has-background has-link-color wp-elements-9307bb06b5b5e2e0df6ab7c8c27ef714\" style=\"background-color:#2e6c9e\"><strong>ARCIPRESTADO DE VAGOS<\/strong><\/p>\n\n\n\n<figure class=\"wp-block-table\"><table><tbody><tr><td><a href=\"https:\/\/www.anuariocatolicoportugal.net\/dioceses\/ficha_paroquia_padre.asp?paroquiaid=2653&amp;dioceseid=3\">Calv\u00e3o<\/a><\/td><td>Sagrado Cora\u00e7\u00e3o de Jesus<\/td><\/tr><tr><td><a href=\"https:\/\/www.anuariocatolicoportugal.net\/dioceses\/ficha_paroquia_padre.asp?paroquiaid=2654&amp;dioceseid=3\">Cov\u00e3o do Lobo<\/a><\/td><td>S\u00e3o Salvador<\/td><\/tr><tr><td><a href=\"https:\/\/www.anuariocatolicoportugal.net\/dioceses\/ficha_paroquia_padre.asp?paroquiaid=2655&amp;dioceseid=3\">Fonte de Ange\u00e3o<\/a><\/td><td>Nossa Senhora do Livramento<\/td><\/tr><tr><td><a href=\"https:\/\/www.anuariocatolicoportugal.net\/dioceses\/ficha_paroquia_padre.asp?paroquiaid=2656&amp;dioceseid=3\">Gafanha da Boa-Hora<\/a><\/td><td>Nossa Senhora da Boa-Hora<\/td><\/tr><tr><td><a href=\"https:\/\/www.anuariocatolicoportugal.net\/dioceses\/ficha_paroquia_padre.asp?paroquiaid=2657&amp;dioceseid=3\">Ouca<\/a><\/td><td>S\u00e3o Martinho<\/td><\/tr><tr><td><a href=\"https:\/\/www.anuariocatolicoportugal.net\/dioceses\/ficha_paroquia_padre.asp?paroquiaid=2658&amp;dioceseid=3\">Ponte de Vagos<\/a><\/td><td>Nossa Senhora da Luz<\/td><\/tr><tr><td><a href=\"https:\/\/www.anuariocatolicoportugal.net\/dioceses\/ficha_paroquia_padre.asp?paroquiaid=2659&amp;dioceseid=3\">Santa Catarina<\/a><\/td><td>Santa Catarina<\/td><\/tr><tr><td><a href=\"https:\/\/www.anuariocatolicoportugal.net\/dioceses\/ficha_paroquia_padre.asp?paroquiaid=2660&amp;dioceseid=3\">Santo Andr\u00e9 de Vagos<\/a><\/td><td>Santo Andr\u00e9<\/td><\/tr><tr><td><a href=\"https:\/\/www.anuariocatolicoportugal.net\/dioceses\/ficha_paroquia_padre.asp?paroquiaid=2661&amp;dioceseid=3\">Santo Ant\u00f3nio de Vagos<\/a><\/td><td>Santo Ant\u00f3nio<\/td><\/tr><tr><td><a href=\"https:\/\/www.anuariocatolicoportugal.net\/dioceses\/ficha_paroquia_padre.asp?paroquiaid=2662&amp;dioceseid=3\">Soza<\/a><\/td><td>S\u00e3o Miguel<\/td><\/tr><tr><td><a href=\"https:\/\/www.anuariocatolicoportugal.net\/dioceses\/ficha_paroquia_padre.asp?paroquiaid=2663&amp;dioceseid=3\">Vagos<\/a><\/td><td>S\u00e3o Tiago<\/td><\/tr><\/tbody><\/table><\/figure>\n","protected":false},"excerpt":{"rendered":"<p>ARCIPRESTADO DE VAGOS Calv\u00e3o Sagrado Cora\u00e7\u00e3o de Jesus Cov\u00e3o do Lobo S\u00e3o Salvador Fonte de Ange\u00e3o Nossa Senhora do Livramento Gafanha da Boa-Hora Nossa Senhora da Boa-Hora Ouca S\u00e3o Martinho Ponte de Vagos Nossa Senhora da Luz Santa Catarina Santa Catarina Santo Andr\u00e9 de Vagos Santo Andr\u00e9 Santo Ant\u00f3nio de Vagos Santo Ant\u00f3nio Soza S\u00e3o Miguel Vagos S\u00e3o Tiago<\/p>\n","protected":false},"author":1,"featured_media":0,"parent":1797,"menu_order":0,"comment_status":"closed","ping_status":"closed","template":"","meta":{"pagelayer_contact_templates":[],"_pagelayer_content":"","_mc_calendar":[],"footnotes":""},"class_list":["post-1826","page","type-page","status-publish","hentry"],"_links":{"self":[{"href":"http:\/\/diocese-aveiro.pt\/v3\/wp-json\/wp\/v2\/pages\/1826","targetHints":{"allow":["GET"]}}],"collection":[{"href":"http:\/\/diocese-aveiro.pt\/v3\/wp-json\/wp\/v2\/pages"}],"about":[{"href":"http:\/\/diocese-aveiro.pt\/v3\/wp-json\/wp\/v2\/types\/page"}],"author":[{"embeddable":true,"href":"http:\/\/diocese-aveiro.pt\/v3\/wp-json\/wp\/v2\/users\/1"}],"replies":[{"embeddable":true,"href":"http:\/\/diocese-aveiro.pt\/v3\/wp-json\/wp\/v2\/comments?post=1826"}],"version-history":[{"count":1,"href":"http:\/\/diocese-aveiro.pt\/v3\/wp-json\/wp\/v2\/pages\/1826\/revisions"}],"predecessor-version":[{"id":1827,"href":"http:\/\/diocese-aveiro.pt\/v3\/wp-json\/wp\/v2\/pages\/1826\/revisions\/1827"}],"up":[{"embeddable":true,"href":"http:\/\/diocese-aveiro.pt\/v3\/wp-json\/wp\/v2\/pages\/1797"}],"wp:attachment":[{"href":"http:\/\/diocese-aveiro.pt\/v3\/wp-json\/wp\/v2\/media?parent=1826"}],"curies":[{"name":"wp","href":"https:\/\/api.w.org\/{rel}","templated":true}]}}