{"id":1824,"date":"2024-02-21T16:27:02","date_gmt":"2024-02-21T16:27:02","guid":{"rendered":"https:\/\/diocese-aveiro.pt\/v3\/?page_id=1824"},"modified":"2024-02-21T16:27:02","modified_gmt":"2024-02-21T16:27:02","slug":"arciprestado-de-sever-do-vouga","status":"publish","type":"page","link":"http:\/\/diocese-aveiro.pt\/v3\/paroquias\/arciprestado-de-sever-do-vouga\/","title":{"rendered":"ARCIPRESTADO DE SEVER DO VOUGA"},"content":{"rendered":"\n<p class=\"has-text-align-center has-white-color has-text-color has-background has-link-color wp-elements-dc4117c7a1fa86194ad43f00d5ed2a5a\" style=\"background-color:#2e6c9e\"><strong>ARCIPRESTADO DE SEVER DO VOUGA<\/strong><\/p>\n\n\n\n<figure class=\"wp-block-table\"><table><tbody><tr><td><a href=\"https:\/\/www.anuariocatolicoportugal.net\/dioceses\/ficha_paroquia_padre.asp?paroquiaid=2644&amp;dioceseid=3\">Cedrim<\/a><\/td><td>S\u00e3o Jo\u00e3o Baptista<\/td><\/tr><tr><td><a href=\"https:\/\/www.anuariocatolicoportugal.net\/dioceses\/ficha_paroquia_padre.asp?paroquiaid=2645&amp;dioceseid=3\">Couto de Esteves<\/a><\/td><td>Santo Estev\u00e3o<\/td><\/tr><tr><td><a href=\"https:\/\/www.anuariocatolicoportugal.net\/dioceses\/ficha_paroquia_padre.asp?paroquiaid=2646&amp;dioceseid=3\">Dornelas<\/a><\/td><td>Nossa Senhora de F\u00e1tima<\/td><\/tr><tr><td><a href=\"https:\/\/www.anuariocatolicoportugal.net\/dioceses\/ficha_paroquia_padre.asp?paroquiaid=2647&amp;dioceseid=3\">Paradela<\/a><\/td><td>Nossa Senhora do Loreto<\/td><\/tr><tr><td><a href=\"https:\/\/www.anuariocatolicoportugal.net\/dioceses\/ficha_paroquia_padre.asp?paroquiaid=2648&amp;dioceseid=3\">Pessegueiro do Vouga<\/a><\/td><td>S\u00e3o Martinho<\/td><\/tr><tr><td><a href=\"https:\/\/www.anuariocatolicoportugal.net\/dioceses\/ficha_paroquia_padre.asp?paroquiaid=2649&amp;dioceseid=3\">Rocas do Vouga<\/a><\/td><td>S\u00e3o Jo\u00e3o Baptista<\/td><\/tr><tr><td><a href=\"https:\/\/www.anuariocatolicoportugal.net\/dioceses\/ficha_paroquia_padre.asp?paroquiaid=2650&amp;dioceseid=3\">Sever do Vouga<\/a><\/td><td>Santa Maria<\/td><\/tr><tr><td><a href=\"https:\/\/www.anuariocatolicoportugal.net\/dioceses\/ficha_paroquia_padre.asp?paroquiaid=2651&amp;dioceseid=3\">Silva Escura<\/a><\/td><td>S\u00e3o Jo\u00e3o Baptista<\/td><\/tr><tr><td><a href=\"https:\/\/www.anuariocatolicoportugal.net\/dioceses\/ficha_paroquia_padre.asp?paroquiaid=2652&amp;dioceseid=3\">Talhadas<\/a><\/td><td>S\u00e3o Mamede<\/td><\/tr><\/tbody><\/table><\/figure>\n","protected":false},"excerpt":{"rendered":"<p>ARCIPRESTADO DE SEVER DO VOUGA Cedrim S\u00e3o Jo\u00e3o Baptista Couto de Esteves Santo Estev\u00e3o Dornelas Nossa Senhora de F\u00e1tima Paradela Nossa Senhora do Loreto Pessegueiro do Vouga S\u00e3o Martinho Rocas do Vouga S\u00e3o Jo\u00e3o Baptista Sever do Vouga Santa Maria Silva Escura S\u00e3o Jo\u00e3o Baptista Talhadas S\u00e3o Mamede<\/p>\n","protected":false},"author":1,"featured_media":0,"parent":1797,"menu_order":0,"comment_status":"closed","ping_status":"closed","template":"","meta":{"pagelayer_contact_templates":[],"_pagelayer_content":"","_mc_calendar":[],"footnotes":""},"class_list":["post-1824","page","type-page","status-publish","hentry"],"_links":{"self":[{"href":"http:\/\/diocese-aveiro.pt\/v3\/wp-json\/wp\/v2\/pages\/1824","targetHints":{"allow":["GET"]}}],"collection":[{"href":"http:\/\/diocese-aveiro.pt\/v3\/wp-json\/wp\/v2\/pages"}],"about":[{"href":"http:\/\/diocese-aveiro.pt\/v3\/wp-json\/wp\/v2\/types\/page"}],"author":[{"embeddable":true,"href":"http:\/\/diocese-aveiro.pt\/v3\/wp-json\/wp\/v2\/users\/1"}],"replies":[{"embeddable":true,"href":"http:\/\/diocese-aveiro.pt\/v3\/wp-json\/wp\/v2\/comments?post=1824"}],"version-history":[{"count":1,"href":"http:\/\/diocese-aveiro.pt\/v3\/wp-json\/wp\/v2\/pages\/1824\/revisions"}],"predecessor-version":[{"id":1825,"href":"http:\/\/diocese-aveiro.pt\/v3\/wp-json\/wp\/v2\/pages\/1824\/revisions\/1825"}],"up":[{"embeddable":true,"href":"http:\/\/diocese-aveiro.pt\/v3\/wp-json\/wp\/v2\/pages\/1797"}],"wp:attachment":[{"href":"http:\/\/diocese-aveiro.pt\/v3\/wp-json\/wp\/v2\/media?parent=1824"}],"curies":[{"name":"wp","href":"https:\/\/api.w.org\/{rel}","templated":true}]}}