{"id":1816,"date":"2024-02-21T16:24:44","date_gmt":"2024-02-21T16:24:44","guid":{"rendered":"https:\/\/diocese-aveiro.pt\/v3\/?page_id=1816"},"modified":"2024-02-21T16:24:44","modified_gmt":"2024-02-21T16:24:44","slug":"arciprestado-de-aveiro","status":"publish","type":"page","link":"http:\/\/diocese-aveiro.pt\/v3\/paroquias\/arciprestado-de-aveiro\/","title":{"rendered":"ARCIPRESTADO DE AVEIRO"},"content":{"rendered":"\n<p class=\"has-text-align-center has-white-color has-text-color has-background has-link-color wp-elements-c6e6d7b4231625eeb179a0e89b743cbd\" style=\"background-color:#2e6c9e\"><strong>ARCIPRESTADO DE AVEIRO<\/strong><\/p>\n\n\n\n<figure class=\"wp-block-table\"><table><tbody><tr><td><a href=\"https:\/\/www.anuariocatolicoportugal.net\/dioceses\/ficha_paroquia_padre.asp?paroquiaid=2603&amp;dioceseid=3\">Aradas<\/a><\/td><td>S\u00e3o Pedro<\/td><\/tr><tr><td><a href=\"https:\/\/www.anuariocatolicoportugal.net\/dioceses\/ficha_paroquia_padre.asp?paroquiaid=2604&amp;dioceseid=3\">Cacia<\/a><\/td><td>S\u00e3o Juli\u00e3o<\/td><\/tr><tr><td><a href=\"https:\/\/www.anuariocatolicoportugal.net\/dioceses\/ficha_paroquia_padre.asp?paroquiaid=2605&amp;dioceseid=3\">Eirol<\/a><\/td><td>Santa Eul\u00e1lia<\/td><\/tr><tr><td><a href=\"https:\/\/www.anuariocatolicoportugal.net\/dioceses\/ficha_paroquia_padre.asp?paroquiaid=2606&amp;dioceseid=3\">Eixo<\/a><\/td><td>Santo Isidoro de Sevilha<\/td><\/tr><tr><td><a href=\"https:\/\/www.anuariocatolicoportugal.net\/dioceses\/ficha_paroquia_padre.asp?paroquiaid=2607&amp;dioceseid=3\">Esgueira<\/a><\/td><td>Santo Andr\u00e9<\/td><\/tr><tr><td><a href=\"https:\/\/www.anuariocatolicoportugal.net\/dioceses\/ficha_paroquia_padre.asp?paroquiaid=2608&amp;dioceseid=3\">Gl\u00f3ria (S\u00e9)<\/a><\/td><td>Nossa Senhora da Gl\u00f3ria<\/td><\/tr><tr><td><a href=\"https:\/\/www.anuariocatolicoportugal.net\/dioceses\/ficha_paroquia_padre.asp?paroquiaid=2638&amp;dioceseid=3\">Nariz<\/a><\/td><td>S\u00e3o Pedro<\/td><\/tr><tr><td><a href=\"https:\/\/www.anuariocatolicoportugal.net\/dioceses\/ficha_paroquia_padre.asp?paroquiaid=2609&amp;dioceseid=3\">Nossa Senhora de F\u00e1tima<\/a><\/td><td>Nossa Senhora de F\u00e1tima<\/td><\/tr><tr><td><a href=\"https:\/\/www.anuariocatolicoportugal.net\/dioceses\/ficha_paroquia_padre.asp?paroquiaid=2610&amp;dioceseid=3\">Oliveirinha do Vouga<\/a><\/td><td>Santo Ant\u00f3nio<\/td><\/tr><tr><td><a href=\"https:\/\/www.anuariocatolicoportugal.net\/dioceses\/ficha_paroquia_padre.asp?paroquiaid=2611&amp;dioceseid=3\">Requeixo<\/a><\/td><td>S\u00e3o Paio<\/td><\/tr><tr><td><a href=\"https:\/\/www.anuariocatolicoportugal.net\/dioceses\/ficha_paroquia_padre.asp?paroquiaid=2612&amp;dioceseid=3\">Santa Joana<\/a><\/td><td>Santa Joana Princesa<\/td><\/tr><tr><td><a href=\"https:\/\/www.anuariocatolicoportugal.net\/dioceses\/ficha_paroquia_padre.asp?paroquiaid=2613&amp;dioceseid=3\">S\u00e3o Bernardo<\/a><\/td><td>S\u00e3o Bernardo<\/td><\/tr><tr><td><a href=\"https:\/\/www.anuariocatolicoportugal.net\/dioceses\/ficha_paroquia_padre.asp?paroquiaid=2615&amp;dioceseid=3\">Vera-Cruz<\/a><\/td><td>Santa Cruz e Nossa Senhora da Apresenta\u00e7\u00e3o<\/td><\/tr><\/tbody><\/table><\/figure>\n","protected":false},"excerpt":{"rendered":"<p>ARCIPRESTADO DE AVEIRO Aradas S\u00e3o Pedro Cacia S\u00e3o Juli\u00e3o Eirol Santa Eul\u00e1lia Eixo Santo Isidoro de Sevilha Esgueira Santo Andr\u00e9 Gl\u00f3ria (S\u00e9) Nossa Senhora da Gl\u00f3ria Nariz S\u00e3o Pedro Nossa Senhora de F\u00e1tima Nossa Senhora de F\u00e1tima Oliveirinha do Vouga Santo Ant\u00f3nio Requeixo S\u00e3o Paio Santa Joana Santa Joana Princesa S\u00e3o Bernardo S\u00e3o Bernardo Vera-Cruz Santa Cruz e Nossa Senhora [&hellip;]<\/p>\n","protected":false},"author":1,"featured_media":0,"parent":1797,"menu_order":0,"comment_status":"closed","ping_status":"closed","template":"","meta":{"pagelayer_contact_templates":[],"_pagelayer_content":"","_mc_calendar":[],"footnotes":""},"class_list":["post-1816","page","type-page","status-publish","hentry"],"_links":{"self":[{"href":"http:\/\/diocese-aveiro.pt\/v3\/wp-json\/wp\/v2\/pages\/1816","targetHints":{"allow":["GET"]}}],"collection":[{"href":"http:\/\/diocese-aveiro.pt\/v3\/wp-json\/wp\/v2\/pages"}],"about":[{"href":"http:\/\/diocese-aveiro.pt\/v3\/wp-json\/wp\/v2\/types\/page"}],"author":[{"embeddable":true,"href":"http:\/\/diocese-aveiro.pt\/v3\/wp-json\/wp\/v2\/users\/1"}],"replies":[{"embeddable":true,"href":"http:\/\/diocese-aveiro.pt\/v3\/wp-json\/wp\/v2\/comments?post=1816"}],"version-history":[{"count":1,"href":"http:\/\/diocese-aveiro.pt\/v3\/wp-json\/wp\/v2\/pages\/1816\/revisions"}],"predecessor-version":[{"id":1817,"href":"http:\/\/diocese-aveiro.pt\/v3\/wp-json\/wp\/v2\/pages\/1816\/revisions\/1817"}],"up":[{"embeddable":true,"href":"http:\/\/diocese-aveiro.pt\/v3\/wp-json\/wp\/v2\/pages\/1797"}],"wp:attachment":[{"href":"http:\/\/diocese-aveiro.pt\/v3\/wp-json\/wp\/v2\/media?parent=1816"}],"curies":[{"name":"wp","href":"https:\/\/api.w.org\/{rel}","templated":true}]}}