{"id":1814,"date":"2024-02-21T16:24:07","date_gmt":"2024-02-21T16:24:07","guid":{"rendered":"https:\/\/diocese-aveiro.pt\/v3\/?page_id=1814"},"modified":"2024-02-21T16:24:07","modified_gmt":"2024-02-21T16:24:07","slug":"arciprestado-de-anadia","status":"publish","type":"page","link":"http:\/\/diocese-aveiro.pt\/v3\/paroquias\/arciprestado-de-anadia\/","title":{"rendered":"ARCIPRESTADO DE ANADIA"},"content":{"rendered":"\n<p class=\"has-text-align-center has-white-color has-text-color has-background has-link-color wp-elements-8f6ec0a1595cd29eda072925a47feb31\" style=\"background-color:#2e6c9e\"><strong>ARCIPRESTADO DE ANADIA<\/strong><\/p>\n\n\n\n<figure class=\"wp-block-table\"><table><tbody><tr><td><a href=\"https:\/\/www.anuariocatolicoportugal.net\/dioceses\/ficha_paroquia_padre.asp?paroquiaid=2590&amp;dioceseid=3\">Aguim<\/a><\/td><td>Nossa Senhora do \u00d3<\/td><\/tr><tr><td><a href=\"https:\/\/www.anuariocatolicoportugal.net\/dioceses\/ficha_paroquia_padre.asp?paroquiaid=2591&amp;dioceseid=3\">Ancas<\/a><\/td><td>Nossa Senhora da Assun\u00e7\u00e3o<\/td><\/tr><tr><td><a href=\"https:\/\/www.anuariocatolicoportugal.net\/dioceses\/ficha_paroquia_padre.asp?paroquiaid=2592&amp;dioceseid=3\">Arcos<\/a><\/td><td>S\u00e3o Paio<\/td><\/tr><tr><td><a href=\"https:\/\/www.anuariocatolicoportugal.net\/dioceses\/ficha_paroquia_padre.asp?paroquiaid=2593&amp;dioceseid=3\">Avel\u00e3s de Caminho<\/a><\/td><td>Santo Ant\u00f3nio<\/td><\/tr><tr><td><a href=\"https:\/\/www.anuariocatolicoportugal.net\/dioceses\/ficha_paroquia_padre.asp?paroquiaid=2594&amp;dioceseid=3\">Avel\u00e3s de Cima<\/a><\/td><td>S\u00e3o Pedro<\/td><\/tr><tr><td><a href=\"https:\/\/www.anuariocatolicoportugal.net\/dioceses\/ficha_paroquia_padre.asp?paroquiaid=2595&amp;dioceseid=3\">Mogofores<\/a><\/td><td>Nossa Senhora da Concei\u00e7\u00e3o<\/td><\/tr><tr><td><a href=\"https:\/\/www.anuariocatolicoportugal.net\/dioceses\/ficha_paroquia_padre.asp?paroquiaid=2596&amp;dioceseid=3\">Moita<\/a><\/td><td>S\u00e3o Tiago<\/td><\/tr><tr><td><a href=\"https:\/\/www.anuariocatolicoportugal.net\/dioceses\/ficha_paroquia_padre.asp?paroquiaid=2597&amp;dioceseid=3\">\u00d3is do Bairro<\/a><\/td><td>Santo Andr\u00e9<\/td><\/tr><tr><td><a href=\"https:\/\/www.anuariocatolicoportugal.net\/dioceses\/ficha_paroquia_padre.asp?paroquiaid=2598&amp;dioceseid=3\">Paredes do Bairro<\/a><\/td><td>S\u00e3o Tom\u00e9<\/td><\/tr><tr><td><a href=\"https:\/\/www.anuariocatolicoportugal.net\/dioceses\/ficha_paroquia_padre.asp?paroquiaid=2599&amp;dioceseid=3\">S\u00e3o Louren\u00e7o do Bairro<\/a><\/td><td>S\u00e3o Louren\u00e7o<\/td><\/tr><tr><td><a href=\"https:\/\/www.anuariocatolicoportugal.net\/dioceses\/ficha_paroquia_padre.asp?paroquiaid=2600&amp;dioceseid=3\">Tamengos<\/a><\/td><td>S\u00e3o Pedro<\/td><\/tr><tr><td><a href=\"https:\/\/www.anuariocatolicoportugal.net\/dioceses\/ficha_paroquia_padre.asp?paroquiaid=2601&amp;dioceseid=3\">Vila Nova de Monsarros<\/a><\/td><td>S\u00e3o Miguel<\/td><\/tr><tr><td><a href=\"https:\/\/www.anuariocatolicoportugal.net\/dioceses\/ficha_paroquia_padre.asp?paroquiaid=2602&amp;dioceseid=3\">Vilarinho do Bairro<\/a><\/td><td>S\u00e3o Miguel<\/td><\/tr><\/tbody><\/table><\/figure>\n","protected":false},"excerpt":{"rendered":"<p>ARCIPRESTADO DE ANADIA Aguim Nossa Senhora do \u00d3 Ancas Nossa Senhora da Assun\u00e7\u00e3o Arcos S\u00e3o Paio Avel\u00e3s de Caminho Santo Ant\u00f3nio Avel\u00e3s de Cima S\u00e3o Pedro Mogofores Nossa Senhora da Concei\u00e7\u00e3o Moita S\u00e3o Tiago \u00d3is do Bairro Santo Andr\u00e9 Paredes do Bairro S\u00e3o Tom\u00e9 S\u00e3o Louren\u00e7o do Bairro S\u00e3o Louren\u00e7o Tamengos S\u00e3o Pedro Vila Nova de Monsarros S\u00e3o Miguel Vilarinho [&hellip;]<\/p>\n","protected":false},"author":1,"featured_media":0,"parent":1797,"menu_order":0,"comment_status":"closed","ping_status":"closed","template":"","meta":{"pagelayer_contact_templates":[],"_pagelayer_content":"","_mc_calendar":[],"footnotes":""},"class_list":["post-1814","page","type-page","status-publish","hentry"],"_links":{"self":[{"href":"http:\/\/diocese-aveiro.pt\/v3\/wp-json\/wp\/v2\/pages\/1814","targetHints":{"allow":["GET"]}}],"collection":[{"href":"http:\/\/diocese-aveiro.pt\/v3\/wp-json\/wp\/v2\/pages"}],"about":[{"href":"http:\/\/diocese-aveiro.pt\/v3\/wp-json\/wp\/v2\/types\/page"}],"author":[{"embeddable":true,"href":"http:\/\/diocese-aveiro.pt\/v3\/wp-json\/wp\/v2\/users\/1"}],"replies":[{"embeddable":true,"href":"http:\/\/diocese-aveiro.pt\/v3\/wp-json\/wp\/v2\/comments?post=1814"}],"version-history":[{"count":1,"href":"http:\/\/diocese-aveiro.pt\/v3\/wp-json\/wp\/v2\/pages\/1814\/revisions"}],"predecessor-version":[{"id":1815,"href":"http:\/\/diocese-aveiro.pt\/v3\/wp-json\/wp\/v2\/pages\/1814\/revisions\/1815"}],"up":[{"embeddable":true,"href":"http:\/\/diocese-aveiro.pt\/v3\/wp-json\/wp\/v2\/pages\/1797"}],"wp:attachment":[{"href":"http:\/\/diocese-aveiro.pt\/v3\/wp-json\/wp\/v2\/media?parent=1814"}],"curies":[{"name":"wp","href":"https:\/\/api.w.org\/{rel}","templated":true}]}}